{"id":94,"date":"2021-04-28T06:06:50","date_gmt":"2021-04-28T06:06:50","guid":{"rendered":"https:\/\/blog.metu.edu.tr\/mr4ms\/?page_id=94"},"modified":"2022-02-01T16:38:58","modified_gmt":"2022-02-01T16:38:58","slug":"proje-ekibi","status":"publish","type":"page","link":"https:\/\/blog.metu.edu.tr\/mr4ms\/proje-ekibi\/?lang=tr","title":{"rendered":"Proje Ekibi"},"content":{"rendered":"<p>MR4MS projesi disiplinler aras\u0131 bir projedir, farkl\u0131 uzmanl\u0131k alanlar\u0131na sahip ekip \u00fcyeleri hakk\u0131nda bilgiyi bu sayfada bulabilirsiniz.<\/p>\n<p><a href=\"http:\/\/blog.metu.edu.tr\/emustafa\/\" rel=\"noopener\" target=\"_blank\">Do\u00e7.Dr.Mustafa Erkayao\u011flu<\/a> (Proje Y\u00f6neticisi)<\/p>\n<p><a href=\"http:\/\/mine.metu.edu.tr\/en\/prof-dr-nuray-demirel\" rel=\"noopener\" target=\"_blank\">Prof.Dr.Nuray Demirel<\/a> (Ara\u015ft\u0131rmac\u0131)<\/p>\n<p><a href=\"https:\/\/blog.metu.edu.tr\/elifs\/\" rel=\"noopener\" target=\"_blank\">Do\u00e7.Dr.Elif S\u00fcrer<\/a> (Ara\u015ft\u0131rmac\u0131)<\/p>\n<p><a href=\"http:\/\/mine.metu.edu.tr\/en\/asstprofdr-onur-golbasi\" rel=\"noopener\" target=\"_blank\">Dr.\u00d6\u011fr.\u00dcyesi Onur G\u00f6lba\u015f\u0131<\/a> (Ara\u015ft\u0131rmac\u0131)<\/p>\n<p><a href=\"http:\/\/mine.metu.edu.tr\/en\/cengiz-kaydim\" rel=\"noopener\" target=\"_blank\">Ara\u015f.G\u00f6r. Cengiz Kayd\u0131m<\/a> (Proje Asistan\u0131)<\/p>\n<p><a href=\"http:\/\/mine.metu.edu.tr\/en\/ceren-karatas-batan\" rel=\"noopener\" target=\"_blank\">Ara\u015f.G\u00f6r. Ceren Karata\u015f Batan<\/a> (Ara\u015ft\u0131rmac\u0131)<\/p>\n<p>\u0130lteri\u015f Ka\u011fan Bah\u00e7eci <\/a> (3B Modelleme)<\/p>\n","protected":false},"excerpt":{"rendered":"<p>MR4MS projesi disiplinler aras\u0131 bir projedir, farkl\u0131 uzmanl\u0131k alanlar\u0131na sahip ekip \u00fcyeleri hakk\u0131nda bilgiyi bu sayfada bulabilirsiniz. Do\u00e7.Dr.Mustafa Erkayao\u011flu (Proje Y\u00f6neticisi) Prof.Dr.Nuray Demirel (Ara\u015ft\u0131rmac\u0131) Do\u00e7.Dr.Elif S\u00fcrer (Ara\u015ft\u0131rmac\u0131) Dr.\u00d6\u011fr.\u00dcyesi Onur G\u00f6lba\u015f\u0131 (Ara\u015ft\u0131rmac\u0131) Ara\u015f.G\u00f6r. Cengiz Kayd\u0131m (Proje Asistan\u0131) Ara\u015f.G\u00f6r. Ceren Karata\u015f Batan (Ara\u015ft\u0131rmac\u0131) \u0130lteri\u015f Ka\u011fan Bah\u00e7eci (3B Modelleme)<\/p>\n","protected":false},"author":7415,"featured_media":0,"parent":0,"menu_order":0,"comment_status":"closed","ping_status":"closed","template":"","meta":{"footnotes":"","_links_to":"","_links_to_target":""},"class_list":["post-94","page","type-page","status-publish","hentry"],"_links":{"self":[{"href":"https:\/\/blog.metu.edu.tr\/mr4ms\/wp-json\/wp\/v2\/pages\/94","targetHints":{"allow":["GET"]}}],"collection":[{"href":"https:\/\/blog.metu.edu.tr\/mr4ms\/wp-json\/wp\/v2\/pages"}],"about":[{"href":"https:\/\/blog.metu.edu.tr\/mr4ms\/wp-json\/wp\/v2\/types\/page"}],"author":[{"embeddable":true,"href":"https:\/\/blog.metu.edu.tr\/mr4ms\/wp-json\/wp\/v2\/users\/7415"}],"replies":[{"embeddable":true,"href":"https:\/\/blog.metu.edu.tr\/mr4ms\/wp-json\/wp\/v2\/comments?post=94"}],"version-history":[{"count":0,"href":"https:\/\/blog.metu.edu.tr\/mr4ms\/wp-json\/wp\/v2\/pages\/94\/revisions"}],"wp:attachment":[{"href":"https:\/\/blog.metu.edu.tr\/mr4ms\/wp-json\/wp\/v2\/media?parent=94"}],"curies":[{"name":"wp","href":"https:\/\/api.w.org\/{rel}","templated":true}]}}