{"id":53,"date":"2021-04-02T14:42:36","date_gmt":"2021-04-02T14:42:36","guid":{"rendered":"https:\/\/blog.metu.edu.tr\/mr4ms\/?page_id=53"},"modified":"2021-04-02T14:42:36","modified_gmt":"2021-04-02T14:42:36","slug":"hakkimizda","status":"publish","type":"page","link":"https:\/\/blog.metu.edu.tr\/mr4ms\/hakkimizda\/?lang=tr","title":{"rendered":"Hakk\u0131m\u0131zda"},"content":{"rendered":"<p>Proje ekibimiz ODT\u00dc Maden M\u00fchendisli\u011fi B\u00f6l\u00fcm\u00fc ve Enformatik Enstit\u00fcs\u00fc \u00c7okluortam Bili\u015fimi \u00f6\u011fretim \u00fcyelerinden olu\u015fmaktad\u0131r. Projemiz oyun geli\u015ftiriciler, 3B modelleme sanat\u00e7\u0131lar\u0131, \u0130SG uzmanlar\u0131 ve farkl\u0131 alanlardan m\u00fchendislerin i\u015fbirli\u011fini hedeflemektedir.<\/p>\n","protected":false},"excerpt":{"rendered":"<p>Proje ekibimiz ODT\u00dc Maden M\u00fchendisli\u011fi B\u00f6l\u00fcm\u00fc ve Enformatik Enstit\u00fcs\u00fc \u00c7okluortam Bili\u015fimi \u00f6\u011fretim \u00fcyelerinden olu\u015fmaktad\u0131r. Projemiz oyun geli\u015ftiriciler, 3B modelleme sanat\u00e7\u0131lar\u0131, \u0130SG uzmanlar\u0131 ve farkl\u0131 alanlardan m\u00fchendislerin i\u015fbirli\u011fini hedeflemektedir.<\/p>\n","protected":false},"author":7415,"featured_media":0,"parent":0,"menu_order":0,"comment_status":"closed","ping_status":"closed","template":"","meta":{"footnotes":"","_links_to":"","_links_to_target":""},"class_list":["post-53","page","type-page","status-publish","hentry"],"_links":{"self":[{"href":"https:\/\/blog.metu.edu.tr\/mr4ms\/wp-json\/wp\/v2\/pages\/53","targetHints":{"allow":["GET"]}}],"collection":[{"href":"https:\/\/blog.metu.edu.tr\/mr4ms\/wp-json\/wp\/v2\/pages"}],"about":[{"href":"https:\/\/blog.metu.edu.tr\/mr4ms\/wp-json\/wp\/v2\/types\/page"}],"author":[{"embeddable":true,"href":"https:\/\/blog.metu.edu.tr\/mr4ms\/wp-json\/wp\/v2\/users\/7415"}],"replies":[{"embeddable":true,"href":"https:\/\/blog.metu.edu.tr\/mr4ms\/wp-json\/wp\/v2\/comments?post=53"}],"version-history":[{"count":0,"href":"https:\/\/blog.metu.edu.tr\/mr4ms\/wp-json\/wp\/v2\/pages\/53\/revisions"}],"wp:attachment":[{"href":"https:\/\/blog.metu.edu.tr\/mr4ms\/wp-json\/wp\/v2\/media?parent=53"}],"curies":[{"name":"wp","href":"https:\/\/api.w.org\/{rel}","templated":true}]}}