{"id":27,"date":"2018-12-10T18:48:33","date_gmt":"2018-12-10T15:48:33","guid":{"rendered":"http:\/\/blog.metu.edu.tr\/mmanguog\/?page_id=27"},"modified":"2025-09-04T16:45:45","modified_gmt":"2025-09-04T13:45:45","slug":"publications","status":"publish","type":"page","link":"https:\/\/blog.metu.edu.tr\/mmanguog\/publications\/","title":{"rendered":""},"content":{"rendered":"<h4>Journal Publications<\/h4>\n<ul>\n<li>B\u00f6l\u00fckba\u015f\u0131 ES, Torun F\u015e, Manguo\u011flu M, A distributed memory parallel randomized Kaczmarz for sparse system of equations, <strong>Concurrency and Computation: Practice and Experience<\/strong>, 36(25):e8274, 2024<\/li>\n<li>Torun F\u015e, Manguo\u011flu M, Aykanat C, Enhancing block Cimmino for sparse linear systems with dense columns via Schur complement, <strong>SIAM Journal on Scientific Computing<\/strong>, 2023, 45(2), pp. C49-C72<\/li>\n<li>Torun T, Torun F\u015e, Manguo\u011flu M, Aykanat C, Partitioning and reordering for Spike-based distributed-memory parallel Gauss-Seidel, <strong>SIAM Journal on Scientific Computing<\/strong>, 44(2), pp. C99-C123,2022<\/li>\n<li>Manguo\u011flu M, Mehrmann V, A two-level iterative scheme for general sparse linear systems based on approximate skew-symmetrizers, <strong>Electronic Transactions on Numerical Analysis<\/strong> Volume 54,pp.370-391, 2021\u00a0<\/li>\n<li>\u00c7u\u011fu \u0130, Manguo\u011flu M, \u201cA Parallel Multithreaded Sparse Triangular Linear System Solver\u201d,<strong> Computers and Mathematics with Applications<\/strong>, 80(2), pp. 371-385, 2020<\/li>\n<li>Manguo\u011flu M, Mehrmann V, <em>A Robust Iterative Scheme for Symmetric Indefinite Systems<\/em>,<strong> SIAM Journal on Scientific Computing<\/strong>, 41 (3), A1733-A1752, 2019<\/li>\n<li>Torun F\u015e, Manguo\u011flu M, Aykanat C, <em>A Novel Partitioning Algorithm for Accelerating the Block Cimmino Algorithm<\/em>, <strong>SIAM Journal on Scientific Computing<\/strong>, 40(6), pp.C827-C850, 2018<\/li>\n<li>Arslan H, Manguo\u011flu M, <em>A Parallel Bio-inspired Shortest Path Algorithm <\/em>, <strong>Computing<\/strong>, 101(8), 969-988, 2019<\/li>\n<li style=\"text-align: left\">Torun F\u015e, Manguo\u011flu M, Aykanat C, <em>Parallel minimum norm solution of sparse block diagonal column overlapped underdetermined systems<\/em>, <strong>ACM Transactions on Mathematical Software<\/strong>,43(4), pp. 31:1&#8211;31:21, 2017<\/li>\n<li style=\"text-align: left\">\n<div>Akay HU, Oktay E,Manguo\u011flu M, Sivas AA, \u201cImproved Parallel Preconditioners for Multiphysics Topology Optimizations&#8221;, <strong>International Journal of Computational Fluid Dynamics<\/strong> , 30 (4), pp. 329-336, 2016<\/div>\n<\/li>\n<li style=\"text-align: left\">B\u00f6l\u00fckba\u015f\u0131 ES, Manguo\u011flu M, <em>A Multithreaded Recursive and Nonrecursive Parallel Sparse Direct Solver <\/em>, <b>Advances in Computational Fluid-Structure Interactions<\/b>, Springer-Birkhauser (book chapter, editors: Y. Bazilevs and K. Takizawa), 2016<\/li>\n<li>E. Oktay, H.U. Akay, O.T. \u015eehito\u011flu, &#8220;Three-dimensional structural topology optimization of aerial vehicles under aerodynamic loads&#8221;, <strong>Computers &amp; Fluids<\/strong>, 92:225\u2013232, 2014.<\/li>\n<li>\n<div>Uzunca M, Karas\u00f6zen B , Manguo\u011flu M, \u201cAdaptive discontinuous Galerkin methods for non-linear diffusion-convection-reaction equations\u201d, <strong>Computers and Chemical Engineering<\/strong>, 63, pp.24-37, 2014<\/div>\n<\/li>\n<\/ul>\n<h4>Book Chapters<\/h4>\n<ul>\n<li>Selvitopi\u00a0 O, Acer S, Manguo\u011flu M, Aykanat C,\u00a0 &#8220;The Effect of Various Sparsity Structures on Parallelism and Algorithms to Reveal Those Structures&#8221;, <strong>Parallel Algorithms in Computational Science and Engineering <\/strong>(pp. 35-62). Birkh\u00e4user, 2020<\/li>\n<li>Manguo\u011flu, M, Polizzi E, Sameh A. H, &#8220;Parallel Hybrid Sparse Linear System Solvers&#8221;, <strong>Parallel Algorithms in Computational Science and Engineering<\/strong> (pp. 95-120). Birkh\u00e4user, 2020<\/li>\n<li>B\u00f6l\u00fckba\u015f\u0131 ES, Manguo\u011flu M, \u201cA Multithreaded Recursive and Nonrecursive Parallel Sparse Direct Solver\u201d, <strong>Advances in Computational Fluid-Structure Interactions<\/strong>, Springer-Birkh\u00e4user(editors: Y. Bazilevs and K. Takizawa), 2016<\/li>\n<li>\u00c7. Kocair, C. \u015eener, A. Akkaya, &#8220;Statistical Seismology Science Gateway&#8221;, <strong>Science Gateways for Distributed Computing Infrastructures<\/strong>, Springer, 167-180, 2014.<\/li>\n<\/ul>\n<h4>Conference Presentations<\/h4>\n<ul>\n<li>E. Oktay, A. Arpac\u0131, O.T. \u015eehito\u011flu, H.Akay, &#8220;A Parallel Aerostructural Shape Optimization Platform for Airplane Wings&#8221;, <strong>31st International Conference on Parallel Computational Fluid Dynamics<\/strong> (15-17 May 2019), Antalya, Turkey<\/li>\n<li>Manguo\u01e7lu M, \u201cHigh Performance Sparse Matrix Computations with Applications in Computational Fluid Dynamics\u201d, <strong>31st International Conference on Parallel Computational Fluid Dynamics<\/strong> (15-17 May 2019), Antalya, Turkey<\/li>\n<li>\n<div>Manguo\u01e7lu M, Mehrmann V, \u201cA Robust Nested Krylov Subspace Method for Solving Sparse Symmetric Indefinite Linear Systems\u201d, <strong>BEYOND: Workshop on Computational Science and Engineering<\/strong> (20-21 October 2018), Ankara, Turkey<\/div>\n<\/li>\n<li>\n<div>Torun FS, Manguo\u01e7lu M, Aykanat C, \u201cSolving Sparse Underdetermined Linear least Squares Problems on Parallel Computing Platforms\u201d,<\/div>\n<div><strong>SIAM Conference on Parallel Processing for Scientific Computing<\/strong><\/div>\n<div>(12-15 April 2016), Paris, France<\/div>\n<\/li>\n<li>\n<div>Akay HU, Oktay E, Manguo\u01e7lu M, Sivas AA, \u201c Improved Parallel Preconditioners for Multiphysics Topology Optimizations\u201d, 27<strong>th International Conference on Parallel Computational Fluid Dynamics<\/strong> (17- 20 May 2015), Montreal, Canada<\/div>\n<\/li>\n<\/ul>\n\n\n<p><\/p>\n","protected":false},"excerpt":{"rendered":"<p>Journal Publications B\u00f6l\u00fckba\u015f\u0131 ES, Torun F\u015e, Manguo\u011flu M, A distributed memory parallel randomized Kaczmarz for sparse system of equations, Concurrency &#8230; <br \/><a class=\"more-link\" href=\"https:\/\/blog.metu.edu.tr\/mmanguog\/publications\/\">keep reading<\/a><\/p>\n","protected":false},"author":4227,"featured_media":0,"parent":0,"menu_order":0,"comment_status":"closed","ping_status":"closed","template":"","meta":{"footnotes":"","_links_to":"","_links_to_target":""},"class_list":["post-27","page","type-page","status-publish","hentry"],"_links":{"self":[{"href":"https:\/\/blog.metu.edu.tr\/mmanguog\/wp-json\/wp\/v2\/pages\/27","targetHints":{"allow":["GET"]}}],"collection":[{"href":"https:\/\/blog.metu.edu.tr\/mmanguog\/wp-json\/wp\/v2\/pages"}],"about":[{"href":"https:\/\/blog.metu.edu.tr\/mmanguog\/wp-json\/wp\/v2\/types\/page"}],"author":[{"embeddable":true,"href":"https:\/\/blog.metu.edu.tr\/mmanguog\/wp-json\/wp\/v2\/users\/4227"}],"replies":[{"embeddable":true,"href":"https:\/\/blog.metu.edu.tr\/mmanguog\/wp-json\/wp\/v2\/comments?post=27"}],"version-history":[{"count":0,"href":"https:\/\/blog.metu.edu.tr\/mmanguog\/wp-json\/wp\/v2\/pages\/27\/revisions"}],"wp:attachment":[{"href":"https:\/\/blog.metu.edu.tr\/mmanguog\/wp-json\/wp\/v2\/media?parent=27"}],"curies":[{"name":"wp","href":"https:\/\/api.w.org\/{rel}","templated":true}]}}