{"id":25,"date":"2018-12-10T18:48:31","date_gmt":"2018-12-10T15:48:31","guid":{"rendered":"http:\/\/blog.metu.edu.tr\/mmanguog\/?page_id=25"},"modified":"2025-09-04T16:40:28","modified_gmt":"2025-09-04T13:40:28","slug":"members","status":"publish","type":"page","link":"https:\/\/blog.metu.edu.tr\/mmanguog\/members\/","title":{"rendered":""},"content":{"rendered":"<h2>Members:<\/h2>\n<ul>\n<li>Mustafa Duymu\u015f<\/li>\n<li>Deniz D\u00f6nmez<\/li>\n<li>G\u00f6ksel Kabaday\u0131<\/li>\n<li><a href=\"http:\/\/www.ceng.metu.edu.tr\/~manguoglu\">Murat Manguo\u011flu\u00a0<\/a><\/li>\n<li>Kadir \u00d6z\u00e7oban<\/li>\n<li>Ece Nil Parkan<\/li>\n<li>Haydar Selbe\u015f<\/li>\n<li>Berkay \u015eahin<\/li>\n<li><a href=\"http:\/\/www.ceng.metu.edu.tr\/~onur\">Onur Tolga\u00a0\u015eehito\u011flu<\/a><\/li>\n<li><a href=\"http:\/\/www.ceng.metu.edu.tr\/~sener\">Cevat \u015eene<\/a><a href=\"http:\/\/www.ceng.metu.edu.tr\/sener\">r<\/a><\/li>\n<\/ul>\n<h2>Former Members:<\/h2>\n<ul>\n<li>Ya\u011fmur Aksan<\/li>\n<li>Hilal Arslan<\/li>\n<li><a href=\"http:\/\/www.ceng.metu.edu.tr\/~ercan\">Ercan Sel\u00e7uk B\u00f6l\u00fckba\u015f\u0131<\/a><\/li>\n<li>Mustafa \u015eenol Co\u015far<\/li>\n<li>\u0130lke \u00c7u\u011fu<\/li>\n<li>Sena E\u015fme<\/li>\n<li>Ceyda Mang\u0131r<\/li>\n<li>Eda Oktay<\/li>\n<li>Hazan Da\u011flayan Sevim<\/li>\n<li>Burak \u015een<\/li>\n<\/ul>\n","protected":false},"excerpt":{"rendered":"<p>Members: Mustafa Duymu\u015f Deniz D\u00f6nmez G\u00f6ksel Kabaday\u0131 Murat Manguo\u011flu\u00a0 Kadir \u00d6z\u00e7oban Ece Nil Parkan Haydar Selbe\u015f Berkay \u015eahin Onur Tolga\u00a0\u015eehito\u011flu &#8230; <br \/><a class=\"more-link\" href=\"https:\/\/blog.metu.edu.tr\/mmanguog\/members\/\">keep reading<\/a><\/p>\n","protected":false},"author":4227,"featured_media":0,"parent":0,"menu_order":0,"comment_status":"closed","ping_status":"closed","template":"","meta":{"footnotes":"","_links_to":"","_links_to_target":""},"class_list":["post-25","page","type-page","status-publish","hentry"],"_links":{"self":[{"href":"https:\/\/blog.metu.edu.tr\/mmanguog\/wp-json\/wp\/v2\/pages\/25","targetHints":{"allow":["GET"]}}],"collection":[{"href":"https:\/\/blog.metu.edu.tr\/mmanguog\/wp-json\/wp\/v2\/pages"}],"about":[{"href":"https:\/\/blog.metu.edu.tr\/mmanguog\/wp-json\/wp\/v2\/types\/page"}],"author":[{"embeddable":true,"href":"https:\/\/blog.metu.edu.tr\/mmanguog\/wp-json\/wp\/v2\/users\/4227"}],"replies":[{"embeddable":true,"href":"https:\/\/blog.metu.edu.tr\/mmanguog\/wp-json\/wp\/v2\/comments?post=25"}],"version-history":[{"count":0,"href":"https:\/\/blog.metu.edu.tr\/mmanguog\/wp-json\/wp\/v2\/pages\/25\/revisions"}],"wp:attachment":[{"href":"https:\/\/blog.metu.edu.tr\/mmanguog\/wp-json\/wp\/v2\/media?parent=25"}],"curies":[{"name":"wp","href":"https:\/\/api.w.org\/{rel}","templated":true}]}}