{"id":6,"date":"2014-02-02T21:21:37","date_gmt":"2014-02-02T19:21:37","guid":{"rendered":"http:\/\/blog.metu.edu.tr\/mkoken\/?page_id=6"},"modified":"2025-10-17T10:13:05","modified_gmt":"2025-10-17T07:13:05","slug":"publications","status":"publish","type":"page","link":"https:\/\/blog.metu.edu.tr\/mkoken\/publications\/","title":{"rendered":"PUBLICATIONS"},"content":{"rendered":"<p><strong>International Journal Publications:<\/strong><\/p>\n<ol>\n<li>Haspolat, E., <strong>Koken, M.<\/strong> (2025). &#8220;Drag on Sparse and Rigid Emergent Canopies: Experimental and Numerical Investigation.&#8221; <em>Journal of Hydraulic Engineering<\/em>, 151(6), pp. 1-15.<\/li>\n<li><strong>Koken, M.<\/strong>, Cotel, E. B. (2025). &#8220;Numerical investigation of the coherent structures in a curved channel with a spur dike at different angles with respect to the flow directions.&#8221; <em>Physics of Fluids<\/em>, 37, p.065134.<\/li>\n<li>Shumilova, O., Sukhodolov, A., Osadcha, N, Oreshchenko, A., Constantinescu, G., Afanasyev, S., <strong>Koken, M.<\/strong>, Osadchyi, V., Rhoads, B., Tockner, K., Monaghan, M. T., Schroder, B., Nabyvanets, J., Wolter, C., Lietytska, O., van de Koppel, J., Magas, N., Jahnig, S. C., Lakisova, V., Trokhymenko, G., Venohr, M., Komorin, V., Stepanenko, S., Khilchevskyi, V., Domisch, S., Blettler, M., Gleick, P., De Meester, L., Grossart, H. P. (2025). &#8220;Environmental effects of the Kakhova Dam destruction by warfare in Ukraine.&#8221; <em>Science<\/em>, 387 (6739), pp. 1181-1186.<\/li>\n<li>Haspolat, E., <strong>Koken, M.<\/strong> (2024). &#8220;Experimental investigation of the total flow resistance in emergent and submerged rigid canopy flows.&#8221; Journal of Hydro-Environment Research Vol. 54, pp. 37-52.<\/li>\n<li>Mosaddeghi, F., <strong>Koken, M.<\/strong>, Aydin, I. (2023). \u201cFinite volume analysis of dam breaking subjected to earthquake accelerations.\u201d <em>Journal of Hydraulic Research<\/em>, 61(6), pp. 854-865.<\/li>\n<li><strong>Koken, M.<\/strong>, Constantinescu, S. G. (2023). &#8220;Influence of submergence ratio on flow and drag forces generated by a long rectangular array of rigid cylinders at the sidewall of an open channel.&#8221; <em>Journal of Fluid Mechanics<\/em>, Vol. 966.<\/li>\n<li><strong>Koken, M.<\/strong>, Aydin, I, Ademoglu, S. (2022). &#8220;An iterative hydraulic design methodology based on numerical modeling for piano key weirs.&#8221;, <em>Journal of Hydro-Environment Research<\/em>, Vol. 40, pp.131-141.<\/li>\n<li><strong>Koken, M.<\/strong>, Constantinescu, S. G. (2021). &#8220;Flow structure inside and around a rectangular array of emerged cylinders located at the sidewall of an open channel.&#8221;, <em>Journal of Fluid Mechanics<\/em>, Vol. 910.<\/li>\n<li><strong>Koken, M.<\/strong> (2018). &#8220;Coherent structures at different contraction ratios caused by two spill-through abutments.&#8221;, Journal of Hydraulic Research, Vol. 56, pp. 324-332.<\/li>\n<li>Cheng, Z., <strong>Koken, M.<\/strong>, \u00a0Constantinescu G. (2018). &#8220;Approximate methodology to account for effects of coherent structures on sediment entrainment in RANS simulations with a movable bed and applications to pier scour.&#8221;, <em>Advances in Water Resources<\/em>, Vol. 120, pp.65-82.<\/li>\n<li>Yilmaz, M., Yanmaz, A. M., <strong>Koken, M<\/strong>, (2018). &#8220;Time-evolution of clear water scouring at dual bridge piers.&#8221;, <em>Teknik Dergi<\/em>, Vol. 29, pp. 8167-8184.<\/li>\n<li><strong>Koken, M.<\/strong>, Aydin I., Sahin, A. (2017). &#8220;Application of computational fluid dynamics to predict hydrodynamics downpull on high head gates.&#8221;, <em>Engineering Computations<\/em>, 34(4), p. 1191-1203.<\/li>\n<li>Y\u0131lmaz, M., Yanmaz, M., <strong>Koken, M.<\/strong> (2017). &#8220;Clear-water scour evolution at dual bridge piers.&#8221;, <em>Canadian Journal of Civil Engineering<\/em>, 44(4), p. 298-307.<\/li>\n<li>Gogus, M., Altan-Sakarya A. B., <strong>Koken, M.<\/strong> (2016). &#8220;Experimental investigation of the anti-vortex devices of Beyhan I Dam Hydroelectric Power Plant intake structure.&#8221;, <em>Procedia Engineering<\/em>, 161, p. 881-886.<\/li>\n<li>Gogus, M., Altan-Sakarya A. B., <strong>Koken, M.<\/strong> (2016). &#8220;Experimental investigation of the original project of Yukar\u0131 Kalekoy Dam and Hydroelectric Power Plant Spillway.&#8221;, <em>Procedia Engineering<\/em>, 161, p. 313-317.<\/li>\n<li>Gogus, M., <strong>Koken, M., <\/strong>Baykara, A. (2016). &#8220;Formation of air-entraining vortices at horizontal intakes without approach flow induced circulation&#8221;, <em>Journal of Hydrodynamics<\/em>, 28(1), p. 102-113.<\/li>\n<li><strong>Koken, M.,<\/strong>\u00a0Gogus, M.\u00a0(2015).\u00a0&#8220;Effect of spur dike length on the horseshoe vortex system and the bed shear stress distribution.&#8221;, <em>Journal of Hyd. Res., <\/em>53(2), p.196-206.<\/li>\n<li><strong>Koken, M.,<\/strong> Constantinescu, S. G. (2014).\u00a0&#8220;Flow and turbulence structure around abutments with sloped sidewalls.&#8221;, <em>Journal of Hydraulic Engineering, <\/em>140(7), p.1-13.<\/li>\n<li><strong>Koken, M.,<\/strong> Constantinescu, S. G., Blanckaert K. (2013).\u00a0&#8220;Hydrodynamic processes, sediment erosion mechanisms, and Reynolds-number-induced scale effects in an open channel bend of strong curvature with \ufb02at bathymetry.&#8221;, <em>Journal of Geophysical Research: Earth Surface<\/em>, 118, p.2308-2324.<\/li>\n<li><strong>Koken, M. <\/strong>(2011).\u00a0 &#8220;Coherent structures around isolated spur dikes at various approach flow angles.&#8221;, <i>Journal of Hydraulic Research<\/i>,\u00a0 49,\u00a0 p.736-743.<\/li>\n<li>Constantinescu, S.\u00a0G., <strong>Koken, M.,<\/strong> Zeng, J. (2011).\u00a0 &#8220;The structure of turbulent flow in an open channel bend of strong curvature with deformed bed: Insight provided by detached eddy simulation simulation.&#8221;, <i>Water Resources Research<\/i>,\u00a0 47,\u00a0 p.1-17.<\/li>\n<li><strong>Koken M.,<\/strong> Constantinescu, S.\u00a0G. (2011).\u00a0 &#8220;Flow and turbulence structure around a spur dike in a channel with a large scour hole.&#8221;, <i>Water Resources Research<\/i>,\u00a0 47,\u00a0 p.1-19.<\/li>\n<li><strong>Koken, M.,<\/strong>\u00a0Constantinescu, S. G. (2009).\u00a0 &#8220;An investigation of the dynamics of the coherent structures in a turbulent channel flow with a vertical sidewall obstruction.&#8221;, <i>Physics of Fluids<\/i>,\u00a0 21, p.085104\/1-16.<\/li>\n<li><strong>Koken, M.,<\/strong> and Constantinescu, S. G. (2008).\u00a0 &#8220;An investigation of the flow and scour mechanisms around isolated spur dikes in a shallow open channel. Part II. Conditions corresponding to the final stages of the erosion and deposition process.&#8221;, <i>Water Resources Research<\/i>,\u00a0 44,\u00a0 p.1-16.<\/li>\n<li><strong>Koken, M.,<\/strong> and Constantinescu, S. G. (2008).\u00a0&#8220;An investigation of the flow and scour mechanisms around isolated spur dikes in a shallow open channel. Part I. Conditions corresponding to the initiation of the erosion and deposition process.&#8221;, <i>Water Resources Research<\/i>,\u00a0 44, p.1-19.<\/li>\n<\/ol>\n<p><strong>International Conference Proceedings:<\/strong><\/p>\n<ol>\n<li>Haspolat, E.,<strong> Koken, M.<\/strong> (2024). &#8220;Effect of submergence ratio on flow characteristics of rigid vegetation array.&#8221; 8th IAHR Europe Congress, Lisbon, Portugal, June 2024.<\/li>\n<li><strong>Koken, M.<\/strong> and Constantinescu, G. (2022). \u201cEffects of patch height on sediment entrainment mechanisms around a rectangular patch of vegetation.\u201d International conference on fluvial hydraulics, River Flow 2020, Ottawa, Canada, 2022.<\/li>\n<li><strong>Koken, M.<\/strong>, Hesap, E., Bombar, G., El\u00e7i, \u015e., Cardoso, A. (2022). &#8220;Numerical investigation of flow around an isolated pier on an inclined surface.&#8221; 14th International Conference on Hydroscience and Engineering, \u0130zmir, May 2022.<\/li>\n<li>Y\u0131ld\u0131z, B., <strong>Koken, M.<\/strong>, Gogus, M. (2019). &#8220;Investigation of Velocity field around bridge abutments.&#8221; International Conference on Innovation, Sustainability, Technology and Education in Civil Engineering, \u0130skenderun, June 2019.<\/li>\n<li>K\u0131l\u0131n\u00e7, B. B., Aksen, M., Bahad\u0131ro\u011flu, N., Bombar, G., El\u00e7i, \u015e., <strong>Koken, M.<\/strong> (2018). &#8220;A numerical and experimental study on the flow field in an open channel.&#8221; 13th International Congress on Advances in Civil Engineering, ACE, \u00c7e\u015fme, \u0130zmir, September 2018.<\/li>\n<li>Koken, M., Budak, E. (2018). &#8220;Coherent structures in a sharply curved bend with a spur dike at different configurations.&#8221; 8th International Symposium on Environmental Hydraulics, Notre Dame, Indiana, USA, June 2018.<\/li>\n<li><strong>Koken, M.,<\/strong> Budak, E. (2017). \u201cCoherent structures in a sharply curved bend with and without a spur dike.\u201d 37th IAHR World Congress, Kuala Lumpur, Malaysia, August 2017.<\/li>\n<li><strong>Koken, M.,<\/strong> Aydin, I., Haspolat, E., Sahin, A. N. (2017). \u201cExperimental and numerical investigation of piano key weirs.\u201d 37th IAHR World Congress, Kuala Lumpur, Malaysia, August 2017.<\/li>\n<li>Budak, E., <strong>Koken, M.<\/strong> (2017). \u201cComparison between RANS and DES model in a Highly-Curved Channel with an Isolated Spur-Dike.\u201d, International Conference on Civil and Environmental Engineering, Cappadocia, May 2017.<\/li>\n<li>Gogus, M., <strong>Koken, M.<\/strong>, Zaloglu, C., Haspolat, E. (2016). &#8220;Determination of critical submergence at horizontal water intakes under symmetrical flow conditions.&#8221;, 12th International Congress on Advances in Civil Engineering, Istanbul, September 2016.<\/li>\n<li><strong>Koken, M.<\/strong>, Constantinescu S. G. (2016). &#8220;On the spatial development of the mixing layer at the interface between open water and a region containing emerged vegetation.&#8221;, 8th International Conference on Fluvial Hydraulics, St. Louis, US, July 2016.<\/li>\n<li>Gogus, M.,\u00a0<strong>Koken, M.,<\/strong>\u00a0Zaloglu, C., Haspolat, E.\u00a0(2015). &#8220;Determination of critical submergence depth at horizontal intakes under asymmetric flow conditions.&#8221;, 36th IAHR World Congress, Delft, Netherlands,\u00a0June 2015.<\/li>\n<li>Selamoglu, M., Yanmaz, A. M., <strong>Koken, M.<\/strong> (2014). &#8220;Temporal variation of scouring topography around dual bridge piers.&#8221;, 7<span style=\"color: #000000\">th. International Conference on Scour and Erosion, Perth, Western Australia, December 2014.<\/span><\/li>\n<li>Constantinescu, S. G., <strong>Koken, M.<\/strong> (2014).\u00a0&#8220;Flow structure and large scale turbulence in an open channel bend of strong curvature with flat and deformed bed.&#8221;, 7th <span style=\"color: #000000\">International Conference on Fluvial Hydraulics, Lausanne, Switzerland, September 2014.<\/span><\/li>\n<li><strong>Koken, M.<\/strong>, Gogus, M., Yilmaz, K.\u00a0(2014).\u00a0&#8220;Application of collars as scour countermeasure at various contraction ratios caused by two spill through abutments.&#8221;, 7th <span style=\"color: #000000\">International Conference on Fluvial Hydraulics, Lausanne, Switzerland, September 2014.<\/span><\/li>\n<li>Gogus, M., Altan-Sakarya, A. B., Aydin, I.,\u00a0<strong>Koken, M.,<\/strong> Yavuz, C., Dincer, A. E., Yilmaz, K.\u00a0(2014). &#8220;Experimental Investigation of Beyhan-I Dam and hydroelectric power plant water intake structure.&#8221;, 3rd<span style=\"color: #000000\">. IAHR Europe Congress, Porto, April 2014.<\/span><\/li>\n<li><strong>Koken, M.,<\/strong> (2013). &#8220;A DES study of role of contraction ratio on the coherent structures caused by two spill through abutments.&#8221;,35th IAHR World Congress, Chengdu, China, September 2013.<\/li>\n<li>Altan-Sakarya, A. B., Aydin, I., Gogus, M., <strong>Koken, M.<\/strong> (2013). &#8220;Experimental investigation of flow conditions over Cambasi Dam spillway.&#8221;,35th IAHR World Congress, Chengdu, China, September 2013.<\/li>\n<li>Yildiz, B., <strong>Koken, M.,<\/strong> Gogus, M. (2013). &#8220;Temporal variation of scour hole around spill through bridge abutments at various contraction ratios.&#8221;, 35th IAHR World Congress, Chengdu, China, September 2013.<\/li>\n<li>Aydin, I., <strong>Koken, M.,<\/strong> Aybar, A. (2013). &#8220;Experimental and computational investigation of vortex formation in a vertical intake structure.&#8221;, 35th IAHR World Congress, Chengdu, China, September 2013.<\/li>\n<li><span style=\"color: #000000\">Gogus, M., <strong>Koken, M.,<\/strong> Yildiz B., (2012). &#8220;Effect of abutment length on scour pattern for abutments with curved toe.&#8221;, 10th International Congress on Advances in Civil Engineering, Ankara, October 2012.<\/span><\/li>\n<li><span style=\"color: #000000\">Aydin, I., <strong>Koken, M.,<\/strong> Aybar A., (2012). &#8220;Hydraulic model and numerical study of vortex formation in head pond of adacami hydropower plant.&#8221;, 10th International Congress on Advances in Civil Engineering, Ankara, October 2012.<\/span><\/li>\n<li><span style=\"color: #000000\">Gogus, M., <strong>Koken, M.,<\/strong> Baykara, A. (2012). &#8220;<b> <\/b>Critical submergence depth for vortex formation for horizontal intakes.&#8221;, 5th International Symposium on Fluid Machinery and Fluids Engineering, Jeju Korea, October 2012.<\/span><\/li>\n<li><span style=\"color: #000000\">Aydin, I, Gogus, M., <strong>Koken M.,<\/strong> Sakarya, A. B., (2012). &#8220;Experimental and numerical investigation of flow conditions on Laleli Dam spillway.&#8221;, 2nd. IAHR Europe Congress, Munich, June 2012.<\/span><\/li>\n<li><span style=\"color: #000000\">Constantinescu, S. G., <strong>Koken, M.,<\/strong> and Zeng, J. (2012). &#8221; Flow and turbulence structure in shallow open channel bends.&#8221; 3rd. International Symposium on Shallow Flows, Iowa City, June 2012.<\/span><\/li>\n<li><span style=\"color: #000000\"><strong>Koken, M.,<\/strong> Constantinescu, S. G. (2011). &#8221; Effect of Reynolds number and abutment geometry on the flow and turbulence structure around an abutment with large scour hole.&#8221; 34th IAHR Congress, Brisbane, Australia, June 2011.<\/span><\/li>\n<li><span style=\"color: #000000\"><strong>Koken, M.,<\/strong> Constantinescu, S. G. (2010). &#8221; An investigation of scale effects in the flow past a vertical wall abutment.&#8221; International Conference on Fluvial Hydraulics, Braunschweig, Germany, September 2010.<\/span><\/li>\n<li><span style=\"color: #000000\">Constantinescu, S. G., <strong>Koken, M.,<\/strong> and Zeng, J. (2010). &#8221; Simulation of flow in an open channel bend of strong curvature using Detached Eddy Simulation.&#8221; International Conference on Fluvial Hydraulics, Braunschweig, Germany, September 2010.<\/span><\/li>\n<li><span style=\"color: #000000\"><strong>Koken, M.,<\/strong> Gogus, M. (2010). &#8221; Effect of Abutment Length on the Bed Shear Stress and the Horseshoe Vortex System.&#8221; International Conference on Fluvial Hydraulics, Braunschweig, Germany, September 2010.<\/span><\/li>\n<li><span style=\"color: #000000\"><strong>Koken, M.,<\/strong> Gogus, M. (2010). &#8221; Time Evolution of the Horseshoe Vortex System Forming Around a Bridge Abutment.&#8221;5th. International Conference on Scour and Erosion, San Francisco, USA, November 2010.<\/span><\/li>\n<li><span style=\"color: #000000\"><strong>Koken, M.,<\/strong> Constantinescu, S. G. (2009). &#8221; A DES Study of the Role of Large-Scale Turbulence at a Bridge Abutment of Realistic Geometry with Scour Hole.&#8221; 33rd IAHR Congress, Vancouver, Canada, August 2009.<\/span><\/li>\n<li><span style=\"color: #000000\"><strong>Koken, M.,<\/strong> Constantinescu, S. G. (2008). &#8221; A Detached Eddy Simulation Study of the Horseshoe Vortex System in the Flow Past a Bridge Abutment with a Scour Hole at a High Reynolds Number.&#8221; Japanese Geotechnical Society, 4th International Conference on Scour and Erosion, Tokyo, November 2008.<\/span><\/li>\n<li><span style=\"color: #000000\"><strong>Koken, M.,<\/strong> Constantinescu S. G. (2008). &#8221; A Numerical Study on Scale Effects in the Flow Past a Vertical Spur Dike.&#8221; International Conference on Fluvial Hydraulics, Cesme, Turkey, September 2008.<\/span><\/li>\n<li><span style=\"color: #000000\">Constantinescu S.G., <strong>Koken, M.,<\/strong> and McCoy, A. (2007). &#8220;A large eddy simulation study of the bed shear stress distributions around isolated and multiple groins.&#8221; 5<sup>th<\/sup> IAHR Symposium on River, Costal and Estuarine Morphodynamics, The University of\u00a0 Twente, Netherlands, September 2007.<\/span><\/li>\n<li><span style=\"color: #000000\">McCoy, A., Constantinescu, S. G. <strong>Koken, M.,<\/strong> and Weber, L. (2007). &#8220;Effect of relative submergence on the flow and mass exchange processes in a channel with two lateral groins. &#8221; 32nd International Association Hydraulic Engineering &amp; Research Congress, Venice, Italy, July 2007.<\/span><\/li>\n<li><span style=\"color: #000000\"><strong>Koken, M.,<\/strong> Kirkil, G., and Constantinescu S. G. (2007). &#8220;Coherent structures in the flow around a bridge abutment and a bridge pier at equilibrium scour conditions. &#8221; 32nd International Association Hydraulic Engineering &amp; Research Congress, Venice, Italy, July 2007.<\/span><\/li>\n<li><span style=\"color: #000000\"><strong>Koken, M.,<\/strong> Constantinescu S. G. (2007). &#8220;An investigation of coherent structures in the wake of a bridge abutment at equilibrium bed scour conditions.&#8221; World Environmental and Water Resources Congress, Tampa, Florida, May 2007. pp.1-10.<\/span><\/li>\n<li><span style=\"color: #000000\"><strong><a href=\"http:\/\/dx.doi.org\/10.1061\/40927(243)107\"><span style=\"color: #000000\">Koken<\/span><\/a>, M.,<\/strong> Constantinescu S. G. (2006). &#8220;LES investigation of horseshoe vortex system at the base of a bridge abutment at equilibrium bed scour conditions.&#8221; 7<sup>th<\/sup> International Conference on Hydroinformatics (HIC-2006), Nice, France, September 2006.<\/span><\/li>\n<li><span style=\"color: #000000\"><strong>Koken, M.,<\/strong> Constantinescu S. G. (2006). &#8220;Investigation of flow around a bridge abutment in a flat bed channel using large eddy simulation.&#8221; 2006 World Environmental and Water Resources Congress, Omaha, Nebraska, May 2006. <\/span><\/li>\n<li><span style=\"color: #000000\">Haque, M.D., <strong>Koken, M.,<\/strong> Constantinescu, S.G., and Weber, L. (2005). <span style=\"color: #000000\">&#8220;Use of a 3D RANS model to predict stratification effects related to fish passage at hydropower dams.&#8221;<\/span> XXXI<sup>st<\/sup> International Association Hydraulic Research Congress, Seoul, Korea, September 2005.<\/span><\/li>\n<li><span style=\"color: #000000\">Constantinescu, S.G. and <strong>Koken, M.<\/strong> (2005). <span style=\"color: #000000\">&#8220;Time-dependent and time-averaged structure of the flow past a surface mounted cylinder.&#8221;<\/span> 4<sup>th<\/sup> International Conference on Computational Heat and Mass Transfer, Cachan, France, May 2005.<\/span><\/li>\n<li><span style=\"color: #000000\">Constantinescu, G.C., Ettema, R., <strong>Koken, M.,<\/strong> and Muste, M. (2004). <span style=\"color: #000000\">&#8220;LES simulation of unsteady horseshoe vortex system and wake vortices generated by surface mounted cylinders.&#8221;<\/span> Second International Conference on Scour and Erosion, Singapore, November 14-17, 2004.<\/span><\/li>\n<\/ol>\n<p><strong>National Conference Proceedings:<\/strong><\/p>\n<ol>\n<li><strong>Koken M.<\/strong> (2015). &#8220;K\u00f6pr\u00fc yan ayaklar\u0131n\u0131n olu\u015fturdu\u011fu daralman\u0131n atnal\u0131 vorteks sistemi ve oyulmaya etkisinin DES modellemesi ile incelenmesi.&#8221;4. Su Yap\u0131lar\u0131 Sempozyumu, Antalya, November 2015.<\/li>\n<li>Gogus, M., Altan-Sakarya, A. B.,\u00a0<strong>Koken, M.,<\/strong> Yavuz, C., Dincer, A. E., Haspolat, E.\u00a0(2015). &#8220;Yukar\u0131 Kalek\u00f6y Baraj\u0131 ve HES\u00a0dolusavak hidrolik model deneyleri.&#8221; 4. Su Yap\u0131lar\u0131 Sempozyumu, Antalya, November 2015.<\/li>\n<li>Gogus, M., Altan-Sakarya, A. B., Aydin, I.,\u00a0<strong>Koken, M.,<\/strong> Yavuz, C., Dincer, A. E., Yilmaz, K.\u00a0(2014). &#8220;Beyhan-I Baraj\u0131 ve Hidroelektrik Santrali su alma yap\u0131s\u0131n\u0131n deneysel ara\u015ft\u0131r\u0131lmas\u0131.&#8221;, DS\u0130 2. Barajlar Kongresi, \u0130stanbul,\u00a0February 2014.<\/li>\n<li>Yildiz, B., <strong>Koken, M.,<\/strong> Gogus, M. (2013). &#8220;Farkl\u0131 daralma oranlar\u0131nda d\u00f6kme duvar tipi k\u00f6pr\u00fc kenar ayaklar\u0131 etraf\u0131nda olu\u015fan oyulmay\u0131n zamanla de\u011fi\u015fimi.&#8221;, 3. Su Yap\u0131lar\u0131 Sempozyumu, Ankara, December 2013.<\/li>\n<li><span style=\"color: #000000\"><strong>Koken, M.,<\/strong> Gogus, M. (2011). &#8221; K\u00f6pr\u00fc yan aya\u011f\u0131 uzunlu\u011funun atnal\u0131 \u00e7evrinti sistemine etkisi.&#8221; 5. Ulusal Su M\u00fchendisli\u011fi Sempozyumu, \u0130stanbul, September 2011.<\/span><\/li>\n<\/ol>\n<p><span style=\"color: #000000\">\u00a0<\/span><\/p>\n","protected":false},"excerpt":{"rendered":"<p>International Journal Publications: Haspolat, E., Koken, M. (2025). &#8220;Drag on Sparse and Rigid Emergent Canopies: Experimental and Numerical Investigation.&#8221; Journal of Hydraulic Engineering, 151(6), pp. 1-15. Koken, M., Cotel, E. B. (2025). &#8220;Numerical investigation of the coherent structures in a curved channel with a spur dike at different angles with&#8230; <a class=\"continue-reading-link\" href=\"https:\/\/blog.metu.edu.tr\/mkoken\/publications\/\"> Continue reading <span class=\"meta-nav\">&rarr; <\/span><\/a><\/p>\n","protected":false},"author":1319,"featured_media":0,"parent":0,"menu_order":5,"comment_status":"closed","ping_status":"closed","template":"","meta":{"footnotes":"","_links_to":"","_links_to_target":""},"class_list":["post-6","page","type-page","status-publish","hentry"],"_links":{"self":[{"href":"https:\/\/blog.metu.edu.tr\/mkoken\/wp-json\/wp\/v2\/pages\/6","targetHints":{"allow":["GET"]}}],"collection":[{"href":"https:\/\/blog.metu.edu.tr\/mkoken\/wp-json\/wp\/v2\/pages"}],"about":[{"href":"https:\/\/blog.metu.edu.tr\/mkoken\/wp-json\/wp\/v2\/types\/page"}],"author":[{"embeddable":true,"href":"https:\/\/blog.metu.edu.tr\/mkoken\/wp-json\/wp\/v2\/users\/1319"}],"replies":[{"embeddable":true,"href":"https:\/\/blog.metu.edu.tr\/mkoken\/wp-json\/wp\/v2\/comments?post=6"}],"version-history":[{"count":0,"href":"https:\/\/blog.metu.edu.tr\/mkoken\/wp-json\/wp\/v2\/pages\/6\/revisions"}],"wp:attachment":[{"href":"https:\/\/blog.metu.edu.tr\/mkoken\/wp-json\/wp\/v2\/media?parent=6"}],"curies":[{"name":"wp","href":"https:\/\/api.w.org\/{rel}","templated":true}]}}