{"id":23,"date":"2014-07-10T16:12:43","date_gmt":"2014-07-10T13:12:43","guid":{"rendered":"http:\/\/blog.metu.edu.tr\/mkoken\/?page_id=23"},"modified":"2025-10-17T10:27:49","modified_gmt":"2025-10-17T07:27:49","slug":"students","status":"publish","type":"page","link":"https:\/\/blog.metu.edu.tr\/mkoken\/students\/","title":{"rendered":"STUDENTS"},"content":{"rendered":"<p><strong><span style=\"text-decoration: underline\">M.S. Students:<\/span><\/strong><\/p>\n<ol>\n<li>Fatime Tekin (2013) &#8220;Local Scour Characteristics Around Semi-Circular End Bridge Abutments with and without Collars&#8221;.<\/li>\n<li>Ali Baykara (2013) &#8220;Effect of Hydraulic Parameters on the Formation of Vortices at Intake Structures&#8221; (Co-advisor).<\/li>\n<li>Mehmet Ak\u0131\u015f \u015eahin (2014) &#8220;Prediction of Downpull on High Head Gates Using Computational Fluid Dynamics&#8221;.<\/li>\n<li>Eray Usta (2014) &#8220;Numerical Investigation of Hydraulic Characteristics of Laleli Dam Spillway and Comparison with Physical Model Study&#8221;.<\/li>\n<li>M\u00fcge Tataro\u011flu (2014) &#8220;Numerical Investigation of Vortex Formation at Intake Structures using Flow-3D Software&#8221;.<\/li>\n<li>Kutay Y\u0131lmaz (2014) &#8220;Application of Collars as a Scour Countermeasure for Spill-through Abutments&#8221;.<\/li>\n<li>Kerem \u00d6zkaya (2014) &#8220;Numerical Simulation of Free Surface Flows at Fish Passages&#8221;.<\/li>\n<li>Emre Haspolat (2015) &#8220;Determination of Critical Submergence Depth at Horizontal Intakes&#8221; (Co-advisor).<\/li>\n<li>Ezgi Budak (2017) \u201cNumerical Investigation of Flow around an Isolated Spur Dike in a Curved Channel\u201d.<\/li>\n<li>Alper Sungur (2018) &#8220;Numerical Investigation of Vortex Formation at Asymmetric Horizontal Intakes&#8221;.<\/li>\n<li>\u00c7i\u011fdem Ko\u00e7al (2019) &#8220;Numerical Modeling of Free Surface Flows on Round Vertical Slot Fish Passes&#8221;.<\/li>\n<li>Serhan Ademo\u011flu (2019) &#8220;Numerically Aided Design Process for Piano Key Weirs&#8221;.<\/li>\n<li>G\u00f6kalp Do\u011fukan Demirba\u015f (2021) &#8220;Numerical Investigation of Wind Load Characteristics Around an Isolated Tall Building&#8221;.<\/li>\n<li>Mahmut Tanyeri (2021) &#8220;Experimental and Numerical Investigation of Flow Under Radial Gates&#8221;.<\/li>\n<li>Emre Hesap (2021) &#8220;Numerical Investigation of Coherent Structures Forming Around Bridge Piers Sitting on an Inclined Surface&#8221;.<\/li>\n<li>O\u011fuzhan Uluyurt (2023) &#8220;Numerical Investigation of Energy Dissipation Using Macro Roughness Elements in a Stilling Basin&#8221;.<\/li>\n<li>Umut Aykan (2024) &#8220;Numerical Investigation of Vortex Fromationat Single and Multiple Symmetrical Horizontal Intakes&#8221;.<\/li>\n<li>G\u00f6kberk G\u00fcne\u015f (2024) &#8220;Numerical Investigation of Nasal Airflow: Comparative Analysis of Before and After Surgery States for an Obstructed Nasal Cavity&#8221;.<\/li>\n<li>Doruk Bahtiyar (2025) &#8220;Investigating the Accuracy of CFD Simulations for Denil Fishway Through Comparison with Field Installations&#8221;.<\/li>\n<\/ol>\n<p><strong><span style=\"text-decoration: underline\">Ph.D. Students:<\/span><\/strong><\/p>\n<ol>\n<li>Burhan Y\u0131ld\u0131z (2014) &#8220;Time Evolution of the Flow Characteristics Around Bridge Abutments During Scouring Process&#8221;.<\/li>\n<li>Meri\u00e7 Selamo\u011flu (2015) &#8220;Modeling Temporal Variation of Scouring at Dual Bridge Piers&#8221; (Co-advisor).<\/li>\n<li>Kutay Y\u0131lmaz (2019) &#8220;Hydraulic Characteristics of Modified Tyrolean Type Intakes&#8221; (Co-advisor).<\/li>\n<li>Tu\u011f\u00e7e Y\u0131ld\u0131r\u0131m (2020) &#8220;Experimental and Numerical Investigation of Vortex Formation at Multiple Horizontal Intakes&#8221; (Co-advisor).<\/li>\n<li>Farshid Mosaddeghi (2021) &#8220;Numerical Modeling of Dam Breach in Concrete Gravity Dams&#8221;.<\/li>\n<li>Emre Haspolat (2022) &#8220;Experimental and Numerical Investigation of the Effect of a Vegetation Array to the Flow Resistance and Characterisitics&#8221;.<\/li>\n<li>Ezgi Budak (2024) &#8220;Numerical Investigation of the Behavior of the Submerged Buoyant Jet Along Sloped Bottom Topography and Into Stratified Flow Ambient&#8221;.<\/li>\n<\/ol>\n","protected":false},"excerpt":{"rendered":"<p>M.S. Students: Fatime Tekin (2013) &#8220;Local Scour Characteristics Around Semi-Circular End Bridge Abutments with and without Collars&#8221;. Ali Baykara (2013) &#8220;Effect of Hydraulic Parameters on the Formation of Vortices at Intake Structures&#8221; (Co-advisor). Mehmet Ak\u0131\u015f \u015eahin (2014) &#8220;Prediction of Downpull on High Head Gates Using Computational Fluid Dynamics&#8221;. Eray Usta&#8230; <a class=\"continue-reading-link\" href=\"https:\/\/blog.metu.edu.tr\/mkoken\/students\/\"> Continue reading <span class=\"meta-nav\">&rarr; <\/span><\/a><\/p>\n","protected":false},"author":1319,"featured_media":0,"parent":0,"menu_order":6,"comment_status":"closed","ping_status":"closed","template":"","meta":{"footnotes":"","_links_to":"","_links_to_target":""},"class_list":["post-23","page","type-page","status-publish","hentry"],"_links":{"self":[{"href":"https:\/\/blog.metu.edu.tr\/mkoken\/wp-json\/wp\/v2\/pages\/23","targetHints":{"allow":["GET"]}}],"collection":[{"href":"https:\/\/blog.metu.edu.tr\/mkoken\/wp-json\/wp\/v2\/pages"}],"about":[{"href":"https:\/\/blog.metu.edu.tr\/mkoken\/wp-json\/wp\/v2\/types\/page"}],"author":[{"embeddable":true,"href":"https:\/\/blog.metu.edu.tr\/mkoken\/wp-json\/wp\/v2\/users\/1319"}],"replies":[{"embeddable":true,"href":"https:\/\/blog.metu.edu.tr\/mkoken\/wp-json\/wp\/v2\/comments?post=23"}],"version-history":[{"count":0,"href":"https:\/\/blog.metu.edu.tr\/mkoken\/wp-json\/wp\/v2\/pages\/23\/revisions"}],"wp:attachment":[{"href":"https:\/\/blog.metu.edu.tr\/mkoken\/wp-json\/wp\/v2\/media?parent=23"}],"curies":[{"name":"wp","href":"https:\/\/api.w.org\/{rel}","templated":true}]}}