{"id":9,"date":"2015-05-08T18:09:20","date_gmt":"2015-05-08T15:09:20","guid":{"rendered":"http:\/\/blog.metu.edu.tr\/mgol\/?page_id=9"},"modified":"2025-12-03T15:54:39","modified_gmt":"2025-12-03T12:54:39","slug":"publications","status":"publish","type":"page","link":"https:\/\/blog.metu.edu.tr\/mgol\/publications\/","title":{"rendered":"Publications"},"content":{"rendered":"\n<p><a href=\"https:\/\/scholar.google.com\/citations?user=iTfkN4oAAAAJ&amp;hl=en\">Google Scholar Page<\/a><\/p>\n\n\n\n<div class=\"wp-block-group\"><div class=\"wp-block-group__inner-container is-layout-flow wp-block-group-is-layout-flow\">\n<div class=\"wp-block-group\"><div class=\"wp-block-group__inner-container is-layout-flow wp-block-group-is-layout-flow\"><\/div><\/div>\n\n\n\n<p class=\"has-text-align-left\"><u><b>Journal\/Magazine Papers:<\/b><\/u> <br>[J25] <em>Maximizing the Active Power Flow Controllability in a Distribution System with Optimum SOP Placement<\/em>, Mustafa Erdem Sezgin, Ay\u015fenur Uzunalio\u011flu, Umur Deveci, Murat G\u00f6l, Electric Power Systems Research, vol. 244, July 2025.<br>[J24] <em>Distributed Energy Management and Communication Strategy for Network of Microgrids<\/em>, Mustafa Erdem Sezgin, Murat Gol, Electric Power Systems Research, vol. 238, January 2025<br>[J23] <em>WLAV state estimation based topology error detection and identification in distribution networks with limited number of measurements,<\/em> Kemal Parlaktuna, Erk Dursun, Murat G\u00f6l, Electric Power Systems Research, vol 232, July 2024.<br>[J22] <em>A Novel Parameter Error Identification Method for Power Plant Dynamic Models,<\/em> Etki Acilan, Murat G\u00f6l, IEEE Transactions on Power Systems, vol. 39, issue 41 pp. 957-966, January 2024.<br>[J21] <em>PMU-Based Dynamic Model Calibration of Type 4 Wind Turbine Generators,<\/em> Fatih Erden, Etki Acilan, O\u011fuzhan \u00dcst\u00fcnda\u011f, Ersan Bozkurt, Murat G\u00f6l, Electronics, vol. 12, issue 9, pp. 2004, April 2023.<br>[J20] <em>MDP Based Real Time Restoration for Earthquake Damaged Active Distribution Systems,<\/em> Onur Arpali, Ugur Can Yilmaz, Burcu Guldur Erkal, Ebru Aydin Gol, Murat G\u00f6l, Electric Power Systems Research, vol 218, May 2023.<br>[J19] <em>Plug-In Electric Vehicle Load Modeling for Charging Scheduling Strategies in Microgrids,<\/em> Iven Guzel, Murat G\u00f6l, Sustainable Energy, Grids and Networks, vol. 32, December 2022.<br>[J18] <em>Identifiability Analysis for Power Plant Parameter Calibration in the Presence of Collinear Parameters,<\/em> Etki Acilan, Murat G\u00f6l, IEEE Transactions on Power Systems, vol. 37, issue 4, pp. 2988-2997, July 2022.<br>[J17] <em>A Computationally Efficient Topology Identifiability Analysis of Distribution Systems,<\/em> Fatih Eser, Ugur Can Yilmaz, Erk Dursun, Mustafa Cihan Cinalioglu, Murat G\u00f6l, Electric Power Systems Research, vol. 208, July 2022.<br>[J16] <em>A Partitioning Strategy for Improved State Estimation Performance in Ill-Conditioned Power Systems with Hybrid Measurement Set, <\/em>Tuna Yildiz, Etki Acilan, Murat G\u00f6l, Electric Power Systems Research, vol. 201, December 2021.<br>[J15] <em>Centralized Microgrid Control System in Compliance with IEEE 2030.7 Standard Based on an Advanced Field Unit, <\/em> Soheil Pouraltafi-kheljan, Mesut Ugur, Efecan Bozulu, Bahadir Can \u00c7ali\u015fkan, Ozan Keysan, Murat Gol, Energies, vol. 14, issue 21, pp. 7381, 2021.<br>[J14] <em>Incorporation of Generator Maintenance Scheduling with Long-Term Power Sector Forecasting and Planning Studies, <\/em>Engin Ilseven, Murat G\u00f6l, IET Generation, Transmission &amp; Distribution, vol. 14, issue 13, pp. 2581-2591, July 2020.<br>[J13] <em>Harmony Search Algorithm Based Management of Distributed Energy Resources and Storage Systems in Microgrids,&nbsp;<\/em>Oguzhan Ceylan, M. Erdem Sezgin, Murat G\u00f6l, Maurizio Verga, Riccardo Lazzari, Marcel Pendieu Kwaye and Carlo Sandroni, Applied Sciences, 2020, 10, 3252. <br>[J12] <em>A Model Predictive Control for Microgrids Considering Battery Aging,&nbsp;<\/em>Ugur Can Yilmaz, M. Erdem Sezgin, Murat G\u00f6l, Journal of Modern Power Systems and Clean Energy, vol. 8, issue 2, pp. 296-304, March 2020.<br>[J11] <em>Assessment of Regional Transmission Connection Capacity Based On Two Novel Indices,&nbsp;<\/em>Ali Haydar G\u00fcver\u00e7inci,&nbsp;Murat G\u00f6l, IET Generation, Transmission &amp; Distribution, vol. 12, issue 14, pp. 3470-3476, August 2018.<br>[J10] <em>Medium-Term Price Forecasting Considering Demand and Supply Uncertainty<\/em>, Engin Ilseven, Murat G\u00f6l, IEEE Transactions on Power Systems, vol. 33, issue 4, pp. 4074-4083, July 2018.<br>[J9] <em>A Decentralization Method for Hybrid State Estimators<\/em>, Murat G\u00f6l, IEEE Transactions on Power Systems, vol. 33, issue 2, pp. 2070-2077, March 2018.<br>[J8] <em>State Estimation Based Determination of&nbsp;Harmonic Current Contributions of&nbsp;Iron and Steel Plants Supplied from PCC<\/em>, Erhan Sezgin, Murat G\u00f6l, Ozgul Salor, IEEE Transactions on Industry Applications, vol. 52, issue 3, pp. 2654-2663, May&nbsp;2016.<br>[J7] <em>A Fast Decoupled State Estimator for Systems Measured by PMUs<\/em>, Murat G\u00f6l, Ali Abur, IEEE Transactions on Power Systems, vol. 30, issue 5, pp. 2766-2771, Sept. 2015.<br>[J6] <em>A Hybrid State Estimator for Systems with Limited Number of PMUs<\/em>, Murat G\u00f6l, Ali Abur, IEEE Transactions on Power Systems, vol. 30, issue 3, pp. 1511-1517, May 2015.<br>[J5] <em>A Robust PMU Based Three-Phase State Estimator Using Modal Decoupling<\/em>, Murat G\u00f6l, Ali Abur, IEEE Transactions on Power Systems, vol. 29, issue 5, pp. 2292-2299, September 2014.<br>[J4] <em>LAV Based Robust State Estimation for Systems Measured by PMUs<\/em>, Murat G\u00f6l, Ali Abur, IEEE Transactions on Smart Grid, vol. 5, issue 4, pp. 1808-1814, July 2014.<br>[J3] <em>Observability and Criticality Analyses for Power Systems Measured by Phasor Measurements<\/em>, Murat G\u00f6l, Ali Abur, IEEE Transactions on Power Systems, vol. 28, issue 3, pp. 3319-3326, August 2013.<br>[J2] <em>Metrics for Success: Performance Metrics for Power System State Estimators and Measurement Designs<\/em>, Murat G\u00f6l, Ali Abur, Floyd Galvan, IEEE Power and Energy Magazine, vol. 10, issue 5, pp. 50-57, September 2012.<br>[J1] <em>A New Field-Data Based EAF Model for Power Quality Studies<\/em>, Murat G\u00f6l, \u00d6zg\u00fcl Salor, Bora Alboyaci, Bilge Mutluer, Isik Cadirci, Muammer Ermis, IEEE Transactions on Industry Applications, vol. 46, issue 3, pp. 1230-1242, May 2010.<\/p>\n<\/div><\/div>\n\n\n\n<p><span style=\"text-decoration: underline\"><strong>Book Chapters:<\/strong><br><\/span>[BC1] <em>Abur, A., G\u00f6l, M., &amp; Lin, Y. (2021). Estimating the System State and Network Model Errors. In A. Tajer, S. Perlaza, &amp; H. Poor (Eds.),&nbsp;<em>Advanced Data Analytics for Power Systems<\/em>&nbsp;(pp. 74-98). Cambridge: Cambridge University Press. doi:10.1017\/9781108859806.006<\/em><\/p>\n\n\n\n<p><span style=\"text-decoration: underline\"><strong>Peer-Reviewed Conference Proceedings:<\/strong> <br><\/span>[C54] <em>Charging Scheduling for Electric Bus Fleets Considering Service Continuity<\/em>, \u00d6zg\u00fcr Arda K\u00fc\u00e7\u00fckaslan, Mert Sevim, , Murat G\u00f6l, IEEE PowerTech 2025, June 2025.<br>[C53] <em>Flexibility Management Through a Sensitivity Matrix for Ring Operated Power Distribution Systems<\/em>, Kemal Parlaktuna, Erk Dursun, Murat \u00d6zcan, Murat G\u00f6l, IEEE PowerTech 2025, June 2025.<br>[C52] <em>Two-Layer Model Predictive Control of Microgrids: Cost Optimization and Resilience Through Adaptive Setpoint Coordination<\/em>, Tu\u011frul Nizamio\u011flu, Somayyeh Rahimi,, Murat G\u00f6l, IEEE PowerTech 2025, June 2025.<br>[C51] <em>Sensitivity and Collinearity Analysis of Power Plant Machine Parameters During Symmetrical and Unsymmetrical Faults<\/em>, M. Berkay Kebabc\u0131, Fatih Erden, Murat G\u00f6l, IEEE PowerTech 2025, June 2025.<br>[C50] <em>Two-Stage Distribution Network Reconfiguration Considering Shunt Compensation<\/em>, Arash M. Vaniar, Murat G\u00f6l, IEEE PowerTech 2025, June 2025.<br>\n\n\n\n\n\n\n[C49] <em>Permissioned Blockchain-based Monitoring Framework for DER-Integrated Distribution Networks<\/em>, Pelin Ang\u0131n, Alparslan Zehir, O\u011fuzhan Ceylan, Mohamed Aly Amin Selim Eissa, Murat Can Y\u00fcksel, Umur Deveci, Seyit Cem Y\u0131lmaz, Murat G\u00f6l, MedPower 2024, November 2024.<br>[C48] <em>Parameter Error Identification for Type-4 Wind Turbine Models using Neural Networks<\/em>, Fatih Erden, Berkay Sa\u011flam, O\u011fuzhan \u00dcst\u00fcnda\u011f, Murat G\u00f6l, ISGT-Europe 2024, October 2024.<br>[C47] <em>Preprocessing Distribution Network Topology for Improved Performance of Network Reconfiguration<\/em>, \u00d6zg\u00fcr Arda K\u00fc\u00e7\u00fckaslan, Tugay G\u00fcl, Murat G\u00f6l, ISGT-Europe 2024, October 2024.<br>[C46] <em>Monitoring Voltage Distortions Caused by Supraharmonics in Active Distribution Networks<\/em>, \u00d6zg\u00fcr Arda K\u00fc\u00e7\u00fckaslan, Ay\u015fe Nur \u00d6nder Erkan, Kerim Kaya, Caner \u00d6zen, B\u00fc\u015fra B\u00fcy\u00fckba\u015f, Nafiz \u00d6zcan, Pertev Cinalio\u011flu, Murat G\u00f6l, Arsalan Bayatmakoo, ELECO 2023, November 2023.<br>[C45] <em>Lightweight Photovoltaic Forecasting Method for Agricultural Microgrids<\/em>, Paul D Brown, Murat G\u00f6l, ELECO 2023, November 2023.<br>[C44] Assessment of Supraharmonic Injections in Turkish Distribution Systems, \u00d6zg\u00fcr Arda K\u00fc\u00e7\u00fckaslan, Ay\u015fe Nur \u00d6nder Erkan, Kerim Kaya, Caner \u00d6zen, B\u00fc\u015fra B\u00fcy\u00fckba\u015f, Nafiz \u00d6zcan, Tuba Av\u015far, Pertev Cinalio\u011flu, Murat G\u00f6l, Arsalan Bayatmakoo, ISGT-Europe 2023, October 2023.<br>[C43] <em>Topological Error Localization in Power Distribution Networks Based on WLAV Satet Estimation<\/em>, Kemal Parlaktuna, Erk Dursun, Murat \u00d6zcan, Murat G\u00f6l, ISGT-Europe 2023, October 2023.<br>[C42] <em>PMU based Dynamic Model Calibration of Type-4 Wind Turbine Generators<\/em>, Etki Acilan, Fatih Erden, Oguzhan Ustundag, Ersan Bozkurt, Murat G\u00f6l, UPEC 2022, September 2022.<br>[C41] <em>Improved Situational Awareness for Power Distribution Systems Based on WLAV Estimator and Direct Load Flow Solution<\/em>, Kemal Parlaktuna, Erk Dursun, Mustafa Cihan Cinalioglu, Murat G\u00f6l, UPEC 2022, September 2022.<br>[C40] <em>Stochastic Model Predictive Control for Microgrids Based on Monte Carlo Simulations<\/em>, Mustafa Erdem Sezgin, Soheil Pouraltafi-Kheljan, Mehmet Beyarslan, Murat G\u00f6l, UPEC 2022, September 2022.<br>[C39] <em>Operational Optimization of an Agricultural Microgrid<\/em>, Paul Brown, Murat G\u00f6l, UPEC 2022, September 2022.<br>[C38]<em> Parameter Estimation of Electric Vehicles for Improved Range Prediction<\/em>, B Sa\u011flam, E Bostanc\u0131, M G\u00f6l, 2021 IEEE PES Innovative Smart Grid Technologies Europe (ISGT Europe), October 2021.<br>[C37] <em>Optimal Placement of Different Types of Measurements for Active Distribution Systems<\/em>, S Pouraltafi-kheljan, M G\u00f6l, 2021 IEEE PES Innovative Smart Grid Technologies Europe (ISGT Europe), October 2021.<br>[C36] <em>Plug-in Electric Vehicle Load Modeling for Smart Charging Strategies in Microgrids<\/em>, Iven Guzel, Murat G\u00f6l, 2021 International Conference on Smart Energy Systems and Technologies (SEST), September 2021.<br>[C35] <em>Driving Pattern Recognition Algorithm Using Fast Fourier Transform<\/em>, Iven Guzel, Murat G\u00f6l, 29th Signal Processing and Communications Applications Conference (SIU), June 2021. <br>[C34] <em>Power Generation Nowcasting of the Behind-the-Meter Photovoltaic Systems<\/em>, Soheil Pouraltafi, Murat G\u00f6l, ISGT-Europe 2020, October 2020. <br>[C33] <em>Three-Phase State Estimation Based on Symmetrical Components<\/em>, Murat G\u00f6l, ISGT-Europe 2020, October 2020.<br>[C32] <em>Solar Power Generation Prediction for Distribution Systems with High PV Penetration<\/em>, Ufuk Yildiz, Murat G\u00f6l, ISGT-Europe 2020, October 2020.<br>[C31] <em>Power Generation Nowcasting of the Behind-the-Meter Photovoltaic Systems<\/em>, Soheil Pouraltafi, Murat G\u00f6l, ISGT-Europe 2020, October 2020. <br>[C30] <em>Solar Power Generation Analysis and Forecasting RealWorld Data Using LSTM and Autoregressive CNN<\/em>, Nail Tosun, Egemen Sert, Ekin Y\u0131lmaz, Enes Ayaz, Murat G\u00f6l, SEST-2020, September 2020.<br>[C29] <em>MDP based Decision Support for Earthquake Damaged Distribution System Restoration<\/em>, Onur Arpali, Ugur Can Yilmaz, Ebru Aydin Gol, Burcu Guldur Erkal, Murat G\u00f6l, IEEE-PES General Meeting 2020, August 2020.<br>[C28] <em>A Novel MDP Based Decision Support Framework to Restore Earthquake Damaged Distribution Systems<\/em>, Ebru Aydin Gol, Burcu Guldur Erkal, Murat G\u00f6l, ISGT-Europe 2019, September 2019.<br>[C27] <em>A Malfunction Detection Method For PV Systems<\/em>, Tuna Yildiz, Murat G\u00f6l, PowerTech 2019, June 2019.<br>[C26] <em>A Comparative Study on Feature Selection Based Improvement of Medium-Term Demand Forecast Accuracy<\/em>, Engin Ilseven, Murat G\u00f6l, PowerTech 2019, June 2019.<br>[C25] <em>A Hybrid State Estimation Strategy With Optimal Use of Pseudo-Measurement<\/em>, Burak Ozsoy, Murat G\u00f6l, ISGT-Europe 2018, October 2018.<br>[C24] <em>Evaluation of Photovoltaic Systems For Reactive Power Compensation In Low Voltage Power Systems<\/em>, Mesut U\u011fur, Erencan Duymaz, Murat Gol, Ozan Keysan, ISGT-Europe 2018, October 2018.<br>[C23] <em>A New Index for Voltage Quality Assessment at Distribution Systems<\/em>, Mert Karacelebi, Murat G\u00f6l, Ozden Ercin, UPEC 2018, September 2018.<br>[C22] <em>A Strategy Based on Historical Data to Evaluate Solar Power Generation Capability<\/em>, Deniz Sengul, Murat G\u00f6l, UPEC 2018, September 2018.<br>[C21] <em>Load and PV Generation Forecast Based Cost Optimization for Nanogrids with PV and Battery<\/em>, Ugur Gudelek, Cem Cirak, Efe Arin, Erdem Sezgin, Murat \u00d6zbayo\u011flu, Murat Gol, UPEC2 2018, September 2018.<br>[C20] <em>DC Catenary Line Modeling of Subway Systems<\/em>, M. Erdem Sezgin, Murat G\u00f6l, IEEE PES General Meeting, August 2018.<br>[C19] <em>Medium-Term Electricity Demand Forecasting Based on MARS<\/em>, Engin Ilseven and Murat G\u00f6l, IEEE ISGT-Europe, September 2017.<br>[C18] <em>Voltage Variation Model for DC Catenary Line of a Subway System<\/em>, M. Erdem Sezgin and Murat G\u00f6l, IEEE PowerTech, June 2017.<br>[C17] <em>Binary Integer Programming Based PMU Placement in the Presence of Conventional Measurements<\/em>, Bulut Erturk, Murat G\u00f6l, IEEE Innovative Smart Grid Technologies &#8211; Europe, (ISGT &#8211; Europe), October&nbsp;2016.<br>[C16] <em>Fault Location Based on State Estimation in PMU Observable Systems<\/em>, Ahmet \u00d6ner, Murat G\u00f6l, IEEE Innovative Smart Grid Technologies (ISGT),&nbsp;September&nbsp;2016.<br>[C15] <em>Evaluation of the Effects of Photovoltaic Systems on Voltage Quality<\/em>, Deniz Seng\u00fcl,&nbsp; Murat G\u00f6l, IEEE North American Power Symposium (NAPS) September 2016.<br>[C14] <em>State Estimation Based Determination of&nbsp;Harmonic Current Contributions of&nbsp;Iron and Steel Plants Supplied from PCC<\/em>,Erhan Sezgin, Murat G\u00f6l, Ozgul Salor,IEEE Industry Applications Society Annual Meeting October 2015.<br>[C13] <em>A Robust Parameter Estimation Method Based on LAV Estimator<\/em>, Volkan Ozdemir, Murat G\u00f6l, Modern Electric Power Systems (MEPS) July 2015.<br>[C12] <em>A Modified Chi-Squares Test for Improved Bad Data Detection<\/em>, Murat G\u00f6l and Ali Abur, IEEE PowerTech, June 2015.<br>[C11]&nbsp;<em>Optimal PMU Placement for State Estimation Robustness<\/em>, Murat G\u00f6l, Ali Abur, IEEE Innovative Smart Grid Technologies (ISGT) Europe October 2014.<br>[C10] <em>Effective Measurement Design for Cyber Security<\/em>, Murat G\u00f6l, Ali Abur, Power Systems Computation Conference (PSCC), August 2014.<br>[C9] <em>Rapid Tracking of Bus Voltages Using Synchro-Phasor Assisted State Estimator<\/em>, Murat G\u00f6l, Floyd Galvan, Ali Abur, IEEE Innovative Smart Grid Technologies (ISGT) Europe October 2013.<br>[C8] <em>PMU Placement for Robust State Estimation<\/em>, Murat G\u00f6l, Ali Abur, IEEE North American Power Symposium (NAPS) September 2013.<br>[C7] <em>Identifying Vulnerabilities of State Estimators Against Cyber-Attacks<\/em>, Murat G\u00f6l, Ali Abur, PowerTech June 2013.<br>[C6] <em>Synchro-phasor Based Three Phase State Estimation Using Modal Components<\/em>, Murat G\u00f6l, Ali Abur, IEEE Innovative Smart Grid Technologies (ISGT) Europe October 2012.<br>[C5] <em>PMU Based Robust State Estimation Using Scaling<\/em>, Murat G\u00f6l, Ali Abur, IEEE North American Power Symposium (NAPS) September 2012.<br>[C4] <em>Observability Analysis of Systems Containing Phasor Measurements<\/em>, Murat G\u00f6l, Ali Abur, IEEE PES General Meeting July 2012.<br>[C3] <em>Pseudo-Measurement Placement for Reliable State Estimation<\/em>, Murat G\u00f6l, Ali Abur, International Conference on Probabilistic Methods Applied to Power Systems June 2012.<br>[C2] <em>Observability Analysis and Critical Measurement Detection for Power Systems Measured by PMUs<\/em>, Murat G\u00f6l, Ali Abur, IEEE Innovative Smart Grid Technologies (ISGT) January 2012.<br>[C1] <em>A New Field-Data Based EAF Model for Power Quality Studies<\/em>, Murat G\u00f6l, \u00d6zg\u00fcl Salor, Bora Alboyaci, Bilge Mutluer, Isik Cadirci, Muammer Ermis, IEEE Industry Applications Society Annual Meeting October 2008.<\/p>\n\n\n\n<p><b><u>National Journal Papers:<\/u><\/b><br>[NJ4]&nbsp;<em>T\u00fcrkiye Elektrik \u015eebekesinin Al\u00e7ak Gerilim Sisteminin Fotovoltaik Sistemlerin Varl\u0131\u011f\u0131nda De\u011ferlendirilmesi<\/em>, Erencan DUYMAZ, Murat G\u00d6L, EMO Bilimsel Dergi, vol. 8, issue 15, pp. 16-20, 2018.<br>[NJ3]&nbsp;<em>Enerji Depolama Sistemlerinin Farkl\u0131 Kullan\u0131m Zamanlar\u0131n\u0131n Elektrik Sistemine Olan Etkisi<\/em>, Mustafa Erdem SEZG\u0130N, Mehmet U\u011fur G\u00dcDELEK, Efe ARIN, Cem Recai \u00c7IRAK, Murat G\u00d6L, Firat University Journal of Engineering Science, vol. 30, issue 3, pp. 7-14, September 2018.<br>[NJ2]&nbsp;<em>Determination of Harmonic Current Contributions Based on Robust State Estimation<\/em>, Erhan Sezgin, Murat G\u00f6l, \u00d6zg\u00fcl Salor, Turkish Journal of Electrical Engineering and Computer Sciences, vol. 26, issue 1, pp. 307-317, January 2018.<br>[NJ1] <em>Robust Local Parameter Estimator Based On Least Absolute Value Estimator<\/em>, Volkan \u00d6zdemir, Murat G\u00f6l, Turkish Journal of Electrical Engineering and Computer Sciences, vol. 25, issue 4, pp. 3143-3151, July 2017.<\/p>\n\n\n\n<p><b><u>National&nbsp;Conference Proceedings:<\/u><\/b><br>[NC9] <em>Solar Energy Production Estimation in Distribution Networks with Limited Number of Measurements<\/em>, \u00d6zg\u00fcr Arda K\u00fc\u00e7\u00fckaslan, Murat G\u00f6l, IEEE Sinyal Isleme ve Uygulamalari (SIU) May 2024.<br>[NC8] <em>Driving Pattern Recognition Algorithm Using Fast Fourier Transform<\/em>, Iven Guzel, Murat G\u00f6l, IEEE Sinyal Isleme ve Uygulamalari (SIU) June 2021.<br>[NC7] <em>Detection of Unauthorized Photo-Voltaic System Connection for Low Voltage Grids<\/em>, Soheil Pouraltafi-Kheljan, Murat G\u00f6l, IEEE Sinyal Isleme ve Uygulamalari (SIU) May 2020.<br>[NC6] <em>Enerji Depolama Sistemlerinin Farkl\u0131 Kullan\u0131m Zamanlar\u0131n\u0131n Elektrik Sistemine Olan Etkisi<\/em>, Mustafa Erdem Sezgin, Mehmet U\u011fur Gu\u0308delek, Efe Ar\u0131n, Cem Recai \u00c7\u0131rak, Murat G\u00f6l, 1. Ulusal Enerji D\u00f6n\u00fc\u015f\u00fcm\u00fc Kongresi, September 2017.<br>[NC5] <em>T\u00fcrkiye Elektrik \u015eebekesinin Al\u00e7ak Gerilim Sisteminin Fotovoltaik Sistemlerin Varl\u0131\u011f\u0131nda De\u011ferlendirilmesi<\/em>, Erencan Duymaz, Murat G\u00f6l, 1. Ulusal Enerji D\u00f6n\u00fc\u015f\u00fcm\u00fc Kongresi, September 2017.<br>[NC4] <em>Hatal\u0131 Gu\u0308ne\u015f Enerjisi \u00dcretim \u00d6l\u00e7u\u0308mlerinin Tespit Edilmesi &#8211; Identification of Bad Solar Power Generation Data<\/em>, Deniz \u015eeng\u00fcl, Erencan Duymaz, Murat G\u00f6l, IEEE Sinyal Isleme ve Uygulamalari (SIU) May 2017.<br>[NC3] <em>\u0130kili Tam Say\u0131l\u0131 Lineer Programlama Kullan\u0131larak SCADA \u00d6l\u00e7\u00fcmleri \u0130\u00e7eren Sistemlere Optimum Faz\u00f6r \u00d6l\u00e7\u00fcm \u00dcnitesi Yerle\u015ftirme Metodu &#8211; Optimal Phasor Measurement Unit Placement Method for Systems Having Already Installed SCADA Measurements Using Binary Integer Linear Programming<\/em>, Bulut Ert\u00fcrk, Murat G\u00f6l, CIGRE &#8211; G\u00fc\u00e7 Sistemleri Konferans\u0131, November&nbsp;2016.<br>[NC2] Fotovoltaik Sistemlerin Gerilim Kalitesi A\u00e7\u0131s\u0131ndan Etkilerinin De\u011ferlendirmesi &#8211; Evaluating Effects of Photovoltaic Systems in Terms of Voltage Quality, Deniz Seng\u00fcl,&nbsp; Murat G\u00f6l, CIGRE &#8211; G\u00fc\u00e7 Sistemleri Konferans\u0131, November&nbsp;2016.<br>[NC1] <em>Durum Kestirimi Kullan\u0131larak Ortak Ba\u011flant\u0131 Noktas\u0131na Ba\u011fl\u0131 Tesislerin Harmonik Ak\u0131m Katk\u0131lar\u0131n\u0131n Belirlenmesi &#8211; Determination of Harmonic Current Contributions of Plants Supplied from PCC Based on State Estimation<\/em>, Erhan Sezgin, Murat G\u00f6l, Ozgul Salor, IEEE Sinyal Isleme ve Uygulamalari (SIU) May 2015.<\/p>\n","protected":false},"excerpt":{"rendered":"<p>Google Scholar Page Journal\/Magazine Papers: [J25] Maximizing the Active Power Flow Controllability in a Distribution System with Optimum SOP Placement, Mustafa Erdem Sezgin, Ay\u015fenur Uzunalio\u011flu, Umur Deveci, Murat G\u00f6l, Electric Power Systems Research, vol. 244, July 2025.[J24] Distributed Energy Management and Communication Strategy for Network of Microgrids, Mustafa Erdem Sezgin, Murat Gol, Electric Power Systems [&hellip;]<\/p>\n","protected":false},"author":3403,"featured_media":0,"parent":0,"menu_order":0,"comment_status":"closed","ping_status":"closed","template":"","meta":{"footnotes":"","_links_to":"","_links_to_target":""},"class_list":["post-9","page","type-page","status-publish","hentry"],"_links":{"self":[{"href":"https:\/\/blog.metu.edu.tr\/mgol\/wp-json\/wp\/v2\/pages\/9","targetHints":{"allow":["GET"]}}],"collection":[{"href":"https:\/\/blog.metu.edu.tr\/mgol\/wp-json\/wp\/v2\/pages"}],"about":[{"href":"https:\/\/blog.metu.edu.tr\/mgol\/wp-json\/wp\/v2\/types\/page"}],"author":[{"embeddable":true,"href":"https:\/\/blog.metu.edu.tr\/mgol\/wp-json\/wp\/v2\/users\/3403"}],"replies":[{"embeddable":true,"href":"https:\/\/blog.metu.edu.tr\/mgol\/wp-json\/wp\/v2\/comments?post=9"}],"version-history":[{"count":0,"href":"https:\/\/blog.metu.edu.tr\/mgol\/wp-json\/wp\/v2\/pages\/9\/revisions"}],"wp:attachment":[{"href":"https:\/\/blog.metu.edu.tr\/mgol\/wp-json\/wp\/v2\/media?parent=9"}],"curies":[{"name":"wp","href":"https:\/\/api.w.org\/{rel}","templated":true}]}}