{"id":42,"date":"2017-01-16T15:17:41","date_gmt":"2017-01-16T12:17:41","guid":{"rendered":"http:\/\/blog.metu.edu.tr\/mgol\/?page_id=42"},"modified":"2025-10-30T09:11:54","modified_gmt":"2025-10-30T06:11:54","slug":"awards","status":"publish","type":"page","link":"https:\/\/blog.metu.edu.tr\/mgol\/awards\/","title":{"rendered":"Awards\/ Achievements"},"content":{"rendered":"\n<p>Achievements:<\/p>\n<ul>\n<li>Docentship, Inter University Council, 2018<\/li>\n<li>Senior Member, IEEE, 2017<\/li>\n<\/ul>\n<p>Awards:<\/p>\n<ul>\n<li>Young Scientists Award Program 2021 (Bilim Akademisi Gen\u00e7 Bilim \u0130nsanlar\u0131 \u00d6d\u00fcl Program\u0131 &#8211; BAGEP 2021)<\/li>\n<li>Young Researcher&nbsp;Success Award 2016, (2016 Gen\u00e7 Ara\u015ft\u0131rmac\u0131 Ba\u015far\u0131 \u00d6d\u00fcl\u00fc,&nbsp;ODT\u00dc Geli\u015ftirme Vakf\u0131)<\/li>\n<li>Best Reviewers 2018, IEEE Transactions&nbsp;on Smart Grid<\/li>\n<li>Outstanding Reviewer 2017, IEEE Transactions&nbsp;on Power Systems<\/li>\n<li>Best Reviewers 2016, IEEE Transactions&nbsp;on Smart Grid<\/li>\n<\/ul>\n<p>Duties:<\/p>\n<ul>\n<li>Coordinator, ODTU-GUNAM, 2025 &#8211; ongoing<\/li>\n<li>Member, TEIAS Advisory Board, 2023 &#8211; 2024<\/li>\n<li>Vice Chair, Dept. of Electrical-Electronics Eng., METU, 2019 &#8211; 2022<\/li>\n<li>Chair, Cigre Mirror Panel TR.C6, 2020 &#8211; 2024<\/li>\n<li>Vice Chair, IEEE-PES Turkey Chapter, 2018 &#8211; 2020<\/li>\n<ul>\n<\/ul>\n<li>Editor, IEEE Transactions on Smart Grid, 2019 &#8211; 2025<\/li>\n<li>Editorial Board, Turkish Journal of Electrical Engineering and Computer Sciences<\/li>\n<li>Editorial Board, Turkish Journal of Electrical Power and Energy Systems<\/li>\n<li>Associate Editor, Journal of Modern Power Systems and Clean Energy, 2018<\/li>\n<\/ul><\/ul>\n","protected":false},"excerpt":{"rendered":"<p>Achievements: Docentship, Inter University Council, 2018 Senior Member, IEEE, 2017 Awards: Young Scientists Award Program 2021 (Bilim Akademisi Gen\u00e7 Bilim \u0130nsanlar\u0131 \u00d6d\u00fcl Program\u0131 &#8211; BAGEP 2021) Young Researcher&nbsp;Success Award 2016, (2016 Gen\u00e7 Ara\u015ft\u0131rmac\u0131 Ba\u015far\u0131 \u00d6d\u00fcl\u00fc,&nbsp;ODT\u00dc Geli\u015ftirme Vakf\u0131) Best Reviewers 2018, IEEE Transactions&nbsp;on Smart Grid Outstanding Reviewer 2017, IEEE Transactions&nbsp;on Power Systems Best Reviewers 2016, IEEE [&hellip;]<\/p>\n","protected":false},"author":3403,"featured_media":0,"parent":0,"menu_order":0,"comment_status":"closed","ping_status":"closed","template":"","meta":{"footnotes":"","_links_to":"","_links_to_target":""},"class_list":["post-42","page","type-page","status-publish","hentry"],"_links":{"self":[{"href":"https:\/\/blog.metu.edu.tr\/mgol\/wp-json\/wp\/v2\/pages\/42","targetHints":{"allow":["GET"]}}],"collection":[{"href":"https:\/\/blog.metu.edu.tr\/mgol\/wp-json\/wp\/v2\/pages"}],"about":[{"href":"https:\/\/blog.metu.edu.tr\/mgol\/wp-json\/wp\/v2\/types\/page"}],"author":[{"embeddable":true,"href":"https:\/\/blog.metu.edu.tr\/mgol\/wp-json\/wp\/v2\/users\/3403"}],"replies":[{"embeddable":true,"href":"https:\/\/blog.metu.edu.tr\/mgol\/wp-json\/wp\/v2\/comments?post=42"}],"version-history":[{"count":0,"href":"https:\/\/blog.metu.edu.tr\/mgol\/wp-json\/wp\/v2\/pages\/42\/revisions"}],"wp:attachment":[{"href":"https:\/\/blog.metu.edu.tr\/mgol\/wp-json\/wp\/v2\/media?parent=42"}],"curies":[{"name":"wp","href":"https:\/\/api.w.org\/{rel}","templated":true}]}}