{"id":15,"date":"2015-05-08T18:12:24","date_gmt":"2015-05-08T15:12:24","guid":{"rendered":"http:\/\/blog.metu.edu.tr\/mgol\/?page_id=15"},"modified":"2026-03-05T10:46:06","modified_gmt":"2026-03-05T07:46:06","slug":"projects","status":"publish","type":"page","link":"https:\/\/blog.metu.edu.tr\/mgol\/projects\/","title":{"rendered":"Projects"},"content":{"rendered":"<p><strong>TUBTAK Projects \/ T\u00dcB\u0130TAK Projeleri<\/strong><\/p>\n<ul>\n<li><strong>HORIZON-EUROPE:<\/strong> Solar-Move, Ara\u015ft\u0131rmac\u0131 (Researcher).<\/li>\n<li><strong>HORIZON-EUROPE:<\/strong> <a href=\"https:\/\/www.legofit.eu\">Legofit<\/a>, Ara\u015ft\u0131rmac\u0131 (Researcher).<\/li>\n<li><strong>HORIZON-EUROPE:<\/strong> <a href=\"https:\/\/www.linkedin.com\/search\/results\/all\/?fetchDeterministicClustersOnly=false&amp;heroEntityKey=urn%3Ali%3Aorganization%3A90795260&amp;keywords=up2030%20he&amp;origin=RICH_QUERY_SUGGESTION&amp;position=2&amp;searchId=666a3460-5067-4c30-a3d2-2d689e0b4d54&amp;sid=fbj\">UP2030<\/a>, Ara\u015ft\u0131rmac\u0131 (Researcher).<\/li>\n<li><strong>T\u00dcB\u0130TAK &#8211; QNRF Cofund:<\/strong> Kritik Altyap\u0131 \u0130\u00e7in Otonom \u00c7ok Katmanl\u0131 Kaynak Y\u00f6netimi: Elektrik G\u00fcc\u00fc\/Su\/Ula\u015ft\u0131rma Ba\u011f\u0131 (Autonomous Multi-Layer Resource Management for Critical Infrastructure: Electrical Power\/Water\/Transportation Nexus), 2023-2026, Y\u00fcr\u00fct\u00fcc\u00fc (PI).<\/li>\n<li><strong>T\u00dcB\u0130TAK &#8211; Newton Fund:<\/strong> Tar\u0131mda G\u0131da ve Su G\u00fcvenli\u011fi \u0130\u00e7in Toplum Odakl\u0131 Y\u00fcksek Verimli Mikro \u015eebeke Uygulamas\u0131 Geli\u015ftirilmesi (Community-Based Off-Grid Ultra-Efficient Microgrid to Revive Water-Food Security in Agriculture), 2020-2022, Ara\u015ft\u0131rmac\u0131 (Researcher).<\/li>\n<li><strong>T\u00dcB\u0130TAK &#8211; 1001:<\/strong> Mikro \u015eebeke Uygulamalar\u0131 \u0130\u00e7in Elektrikli Ara\u00e7 Batarya Kullan\u0131m\u0131n\u0131n Modellenmesi Ve Enerji \u0130htiyac\u0131n\u0131n Tahmin Edilmesi (Modeling of Electric Vehicle Battery Use for Micro Grid Applications and Estimating the Energy Requirement), 2020-2022, Ara\u015ft\u0131rmac\u0131 (Researcher).<\/li>\n<li><strong>T\u00dcB\u0130TAK &#8211; 1001:<\/strong> Depremde Zarar G\u00f6rm\u00fc\u015f Orta Gerilim Elektrik Da\u011f\u0131t\u0131m \u015eebekelerinde Aya\u011fa Kald\u0131rma i\u00e7in Karar Destek Y\u00f6ntemlerinin Geli\u015ftirilmesi (Development of Decision Support Methods for Restoration in Earthquake-Damaged Medium Voltage Electrical Distribution Networks), 2018-2020, Y\u00fcr\u00fct\u00fcc\u00fc (PI).<\/li>\n<li><strong>T\u00dcB\u0130TAK &#8211; 1003:<\/strong> Al\u00e7ak Gerilim Da\u011f\u0131t\u0131m Sistemi Verilerinin \u0130zlenmesi Ve Kay\u0131t Alt\u0131na Al\u0131nmas\u0131 (Monitoring and Recording of Low Voltage Distribution System Data), 2016-2019, Ara\u015ft\u0131rmac\u0131 (Researcher).<\/li>\n<li><strong>T\u00dcB\u0130TAK &#8211; 3501:<\/strong> Mevcut G\u00fc\u00e7 Ak\u0131\u015f\u0131 \u00d6l\u00e7\u00fcm Cihazlar\u0131n\u0131 Hesaba Katarak Belirlenmi\u015f Art\u0131kl\u0131k Endeksine G\u00f6re Optimum Faz\u00f6r \u00d6l\u00e7\u00fcm \u00dcnitesi Yerle\u015ftirme Metodu Geli\u015ftirilmesi (Development of an Optimum PMU Placement Method with respect to a Pre &#8211; Determined Redundancy Index Considering Installed Power Flow Measurements), 2015-2017, Y\u00fcr\u00fct\u00fcc\u00fc (PI).<\/li>\n<\/ul>\n<p><strong>Industrial Partnerships \/ Sanayi \u0130\u015fbirlikleri<\/strong><\/p>\n<ul>\n<li>ASELSAN<\/li>\n<li>Bo\u011fazi\u00e7i-EDA\u015e<\/li>\n<li>Akdeniz-EDA\u015e<\/li>\n<li>\u00c7aml\u0131bel-EDA\u015e<\/li>\n<li>ENERJ\u0130SA<\/li>\n<li>ENTT<\/li>\n<li>EPRA<\/li>\n<li>TE\u0130A\u015e<\/li>\n<li>E\u00dcA\u015e<\/li>\n<li>SIEMENS<\/li>\n<li>T\u00dcB\u0130TAK-MAM<\/li>\n<li>Ye\u015fil\u0131rmak-EDA\u015e<\/li>\n<\/ul>\n<p><strong>Scientific Research Projects \/ Bilimsel Ara\u015ft\u0131rma Projeleri<\/strong><\/p>\n<ul>\n<li><strong>ODT\u00dc &#8211; BAP: <\/strong>Al\u00e7ak Gerilim G\u00fcne\u015f Enerjisi Sistemlerinin Varl\u0131\u011f\u0131nda Y\u00fck Talep Tahmini Y\u00f6ntemi, 2018, Y\u00fcr\u00fct\u00fcc\u00fc (PI).<\/li>\n<li><strong>ODT\u00dc &#8211; BAP: <\/strong>M\u0130LGES Projesi Kapsam\u0131nda Kurulacak Olan G\u00fcne\u015f Enerjisi Santralinin T\u00fcrkiye Elektrik Sistemine Etkilerinin \u0130ncelenmesi (Investigating Effects of MILGES Solar Power Plant to Turkish Electric System), 2016, Y\u00fcr\u00fct\u00fcc\u00fc (PI).<\/li>\n<\/ul>\n","protected":false},"excerpt":{"rendered":"<p>TUBTAK Projects \/ T\u00dcB\u0130TAK Projeleri HORIZON-EUROPE: Solar-Move, Ara\u015ft\u0131rmac\u0131 (Researcher). HORIZON-EUROPE: Legofit, Ara\u015ft\u0131rmac\u0131 (Researcher). HORIZON-EUROPE: UP2030, Ara\u015ft\u0131rmac\u0131 (Researcher). T\u00dcB\u0130TAK &#8211; QNRF Cofund: Kritik Altyap\u0131 \u0130\u00e7in Otonom \u00c7ok Katmanl\u0131 Kaynak Y\u00f6netimi: Elektrik G\u00fcc\u00fc\/Su\/Ula\u015ft\u0131rma Ba\u011f\u0131 (Autonomous Multi-Layer Resource Management for Critical Infrastructure: Electrical Power\/Water\/Transportation Nexus), 2023-2026, Y\u00fcr\u00fct\u00fcc\u00fc (PI). T\u00dcB\u0130TAK &#8211; Newton Fund: Tar\u0131mda G\u0131da ve Su G\u00fcvenli\u011fi \u0130\u00e7in [&hellip;]<\/p>\n","protected":false},"author":3403,"featured_media":0,"parent":0,"menu_order":0,"comment_status":"closed","ping_status":"closed","template":"","meta":{"footnotes":"","_links_to":"","_links_to_target":""},"class_list":["post-15","page","type-page","status-publish","hentry"],"_links":{"self":[{"href":"https:\/\/blog.metu.edu.tr\/mgol\/wp-json\/wp\/v2\/pages\/15","targetHints":{"allow":["GET"]}}],"collection":[{"href":"https:\/\/blog.metu.edu.tr\/mgol\/wp-json\/wp\/v2\/pages"}],"about":[{"href":"https:\/\/blog.metu.edu.tr\/mgol\/wp-json\/wp\/v2\/types\/page"}],"author":[{"embeddable":true,"href":"https:\/\/blog.metu.edu.tr\/mgol\/wp-json\/wp\/v2\/users\/3403"}],"replies":[{"embeddable":true,"href":"https:\/\/blog.metu.edu.tr\/mgol\/wp-json\/wp\/v2\/comments?post=15"}],"version-history":[{"count":0,"href":"https:\/\/blog.metu.edu.tr\/mgol\/wp-json\/wp\/v2\/pages\/15\/revisions"}],"wp:attachment":[{"href":"https:\/\/blog.metu.edu.tr\/mgol\/wp-json\/wp\/v2\/media?parent=15"}],"curies":[{"name":"wp","href":"https:\/\/api.w.org\/{rel}","templated":true}]}}