{"id":10,"date":"2015-05-08T18:09:12","date_gmt":"2015-05-08T15:09:12","guid":{"rendered":"http:\/\/blog.metu.edu.tr\/mgol\/?page_id=10"},"modified":"2026-03-05T12:12:55","modified_gmt":"2026-03-05T09:12:55","slug":"students","status":"publish","type":"page","link":"https:\/\/blog.metu.edu.tr\/mgol\/students\/","title":{"rendered":"Students"},"content":{"rendered":"<p><strong>Current Graduate\u00a0Students<\/strong><\/p>\n<ul>\n<li>Tamer Adan\u0131r (Ph.D)<\/li>\n<li>Paul Brown (Ph.D.)<\/li>\n<li>Kemal Parlaktuna (Ph.D.)<\/li>\n<li>Somayyeh Rahimi (Ph.D.)<\/li>\n<\/ul>\n<ul>\n<li>Civan Serhat \u00c7evik (M.Sc.)<\/li>\n<li>Fatih Erden (M.Sc.)<\/li>\n<li>Berkay Kebabci (M.Sc.)<\/li>\n<li>Pa\u015fa \u00c7a\u011fr\u0131 K\u00f6ro\u011flu (M.Sc.)<\/li>\n<li>Sadettin Bora Maden (M.Sc.)<\/li>\n<li>\u0130smayil Nasibov (M.Sc.)<\/li>\n<li>Tu\u011frul Nizamio\u011flu (M.Sc.)<\/li>\n<\/ul>\n<p><strong>Current Undergraduate Students<\/strong><br \/><a href=\"http:\/\/star.eee.metu.edu.tr\">EEE STAR Program<\/a><\/p>\n<p><strong>Ph.D. Thesis<\/strong><\/p>\n<ul>\n<li>M. Erdem. Sezgin, &#8220;A Distributed Control Strategy for Network of Microgrids&#8221;, 2024<\/li>\n<li>Engin \u0130lseven, &#8220;<a href=\"https:\/\/etd.lib.metu.edu.tr\/upload\/12625977\/index.pdf\">A Novel Methodology for Medium and Long-Term Electricity Market Modeling<\/a>&#8220;, 2020<\/li>\n<\/ul>\n<p><strong>M.Sc. Thesis<\/strong><\/p>\n<ul>\n<li>\u00d6zg\u00fcr Arda K\u00fc\u00e7\u00fckaslan, &#8220;<a href=\"https:\/\/open.metu.edu.tr\/handle\/11511\/115563\">Situational Awareness and Decision Support Framework for Distribution Systems with High Penetration of Behind-the-meter Photovoltaic Systems and Electric Vehicle Fleet Charging<\/a>&#8220;, 2025<\/li>\n<li>Arash Vaniar, &#8220;<a href=\"https:\/\/open.metu.edu.tr\/handle\/11511\/114621\">Condition-Aware Distribution Network Reconfiguration via Multi-Stage Optimization Framework<\/a>&#8220;, 2025<\/li>\n<li>Nurhan Ayd\u0131nalp,&#8221;<a href=\"https:\/\/open.metu.edu.tr\/handle\/11511\/112247\">Assessment of Cooperation of Photovoltaics and Electrified Micro-Mobility in the Concept of Net Zero Energy Cities<\/a><span style=\"font-size: 1rem\">&#8220;, 2024<\/span><\/li>\n<li>Kemal Parlaktuna, &#8220;<a href=\"https:\/\/open.metu.edu.tr\/handle\/11511\/105472#\">Topology Error Identification with Limited Number of Measurements in Power Distribution Systems<\/a>&#8220;, 2023.<\/li>\n<li>Berkay Sa\u011flam, &#8220;<a href=\"https:\/\/open.metu.edu.tr\/handle\/11511\/99504\">An Improved Energy Requirement Prediction for Queueing Applications of Electric Vehicles Based on Parameter Estimation<\/a>&#8220;,2022<\/li>\n<li>Etki A\u00e7\u0131lan, &#8220;<a href=\"https:\/\/open.metu.edu.tr\/handle\/11511\/98192\">A Parameter Error Identification Method for Power Plant Dynamic Models<\/a>&#8220;, 2022<\/li>\n<li>\u0130ven G\u00fczel, &#8220;<a href=\"https:\/\/open.metu.edu.tr\/handle\/11511\/98158\">Multi-Objective Charging Scheduling Utilizing Electric Vehicle Load Models<\/a>&#8220;, 2022<\/li>\n<li>Ahmet Talat \u00d6zm\u00fcsl\u00fcman, &#8220;<a href=\"https:\/\/open.metu.edu.tr\/bitstream\/handle\/11511\/96257\/index.pdf\">Modified Forward Backward Sweep Power Flow Solution for Naval Platforms with Multiple Generators<\/a>&#8220;, 2022<\/li>\n<li>Soheil Pouraltafi, &#8220;<a href=\"https:\/\/open.metu.edu.tr\/bitstream\/handle\/11511\/93067\/METU_Thesis_final.pdf\">Design of a Centralized Microgrid Controller in Compliance with IEEE <\/a><span class=\"Apple-converted-space\" style=\"font-size: revert\">2030.7 Standard&#8221;<\/span>, 2021<\/li>\n<li>Tuna Y\u0131ld\u0131z, &#8220;<a href=\"https:\/\/open.metu.edu.tr\/bitstream\/handle\/11511\/91337\/index.pdf\">Sparse Matrix Library for Power System State Estimation Based on Full Knuth&#8217;s Method<\/a>&#8220;, 2021<\/li>\n<li>U\u011fur Can Y\u0131lmaz, &#8220;<a href=\"https:\/\/open.metu.edu.tr\/handle\/11511\/91344\">Performance Improvement for Situational Awareness and Restoration of Distribution Systems<\/a>&#8220;, 2021<\/li>\n<li>Erdi Saruhan, &#8220;<a href=\"https:\/\/etd.lib.metu.edu.tr\/upload\/12625471\/index.pdf\">Substation Level State Estimation and Topology Error Processing<\/a>&#8220;, 2020<\/li>\n<li>O\u011fuzhan \u00dcst\u00fcnda\u011f, &#8220;<a href=\"http:\/\/etd.lib.metu.edu.tr\/upload\/12624498\/index.pdf\">Utilization of Realistic Pumped Hydroelectric Storage System Model for Various Optimal Short Term Control Strategies<\/a>&#8220;, 2019<\/li>\n<li>Ufuk Y\u0131ld\u0131z, &#8220;<a href=\"http:\/\/etd.lib.metu.edu.tr\/upload\/12624542\/index.pdf\">Predicting Actual Load Demand in Distribution Systems with High PV Penetration<\/a>&#8220;, 2019<\/li>\n<li>Engin Berk \u00d6zmen, &#8220;<a href=\"http:\/\/etd.lib.metu.edu.tr\/upload\/12622782\/index.pdf\">Optimal Maintenance Scheduling for Transmission Lines<\/a>&#8220;, 2018<\/li>\n<li>Deniz \u015eeng\u00fcl, &#8220;<a href=\"http:\/\/etd.lib.metu.edu.tr\/upload\/12622037\/index.pdf\">Evaluation of Photovoltaic Systems for Voltage Quality<\/a>&#8220;, 2018<\/li>\n<li>Ramazan G\u00fcnay, &#8220;<a href=\"http:\/\/etd.lib.metu.edu.tr\/upload\/12621873\/index.pdf\">Incorporation of DSSC In Real Time Congestion Management<\/a>&#8220;, 2018<\/li>\n<li>Burak \u00d6zsoy, &#8220;<a href=\"http:\/\/etd.lib.metu.edu.tr\/upload\/12621810\/index.pdf\">Very Short Term Load Forecasting Aided Hybrid State Estimator with Optimally Placed Pseudo-Measurements<\/a>&#8220;, 2018<\/li>\n<li>M. Erdem Sezgin, &#8220;<a href=\"http:\/\/etd.lib.metu.edu.tr\/upload\/12621801\/index.pdf\">A Generalized Mathematical Model of DC Catenary Lines<\/a>&#8220;, 2018<\/li>\n<li>Ali Haydar G\u00fcver\u00e7inci, &#8220;<a href=\"http:\/\/etd.lib.metu.edu.tr\/upload\/12621200\/index.pdf\">Two\u00a0New Indices for the Assessment of Regional Transmission Connection Capacities<\/a>&#8220;, 2017<\/li>\n<li>Bulut Ert\u00fcrk , &#8220;<a href=\"http:\/\/etd.lib.metu.edu.tr\/upload\/12620959\/index.pdf\">Optimal Phasor Measurement Unit (PMU) Placement for the Power Systems with Existing SCADA Measurements<\/a>&#8220;, 2017<\/li>\n<li>Ahmet \u00d6ner, &#8220;<a href=\"http:\/\/etd.lib.metu.edu.tr\/upload\/12620186\/index.pdf\">State Estimation Based Fault Location Using PMU Measurement<\/a>&#8220;, 2016<\/li>\n<li>Volkan \u00d6zdemir, &#8220;<a href=\"http:\/\/etd.lib.metu.edu.tr\/upload\/12619198\/index.pdf\">A Local Parameter Estimator Based on Robust LAV Estimation<\/a>&#8220;, 2015<\/li>\n<\/ul>\n\n\n<p><\/p>\n","protected":false},"excerpt":{"rendered":"<p>Current Graduate\u00a0Students Tamer Adan\u0131r (Ph.D) Paul Brown (Ph.D.) Kemal Parlaktuna (Ph.D.) Somayyeh Rahimi (Ph.D.) Civan Serhat \u00c7evik (M.Sc.) Fatih Erden (M.Sc.) Berkay Kebabci (M.Sc.) Pa\u015fa \u00c7a\u011fr\u0131 K\u00f6ro\u011flu (M.Sc.) Sadettin Bora Maden (M.Sc.) \u0130smayil Nasibov (M.Sc.) Tu\u011frul Nizamio\u011flu (M.Sc.) Current Undergraduate StudentsEEE STAR Program Ph.D. Thesis M. Erdem. Sezgin, &#8220;A Distributed Control Strategy for Network of [&hellip;]<\/p>\n","protected":false},"author":3403,"featured_media":0,"parent":0,"menu_order":0,"comment_status":"closed","ping_status":"closed","template":"","meta":{"footnotes":"","_links_to":"","_links_to_target":""},"class_list":["post-10","page","type-page","status-publish","hentry"],"_links":{"self":[{"href":"https:\/\/blog.metu.edu.tr\/mgol\/wp-json\/wp\/v2\/pages\/10","targetHints":{"allow":["GET"]}}],"collection":[{"href":"https:\/\/blog.metu.edu.tr\/mgol\/wp-json\/wp\/v2\/pages"}],"about":[{"href":"https:\/\/blog.metu.edu.tr\/mgol\/wp-json\/wp\/v2\/types\/page"}],"author":[{"embeddable":true,"href":"https:\/\/blog.metu.edu.tr\/mgol\/wp-json\/wp\/v2\/users\/3403"}],"replies":[{"embeddable":true,"href":"https:\/\/blog.metu.edu.tr\/mgol\/wp-json\/wp\/v2\/comments?post=10"}],"version-history":[{"count":0,"href":"https:\/\/blog.metu.edu.tr\/mgol\/wp-json\/wp\/v2\/pages\/10\/revisions"}],"wp:attachment":[{"href":"https:\/\/blog.metu.edu.tr\/mgol\/wp-json\/wp\/v2\/media?parent=10"}],"curies":[{"name":"wp","href":"https:\/\/api.w.org\/{rel}","templated":true}]}}