{"id":98,"date":"2018-06-12T13:16:20","date_gmt":"2018-06-12T13:16:20","guid":{"rendered":"http:\/\/blog.metu.edu.tr\/meyub\/?page_id=98"},"modified":"2022-10-27T17:48:05","modified_gmt":"2022-10-27T17:48:05","slug":"patents","status":"publish","type":"page","link":"https:\/\/blog.metu.edu.tr\/meyub\/patents\/","title":{"rendered":"Patents"},"content":{"rendered":"<h1><\/h1>\n<ol>\n<li><strong>B. Murat Eyuboglu<\/strong>, Hasan H. Ero\u011flu and Mehdi Sadighi, \u201cAn Induced Current Magnetic Resonance Electrical Impedance Tomography (ICMREIT) Pulse Sequence Based on Monopolar Slice Selection Gradient Pulses, \u201d\u00a0<strong>European Patent Office Application No: 18163817.2-1126<\/strong>, Filed on: May 18, 2018,\u00a0Issued on: Sep. 01, 2022.<\/li>\n<li><strong>B. Murat Ey\u00fcbo\u011flu<\/strong>,\u00a0Hasan H. Ero\u011flu and Mehdi Sadighi, \u201cTek kutuplu kesit se\u00e7ici gradyan darbe tabanl\u0131 ak\u0131m ind\u00fcklemeli manyetik rezonans elektriksel empedans tomografisi (A\u0130MREET) darbe dizini, \u201d\u00a0<strong>Turkish Patent Institute \u0130ncelemeli Patent No: TR 2017 07410 B<\/strong>.\u00a0Issued on: May 23, 2022.<\/li>\n<li><strong>B. Murat Ey\u00fcbo\u011flu<\/strong>, Hasan H. Ero\u011flu, Kemal S\u00fcmser, Mehdi Sadighi and Nashwan Naji, \u201c\u00c7ift kutuplu gradyan darbe tabanl\u0131 ak\u0131m ind\u00fcklemeli manyetik rezonans elektriksel empedans tomografisi (A\u0130MREET) darbe dizini, \u201d <strong>Turkish Patent Institute \u0130ncelemeli Patent No: TR 2016 14253 B<\/strong>. Issued on: Sep 20, 2022.<\/li>\n<li><strong>B. Murat Ey\u00fcbo\u011flu<\/strong>, Kemal S\u00fcmser, H. Ero\u011flu, Mehdi Sadighi and Nashwan Naji, \u201cSpin etiketli manyetik rezonans ak\u0131m yo\u011funlu\u011fu ve elektriksel empedans g\u00f6r\u00fcnt\u00fcleme, \u201d\u00a0<strong>Turkish Patent Institute \u0130ncelemeli Patent No:\u00a0TR 2015 13995 B<\/strong>. Issued on: Feb. 02, 2019.<\/li>\n<li><strong>B. Murat Eyuboglu<\/strong>,\u00a0Ravinder\u00a0Reddy and John S. Leigh, \u201cMagnetic Resonance \u2013 Electrical Impedance Tomography, \u201d\u00a0<strong>Patent No:\u00a0U.S.\u00a06,397,095<\/strong>\u00a0<strong>B1<\/strong>, Issued on: May 28, 2002.<\/li>\n<li><strong>B. Murat Eyuboglu<\/strong>,\u00a0Ravinder\u00a0Reddy and John S. Leigh, \u201cMagnetic Resonance \u2013 Electrical Impedance Tomography, \u201d\u00a0<strong>Provisional Patent No:\u00a0U.S.\u00a060\/122,310<\/strong>, Filed on: Mar. 1, 1999.<\/li>\n<\/ol>\n","protected":false},"excerpt":{"rendered":"<p>B. Murat Eyuboglu, Hasan H. Ero\u011flu and Mehdi Sadighi, \u201cAn Induced Current Magnetic Resonance Electrical Impedance Tomography (ICMREIT) Pulse Sequence Based on Monopolar Slice Selection Gradient Pulses, \u201d\u00a0European Patent Office Application No: 18163817.2-1126, Filed on: May 18, 2018,\u00a0Issued on: Sep. 01, 2022. B. Murat Ey\u00fcbo\u011flu,\u00a0Hasan H. Ero\u011flu and Mehdi Sadighi, \u201cTek kutuplu kesit se\u00e7ici gradyan [&hellip;]<\/p>\n","protected":false},"author":826,"featured_media":0,"parent":0,"menu_order":5,"comment_status":"closed","ping_status":"closed","template":"","meta":{"footnotes":"","_links_to":"","_links_to_target":""},"class_list":["post-98","page","type-page","status-publish","hentry"],"_links":{"self":[{"href":"https:\/\/blog.metu.edu.tr\/meyub\/wp-json\/wp\/v2\/pages\/98","targetHints":{"allow":["GET"]}}],"collection":[{"href":"https:\/\/blog.metu.edu.tr\/meyub\/wp-json\/wp\/v2\/pages"}],"about":[{"href":"https:\/\/blog.metu.edu.tr\/meyub\/wp-json\/wp\/v2\/types\/page"}],"author":[{"embeddable":true,"href":"https:\/\/blog.metu.edu.tr\/meyub\/wp-json\/wp\/v2\/users\/826"}],"replies":[{"embeddable":true,"href":"https:\/\/blog.metu.edu.tr\/meyub\/wp-json\/wp\/v2\/comments?post=98"}],"version-history":[{"count":0,"href":"https:\/\/blog.metu.edu.tr\/meyub\/wp-json\/wp\/v2\/pages\/98\/revisions"}],"wp:attachment":[{"href":"https:\/\/blog.metu.edu.tr\/meyub\/wp-json\/wp\/v2\/media?parent=98"}],"curies":[{"name":"wp","href":"https:\/\/api.w.org\/{rel}","templated":true}]}}