{"id":91,"date":"2018-06-10T16:36:46","date_gmt":"2018-06-10T16:36:46","guid":{"rendered":"http:\/\/blog.metu.edu.tr\/meyub\/?page_id=91"},"modified":"2025-03-13T12:38:23","modified_gmt":"2025-03-13T12:38:23","slug":"students","status":"publish","type":"page","link":"https:\/\/blog.metu.edu.tr\/meyub\/students\/","title":{"rendered":"Students"},"content":{"rendered":"<p><strong>Graduate Students<\/strong><\/p>\n<ul>\n<li>Muhammed \u00c7at\u0131, B.Sc. Y\u0131ld\u0131z Tech. University, <strong>M.Sc.<\/strong> candidate.<\/li>\n<li>Kerem Ya\u015far, B.Sc. METU, <strong>M.Sc.<\/strong>\u00a0candidate.<\/li>\n<\/ul>\n<p><strong>Alumni<\/strong><\/p>\n<ul>\n<li>Mehdi Sadighi, B.Sc. Univ. of Tebriz, <strong>M.Sc.<\/strong> METU, <strong>Ph.D.<\/strong> METU.<\/li>\n<li><span class=\"SpellE\">Alper<\/span>\u00a0<span class=\"SpellE\">\u00c7evik<\/span>, B.Sc. METU,\u00a0<b>M.Sc.<\/b>\u00a0METU,\u00a0<strong>Ph.D.<\/strong>\u00a0METU. (Hemosoft, METU Teknokent)<\/li>\n<li>H.\u00a0<span class=\"SpellE\">Ero\u011flu<\/span>, B.Sc. METU,\u00a0<b>M.Sc.<\/b>\u00a0METU,\u00a0<b>Ph.D.\u00a0<\/b>METU. (ASELSAN)<\/li>\n<li><span class=\"SpellE\">Evren<\/span>\u00a0<span class=\"SpellE\">De\u011firmenci<\/span>, B.Sc.\u00a0<span class=\"SpellE\">Gazi<\/span>\u00a0U.,\u00a0<b>Ph.D.<\/b>\u00a0METU.\u00a0<span class=\"GramE\">(Assoc. Professor of Electrical &amp; Electronics Eng.<\/span>\u00a0<span class=\"GramE\">at<\/span>\u00a0Mersin Univ.)<\/li>\n<li><span class=\"SpellE\">Emre<\/span>\u00a0<span class=\"SpellE\">Arp\u0131nar<\/span>, B.Sc. METU,\u00a0<b>M.Sc.<\/b>\u00a0METU,\u00a0<b>Ph.D.<\/b>\u00a0METU. (Senior Research Scientist at the Department of Neurosurgery, Medical College of Wisconsin)<\/li>\n<li><span class=\"SpellE\">Haluk<\/span>\u00a0<span class=\"SpellE\">Altunel<\/span>, B.Sc., M.Sc.\u00a0<span class=\"SpellE\">Bilkent<\/span>\u00a0U.,\u00a0<b>Ph.D.<\/b>\u00a0METU.<\/li>\n<li><span class=\"SpellE\">\u00d6zlem<\/span>\u00a0<span class=\"SpellE\">Birg\u00fcl<\/span>,\u00a0<span class=\"SpellE\">B.Sc.and<\/span>\u00a0M.Sc. METU,\u00a0<b>Ph.D.<\/b>\u00a0METU.\u00a0<span class=\"GramE\">(Asst. Professor of Biomedical Engineering at Ankara Univ.)<\/span><\/li>\n<li><span class=\"SpellE\">U\u011fur<\/span>\u00a0<span class=\"SpellE\">Baysal<\/span>, B.Sc. METU, M.Sc. WPI,\u00a0<b>Ph.D.<\/b>\u00a0HU.\u00a0<span class=\"GramE\">(Professor of Electrical &amp; Electronics Eng. at\u00a0<span class=\"SpellE\">Hacettepe<\/span>\u00a0Univ.)<\/span><\/li>\n<li>Berk Can A\u00e7\u0131kg\u00f6z, B.Sc. METU, <strong>M.Sc.<\/strong> METU.<\/li>\n<li>\u015ei\u015fman, B.Sc. METU, <strong style=\"font-size: 1rem\">M.Sc.<\/strong><span style=\"font-size: 1rem\"> METU, (Ph.D. candidate at Cornell University.)<\/span><\/li>\n<li>Demirkol, B.Sc. Ankara U., <strong style=\"font-size: 1rem\">M.Sc.<\/strong><span style=\"font-size: 1rem\">\u00a0METU. (Roketsan)<\/span><\/li>\n<li>Kemal\u00a0<span class=\"SpellE\">S\u00fcmser<\/span>, B.Sc. METU,<b>\u00a0M.Sc.<\/b> METU, (<span class=\"GramE\">Asst. Professor of Electrical\u00a0 Engineering at Eindhoven University of Technology<\/span>)<\/li>\n<li><span class=\"SpellE\">Nashwan<\/span>\u00a0<span class=\"SpellE\">Naji<\/span>, B.Sc.\u00a0<span class=\"SpellE\">Ibb<\/span>\u00a0University,\u00a0<b>M.Sc.<\/b>\u00a0METU.<\/li>\n<li><span class=\"SpellE\">Cihan<\/span>\u00a0<span class=\"SpellE\">G\u00f6ksu<\/span>, B.Sc. METU,\u00a0<b>M.Sc.<\/b> METU. <span class=\"GramE\">(Asst. Professor of Electrical and Electronics Engineering at \u0130zmir Y\u00fcksek Teknoloji Enstit\u00fcs\u00fc)<\/span><\/li>\n<li><span class=\"SpellE\">G\u00f6rkem<\/span>\u00a0<span class=\"SpellE\">Kandemir<\/span>, B.Sc. METU,\u00a0<b>M.Sc.<\/b> METU. (Cofounder Sirius Design Laboratory)<\/li>\n<li><span class=\"SpellE\">Kerim<\/span>\u00a0Kara, B.Sc.\u00a0<span class=\"SpellE\">Bilkent<\/span>\u00a0U.,\u00a0<b>M.Sc.<\/b> METU. (Product Manager at Siemens Healthineers &#8211; Ruprecht-Karls-Universitat Heidelberg)<\/li>\n<li><span class=\"SpellE\">Tankut<\/span>\u00a0<span class=\"SpellE\">Topal<\/span>, B.Sc. Ankara U.,\u00a0<b>M.Sc.<\/b> METU. (Director of Global Field Support Magnetic Resonance Imaging, PHILIPS, Netherlands)<\/li>\n<li>Ali<span class=\"GramE\">\u00a0<span class=\"SpellE\">Ers\u00f6z<\/span><\/span>, B.Sc. METU,\u00a0<b>M.Sc.<\/b> METU. (Senior MR Pulse Sequence \/Applications Engineer at GE Healthcare, USA)<\/li>\n<li><span class=\"SpellE\">G\u00f6khan<\/span>\u00a0<span class=\"SpellE\">Eker<\/span>, B.Sc.\u00a0<span class=\"SpellE\">Gazi<\/span>\u00a0U.,\u00a0<b>M.Sc.<\/b>\u00a0METU.<\/li>\n<li><span class=\"SpellE\">Rasim<\/span>\u00a0<span class=\"SpellE\">Boyac\u0131o\u011flu<\/span>, B.Sc. METU,\u00a0<b>M.Sc<\/b>. METU. (Postdoctoral Researcher at Case Western Reserve University)<\/li>\n<li><span class=\"SpellE\">Ayhan<\/span>\u00a0<span class=\"SpellE\">Ozan<\/span>\u00a0Y\u0131lmaz, B.Sc. METU,\u00a0<b>M.Sc<\/b>. METU. (Founding partner of MVIS and founder of BIYOMOD)<\/li>\n<li>Dario Martin Lorca, B.Sc. Univ. of\u00a0Madrid,\u00a0<b>M.Sc<\/b>. METU.<\/li>\n<li><span class=\"SpellE\">H\u00fcseyin<\/span>\u00a0<span class=\"SpellE\">Yi\u011fitler<\/span>, B.Sc. METU,\u00a0<b>M.Sc<\/b>. METU. (CTO at BIYOMOD, Aalto University)<\/li>\n<li><span class=\"SpellE\">Neval<\/span>\u00a0Y\u0131lmaz, B.Sc. METU,\u00a0<b>M.Sc<\/b>. METU.<\/li>\n<li>Murat \u00d6<span class=\"SpellE\">zs\u00fct<\/span>, B.Sc.\u00a0<span class=\"SpellE\">Baskent<\/span>\u00a0U.,\u00a0<b>M.Sc.<\/b>\u00a0METU.<\/li>\n<li><span class=\"SpellE\">Mahir<\/span>\u00a0\u00d6<span class=\"SpellE\">zdemir<\/span>, B.Sc.\u00a0<span class=\"SpellE\">Yildiz<\/span>\u00a0Tech. U.,\u00a0<b>M.Sc.<\/b>\u00a0METU.<\/li>\n<li><span class=\"SpellE\">Burak<\/span>\u00a0<span class=\"SpellE\">Barutcu<\/span>, B.Sc. METU,\u00a0<b>M.Sc.<\/b>\u00a0METU. (ASELSAN)<\/li>\n<li><span class=\"SpellE\">Or\u00e7un<\/span>\u00a0\u00d6<span class=\"SpellE\">zbek<\/span>, B.Sc. METU,\u00a0<b>M.Sc.<\/b> METU. (GE HealthCare)<\/li>\n<li><span class=\"SpellE\">Oktay<\/span>\u00a0\u00d6<span class=\"SpellE\">zg\u00fcn<\/span>,\u00a0B.Sc. METU,\u00a0<b>M.Sc.<\/b>\u00a0METU. (Market Development Manager at INTEL)<\/li>\n<li><span class=\"SpellE\">Zeynep<\/span>\u00a0<span class=\"SpellE\">Akal\u0131n<\/span>, B.Sc. HU,\u00a0<b>M.Sc.<\/b>\u00a0METU.<\/li>\n<\/ul>\n","protected":false},"excerpt":{"rendered":"<p>Graduate Students Muhammed \u00c7at\u0131, B.Sc. Y\u0131ld\u0131z Tech. University, M.Sc. candidate. Kerem Ya\u015far, B.Sc. METU, M.Sc.\u00a0candidate. Alumni Mehdi Sadighi, B.Sc. Univ. of Tebriz, M.Sc. METU, Ph.D. METU. Alper\u00a0\u00c7evik, B.Sc. METU,\u00a0M.Sc.\u00a0METU,\u00a0Ph.D.\u00a0METU. (Hemosoft, METU Teknokent) H.\u00a0Ero\u011flu, B.Sc. METU,\u00a0M.Sc.\u00a0METU,\u00a0Ph.D.\u00a0METU. (ASELSAN) Evren\u00a0De\u011firmenci, B.Sc.\u00a0Gazi\u00a0U.,\u00a0Ph.D.\u00a0METU.\u00a0(Assoc. Professor of Electrical &amp; Electronics Eng.\u00a0at\u00a0Mersin Univ.) Emre\u00a0Arp\u0131nar, B.Sc. METU,\u00a0M.Sc.\u00a0METU,\u00a0Ph.D.\u00a0METU. (Senior Research Scientist at the Department of [&hellip;]<\/p>\n","protected":false},"author":5122,"featured_media":0,"parent":0,"menu_order":6,"comment_status":"closed","ping_status":"closed","template":"","meta":{"footnotes":"","_links_to":"","_links_to_target":""},"class_list":["post-91","page","type-page","status-publish","hentry"],"_links":{"self":[{"href":"https:\/\/blog.metu.edu.tr\/meyub\/wp-json\/wp\/v2\/pages\/91","targetHints":{"allow":["GET"]}}],"collection":[{"href":"https:\/\/blog.metu.edu.tr\/meyub\/wp-json\/wp\/v2\/pages"}],"about":[{"href":"https:\/\/blog.metu.edu.tr\/meyub\/wp-json\/wp\/v2\/types\/page"}],"author":[{"embeddable":true,"href":"https:\/\/blog.metu.edu.tr\/meyub\/wp-json\/wp\/v2\/users\/5122"}],"replies":[{"embeddable":true,"href":"https:\/\/blog.metu.edu.tr\/meyub\/wp-json\/wp\/v2\/comments?post=91"}],"version-history":[{"count":0,"href":"https:\/\/blog.metu.edu.tr\/meyub\/wp-json\/wp\/v2\/pages\/91\/revisions"}],"wp:attachment":[{"href":"https:\/\/blog.metu.edu.tr\/meyub\/wp-json\/wp\/v2\/media?parent=91"}],"curies":[{"name":"wp","href":"https:\/\/api.w.org\/{rel}","templated":true}]}}