{"id":89,"date":"2018-06-10T16:27:08","date_gmt":"2018-06-10T16:27:08","guid":{"rendered":"http:\/\/blog.metu.edu.tr\/meyub\/?page_id=89"},"modified":"2022-10-27T13:21:08","modified_gmt":"2022-10-27T13:21:08","slug":"thesis","status":"publish","type":"page","link":"https:\/\/blog.metu.edu.tr\/meyub\/thesis\/","title":{"rendered":"Thesis"},"content":{"rendered":"<ul>\n<li>Berk Can A\u00e7\u0131kg\u00f6z, &#8220;Improving current density recovery and flux density imaging in diffusion tensor magnetic resonance electrical impedance tomography applications,&#8221; M.Sc. thesis, METU, 2021.<\/li>\n<li>Mert \u015ei\u015fman, &#8220;Sensitivity analysis and multi contrast imaging of magnetic resonance magnetohydrodynamic flow velocimetry at 3 Tesla,&#8221; M.Sc. thesis, METU, 2021.<\/li>\n<li>Mehdi Sadighi, &#8220;Diffusion tensor magnetic resonance electrical impedance tomography (DT-MREIT) and its expansion to multi-physics multi-contrast magnetic resonance imaging,&#8221; Ph.D. thesis, METU, 2021.<\/li>\n<li>D. Demirkol \u00c7akmak, &#8220;Mobile sleep apnea detection and monitoring based on thermocouple and pulse oximeter sensors,&#8221; M.Sc. thesis, METU, 2018.<\/li>\n<li>A. \u00c7evik, \u201cComputer-aided diagnosis of alzheimer&#8217;s disease and mild cognitive impairment with MARS\/CMARS classification using structural MR images,\u201d Ph.D. thesis, METU, 2017.<\/li>\n<li>H.H. Ero\u011flu, &#8220;Induced current magnetic resonance electrical impedance tomography (ICMREIT) with low frequency switching of gradient fields,&#8221; Ph.D. thesis, METU, 2017. METU-Institute of Natural and Applied Sciences, <strong>2016-2017 Thesis of the Year Award<\/strong> Winner.<\/li>\n<li>K. S\u00fcmser, &#8220;Magnetic resonance electrical impedance tomography based on MRI-SPAMM,&#8221; M.Sc. thesis, METU, 2016.<\/li>\n<li>N. Naji, &#8220;Dual current injection-magnetic resonance electrical impedance tomography using spatial modulation of magnetization,&#8221; M.Sc. thesis, METU, 2016.<\/li>\n<li>C. G\u00f6ksu, &#8220;A programmable current source for magnetic resonance current density imaging (MRCDI) at 3 Tesla,&#8221; M.Sc. thesis, METU, 2014.<\/li>\n<li>M. Sadighi, &#8220;Magnetic resonance conductivity tensor imaging (MRCTI) at 3 Tesla,&#8221; M.Sc. thesis, METU, 2014.<\/li>\n<li>G. Kandemir, &#8220;Design and implementation of a device to control a robotic arm by EMG signal,&#8221; M.Sc. thesis, METU, 2013.<\/li>\n<li>K. Kara, \u201cA 3-D vascular connectivity tracking and vascular network extraction toolkit,\u201d M.Sc. thesis, METU, 2011.<\/li>\n<li>A. \u00c7evik, \u201cA medical image processing and analysis framework,\u201d M.Sc. thesis, METU, 2011.<\/li>\n<li>A. Ers\u00f6z, \u201cMagnetic resonance current density imaging using one component of magnetic flux density,\u201d M.Sc. thesis, METU, 2010.<\/li>\n<li>T. Topal, \u201cA Labview interface to integrate magnetic resonance imaging (MRI) simulator with system control and its application to regional magnetic resonance electrical impedance tomography (MREIT) reconstruction,\u201d M.Sc. thesis, METU, 2010.<\/li>\n<li>E. De\u011firmenci, \u201cHigh resolution imaging of anisotropic conductivity with magnetic resonance \u2013 electrical impedance tomography (MR-EIT),\u201d Ph.D. thesis, METU, 2010.<\/li>\n<li>R. Boyac\u0131o\u011flu, \u201cPerformance evaluation of current density based magnetic resonance electrical impedance tomography reconstruction algorithms,\u201d M.Sc. thesis, METU, 2009.<\/li>\n<li>G. Eker, \u201cPerformance evaluation of magnetic flux density based magnetic resonance electrical impedance tomography reconstruction algorithms,\u201d M.Sc. thesis, METU, 2009.<\/li>\n<li>V.E. Arp\u0131nar, \u201cAnalysis of magnetic resonance imaging in inhomogeneous main magnetic field,\u201d Ph.D. thesis, METU, 2009.<\/li>\n<li>H. Altunel, \u201cOptimum current injection strategy for magnetic resonance electrical impedance tomography,\u201d Ph.D. thesis, METU, 2008.<\/li>\n<li>A. Y\u0131lmaz, \u201cRF coil system design for MRI applications in inhomogeneous main magnetic field,\u201d M.Sc. thesis, METU, 2007.<\/li>\n<li>D.M. Lorca, \u201cImplementation and comparison of reconstruction algorithms for magnetic resonance \u2013 electrical impedance tomography (MR-EIT),\u201d M.Sc. thesis, METU, 2007.<\/li>\n<li>H. Yi\u011fitler, \u201cPermanent magnet design and image reconstruction technique for magnetic resonance imaging in inhomogeneous magnetic fields,\u201d M.Sc. thesis, METU, 2006. METU-Prof.Dr. M. Parlar Education and Research Foundation, <strong>2005-2006 Thesis of the Year Award<\/strong> Winner.<\/li>\n<li>N. Y\u0131lmaz, \u201cAn integrated dynamic model for cardiovascular and pulmonary systems,\u201d M.Sc. thesis, METU, 2006.<\/li>\n<li>M.E. \u00d6zs\u00fct, \u201cDesign and implementation of LabView based data acquisition and image reconstruction environment for METU-MRI system,\u201d M.Sc. thesis, METU, 2005.<\/li>\n<li>M.S. \u00d6zdemir, \u201cEquipotential projection based magnetic resonance electrical impedance tomography (MR-EIT) for high resolution conductivity imaging,\u201d M.Sc. thesis, METU, 2003.<\/li>\n<li>\u00d6.Birgul, \u201cDevelopment of Reconstruction Algorithms for Magnetic Resonance \u2013 EIT &amp; Experimental Realization,\u201d Ph.D. thesis, METU, 2002. METU-Prof.Dr. M. Parlar Education and Research Foundation, <strong>2002-2003 Thesis of the Year Award<\/strong> Winner.<\/li>\n<li>V.E. Arp\u0131nar, \u201cReconfigurable microcontroller based multifrequency electrical impedance tomography,\u201d M.Sc. thesis, METU, 2002.<\/li>\n<li>B. Barut\u00e7u, \u201cA system design and implementation to find the transfer function of a mechanical rate gyroscope,\u201d M.Sc. thesis, METU, 2002.<\/li>\n<li>O. \u00d6zbek, \u201cImaging current distribution using 0.15T Magnetic Resonance Tomography,\u201d M.Sc. thesis, METU, 2002. METU-Prof.Dr. M. Parlar Education and Research Foundation, <strong>2001-2002 Thesis of the Year Award<\/strong> Winner.<\/li>\n<li>O. \u00d6zg\u00fcn, \u201cDevelopment of a PC based telestethoscope over IP networks,\u201d M.Sc., METU, 2001.<\/li>\n<li>M. Demirbilek, \u201cParcal\u0131 ak\u0131mlarla indukleme ak\u0131ml\u0131 elektriksel empedans tomografi sisteminin analizi,\u201d M.Sc. thesis, Hacettepe Univ., 2001 (co-supervisor).<\/li>\n<li>U. Baysal, \u201cA study on determination of tissue resistivites by using electrical impedance tomography techniques,\u201d Ph.D. thesis, Hacettepe Univ., 1999.<\/li>\n<li>Z. Akal\u0131n, \u201cImaging elasticity with nuclear magnetic resonance,\u201d M.Sc. thesis, METU, 1999.<\/li>\n<\/ul>\n","protected":false},"excerpt":{"rendered":"<p>Berk Can A\u00e7\u0131kg\u00f6z, &#8220;Improving current density recovery and flux density imaging in diffusion tensor magnetic resonance electrical impedance tomography applications,&#8221; M.Sc. thesis, METU, 2021. Mert \u015ei\u015fman, &#8220;Sensitivity analysis and multi contrast imaging of magnetic resonance magnetohydrodynamic flow velocimetry at 3 Tesla,&#8221; M.Sc. thesis, METU, 2021. Mehdi Sadighi, &#8220;Diffusion tensor magnetic resonance electrical impedance tomography (DT-MREIT) [&hellip;]<\/p>\n","protected":false},"author":5122,"featured_media":0,"parent":0,"menu_order":7,"comment_status":"closed","ping_status":"closed","template":"","meta":{"footnotes":"","_links_to":"","_links_to_target":""},"class_list":["post-89","page","type-page","status-publish","hentry"],"_links":{"self":[{"href":"https:\/\/blog.metu.edu.tr\/meyub\/wp-json\/wp\/v2\/pages\/89","targetHints":{"allow":["GET"]}}],"collection":[{"href":"https:\/\/blog.metu.edu.tr\/meyub\/wp-json\/wp\/v2\/pages"}],"about":[{"href":"https:\/\/blog.metu.edu.tr\/meyub\/wp-json\/wp\/v2\/types\/page"}],"author":[{"embeddable":true,"href":"https:\/\/blog.metu.edu.tr\/meyub\/wp-json\/wp\/v2\/users\/5122"}],"replies":[{"embeddable":true,"href":"https:\/\/blog.metu.edu.tr\/meyub\/wp-json\/wp\/v2\/comments?post=89"}],"version-history":[{"count":0,"href":"https:\/\/blog.metu.edu.tr\/meyub\/wp-json\/wp\/v2\/pages\/89\/revisions"}],"wp:attachment":[{"href":"https:\/\/blog.metu.edu.tr\/meyub\/wp-json\/wp\/v2\/media?parent=89"}],"curies":[{"name":"wp","href":"https:\/\/api.w.org\/{rel}","templated":true}]}}