{"id":232,"date":"2019-02-11T11:48:49","date_gmt":"2019-02-11T08:48:49","guid":{"rendered":"http:\/\/blog.metu.edu.tr\/mertan\/?page_id=232"},"modified":"2020-02-18T18:36:53","modified_gmt":"2020-02-18T15:36:53","slug":"ee302","status":"publish","type":"page","link":"https:\/\/blog.metu.edu.tr\/mertan\/courses\/ee302\/","title":{"rendered":"EE302"},"content":{"rendered":"<p><strong>EE302 &#8211; Feedback Systems<\/strong><\/p>\n<p><a href=\"https:\/\/blog.metu.edu.tr\/mertan\/files\/2020\/02\/EE_302_Syllabus_Spring2020-1.pdf\">EE 302 Syllabus Spring 2020<\/a><\/p>\n<p><strong>Lecture Notes\u00a0<\/strong><\/p>\n<ul>\n<li><a href=\"https:\/\/github.com\/mertankarali\/Lecture-Notes\/tree\/master\/METU-EE302\">Github page of the open-source lecture notes of the course<\/a><\/li>\n<\/ul>\n<p><strong>Useful material\u00a0<\/strong><\/p>\n<ul>\n<li><a href=\"http:\/\/www.cds.caltech.edu\/~murray\/amwiki\/index.php\/Second_Edition\">Feedback Systems: An Introduction for Scientists and Engineers<\/a>, (Online) Book by Karl Johan \u00c5str\u00f6m and Richard M. Murray<\/li>\n<li><a href=\"https:\/\/blog.metu.edu.tr\/emreo\/teaching\/\">Prof. Emre \u00d6zkan&#8217;s teaching page (Cool notes, figures, and illustrations regarding EE302 and more).\u00a0<\/a><\/li>\n<li><a href=\"http:\/\/www.mit.edu\/people\/abbe\/matlab\/lec1.html\">Day 1 of a two-day tutorial from MIT, Cambridge, MA<\/a><\/li>\n<li><a href=\"http:\/\/www.mit.edu\/people\/abbe\/matlab\/lec2.html\">Day 2 of a two-day tutorial from MIT, Cambridge, MA<\/a><\/li>\n<li><a href=\"http:\/\/www.math.utah.edu\/~eyre\/computing\/matlab-intro\/\">Matlab basics and a little beyond, David Eyre, University of Utah<\/a><\/li>\n<li><a href=\"http:\/\/www.csee.wvu.edu\/~trapp\/wvumatlab.htm\">A Matlab plotting tutorial, Bohe Wang, West Virginia University<\/a><\/li>\n<li><a href=\"http:\/\/www.math.toronto.edu\/mpugh\/primer.pdf\">Matlab Primer, 3rd edition, by Kermit Sigmond, University of Florida<\/a><\/li>\n<\/ul>\n","protected":false},"excerpt":{"rendered":"<p>EE302 &#8211; Feedback Systems EE 302 Syllabus Spring 2020 Lecture Notes\u00a0 Github page of the open-source lecture notes of the course Useful material\u00a0 Feedback Systems: An Introduction for Scientists and Engineers, (Online) Book by Karl Johan \u00c5str\u00f6m and Richard M. Murray Prof. Emre \u00d6zkan&#8217;s teaching page (Cool notes, figures, and illustrations regarding EE302 and more).\u00a0 [&hellip;]<\/p>\n","protected":false},"author":4351,"featured_media":0,"parent":116,"menu_order":2,"comment_status":"closed","ping_status":"closed","template":"","meta":{"footnotes":"","_links_to":"","_links_to_target":""},"class_list":["post-232","page","type-page","status-publish","hentry"],"_links":{"self":[{"href":"https:\/\/blog.metu.edu.tr\/mertan\/wp-json\/wp\/v2\/pages\/232","targetHints":{"allow":["GET"]}}],"collection":[{"href":"https:\/\/blog.metu.edu.tr\/mertan\/wp-json\/wp\/v2\/pages"}],"about":[{"href":"https:\/\/blog.metu.edu.tr\/mertan\/wp-json\/wp\/v2\/types\/page"}],"author":[{"embeddable":true,"href":"https:\/\/blog.metu.edu.tr\/mertan\/wp-json\/wp\/v2\/users\/4351"}],"replies":[{"embeddable":true,"href":"https:\/\/blog.metu.edu.tr\/mertan\/wp-json\/wp\/v2\/comments?post=232"}],"version-history":[{"count":0,"href":"https:\/\/blog.metu.edu.tr\/mertan\/wp-json\/wp\/v2\/pages\/232\/revisions"}],"up":[{"embeddable":true,"href":"https:\/\/blog.metu.edu.tr\/mertan\/wp-json\/wp\/v2\/pages\/116"}],"wp:attachment":[{"href":"https:\/\/blog.metu.edu.tr\/mertan\/wp-json\/wp\/v2\/media?parent=232"}],"curies":[{"name":"wp","href":"https:\/\/api.w.org\/{rel}","templated":true}]}}