{"id":179,"date":"2026-02-14T09:48:16","date_gmt":"2026-02-14T09:48:16","guid":{"rendered":"https:\/\/blog.metu.edu.tr\/mbuyuk\/?page_id=179"},"modified":"2026-02-14T10:12:23","modified_gmt":"2026-02-14T10:12:23","slug":"guney-gorgun-msc","status":"publish","type":"page","link":"https:\/\/blog.metu.edu.tr\/mbuyuk\/guney-gorgun-msc\/","title":{"rendered":"G\u00fcney G\u00f6rg\u00fcn, MSc"},"content":{"rendered":"\n<figure class=\"wp-block-image size-full\"><img loading=\"lazy\" decoding=\"async\" width=\"164\" height=\"240\" src=\"https:\/\/blog.metu.edu.tr\/mbuyuk\/files\/2026\/02\/image-9.png\" alt=\"\" class=\"wp-image-169\" \/><\/figure>\n\n\n\n<ul class=\"wp-block-list\">\n<li>G\u00fcney G\u00f6rg\u00fcn, MSc<\/li>\n\n\n\n<li>MSc Thesis: U\u00e7ak koltu\u011fu kompozit s\u0131rtl\u0131k sisteminin modellenmesi ve sonlu elemanlar analizi, \u0130stanbul Technical University, \u0130stanbul, MSc Thesis, 2019. [<a href=\"https:\/\/tez.yok.gov.tr\/UlusalTezMerkezi\/TezGoster?key=aEzj_IdWAsjiSAfK3qwrBuAf8oODA37lSvHR5z0ivD8n61Kkw0gPe2teC7sKQ9-d\">LINK<\/a>]<\/li>\n<\/ul>\n\n\n\n<figure class=\"wp-block-table is-style-stripes\"><table class=\"has-fixed-layout\"><tbody><tr><td><img loading=\"lazy\" decoding=\"async\" width=\"90\" height=\"88\" class=\"wp-image-49\" style=\"width: 30px\" src=\"https:\/\/blog.metu.edu.tr\/mbuyuk\/files\/2026\/02\/Picture15.png\" alt=\"\" \/><\/td><td><\/td><td><\/td><td><\/td><td><\/td><\/tr><\/tbody><\/table><\/figure>\n\n\n\n<p><\/p>\n","protected":false},"excerpt":{"rendered":"","protected":false},"author":9532,"featured_media":0,"parent":0,"menu_order":0,"comment_status":"closed","ping_status":"closed","template":"","meta":{"footnotes":"","_links_to":"","_links_to_target":""},"class_list":["post-179","page","type-page","status-publish","hentry"],"_links":{"self":[{"href":"https:\/\/blog.metu.edu.tr\/mbuyuk\/wp-json\/wp\/v2\/pages\/179","targetHints":{"allow":["GET"]}}],"collection":[{"href":"https:\/\/blog.metu.edu.tr\/mbuyuk\/wp-json\/wp\/v2\/pages"}],"about":[{"href":"https:\/\/blog.metu.edu.tr\/mbuyuk\/wp-json\/wp\/v2\/types\/page"}],"author":[{"embeddable":true,"href":"https:\/\/blog.metu.edu.tr\/mbuyuk\/wp-json\/wp\/v2\/users\/9532"}],"replies":[{"embeddable":true,"href":"https:\/\/blog.metu.edu.tr\/mbuyuk\/wp-json\/wp\/v2\/comments?post=179"}],"version-history":[{"count":0,"href":"https:\/\/blog.metu.edu.tr\/mbuyuk\/wp-json\/wp\/v2\/pages\/179\/revisions"}],"wp:attachment":[{"href":"https:\/\/blog.metu.edu.tr\/mbuyuk\/wp-json\/wp\/v2\/media?parent=179"}],"curies":[{"name":"wp","href":"https:\/\/api.w.org\/{rel}","templated":true}]}}