{"id":135,"date":"2026-02-13T14:11:12","date_gmt":"2026-02-13T14:11:12","guid":{"rendered":"https:\/\/blog.metu.edu.tr\/mbuyuk\/?page_id=135"},"modified":"2026-02-14T10:16:59","modified_gmt":"2026-02-14T10:16:59","slug":"msc-students","status":"publish","type":"page","link":"https:\/\/blog.metu.edu.tr\/mbuyuk\/msc-students\/","title":{"rendered":"MSc STUDENTS"},"content":{"rendered":"\n<figure class=\"wp-block-table\"><table class=\"has-fixed-layout\"><tbody><tr><td>Name<\/td><td>Degree<\/td><td>Year of Expected Graduation<\/td><\/tr><tr><td><a href=\"https:\/\/blog.metu.edu.tr\/mbuyuk\/deha-unal-msc\/\" data-type=\"page\" data-id=\"174\">Deha \u00dcnal<\/a><\/td><td>MSc<\/td><td><mark style=\"background-color:#ffffff\" class=\"has-inline-color has-vivid-green-cyan-color\">2020<\/mark><\/td><\/tr><tr><td><a href=\"https:\/\/blog.metu.edu.tr\/mbuyuk\/deniz-kayacan-msc\/\" data-type=\"page\" data-id=\"175\">Deniz Kayacan<\/a><\/td><td>MSc<\/td><td>2028<\/td><\/tr><tr><td><a href=\"https:\/\/blog.metu.edu.tr\/mbuyuk\/eren-tas-msc\/\" data-type=\"page\" data-id=\"176\">Eren Ta\u015f<\/a><\/td><td>MSc<\/td><td>2028<\/td><\/tr><tr><td><a href=\"https:\/\/blog.metu.edu.tr\/mbuyuk\/fatih-uzun-msc\/\" data-type=\"page\" data-id=\"177\">Fatih Uzun<\/a><\/td><td>MSc<\/td><td><mark style=\"background-color:#ffffff\" class=\"has-inline-color has-vivid-green-cyan-color\">2020<\/mark><\/td><\/tr><tr><td><a href=\"https:\/\/blog.metu.edu.tr\/mbuyuk\/goksu-ureten-msc\/\" data-type=\"page\" data-id=\"178\">G\u00f6ksu \u00dcreten<\/a><\/td><td>MSc<\/td><td>2029<\/td><\/tr><tr><td><a href=\"https:\/\/blog.metu.edu.tr\/mbuyuk\/guney-gorgun-msc\/\" data-type=\"page\" data-id=\"179\">G\u00fcney G\u00f6rg\u00fcn<\/a><\/td><td>MSc<\/td><td><mark style=\"background-color:#ffffff\" class=\"has-inline-color has-vivid-green-cyan-color\">2019<\/mark><\/td><\/tr><tr><td><a href=\"https:\/\/blog.metu.edu.tr\/mbuyuk\/mehmet-yigit-zaif-msc\/\" data-type=\"page\" data-id=\"180\">Mehmet Yi\u011fit Zaif<\/a><\/td><td>MSc<\/td><td>2028<\/td><\/tr><tr><td><a href=\"https:\/\/blog.metu.edu.tr\/mbuyuk\/su-yagmur-eryasar-msc\/\" data-type=\"page\" data-id=\"181\">Su Ya\u011fmur Erya\u015far<\/a><\/td><td>MSc<\/td><td>2028<\/td><\/tr><\/tbody><\/table><\/figure>\n\n\n\n<p><\/p>\n","protected":false},"excerpt":{"rendered":"<p>Name Degree Year of Expected Graduation Deha \u00dcnal MSc 2020 Deniz Kayacan MSc 2028 Eren Ta\u015f MSc 2028 Fatih Uzun MSc 2020 G\u00f6ksu \u00dcreten MSc 2029 G\u00fcney G\u00f6rg\u00fcn MSc 2019 Mehmet Yi\u011fit Zaif MSc 2028 Su Ya\u011fmur Erya\u015far MSc 2028<\/p>\n","protected":false},"author":9532,"featured_media":0,"parent":0,"menu_order":0,"comment_status":"closed","ping_status":"closed","template":"","meta":{"footnotes":"","_links_to":"","_links_to_target":""},"class_list":["post-135","page","type-page","status-publish","hentry"],"_links":{"self":[{"href":"https:\/\/blog.metu.edu.tr\/mbuyuk\/wp-json\/wp\/v2\/pages\/135","targetHints":{"allow":["GET"]}}],"collection":[{"href":"https:\/\/blog.metu.edu.tr\/mbuyuk\/wp-json\/wp\/v2\/pages"}],"about":[{"href":"https:\/\/blog.metu.edu.tr\/mbuyuk\/wp-json\/wp\/v2\/types\/page"}],"author":[{"embeddable":true,"href":"https:\/\/blog.metu.edu.tr\/mbuyuk\/wp-json\/wp\/v2\/users\/9532"}],"replies":[{"embeddable":true,"href":"https:\/\/blog.metu.edu.tr\/mbuyuk\/wp-json\/wp\/v2\/comments?post=135"}],"version-history":[{"count":0,"href":"https:\/\/blog.metu.edu.tr\/mbuyuk\/wp-json\/wp\/v2\/pages\/135\/revisions"}],"wp:attachment":[{"href":"https:\/\/blog.metu.edu.tr\/mbuyuk\/wp-json\/wp\/v2\/media?parent=135"}],"curies":[{"name":"wp","href":"https:\/\/api.w.org\/{rel}","templated":true}]}}