{"id":120,"date":"2026-02-13T13:29:19","date_gmt":"2026-02-13T13:29:19","guid":{"rendered":"https:\/\/blog.metu.edu.tr\/mbuyuk\/?page_id=120"},"modified":"2026-02-13T13:30:24","modified_gmt":"2026-02-13T13:30:24","slug":"teaching-at-other-universities","status":"publish","type":"page","link":"https:\/\/blog.metu.edu.tr\/mbuyuk\/teaching-at-other-universities\/","title":{"rendered":"Teaching at Other Universities"},"content":{"rendered":"\n<figure class=\"wp-block-table\"><table class=\"has-fixed-layout\"><tbody><tr><td><strong>Institution<\/strong><\/td><td><strong>Course Title and Code<\/strong><\/td><td><strong>Hours\/Week<\/strong><\/td><td><strong>Academic Year<\/strong><\/td><td colspan=\"2\"><strong>Term<\/strong><\/td><\/tr><tr><td><strong>AU<\/strong><\/td><td>Machine Elements (ME 316)<\/td><td>6<\/td><td>2024-2025<\/td><td colspan=\"2\">Summer<\/td><\/tr><tr><td><strong>AU<\/strong><\/td><td>Machine Elements (ME 316)<\/td><td>3<\/td><td>2024-2025<\/td><td colspan=\"2\">Spring<\/td><\/tr><tr><td><strong>AU<\/strong><\/td><td>Strength of Materials (ME 210)<\/td><td>3<\/td><td>2024-2025<\/td><td colspan=\"2\">Spring<\/td><\/tr><tr><td><strong>AU<\/strong><\/td><td>Introduction to Finite Element Analysis (AE 417)<\/td><td>3<\/td><td>2024-2025<\/td><td colspan=\"2\">Fall<\/td><\/tr><tr><td><strong>AU<\/strong><\/td><td>Strength of Materials (ME 210)<\/td><td>3<\/td><td>2024-2025<\/td><td colspan=\"2\">Fall<\/td><\/tr><tr><td><strong>AU<\/strong><\/td><td>Statics (ME 201)<\/td><td>3<\/td><td>2024-2025<\/td><td colspan=\"2\">Fall<\/td><\/tr><tr><td><strong>AU<\/strong><\/td><td>Machine Elements (ME 316)<\/td><td>6<\/td><td>2023-2024<\/td><td colspan=\"2\">Summer<\/td><\/tr><tr><td><strong>AU<\/strong><\/td><td>Strength of Materials (ME 210)<\/td><td>6<\/td><td>2023-2024<\/td><td colspan=\"2\">Summer<\/td><\/tr><tr><td><strong>AU<\/strong><\/td><td>Statics (ME 201)<\/td><td>6<\/td><td>2023-2024<\/td><td colspan=\"2\">Summer<\/td><\/tr><tr><td><strong>AU<\/strong><\/td><td>Statics (ME 201)<\/td><td>3<\/td><td>2023-2024<\/td><td colspan=\"2\">Spring<\/td><\/tr><tr><td><strong>SU<\/strong><\/td><td>*Mechanical Behavior of Materials (MAT 505)<\/td><td>3<\/td><td>2018-2019<\/td><td colspan=\"2\">Spring<\/td><\/tr><tr><td><strong>NEU<\/strong><\/td><td>Vehicle Dynamics (AUE 401)<\/td><td>3<\/td><td>2017-2018<\/td><td colspan=\"2\">Fall<\/td><\/tr><tr><td><strong>NEU<\/strong><\/td><td>Vehicle Component Design (AUE 306)<\/td><td>3<\/td><td>2017-2018<\/td><td colspan=\"2\">Fall<\/td><\/tr><tr><td><strong>NEU<\/strong><\/td><td>Vehicle Body Design (AUE 403)<\/td><td>3<\/td><td>2017-2018<\/td><td colspan=\"2\">Fall<\/td><\/tr><tr><td><strong>YU<\/strong><\/td><td>Traffic and Road Safety (ULM 307)<\/td><td>3<\/td><td>2016-2017<\/td><td colspan=\"2\">Fall<\/td><\/tr><tr><td><strong>NU<\/strong><\/td><td>Computational Applications in Civil Engineering (INS 407)<\/td><td>3<\/td><td>2016-2017<\/td><td colspan=\"2\">Fall<\/td><\/tr><tr><td><strong>NU<\/strong><\/td><td>Transportation 2 (INS 307)<\/td><td>3<\/td><td>2016-2017<\/td><td colspan=\"2\">Fall<\/td><\/tr><tr><td><strong>NU<\/strong><\/td><td>Introduction to Civil Engineering (YCVL 113)<\/td><td>3<\/td><td>2016-2017<\/td><td colspan=\"2\">Fall<\/td><\/tr><tr><td><strong>IGU<\/strong><\/td><td>Strength of Materials I (INS 205)<\/td><td>6<\/td><td>2016-2017<\/td><td colspan=\"2\">Summer<\/td><\/tr><tr><td><strong>IGU<\/strong><\/td><td>Strength of Materials II (INS 204)<\/td><td>6<\/td><td>2016-2017<\/td><td colspan=\"2\">Summer<\/td><\/tr><tr><td><strong>IGU<\/strong><\/td><td>Structural Analysis I (INS 215)<\/td><td>6<\/td><td>2016-2017<\/td><td colspan=\"2\">Summer<\/td><\/tr><tr><td><strong>IGU<\/strong><\/td><td>Structural Analysis II (INS 216)<\/td><td>6<\/td><td>2016-2017<\/td><td colspan=\"2\">Summer<\/td><\/tr><tr><td><strong>NEU<\/strong><\/td><td>Vehicle Body Design (AUE 403)<\/td><td>3<\/td><td>2016-2017<\/td><td colspan=\"2\">Spring<\/td><\/tr><tr><td><strong>NEU<\/strong><\/td><td>Fuel Cells (AUE 421)<\/td><td>3<\/td><td>2016-2017<\/td><td colspan=\"2\">Spring<\/td><\/tr><tr><td><strong>NEU<\/strong><\/td><td>Internal Combustion Engines (ME 421)<\/td><td>3<\/td><td>2016-2017<\/td><td colspan=\"2\">Fall<\/td><\/tr><tr><td><strong>BAU<\/strong><\/td><td>*Roadside Hardware Design (KSU 5416)<\/td><td>4<\/td><td>2013-2014<\/td><td colspan=\"2\">Fall<\/td><\/tr><tr><td colspan=\"5\"><strong>AU: <\/strong><strong>At\u0131l\u0131m<\/strong><strong> University, BAU: <\/strong><strong>Bah\u00e7e\u015fehir<\/strong><strong> University, IGU: Istanbul <\/strong><strong>Geli\u015fim<\/strong><strong> University, NEU: Near East University, NU: <\/strong><strong>Ni\u015fanta\u015f\u0131<\/strong><strong> University, SU: <\/strong><strong>Sabanci<\/strong><strong> University, YU: <\/strong><strong>Yalova<\/strong><strong> University<\/strong><\/td><td>&nbsp;<\/td><\/tr><tr><td colspan=\"5\"><strong>* Offered for graduate level.<\/strong><\/td><td>&nbsp;<\/td><\/tr><\/tbody><\/table><\/figure>\n","protected":false},"excerpt":{"rendered":"<p>Institution Course Title and Code Hours\/Week Academic Year Term AU Machine Elements (ME 316) 6 2024-2025 Summer AU Machine Elements (ME 316) 3 2024-2025 Spring AU Strength of Materials (ME 210) 3 2024-2025 Spring AU Introduction to Finite Element Analysis (AE 417) 3 2024-2025 Fall AU Strength of Materials (ME 210) 3 2024-2025 Fall AU [&hellip;]<\/p>\n","protected":false},"author":9532,"featured_media":0,"parent":0,"menu_order":0,"comment_status":"closed","ping_status":"closed","template":"","meta":{"footnotes":"","_links_to":"","_links_to_target":""},"class_list":["post-120","page","type-page","status-publish","hentry"],"_links":{"self":[{"href":"https:\/\/blog.metu.edu.tr\/mbuyuk\/wp-json\/wp\/v2\/pages\/120","targetHints":{"allow":["GET"]}}],"collection":[{"href":"https:\/\/blog.metu.edu.tr\/mbuyuk\/wp-json\/wp\/v2\/pages"}],"about":[{"href":"https:\/\/blog.metu.edu.tr\/mbuyuk\/wp-json\/wp\/v2\/types\/page"}],"author":[{"embeddable":true,"href":"https:\/\/blog.metu.edu.tr\/mbuyuk\/wp-json\/wp\/v2\/users\/9532"}],"replies":[{"embeddable":true,"href":"https:\/\/blog.metu.edu.tr\/mbuyuk\/wp-json\/wp\/v2\/comments?post=120"}],"version-history":[{"count":0,"href":"https:\/\/blog.metu.edu.tr\/mbuyuk\/wp-json\/wp\/v2\/pages\/120\/revisions"}],"wp:attachment":[{"href":"https:\/\/blog.metu.edu.tr\/mbuyuk\/wp-json\/wp\/v2\/media?parent=120"}],"curies":[{"name":"wp","href":"https:\/\/api.w.org\/{rel}","templated":true}]}}