{"id":11,"date":"2026-02-12T10:31:48","date_gmt":"2026-02-12T10:31:48","guid":{"rendered":"https:\/\/blog.metu.edu.tr\/mbuyuk\/?page_id=11"},"modified":"2026-02-13T11:01:10","modified_gmt":"2026-02-13T11:01:10","slug":"projects","status":"publish","type":"page","link":"https:\/\/blog.metu.edu.tr\/mbuyuk\/projects\/","title":{"rendered":"PROJECTS"},"content":{"rendered":"\n<figure class=\"wp-block-table\"><table class=\"has-fixed-layout\"><tbody><tr><td>#<strong><em><u>1<\/u><\/em><\/strong>5<\/td><td><strong><em>Affiliation<\/em><\/strong><\/td><td>: Sabanci University<\/td><\/tr><tr><td colspan=\"2\"><strong><em>Position<\/em><\/strong><\/td><td>: Advisor<\/td><\/tr><tr><td colspan=\"2\"><strong><em>Project Title<\/em><\/strong><\/td><td>: E\u015f Zamanl\u0131 Yap\u0131sal Davran\u0131\u015f \u0130zleme ve Uyar\u0131 Sistemi<\/td><\/tr><tr><td colspan=\"2\"><strong><em>Period<\/em><\/strong><\/td><td>: 2020-2021<\/td><\/tr><tr><td colspan=\"2\"><strong><em>Funding Agency<\/em><\/strong><\/td><td>: T\u00dcBITAK-1511: TEYDEB<\/td><\/tr><tr><td><strong><em><u>#14<\/u><\/em><\/strong><\/td><td><strong><em>Affiliation<\/em><\/strong><\/td><td>: Sabanci University<\/td><\/tr><tr><td colspan=\"2\"><strong><em>Position<\/em><\/strong><\/td><td>: PI<\/td><\/tr><tr><td colspan=\"2\"><strong><em>Project Title<\/em><\/strong><\/td><td>: Sonlu Elemanlar Analizi \u0130le Polimer Matris Kompozit Yaprak Yay Tasar\u0131m\u0131 Projesi<\/td><\/tr><tr><td colspan=\"2\"><strong><em>Period<\/em><\/strong><\/td><td>: 2020-2021<\/td><\/tr><tr><td colspan=\"2\"><strong><em>Funding Agency<\/em><\/strong><\/td><td>: FORD Otosan A.\u015e.<\/td><\/tr><tr><td><strong><em><u>#13<\/u><\/em><\/strong><\/td><td><strong><em>Affiliation<\/em><\/strong><\/td><td>: Sabanci University<\/td><\/tr><tr><td colspan=\"2\"><strong><em>Position<\/em><\/strong><\/td><td>: Advisor<\/td><\/tr><tr><td colspan=\"2\"><strong><em>Project Title<\/em><\/strong><\/td><td>: National Integrated Tactical Wheeled Vehicle<\/td><\/tr><tr><td colspan=\"2\"><strong><em>Period<\/em><\/strong><\/td><td>: 20.02.2018 &#8211; 20.02.2021<\/td><\/tr><tr><td colspan=\"2\"><strong><em>Funding Agency<\/em><\/strong><\/td><td>: T\u00dcBITAK-1501: TEYDEB<\/td><\/tr><tr><td><strong><em><u>#12<\/u><\/em><\/strong><\/td><td><strong><em>Affiliation<\/em><\/strong><\/td><td>: Sabanci University<\/td><\/tr><tr><td colspan=\"2\"><strong><em>Position<\/em><\/strong><\/td><td>: Researcher<\/td><\/tr><tr><td colspan=\"2\"><strong><em>Project Title<\/em><\/strong><\/td><td>: Hafif Z\u0131rh Uygulamalar\u0131 I\u00e7in Al\u00fcmina Serami\u011finin Oksit Seramik ve Metal Faz Katk\u0131s\u0131yla \u00dcretilmesi ve Karakterizasyonu<\/td><\/tr><tr><td colspan=\"2\"><strong><em>Period<\/em><\/strong><\/td><td>: 15.11.2018 &#8211; 15.11.2019<\/td><\/tr><tr><td colspan=\"2\"><strong><em>Funding Agency<\/em><\/strong><\/td><td>: T\u00dcBITAK-1002: 118M806<\/td><\/tr><tr><td><strong><em><u>#11<\/u><\/em><\/strong><\/td><td><strong><em>Affiliation<\/em><\/strong><\/td><td>: Sabanci University<\/td><\/tr><tr><td colspan=\"2\"><strong><em>Position<\/em><\/strong><\/td><td>: Advisor<\/td><\/tr><tr><td colspan=\"2\"><strong><em>Project Title<\/em><\/strong><\/td><td>: Kristal Plastisite Sonlu Eleman Metodu Kullan\u0131larak Plastik Deformasyon Sonras\u0131 Olu\u015fan Kal\u0131nt\u0131 Gerilimlerin Hesaplanmas\u0131 I\u00e7in N\u00fcmerik Y\u00f6ntem Geli\u015ftirilmesi Ve Otomotiv Uygulamas\u0131<\/td><\/tr><tr><td colspan=\"2\"><strong><em>Period<\/em><\/strong><\/td><td>: 01.11.2018 &#8211;&nbsp;<\/td><\/tr><tr><td colspan=\"2\"><strong><em>Funding Agency<\/em><\/strong><\/td><td>: T\u00dcBITAK-1001: 118M285<\/td><\/tr><tr><td><strong><em><u>#10<\/u><\/em><\/strong><\/td><td><strong><em>Affiliation<\/em><\/strong><\/td><td>: Sabanci University<\/td><\/tr><tr><td colspan=\"2\"><strong><em>Position<\/em><\/strong><\/td><td>: Advisor<\/td><\/tr><tr><td colspan=\"2\"><strong><em>Project Title<\/em><\/strong><\/td><td>: Farkl\u0131 \u0130stifleme Dizilerine Ve Karbon Elyaf Tiplerine Sahip Fiber Takviyeli Polimerlerin Y\u00fck Alt\u0131ndaki Mikro-Hasar Olu\u015fumunun\/Birikiminin Hibrit Y\u00f6ntemler Kullanarak \u0130zlenmesi<\/td><\/tr><tr><td colspan=\"2\"><strong><em>Period<\/em><\/strong><\/td><td>: 01.09.2018 &#8211;&nbsp;<\/td><\/tr><tr><td colspan=\"2\"><strong><em>Funding Agency<\/em><\/strong><\/td><td>: T\u00dcBITAK-1001: 217M211<\/td><\/tr><tr><td><strong><em><u>#9<\/u><\/em><\/strong><\/td><td><strong><em>Affiliation<\/em><\/strong><\/td><td>: Sabanci University<\/td><\/tr><tr><td colspan=\"2\"><strong><em>Position<\/em><\/strong><\/td><td>: Advisor<\/td><\/tr><tr><td colspan=\"2\"><strong><em>Project Title<\/em><\/strong><\/td><td>: \u00c7elik G\u00f6vde Ba\u011flant\u0131 Par\u00e7as\u0131n\u0131n Tasar\u0131m\u0131 Eniyile\u015ftirilerek Yenilik\u00e7i \u0130malat Teknikleri Sonucunda Elde Edilecek Termoplastik Karbon Kompozitlerin (TFP) Kullan\u0131lmas\u0131 \u0130le Hafifle\u015ftirilmesi<\/td><\/tr><tr><td colspan=\"2\"><strong><em>Period<\/em><\/strong><\/td><td>: 01.10.2018 &#8211;&nbsp;<\/td><\/tr><tr><td colspan=\"2\"><strong><em>Funding Agency<\/em><\/strong><\/td><td>: T\u00dcBITAK-1511: TEYDEB 1180152<\/td><\/tr><tr><td><strong><em><u>#8<\/u><\/em><\/strong><\/td><td><strong><em>Affiliation<\/em><\/strong><\/td><td>: Sabanci University<\/td><\/tr><tr><td colspan=\"2\"><strong><em>Position<\/em><\/strong><\/td><td>: PI<\/td><\/tr><tr><td colspan=\"2\"><strong><em>Project Title<\/em><\/strong><\/td><td>: Darbe S\u00f6n\u00fcmlendirici Bariyer Test, Analiz &nbsp;ve Tasar\u0131m\u0131<\/td><\/tr><tr><td colspan=\"2\"><strong><em>Period<\/em><\/strong><\/td><td>: 20.02.2018 &#8211; 31.07.2019<\/td><\/tr><tr><td colspan=\"2\"><strong><em>Funding Agency<\/em><\/strong><\/td><td>: \u0130GDA\u015e: E.D.KM-18-01812<\/td><\/tr><tr><td><strong><em><u>#7<\/u><\/em><\/strong><\/td><td><strong><em>Affiliation<\/em><\/strong><\/td><td>: Sabanci University<\/td><\/tr><tr><td colspan=\"2\"><strong><em>Position<\/em><\/strong><\/td><td>: PI<\/td><\/tr><tr><td colspan=\"2\"><strong><em>Project Title<\/em><\/strong><\/td><td>: Kompozit Malzeme Teknolojileri Ile \u00dcretilecek Par\u00e7alar\u0131n Do\u011frulanm\u0131\u015f Sonlu Elemanlar Analizlerini Ger\u00e7ekle\u015ftirmek \u00dczere Temel Y\u00f6ntem Ve Yakla\u015f\u0131mlar\u0131n Belirlenmesi<\/td><\/tr><tr><td colspan=\"2\"><strong><em>Period<\/em><\/strong><\/td><td>: 03.09.2018 &#8211; 07.07.2019<\/td><\/tr><tr><td colspan=\"2\"><strong><em>Funding Agency<\/em><\/strong><\/td><td>: BORUSAN: E.A.KM-18-01869<\/td><\/tr><tr><td><strong><em><u>#6<\/u><\/em><\/strong><\/td><td><strong><em>Affiliation<\/em><\/strong><\/td><td>: Infinitdynamics Ltd. \u015eti.<\/td><\/tr><tr><td colspan=\"2\"><strong><em>Position<\/em><\/strong><\/td><td>: Advisor<\/td><\/tr><tr><td colspan=\"2\"><strong><em>Project Title<\/em><\/strong><\/td><td>: Lightweight design, analysis, optimization and certification by analysis of aviation seats<\/td><\/tr><tr><td colspan=\"2\"><strong><em>Period<\/em><\/strong><\/td><td>: 01.04.2014 &#8211; 01.04.2016<\/td><\/tr><tr><td colspan=\"2\"><strong><em>Funding Agency<\/em><\/strong><\/td><td>: T\u00dcBITAK-1507: TEYDEB<\/td><\/tr><tr><td colspan=\"2\"><strong><em>Collaboration<\/em><\/strong><\/td><td>: Turkish Seat Industries (TSI)<\/td><\/tr><tr><td><strong><em><u>#5<\/u><\/em><\/strong><\/td><td><strong><em>Affiliation<\/em><\/strong><\/td><td>: Sabanci University<\/td><\/tr><tr><td colspan=\"2\"><strong><em>Position<\/em><\/strong><\/td><td>: Researcher<\/td><\/tr><tr><td colspan=\"2\"><strong><em>Project Title<\/em><\/strong><\/td><td>: Otokorkuluk Dikmelerinin Performans\u0131na Zemin \u00d6zelliklerinin Etkisinin Arazi Deneyleri ve Say\u0131sal Analizler Kullan\u0131larak \u0130ncelenmesi<\/td><\/tr><tr><td colspan=\"2\"><strong><em>Period<\/em><\/strong><\/td><td>: 01.04.2014 &#8211; 01.04.2016<\/td><\/tr><tr><td colspan=\"2\"><strong><em>Funding Agency<\/em><\/strong><\/td><td>: T\u00dcBITAK-1001: 213M516<\/td><\/tr><tr><td colspan=\"2\"><strong><em>Collaboration<\/em><\/strong><\/td><td>: Directorate of Highways (KGM)<\/td><\/tr><tr><td><strong><em><u>#4<\/u><\/em><\/strong><\/td><td><strong><em>Affiliation<\/em><\/strong><\/td><td>: National Crash Analysis Center, The George Washington University <a href=\"http:\/\/www.ncac.gwu.edu\">www.ncac.gwu.edu<\/a><\/td><\/tr><tr><td colspan=\"2\"><strong><em>Position<\/em><\/strong><\/td><td>: Lead Research Fellow (November 2004 \u2013 2013), Lead Research Associate (since 2013)<\/td><\/tr><tr><td colspan=\"2\"><strong><em>Project Title<\/em><\/strong><\/td><td>: Explicit Finite Element Analysis (FEA) of Uncontained Aircraft Engine Failure<\/td><\/tr><tr><td colspan=\"2\"><strong><em>Period<\/em><\/strong><\/td><td>: November 2004 \u2013 2013<\/td><\/tr><tr><td colspan=\"2\"><strong><em>Funding Agency<\/em><\/strong><\/td><td>: Federal Aviation Administration (FAA) Aircraft Catastrophic Failure Prevention Program &nbsp;&nbsp;U.S. Department of Transportation (DOT)<\/td><\/tr><tr><td><strong><em><u>#3<\/u><\/em><\/strong><\/td><td><strong><em>Affiliation<\/em><\/strong><\/td><td>: National Crash Analysis Center, The George Washington University <a href=\"http:\/\/www.ncac.gwu.edu\">www.ncac.gwu.edu<\/a><\/td><\/tr><tr><td colspan=\"2\"><strong><em>Position<\/em><\/strong><\/td><td>: Research Fellow<\/td><\/tr><tr><td colspan=\"2\"><strong><em>Project Title<\/em><\/strong><\/td><td>: Development of Guidance for the Selection, Use, and Maintenance of Cable Barrier Systems<\/td><\/tr><tr><td colspan=\"2\"><strong><em>Project Activity<\/em><\/strong><\/td><td>: April 2008 &#8211; December 2011<\/td><\/tr><tr><td colspan=\"2\"><strong><em>Funding Agency<\/em><\/strong><\/td><td>: Transportation Research Board (TRB), National Academy of Sciences &nbsp;&nbsp;The National Cooperative Highway Research Program (NCHRP), NCHRP Project 22-25<\/td><\/tr><tr><td><strong><em><u>#2<\/u><\/em><\/strong><\/td><td><strong><em>Affiliation<\/em><\/strong><\/td><td>: National Crash Analysis Center, The George Washington University <a href=\"http:\/\/www.ncac.gwu.edu\">www.ncac.gwu.edu<\/a><\/td><\/tr><tr><td colspan=\"2\"><strong><em>Position<\/em><\/strong><\/td><td>: Research Fellow<\/td><\/tr><tr><td colspan=\"2\"><strong><em>Project Title<\/em><\/strong><\/td><td>: Development and Improvement of Anti-ram Devices for the Protection of U.S. Physical Assets, Buildings in Washington D.C. and Abroad<\/td><\/tr><tr><td colspan=\"2\"><strong><em>Project Activity<\/em><\/strong><\/td><td>: September 2005 &#8211; September 2008<\/td><\/tr><tr><td colspan=\"2\"><strong><em>Funding Agency<\/em><\/strong><\/td><td>: U.S. Department of State (DOS)<\/td><\/tr><tr><td><strong><em><u>#1<\/u><\/em><\/strong><\/td><td><strong><em>Affiliation<\/em><\/strong><\/td><td>: National Crash Analysis Center, The George Washington University <a href=\"http:\/\/www.ncac.gwu.edu\">www.ncac.gwu.edu<\/a><\/td><\/tr><tr><td colspan=\"2\"><strong><em>Position<\/em><\/strong><\/td><td>: Research Fellow<\/td><\/tr><tr><td colspan=\"2\"><strong><em>Project Title<\/em><\/strong><\/td><td>: Cooperative Agreement between FHWA \/ National Highway Traffic Safety Administration (NHTSA) and NCAC on Highway, Infrastructure and Occupant Safety Research<\/td><\/tr><tr><td colspan=\"2\"><strong><em>Project Activity<\/em><\/strong><\/td><td>: September 2003 &#8211; April 2008<\/td><\/tr><tr><td colspan=\"2\"><strong><em>Funding Agency<\/em><\/strong><\/td><td>: FHWA\/ NHTSA, U.S. DOT&nbsp;<\/td><\/tr><\/tbody><\/table><\/figure>\n\n\n\n<p><\/p>\n","protected":false},"excerpt":{"rendered":"<p>#15 Affiliation : Sabanci University Position : Advisor Project Title : E\u015f Zamanl\u0131 Yap\u0131sal Davran\u0131\u015f \u0130zleme ve Uyar\u0131 Sistemi Period : 2020-2021 Funding Agency : T\u00dcBITAK-1511: TEYDEB #14 Affiliation : Sabanci University Position : PI Project Title : Sonlu Elemanlar Analizi \u0130le Polimer Matris Kompozit Yaprak Yay Tasar\u0131m\u0131 Projesi Period : 2020-2021 Funding Agency : [&hellip;]<\/p>\n","protected":false},"author":9532,"featured_media":0,"parent":0,"menu_order":0,"comment_status":"closed","ping_status":"closed","template":"","meta":{"footnotes":"","_links_to":"","_links_to_target":""},"class_list":["post-11","page","type-page","status-publish","hentry"],"_links":{"self":[{"href":"https:\/\/blog.metu.edu.tr\/mbuyuk\/wp-json\/wp\/v2\/pages\/11","targetHints":{"allow":["GET"]}}],"collection":[{"href":"https:\/\/blog.metu.edu.tr\/mbuyuk\/wp-json\/wp\/v2\/pages"}],"about":[{"href":"https:\/\/blog.metu.edu.tr\/mbuyuk\/wp-json\/wp\/v2\/types\/page"}],"author":[{"embeddable":true,"href":"https:\/\/blog.metu.edu.tr\/mbuyuk\/wp-json\/wp\/v2\/users\/9532"}],"replies":[{"embeddable":true,"href":"https:\/\/blog.metu.edu.tr\/mbuyuk\/wp-json\/wp\/v2\/comments?post=11"}],"version-history":[{"count":0,"href":"https:\/\/blog.metu.edu.tr\/mbuyuk\/wp-json\/wp\/v2\/pages\/11\/revisions"}],"wp:attachment":[{"href":"https:\/\/blog.metu.edu.tr\/mbuyuk\/wp-json\/wp\/v2\/media?parent=11"}],"curies":[{"name":"wp","href":"https:\/\/api.w.org\/{rel}","templated":true}]}}