{"id":2,"date":"2010-12-01T16:28:30","date_gmt":"2010-12-01T14:28:30","guid":{"rendered":"http:\/\/blog.metu.edu.tr\/library\/hakkinda\/"},"modified":"2010-12-01T16:28:30","modified_gmt":"2010-12-01T14:28:30","slug":"hakkinda","status":"publish","type":"page","link":"https:\/\/blog.metu.edu.tr\/library\/hakkinda\/","title":{"rendered":"Hakk\u0131nda"},"content":{"rendered":"<p>1956 y\u0131l\u0131nda kurulan ODT\u00dc K\u00fct\u00fcphanesi,\u00a02009 y\u0131l\u0131 verilerine g\u00f6re 406.591 bas\u0131l\u0131 kitap, 76.630 elektronik kitap, 173.767 ciltli dergi, 1.249 bas\u0131l\u0131 dergi aboneli\u011fi, 56.158 elektronik dergi aboneli\u011fi, 16.222 y\u00fcksek lisans ve doktora tezi ile T\u00fcrkiye&#8217;nin en geni\u015f ve de\u011ferli koleksiyonlar\u0131ndan birine sahiptir.<\/p>\n<p>ODT\u00dc K\u00fct\u00fcphanesi koleksiyonu Kongre K\u00fct\u00fcphanesi S\u0131n\u0131flama Sistemi&#8217;ne g\u00f6re d\u00fczenlenmi\u015ftir. Koleksiyondaki tezler, TSE standartlar\u0131, 1990 y\u0131l\u0131ndan \u00f6nce yay\u0131mlanm\u0131\u015f dergiler ve depo koleksiyonu d\u0131\u015f\u0131ndaki t\u00fcm bas\u0131l\u0131 materyaller a\u00e7\u0131k raf sisteminde kullan\u0131ma sunulmaktad\u0131r.<\/p>\n","protected":false},"excerpt":{"rendered":"<p>1956 y\u0131l\u0131nda kurulan ODT\u00dc K\u00fct\u00fcphanesi,\u00a02009 y\u0131l\u0131 verilerine g\u00f6re 406.591 bas\u0131l\u0131 kitap, 76.630 elektronik kitap, 173.767 ciltli dergi, 1.249 bas\u0131l\u0131 dergi aboneli\u011fi, 56.158 elektronik dergi aboneli\u011fi, 16.222 y\u00fcksek lisans ve doktora tezi ile T\u00fcrkiye&#8217;nin en geni\u015f ve de\u011ferli koleksiyonlar\u0131ndan birine sahiptir. ODT\u00dc K\u00fct\u00fcphanesi koleksiyonu Kongre K\u00fct\u00fcphanesi S\u0131n\u0131flama Sistemi&#8217;ne g\u00f6re d\u00fczenlenmi\u015ftir. Koleksiyondaki tezler, TSE standartlar\u0131, 1990 y\u0131l\u0131ndan [&hellip;]<\/p>\n","protected":false},"author":590,"featured_media":0,"parent":0,"menu_order":0,"comment_status":"open","ping_status":"open","template":"","meta":{"footnotes":"","_links_to":"","_links_to_target":""},"class_list":["post-2","page","type-page","status-publish","hentry"],"_links":{"self":[{"href":"https:\/\/blog.metu.edu.tr\/library\/wp-json\/wp\/v2\/pages\/2","targetHints":{"allow":["GET"]}}],"collection":[{"href":"https:\/\/blog.metu.edu.tr\/library\/wp-json\/wp\/v2\/pages"}],"about":[{"href":"https:\/\/blog.metu.edu.tr\/library\/wp-json\/wp\/v2\/types\/page"}],"author":[{"embeddable":true,"href":"https:\/\/blog.metu.edu.tr\/library\/wp-json\/wp\/v2\/users\/590"}],"replies":[{"embeddable":true,"href":"https:\/\/blog.metu.edu.tr\/library\/wp-json\/wp\/v2\/comments?post=2"}],"version-history":[{"count":0,"href":"https:\/\/blog.metu.edu.tr\/library\/wp-json\/wp\/v2\/pages\/2\/revisions"}],"wp:attachment":[{"href":"https:\/\/blog.metu.edu.tr\/library\/wp-json\/wp\/v2\/media?parent=2"}],"curies":[{"name":"wp","href":"https:\/\/api.w.org\/{rel}","templated":true}]}}