{"id":24,"date":"2023-10-25T18:32:42","date_gmt":"2023-10-25T18:32:42","guid":{"rendered":"https:\/\/blog.metu.edu.tr\/laproc\/?page_id=24"},"modified":"2025-08-13T10:59:59","modified_gmt":"2025-08-13T10:59:59","slug":"publications","status":"publish","type":"page","link":"https:\/\/blog.metu.edu.tr\/laproc\/publications\/","title":{"rendered":"Publications"},"content":{"rendered":"\n<p>Recent publications \/ Yak\u0131n tarihli yay\u0131nlar<\/p>\n\n\n\n<p>K\u0131rk\u0131c\u0131, B., Demir, O. &amp; O\u011fuz, E. (2025). Embedded Stems. <em>Encyclopedia of Language and Linguistics<\/em> (3rd Ed.). Elsevier.<\/p>\n\n\n\n<p>K\u0131rk\u0131c\u0131, B. (2025). Morphological Processing in Turkish. In Johanson, L. (ed.) <em>Encyclopedia of Turkic Languages and Linguistics Online<\/em>. Brill.<\/p>\n\n\n\n<p>Kahraman, H., K\u0131rk\u0131c\u0131, B. &amp; Beyersmann, L. (2025). <a href=\"https:\/\/www.cambridge.org\/core\/journals\/bilingualism-language-and-cognition\/article\/two-decades-later-letter-transpositions-within-and-across-morpheme-boundaries-in-l1-and-l2-speakers\/C06086E59E3219D857739B057D960809\">Two decades later: Letter Transpositions Within and Across Morpheme Boundaries in L1 and L2 Speakers<\/a>. <em>Bilingualism: Language and Cognition<\/em>.<\/p>\n\n\n\n<p>Acart\u00fcrk, C., \u00d6zkan, A., Pek\u00e7etin, T. N., Ormano\u011flu, Z., &amp; K\u0131rk\u0131c\u0131, B. (2024). <a href=\"https:\/\/link.springer.com\/article\/10.3758\/s13428-023-02120-6\">TURead: An eye movement dataset of Turkish reading<\/a>. <em>Behavior Research Methods<\/em>, 56(3), 1793-1816.<\/p>\n\n\n\n<p>Demir, O., Gra\u010danin-Yuksek, M. &amp; K\u0131rk\u0131c\u0131, B. (2024). <a href=\"https:\/\/tl.harrassowitz-library.com\/article\/TL\/2024\/2\/5\">Psycholinguistic investigations on the non-local referential properties of kendisi and o<\/a>. <em>Turkic Languages<\/em>, 28(2), 225-245.<\/p>\n\n\n\n<p>O\u011fuz, E., &amp; K\u0131rk\u0131c\u0131, B. (2023). <a href=\"https:\/\/link.springer.com\/article\/10.1007\/s11145-022-10377-0\">The processing of morphologically complex words by developing readers of Turkish: a masked priming study.<\/a>&nbsp;<em>Reading and Writing<\/em>,&nbsp;<em>36<\/em>(8), 2053-2080.<\/p>\n\n\n\n<p>Du\u00f1abeitia, J. A., Baciero, A., Antoniou, K., Antoniou, M., Ataman, E., Baus, C., &#8230; &amp; Pliatsikas, C. (2022). <a href=\"https:\/\/www.nature.com\/articles\/s41597-022-01552-7\">The multilingual picture database<\/a>.&nbsp;<em>Scientific data<\/em>,&nbsp;<em>9<\/em>(1), 431.<\/p>\n\n\n\n<p>Kahraman, H., &amp; K\u0131rk\u0131c\u0131, B. (2021). <a href=\"https:\/\/www.cambridge.org\/core\/journals\/applied-psycholinguistics\/article\/letter-transpositions-and-morphemic-boundaries-in-the-second-language-processing-of-derived-words-an-exploratory-study-of-individual-differences\/BB48F642F9D78DA2AF24E45971E852F8\">Letter transpositions and morphemic boundaries in the second language processing of derived words: An exploratory study of individual differences.<\/a>&nbsp;<em>Applied Psycholinguistics<\/em>,&nbsp;<em>42<\/em>(2), 417-446.<\/p>\n","protected":false},"excerpt":{"rendered":"<p>Recent publications \/ Yak\u0131n tarihli yay\u0131nlar K\u0131rk\u0131c\u0131, B., Demir, O. &amp; O\u011fuz, E. (2025). Embedded Stems. Encyclopedia of Language and Linguistics (3rd Ed.). Elsevier. K\u0131rk\u0131c\u0131, B. (2025). Morphological Processing in Turkish. In Johanson, L. (ed.) Encyclopedia of Turkic Languages and Linguistics Online. Brill. Kahraman, H., K\u0131rk\u0131c\u0131, B. &amp; Beyersmann, L. (2025). Two decades later: Letter [&hellip;]<\/p>\n","protected":false},"author":8847,"featured_media":0,"parent":0,"menu_order":0,"comment_status":"closed","ping_status":"closed","template":"","meta":{"footnotes":"","_links_to":"","_links_to_target":""},"class_list":["post-24","page","type-page","status-publish","hentry"],"_links":{"self":[{"href":"https:\/\/blog.metu.edu.tr\/laproc\/wp-json\/wp\/v2\/pages\/24","targetHints":{"allow":["GET"]}}],"collection":[{"href":"https:\/\/blog.metu.edu.tr\/laproc\/wp-json\/wp\/v2\/pages"}],"about":[{"href":"https:\/\/blog.metu.edu.tr\/laproc\/wp-json\/wp\/v2\/types\/page"}],"author":[{"embeddable":true,"href":"https:\/\/blog.metu.edu.tr\/laproc\/wp-json\/wp\/v2\/users\/8847"}],"replies":[{"embeddable":true,"href":"https:\/\/blog.metu.edu.tr\/laproc\/wp-json\/wp\/v2\/comments?post=24"}],"version-history":[{"count":0,"href":"https:\/\/blog.metu.edu.tr\/laproc\/wp-json\/wp\/v2\/pages\/24\/revisions"}],"wp:attachment":[{"href":"https:\/\/blog.metu.edu.tr\/laproc\/wp-json\/wp\/v2\/media?parent=24"}],"curies":[{"name":"wp","href":"https:\/\/api.w.org\/{rel}","templated":true}]}}