{"id":16,"date":"2023-10-25T18:27:33","date_gmt":"2023-10-25T18:27:33","guid":{"rendered":"https:\/\/blog.metu.edu.tr\/laproc\/?page_id=16"},"modified":"2026-04-07T07:36:29","modified_gmt":"2026-04-07T07:36:29","slug":"members","status":"publish","type":"page","link":"https:\/\/blog.metu.edu.tr\/laproc\/members\/","title":{"rendered":"Members \/ \u00dcyeler"},"content":{"rendered":"\n<p><a href=\"http:\/\/blog.metu.edu.tr\/bkirkici\">Prof. Dr. Bilal K\u0131rk\u0131c\u0131<\/a> <\/p>\n\n\n\n<p><a href=\"https:\/\/scholar.google.com\/citations?user=Y2zxIBMAAAAJ&amp;hl=tr\">Dr. Orhan Demir<\/a><\/p>\n\n\n\n<p><a href=\"https:\/\/scholar.google.com\/citations?user=xdQiWiEAAAAJ&amp;hl=en\">Dr. Enis O\u011fuz<\/a><\/p>\n\n\n\n<p>Dr. S. Deniz Y\u0131lmaz<\/p>\n\n\n\n<p>Eyl\u00fcl Arslan<\/p>\n\n\n\n<p>C. Ya\u011fmur \u00d6zt\u00fcrk<\/p>\n\n\n\n<p>Zeynep N. \u0130\u015fler<\/p>\n\n\n\n<p>\u0130pek \u00c7elik<\/p>\n\n\n\n<p>Elif Y\u0131lmaz<\/p>\n\n\n\n<p>Buse Karaka\u015f<\/p>\n\n\n\n<p>\u00d6yk\u00fc G\u00fcnd\u00fcz<\/p>\n\n\n\n<p>Duygu \u00d6zturkut<\/p>\n\n\n\n<div class=\"wp-block-columns is-layout-flex wp-container-core-columns-is-layout-9d6595d7 wp-block-columns-is-layout-flex\">\n<div class=\"wp-block-column is-layout-flow wp-block-column-is-layout-flow\"><\/div>\n<\/div>\n\n\n\n<div class=\"wp-block-group\"><div class=\"wp-block-group__inner-container is-layout-constrained wp-block-group-is-layout-constrained\">\n<h4 class=\"wp-block-heading\">Former Members \/ Eski \u00dcyeler<\/h4>\n\n\n\n<p><a href=\"https:\/\/www.beyersmannlab.cogscience.org\/author\/esra-ataman\/\">Esra Ataman<\/a> (now: Macquarie University)<\/p>\n\n\n\n<p><a href=\"https:\/\/www.ntnu.edu\/employees\/zeynep.belendir\">Zeynep Belendir<\/a> (now: Norwegian University of Science and Technology)<\/p>\n\n\n\n<p><a href=\"https:\/\/phd-idealab.com\/candidates\/ozan-can-caglar\/\">Ozan Can \u00c7a\u011flar<\/a> (now: IDEALAB)<\/p>\n\n\n\n<p><a href=\"https:\/\/www.acu.edu.au\/research-and-enterprise\/our-people\/hasibe-kahraman\">Hasibe Kahraman<\/a> (now: Australian Centre for the Advancement of Literacy)<\/p>\n\n\n\n<p><a href=\"https:\/\/www.tu-braunschweig.de\/anglistik\/seminar\/linguistik\/team\/safak\">Duygu F. \u015eafak<\/a> (now: Technische Universit\u00e4t Braunschweig)<\/p>\n\n\n\n<p><\/p>\n<\/div><\/div>\n","protected":false},"excerpt":{"rendered":"<p>Prof. Dr. Bilal K\u0131rk\u0131c\u0131 Dr. Orhan Demir Dr. Enis O\u011fuz Dr. S. Deniz Y\u0131lmaz Eyl\u00fcl Arslan C. Ya\u011fmur \u00d6zt\u00fcrk Zeynep N. \u0130\u015fler \u0130pek \u00c7elik Elif Y\u0131lmaz Buse Karaka\u015f \u00d6yk\u00fc G\u00fcnd\u00fcz Duygu \u00d6zturkut Former Members \/ Eski \u00dcyeler Esra Ataman (now: Macquarie University) Zeynep Belendir (now: Norwegian University of Science and Technology) Ozan Can \u00c7a\u011flar (now: [&hellip;]<\/p>\n","protected":false},"author":8847,"featured_media":0,"parent":0,"menu_order":0,"comment_status":"open","ping_status":"closed","template":"","meta":{"footnotes":"","_links_to":"","_links_to_target":""},"class_list":["post-16","page","type-page","status-publish","hentry"],"_links":{"self":[{"href":"https:\/\/blog.metu.edu.tr\/laproc\/wp-json\/wp\/v2\/pages\/16","targetHints":{"allow":["GET"]}}],"collection":[{"href":"https:\/\/blog.metu.edu.tr\/laproc\/wp-json\/wp\/v2\/pages"}],"about":[{"href":"https:\/\/blog.metu.edu.tr\/laproc\/wp-json\/wp\/v2\/types\/page"}],"author":[{"embeddable":true,"href":"https:\/\/blog.metu.edu.tr\/laproc\/wp-json\/wp\/v2\/users\/8847"}],"replies":[{"embeddable":true,"href":"https:\/\/blog.metu.edu.tr\/laproc\/wp-json\/wp\/v2\/comments?post=16"}],"version-history":[{"count":0,"href":"https:\/\/blog.metu.edu.tr\/laproc\/wp-json\/wp\/v2\/pages\/16\/revisions"}],"wp:attachment":[{"href":"https:\/\/blog.metu.edu.tr\/laproc\/wp-json\/wp\/v2\/media?parent=16"}],"curies":[{"name":"wp","href":"https:\/\/api.w.org\/{rel}","templated":true}]}}