{"id":15,"date":"2023-10-25T18:27:33","date_gmt":"2023-10-25T18:27:33","guid":{"rendered":"https:\/\/blog.metu.edu.tr\/laproc\/?page_id=15"},"modified":"2023-12-25T19:49:14","modified_gmt":"2023-12-25T19:49:14","slug":"about-laproc","status":"publish","type":"page","link":"https:\/\/blog.metu.edu.tr\/laproc\/about-laproc\/","title":{"rendered":"LaProc?"},"content":{"rendered":"\n<p>The members of the METU Language Processing Research Group (<strong>LaProc<\/strong>) are, broadly defined, interested in language and learning. LaProc members are predominantly former or actual MA\/PhD students @<a href=\"http:\/\/www.metu.edu.tr\">METU<\/a>, although we also have some undergraduate members (see <a href=\"https:\/\/blog.metu.edu.tr\/laproc\/members\/\">here <\/a>for the full list of members). For questions or comments, contact <a href=\"mailto:bkirkici@metu.edu.tr\" target=\"_blank\" rel=\"noreferrer noopener\">bkirkici@metu.edu.tr<\/a>.<\/p>\n\n\n\n<p>ODT\u00dc Dil \u0130\u015flemleme Ara\u015ft\u0131rma Grubu (METU Language Processing Research Group, <strong>LaProc<\/strong>), geni\u015f anlamda dil ve \u00f6\u011frenmeyle ilgilenen ara\u015ft\u0131rmac\u0131lardan olu\u015fmaktad\u0131r. Grup \u00fcyelerinin \u00e7o\u011funlu\u011fu ya halihaz\u0131rda ODT\u00dc&#8217;de Y\u00fcksek Lisans\/Doktora \u00f6\u011frencisi olan ya da ODT\u00dc&#8217;den mezun olan ara\u015ft\u0131rmac\u0131lardan olu\u015fsa da, aram\u0131zda az say\u0131da lisans \u00f6\u011frencisi de var (grup \u00fcyelerinin listesine <a href=\"https:\/\/blog.metu.edu.tr\/laproc\/members\/\">buradan <\/a>ula\u015fabilirsiniz). Grupla ileti\u015fim kurmak veya soru sormak i\u00e7in <a href=\"mailto:bkirkici@metu.edu.tr\" target=\"_blank\" rel=\"noreferrer noopener\">bkirkici@metu.edu.tr<\/a> adresine eposta yollayabilirsiniz.<\/p>\n","protected":false},"excerpt":{"rendered":"<p>The members of the METU Language Processing Research Group (LaProc) are, broadly defined, interested in language and learning. LaProc members are predominantly former or actual MA\/PhD students @METU, although we also have some undergraduate members (see here for the full list of members). For questions or comments, contact bkirkici@metu.edu.tr. ODT\u00dc Dil \u0130\u015flemleme Ara\u015ft\u0131rma Grubu (METU [&hellip;]<\/p>\n","protected":false},"author":8847,"featured_media":0,"parent":0,"menu_order":0,"comment_status":"closed","ping_status":"closed","template":"","meta":{"footnotes":"","_links_to":"","_links_to_target":""},"class_list":["post-15","page","type-page","status-publish","hentry"],"_links":{"self":[{"href":"https:\/\/blog.metu.edu.tr\/laproc\/wp-json\/wp\/v2\/pages\/15","targetHints":{"allow":["GET"]}}],"collection":[{"href":"https:\/\/blog.metu.edu.tr\/laproc\/wp-json\/wp\/v2\/pages"}],"about":[{"href":"https:\/\/blog.metu.edu.tr\/laproc\/wp-json\/wp\/v2\/types\/page"}],"author":[{"embeddable":true,"href":"https:\/\/blog.metu.edu.tr\/laproc\/wp-json\/wp\/v2\/users\/8847"}],"replies":[{"embeddable":true,"href":"https:\/\/blog.metu.edu.tr\/laproc\/wp-json\/wp\/v2\/comments?post=15"}],"version-history":[{"count":0,"href":"https:\/\/blog.metu.edu.tr\/laproc\/wp-json\/wp\/v2\/pages\/15\/revisions"}],"wp:attachment":[{"href":"https:\/\/blog.metu.edu.tr\/laproc\/wp-json\/wp\/v2\/media?parent=15"}],"curies":[{"name":"wp","href":"https:\/\/api.w.org\/{rel}","templated":true}]}}