{"id":114,"date":"2023-12-25T19:42:04","date_gmt":"2023-12-25T19:42:04","guid":{"rendered":"https:\/\/blog.metu.edu.tr\/laproc\/?page_id=114"},"modified":"2025-09-16T08:38:50","modified_gmt":"2025-09-16T08:38:50","slug":"also-in-this-universe","status":"publish","type":"page","link":"https:\/\/blog.metu.edu.tr\/laproc\/also-in-this-universe\/","title":{"rendered":"Also in this universe&#8230;"},"content":{"rendered":"\n<p>We are not alone in this universe; other, very prolific, research groups also conduct interesting research into &#8220;language.&#8221; Here&#8217;s an incomplete list (please contact <a href=\"mailto:bkirkici@metu.edu.tr\" target=\"_blank\" rel=\"noreferrer noopener\">bkirkici@metu.edu.tr<\/a> if you&#8217;d like yours to be added to this list).<\/p>\n\n\n\n<p>Bu evrende yaln\u0131z de\u011filiz; &#8220;dil&#8221; konusunda son derece ilgin\u00e7 \u00e7al\u0131\u015fmalar y\u00fcr\u00fcten ba\u015fka ara\u015ft\u0131rma gruplar\u0131 da var. A\u015fa\u011f\u0131da bu ara\u015ft\u0131rma gruplar\u0131n\u0131n mutlak eksik bir listesini sunuyoruz (eklenmesini istedi\u011finiz bir ara\u015ft\u0131rma grubu varsa, bkirkici@metu.edu.tr adresine eposta yollayabilirsiniz).<\/p>\n\n\n\n<ul class=\"wp-block-list\">\n<li><a href=\"https:\/\/discore.metu.edu.tr\/\">METU DISCORE<\/a> (DIScourse and COrpus REsearch Group)<br>PI: Hale I\u015f\u0131k G\u00fcler<\/li>\n\n\n\n<li>METU Language and Cognitive Development Lab (<a href=\"https:\/\/langcog.metu.edu.tr\/en\">METU langcog<\/a>)<br>PI: Duygu Sar\u0131soy<\/li>\n\n\n\n<li><a href=\"http:\/\/dilab.ankara.edu.tr\/\">diLab<\/a> (Ankara \u00dcniversitesi Dil ve Tarih-Co\u011frafya Fak\u00fcltesi Dilbilim Laboratuvar\u0131)<br>PI: \u00d6zg\u00fcr Ayd\u0131n<\/li>\n\n\n\n<li>Bo\u011fazi\u00e7i Psycholinguistics Research Laboratory (<a href=\"http:\/\/denizlab.boun.edu.tr\/\">DenizLab<\/a>)<br>PI: Nazik Din\u00e7topal Deniz <\/li>\n<\/ul>\n","protected":false},"excerpt":{"rendered":"<p>We are not alone in this universe; other, very prolific, research groups also conduct interesting research into &#8220;language.&#8221; Here&#8217;s an incomplete list (please contact bkirkici@metu.edu.tr if you&#8217;d like yours to be added to this list). Bu evrende yaln\u0131z de\u011filiz; &#8220;dil&#8221; konusunda son derece ilgin\u00e7 \u00e7al\u0131\u015fmalar y\u00fcr\u00fcten ba\u015fka ara\u015ft\u0131rma gruplar\u0131 da var. A\u015fa\u011f\u0131da bu ara\u015ft\u0131rma gruplar\u0131n\u0131n [&hellip;]<\/p>\n","protected":false},"author":8847,"featured_media":0,"parent":0,"menu_order":0,"comment_status":"closed","ping_status":"closed","template":"","meta":{"footnotes":"","_links_to":"","_links_to_target":""},"class_list":["post-114","page","type-page","status-publish","hentry"],"_links":{"self":[{"href":"https:\/\/blog.metu.edu.tr\/laproc\/wp-json\/wp\/v2\/pages\/114","targetHints":{"allow":["GET"]}}],"collection":[{"href":"https:\/\/blog.metu.edu.tr\/laproc\/wp-json\/wp\/v2\/pages"}],"about":[{"href":"https:\/\/blog.metu.edu.tr\/laproc\/wp-json\/wp\/v2\/types\/page"}],"author":[{"embeddable":true,"href":"https:\/\/blog.metu.edu.tr\/laproc\/wp-json\/wp\/v2\/users\/8847"}],"replies":[{"embeddable":true,"href":"https:\/\/blog.metu.edu.tr\/laproc\/wp-json\/wp\/v2\/comments?post=114"}],"version-history":[{"count":0,"href":"https:\/\/blog.metu.edu.tr\/laproc\/wp-json\/wp\/v2\/pages\/114\/revisions"}],"wp:attachment":[{"href":"https:\/\/blog.metu.edu.tr\/laproc\/wp-json\/wp\/v2\/media?parent=114"}],"curies":[{"name":"wp","href":"https:\/\/api.w.org\/{rel}","templated":true}]}}