{"id":3,"date":"2010-01-21T14:07:26","date_gmt":"2010-01-21T12:07:26","guid":{"rendered":"http:\/\/blog.metu.edu.tr\/kzeynel\/hakkinda\/"},"modified":"2025-01-08T13:23:06","modified_gmt":"2025-01-08T13:23:06","slug":"hakkinda","status":"publish","type":"page","link":"https:\/\/blog.metu.edu.tr\/kzeynel\/hakkinda\/","title":{"rendered":"Hakk\u0131mda"},"content":{"rendered":"\n\t\t<style type=\"text\/css\">\n\t\t\t#gallery-1 {\n\t\t\t\tmargin: auto;\n\t\t\t}\n\t\t\t#gallery-1 .gallery-item {\n\t\t\t\tfloat: left;\n\t\t\t\tmargin-top: 10px;\n\t\t\t\ttext-align: center;\n\t\t\t\twidth: 33%;\n\t\t\t}\n\t\t\t#gallery-1 img {\n\t\t\t\tborder: 2px solid #cfcfcf;\n\t\t\t}\n\t\t\t#gallery-1 .gallery-caption {\n\t\t\t\tmargin-left: 0;\n\t\t\t}\n\t\t\t\/* see gallery_shortcode() in wp-includes\/media.php *\/\n\t\t<\/style>\n\t\t<div id='gallery-1' class='gallery galleryid-3 gallery-columns-3 gallery-size-thumbnail'><dl class='gallery-item'>\n\t\t\t<dt class='gallery-icon landscape'>\n\t\t\t\t<a href='https:\/\/blog.metu.edu.tr\/kzeynel\/files\/2025\/01\/468007149_10162183322954396_6997855098427063155_n.jpg'><img loading=\"lazy\" decoding=\"async\" width=\"150\" height=\"150\" src=\"https:\/\/blog.metu.edu.tr\/kzeynel\/files\/2025\/01\/468007149_10162183322954396_6997855098427063155_n-150x150.jpg\" class=\"attachment-thumbnail size-thumbnail\" alt=\"\" srcset=\"https:\/\/blog.metu.edu.tr\/kzeynel\/files\/2025\/01\/468007149_10162183322954396_6997855098427063155_n-150x150.jpg 150w, https:\/\/blog.metu.edu.tr\/kzeynel\/files\/2025\/01\/468007149_10162183322954396_6997855098427063155_n-300x300.jpg 300w, https:\/\/blog.metu.edu.tr\/kzeynel\/files\/2025\/01\/468007149_10162183322954396_6997855098427063155_n-768x768.jpg 768w, https:\/\/blog.metu.edu.tr\/kzeynel\/files\/2025\/01\/468007149_10162183322954396_6997855098427063155_n.jpg 960w\" sizes=\"auto, (max-width: 150px) 100vw, 150px\" \/><\/a>\n\t\t\t<\/dt><\/dl>\n\t\t\t<br style='clear: both' \/>\n\t\t<\/div>\n\n<address>\u00a0\u00a0\u00a0\u00a0\u00a0\u00a0\u00a0\u00a0\u00a0\u00a0\u00a0\u00a0\u00a0\u00a0\u00a0<\/address>\n<address>\n<p id=\"viewer-14coy824\" class=\"o0STb GF80u _6Vwzd HjRUP\" dir=\"auto\"><span class=\"B-fpk _6Vwzd\">1985 y\u0131l\u0131nda Kayseri&#8217;de do\u011fdu. 2006 y\u0131l\u0131nda Akdeniz \u00dcniversitesi \u00f6nlisans Turizm \u0130\u015fletmecili\u011fi B\u00f6l\u00fcm\u00fcnden mezun oldu. Bu s\u00fcrede Belek Rixos\u00a0 Hotelde halkla \u0130li\u015fkiler biriminde g\u00f6rev yapt\u0131.\u00a0 Lisans E\u011fitimini tamamlamak \u00fczere Ankara&#8217;ya d\u00f6nd\u00fc. Gazi \u00dcniversitesi Ticaret Turizm E\u011fitim Fak\u00fcltesinde Konaklama \u0130\u015fletmecili\u011fi \u00d6\u011fretmenli\u011fi b\u00f6l\u00fcm\u00fcn\u00fc bitirdi. Ayn\u0131 zamanda Anadolu \u00dcniversitesi \u0130\u015fletme Fak\u00fcltesi mezunudur. \u015euan Ankara Hac\u0131 Bayram Veli \u00dcniversitesi Kamu Y\u00f6netimi Tezli Y\u00fcksek Lisans \u00f6\u011frenimine devam etektedir. 2007 y\u0131l\u0131nda ODT\u00dc &#8216;de memur olarak g\u00f6reve ba\u015flad\u0131. 2017 y\u0131l\u0131na kadar 10 y\u0131l ODT\u00dc K\u00fclt\u00fcr ve Kongre Merkezinde Etkinlik Y\u00f6neticisi olarak \u00dcniversiteye \u00f6nemli hizmetlerde bulunmu\u015ftur. \u015eu anda Sosyal Tesisler M\u00fcd\u00fcrl\u00fc\u011f\u00fcnde g\u00f6revine devam etmektedir. 2. ve 3.\u00a0 Ola\u011fan Genel Kurullarda \u00dcniversite \u0130dari Personel Sendikas\u0131 (\u00dcN\u0130PERSEN) Sendika Genel Ba\u015fkan Yard\u0131mc\u0131s\u0131 olarak se\u00e7ilmi\u015ftir. Evli 1 \u00e7ocuk babas\u0131d\u0131r.<\/span><\/p>\n<p id=\"viewer-goctx826\" class=\"o0STb GF80u _6Vwzd HjRUP\" dir=\"auto\"><span class=\"B-fpk _6Vwzd\">Yabanc\u0131 Dil: \u0130ngilizce<\/span><\/p>\n<p id=\"viewer-artc5828\" class=\"o0STb GF80u _6Vwzd HjRUP\" dir=\"auto\"><span class=\"B-fpk _6Vwzd\">Sorumlu B\u00f6lge: Ege B\u00f6lgesinde Yer Alan T\u00fcm \u00dcniversiteler<\/span><\/p>\n<\/address>\n<address>\u00a0<\/address>\n<address>\u00a0<\/address>\n<address>\u00a0<\/address>\n<address>\u00a0<\/address>\n<address>\u00a0<\/address>\n<address>\u00a0<\/address>\n<address>\u00a0<\/address>\n<address>\u00a0<\/address>\n<address>\u00a0<\/address>\n<address>\u00a0<\/address>\n<address>\u00a0<\/address>\n<address>\u00a0<\/address>\n<address>\u00a0<\/address>\n<address>\u00a0<\/address>\n","protected":false},"excerpt":{"rendered":"<p>\u00a0\u00a0\u00a0\u00a0\u00a0\u00a0\u00a0\u00a0\u00a0\u00a0\u00a0\u00a0\u00a0\u00a0\u00a0 1985 y\u0131l\u0131nda Kayseri&#8217;de do\u011fdu. 2006 y\u0131l\u0131nda Akdeniz \u00dcniversitesi \u00f6nlisans Turizm \u0130\u015fletmecili\u011fi B\u00f6l\u00fcm\u00fcnden mezun oldu. Bu s\u00fcrede Belek Rixos\u00a0 Hotelde halkla \u0130li\u015fkiler biriminde g\u00f6rev yapt\u0131.\u00a0 Lisans E\u011fitimini tamamlamak \u00fczere Ankara&#8217;ya d\u00f6nd\u00fc. Gazi \u00dcniversitesi Ticaret Turizm E\u011fitim Fak\u00fcltesinde Konaklama \u0130\u015fletmecili\u011fi \u00d6\u011fretmenli\u011fi b\u00f6l\u00fcm\u00fcn\u00fc bitirdi. Ayn\u0131 zamanda Anadolu \u00dcniversitesi \u0130\u015fletme Fak\u00fcltesi mezunudur. \u015euan Ankara Hac\u0131 Bayram Veli \u00dcniversitesi [&hellip;]<\/p>\n","protected":false},"author":589,"featured_media":0,"parent":0,"menu_order":0,"comment_status":"open","ping_status":"open","template":"","meta":{"footnotes":"","_links_to":"","_links_to_target":""},"class_list":["post-3","page","type-page","status-publish","hentry"],"_links":{"self":[{"href":"https:\/\/blog.metu.edu.tr\/kzeynel\/wp-json\/wp\/v2\/pages\/3","targetHints":{"allow":["GET"]}}],"collection":[{"href":"https:\/\/blog.metu.edu.tr\/kzeynel\/wp-json\/wp\/v2\/pages"}],"about":[{"href":"https:\/\/blog.metu.edu.tr\/kzeynel\/wp-json\/wp\/v2\/types\/page"}],"author":[{"embeddable":true,"href":"https:\/\/blog.metu.edu.tr\/kzeynel\/wp-json\/wp\/v2\/users\/589"}],"replies":[{"embeddable":true,"href":"https:\/\/blog.metu.edu.tr\/kzeynel\/wp-json\/wp\/v2\/comments?post=3"}],"version-history":[{"count":0,"href":"https:\/\/blog.metu.edu.tr\/kzeynel\/wp-json\/wp\/v2\/pages\/3\/revisions"}],"wp:attachment":[{"href":"https:\/\/blog.metu.edu.tr\/kzeynel\/wp-json\/wp\/v2\/media?parent=3"}],"curies":[{"name":"wp","href":"https:\/\/api.w.org\/{rel}","templated":true}]}}