{"id":2,"date":"2011-06-06T16:47:43","date_gmt":"2011-06-06T13:47:43","guid":{"rendered":"http:\/\/blog.metu.edu.tr\/kursat\/hakkinda\/"},"modified":"2011-06-06T16:47:43","modified_gmt":"2011-06-06T13:47:43","slug":"hakkinda","status":"publish","type":"page","link":"https:\/\/blog.metu.edu.tr\/kursat\/hakkinda\/","title":{"rendered":"Hakk\u0131nda"},"content":{"rendered":"<p style=\"text-align: left\">\n<p style=\"text-align: left\"><img loading=\"lazy\" decoding=\"async\" class=\"alignnone size-medium wp-image-6\" src=\"http:\/\/blog.metu.edu.tr\/kursat\/files\/2011\/06\/033-200x300.jpg\" alt=\"033\" width=\"105\" height=\"158\" \/> Prof.Dr. K\u00fcr\u015fat \u00c7A\u011eILTAY<\/p>\n<p>ODT\u00dc Matematik B\u00f6l\u00fcm\u00fcnden 1988 y\u0131l\u0131nda  b\u00f6l\u00fcm birincisi olarak mezun olan K\u00fcr\u015fat \u00c7a\u011f\u0131ltay, 1993 y\u0131l\u0131nda ODT\u00dc  Bilgisayar M\u00fchendisli\u011fi B\u00f6l\u00fcm\u00fcnden Y\u00fcksek Lisans derecesini alm\u0131\u015f,  1988-1997 y\u0131llar\u0131 aras\u0131nda ODT\u00dc Bilgi \u0130\u015flem Merkezinde Bilgisayar A\u011flar\u0131  grup y\u00f6neticili\u011fi ve Bilgi \u0130\u015flem Merkezi ba\u015fkan yard\u0131mc\u0131l\u0131klar\u0131  g\u00f6revlerinde bulunmu\u015ftur. 1990 y\u0131l\u0131nda ODT\u00dc-T\u00dcB\u0130TAK taraf\u0131ndan  ba\u015flat\u0131lan T\u00fcrkiye Internet projesi\u2019nde 1997 y\u0131l\u0131na kadar teknik grup  y\u00f6neticili\u011fi yapm\u0131\u015ft\u0131r. 1997-2002 y\u0131llar\u0131 aras\u0131nda ABD\u2019nin \u0130ndiana  \u00dcniversitesi\u2019nde doktora \u00e7al\u0131\u015fmalar\u0131n\u0131 s\u00fcrd\u00fcrm\u00fc\u015ft\u00fcr. 2002 y\u0131l\u0131nda  \u0130ndiana \u00dcniversitesi \u00d6\u011fretim Teknolojileri B\u00f6l\u00fcm\u00fcnden ve Bili\u015fsel  Bilimler Program\u0131ndan \u00e7ift dalda doktora derecesi alarak mezun olan K\u00fcr\u015fat  \u00c7a\u011f\u0131ltay halen ODT\u00dc Bilgisayar ve \u00d6\u011fretim Teknolojileri E\u011fitimi B\u00f6l\u00fcm\u00fc  \u00f6\u011fretim \u00fcyesidir.<\/p>\n<p>Prof.Dr. K\u00fcr\u015fat \u00c7a\u011f\u0131ltay\u2019\u0131n akademik ara\u015ft\u0131rma  konular\u0131 e\u011fitim teknolojileri, insan bilgisayar etkile\u015fimi,  kullan\u0131labilirlik m\u00fchendisli\u011fi, teknoloji ile zenginle\u015ftirilmi\u015f \u00f6\u011frenme,  sosyal enformatik, performans teknolojileri ve e\u011fitimde elektronik  oyunlar\u0131n kullan\u0131m\u0131d\u0131r.<\/p>\n","protected":false},"excerpt":{"rendered":"<p>Prof.Dr. K\u00fcr\u015fat \u00c7A\u011eILTAY ODT\u00dc Matematik B\u00f6l\u00fcm\u00fcnden 1988 y\u0131l\u0131nda b\u00f6l\u00fcm birincisi olarak mezun olan K\u00fcr\u015fat \u00c7a\u011f\u0131ltay, 1993 y\u0131l\u0131nda ODT\u00dc Bilgisayar M\u00fchendisli\u011fi B\u00f6l\u00fcm\u00fcnden Y\u00fcksek Lisans derecesini alm\u0131\u015f, 1988-1997 y\u0131llar\u0131 aras\u0131nda ODT\u00dc Bilgi \u0130\u015flem Merkezinde Bilgisayar A\u011flar\u0131 grup y\u00f6neticili\u011fi ve Bilgi \u0130\u015flem Merkezi ba\u015fkan yard\u0131mc\u0131l\u0131klar\u0131 g\u00f6revlerinde bulunmu\u015ftur. 1990 y\u0131l\u0131nda ODT\u00dc-T\u00dcB\u0130TAK taraf\u0131ndan ba\u015flat\u0131lan T\u00fcrkiye&#8230; <a class=\"continue-reading-link\" href=\"https:\/\/blog.metu.edu.tr\/kursat\/hakkinda\/\"> Continue reading <span class=\"meta-nav\">&rarr; <\/span><\/a><\/p>\n","protected":false},"author":587,"featured_media":0,"parent":0,"menu_order":0,"comment_status":"closed","ping_status":"open","template":"","meta":{"footnotes":"","_links_to":"","_links_to_target":""},"class_list":["post-2","page","type-page","status-publish","hentry"],"_links":{"self":[{"href":"https:\/\/blog.metu.edu.tr\/kursat\/wp-json\/wp\/v2\/pages\/2","targetHints":{"allow":["GET"]}}],"collection":[{"href":"https:\/\/blog.metu.edu.tr\/kursat\/wp-json\/wp\/v2\/pages"}],"about":[{"href":"https:\/\/blog.metu.edu.tr\/kursat\/wp-json\/wp\/v2\/types\/page"}],"author":[{"embeddable":true,"href":"https:\/\/blog.metu.edu.tr\/kursat\/wp-json\/wp\/v2\/users\/587"}],"replies":[{"embeddable":true,"href":"https:\/\/blog.metu.edu.tr\/kursat\/wp-json\/wp\/v2\/comments?post=2"}],"version-history":[{"count":0,"href":"https:\/\/blog.metu.edu.tr\/kursat\/wp-json\/wp\/v2\/pages\/2\/revisions"}],"wp:attachment":[{"href":"https:\/\/blog.metu.edu.tr\/kursat\/wp-json\/wp\/v2\/media?parent=2"}],"curies":[{"name":"wp","href":"https:\/\/api.w.org\/{rel}","templated":true}]}}