{"id":75,"date":"2012-09-17T20:47:03","date_gmt":"2012-09-17T20:47:03","guid":{"rendered":"http:\/\/blog.metu.edu.tr\/korkuyu\/?page_id=75"},"modified":"2012-09-20T14:50:05","modified_gmt":"2012-09-20T14:50:05","slug":"sesli-edebiyat","status":"publish","type":"page","link":"https:\/\/blog.metu.edu.tr\/korkuyu\/dinlemeler\/sesli-edebiyat\/","title":{"rendered":"Sesli Edebiyat"},"content":{"rendered":"<p><span style=\"color: #ff0000\"><strong>\u201cSesli Edebiyat \u2013 \u00d6yk\u00fcler &#8216;SES\u2019leniyor\u201d &#8211; I<\/strong><\/span><strong><a href=\"http:\/\/blog.metu.edu.tr\/korkuyu\/files\/2012\/09\/sesliedebiyataserleri1.jpg\"><img loading=\"lazy\" decoding=\"async\" class=\"alignright size-thumbnail wp-image-101\" src=\"http:\/\/blog.metu.edu.tr\/korkuyu\/files\/2012\/09\/sesliedebiyataserleri1-150x150.jpg\" alt=\"\" width=\"150\" height=\"150\" \/><\/a><\/strong><\/p>\n<p>T\u00fcrk \u00f6yk\u00fcc\u00fcl\u00fc\u011f\u00fcne emek veren ve Dede Korkut ile birlikte, 1844-1952 aras\u0131 tarihlerde do\u011fmu\u015f 100 \u00fcnl\u00fc yazar\u0131n 100 \u00f6yk\u00fcs\u00fc, sesli edebiyat tekni\u011fi sayesinde pek \u00e7ok \u00fcnl\u00fc<br \/>\ntiyatro ve seslendirme sanat\u00e7\u0131s\u0131n\u0131n yorumlar\u0131 ile dile geliyor, edebiyat dostlar\u0131yla bulu\u015fuyor.<\/p>\n<p>Orhan Veli Kan\u0131k\u2019tan Sabahattin Ali\u2019ye, O\u011fuz Atay\u2019dan Aziz Nesin\u2019e, Tar\u0131k Bu\u011fra\u2019dan Halide<br \/>\nEdip Ad\u0131var\u2019a, Halit Ziya U\u015fakl\u0131gil\u2019den Halikarnas Bal\u0131k\u00e7\u0131s\u0131\u2019na, Yakup Kadri<br \/>\nKaraosmano\u011flu\u2019ndan Selim \u0130leri\u2019ye tam 100 edebiyat\u00e7\u0131s\u0131n\u0131n \u00f6yk\u00fclerini seslendirenler<br \/>\naras\u0131nda Sezai Ayd\u0131n, R\u00fc\u015ft\u00fc Asyal\u0131, Oya K\u00fc\u00e7\u00fcmen, C\u00fcneyt T\u00fcrel, Kaya Akarsu, K\u00f6ksal Eng\u00fcr, M\u00fc\u015ffik Kenter, Yekta Kopan, Yetkin Dikinciler gibi isimler yer al\u0131yor.<\/p>\n<p><strong><span style=\"color: #ff0000\">Rakamlarla \u00d6yk\u00fcler Sesleniyor\u2026<\/span><br \/>\n<\/strong>\u2022 Yazarlar, varisleri, seslendirme sanat\u00e7\u0131lar\u0131, m\u00fczisyenler, prod\u00fcksiyon ekibi, yay\u0131nevi<br \/>\nyetkilileri ve ara\u015ft\u0131rma \u00e7al\u0131\u015fmalar\u0131 s\u0131ras\u0131nda g\u00f6r\u00fc\u015f\u00fclen ki\u015filer dahil olmak bu projenin<br \/>\nger\u00e7ekle\u015fmesine 262 ki\u015fi katk\u0131da bulundu\u2026<br \/>\n\u2022 Prod\u00fcksiyon \u00f6ncesindeki ara\u015ft\u0131rma ve s\u00f6zle\u015fme s\u00fcrecinde 700\u2019e yak\u0131n yaz\u0131\u015fma yap\u0131ld\u0131\u2026<br \/>\n\u2022 Yazarlar\/varisleri ve seslendirme sanat\u00e7\u0131lar\u0131 ile yap\u0131lan s\u00f6zle\u015fmeler toplam 528 sayfa<br \/>\ntutuyor\u2026<br \/>\n\u2022 Projede yer alan 100 \u00f6yk\u00fc i\u00e7in yakla\u015f\u0131k 1200 \u00f6yk\u00fc taramas\u0131 yap\u0131ld\u0131\u2026<br \/>\n\u2022 100 \u00f6yk\u00fcy\u00fc 56 seslendirme sanat\u00e7\u0131s\u0131 seslendirdi, m\u00fczikler 20 ki\u015filik bir m\u00fczisyen ekibi<br \/>\nile haz\u0131rland\u0131, prod\u00fcksiyon ve teknik yap\u0131mda 14 ki\u015fi g\u00f6rev ald\u0131\u2026<br \/>\n\u2022 Proje kapsam\u0131nda yer alan 100 \u00f6yk\u00fc i\u00e7in 305 adet \u00f6zg\u00fcn m\u00fczik haz\u0131rland\u0131. (\u00f6yk\u00fc ba\u015f\u0131na<br \/>\nortalama 3 par\u00e7a)<br \/>\n\u2022 Projede yer alan 100 \u00f6yk\u00fcn\u00fcn 21\u2019i kad\u0131n, 79\u2019u erkek yazarlar\u0131m\u0131za ait.<br \/>\n\u2022 100 \u00f6yk\u00fcden 8\u2019i dramatize edildi. Kalan \u00f6yk\u00fclerin 27\u2019si kad\u0131n sanat\u00e7\u0131lar\u0131m\u0131z, 65 adedi<br \/>\nde erkek sanat\u00e7\u0131lar\u0131m\u0131z\u0131n sesinden kay\u0131da d\u00fc\u015ft\u00fc\u2026<br \/>\n\u2022 Kay\u0131tlar \u0130stanbul\u2019daki ana st\u00fcdyo haricinde Ankara ve \u0130stanbul\u2019da 3 farkl\u0131 st\u00fcdyoda<br \/>\nger\u00e7ekle\u015ftirildi\u2026<br \/>\n\u2022 \u00dc\u00e7 ayl\u0131k bir s\u00fcreye yay\u0131lan ses kay\u0131tlar\u0131 toplam 33 g\u00fcnde yakla\u015f\u0131k 230 saatte<br \/>\ntamamland\u0131\u2026<br \/>\n\u2022 \u00d6yk\u00fclerin \u00f6zg\u00fcn m\u00fczikleri 4 ayda kaydedildi\u2026<br \/>\n\u2022 CD setinde yer alan 100 \u00f6yk\u00fcn\u00fcn montaj\u0131 yakla\u015f\u0131k 50 g\u00fcn s\u00fcrd\u00fc\u2026<br \/>\n\u2022 100 \u00f6yk\u00fc i\u00e7in yakla\u015f\u0131k 250 \u00f6zel ses efekti kullan\u0131ld\u0131\u2026<br \/>\n\u2022 Kaydedilen m\u00fcziklerin toplam s\u00fcresi 12.5 saat\u2026<br \/>\n\u2022 20 CD\u2019de biraraya gelen 100 \u00f6yk\u00fcn\u00fcn toplam dinleme s\u00fcresi 25 saat 54 dakika\u2026<br \/>\n\u2022 T\u00fcm prod\u00fcksiyon 15 ayda tamamland\u0131\u2026<strong><strong><br \/>\n<\/strong><br \/>\n<\/strong><\/p>\n<p><strong><br \/>\n<\/strong><\/p>\n<p><strong><span style=\"color: #ff6600\">\u201cSesli Edebiyat \u2013 \u00d6yk\u00fcler &#8216;SES\u2019leniyor\u201d &#8211; II<\/span><a href=\"http:\/\/blog.metu.edu.tr\/korkuyu\/files\/2012\/09\/\u00d6yk\u00fcler-Sesleniyor-21.jpg\"><img loading=\"lazy\" decoding=\"async\" class=\"alignright size-full wp-image-103\" src=\"http:\/\/blog.metu.edu.tr\/korkuyu\/files\/2012\/09\/\u00d6yk\u00fcler-Sesleniyor-21.jpg\" alt=\"\" width=\"176\" height=\"287\" \/><\/a><\/strong><\/p>\n<p>1952 y\u0131l\u0131ndan sonra do\u011fmu\u015f 100 yazar\u0131n birer \u00f6yk\u00fcs\u00fcnden olu\u015fan bu set, \u00f6yk\u00fcc\u00fcl\u00fc\u011f\u00fcn T\u00fcrkiye\u2019deki geli\u015fim \u00e7izgisini belgeleyen \u201c\u00d6yk\u00fcler \u2018SES\u2019leniyor\u201d serisinin ikincisidir.<\/p>\n<p>Titiz bir dramaturji \u00e7al\u0131\u015fmas\u0131 ve bestelenen \u00f6zg\u00fcn m\u00fcziklerle zenginle\u015fen projede Ayfer Tun\u00e7, Ba\u015far Ba\u015far\u0131r, Buket Uzuner, Mario Levi, Murat G\u00fclsoy, Y\u00fccel Balku ve Zeynep Aliye gibi T\u00fcrk Edebiyat\u0131\u2019n\u0131n g\u00fc\u00e7l\u00fc kalemlerinin \u00f6yk\u00fcleri, K\u00f6ksal Eng\u00fcr, \u015eenay G\u00fcrler, Ahmet Sara\u00e7o\u011flu, Yetkin Dikinciler, Tomris \u0130ncer, Sungun Babacan ve Munis D\u00fc\u015fenkalkar gibi tiyatro sanat\u00e7\u0131lar\u0131n\u0131n sesleri ile bulu\u015fuyor.<\/p>\n<p><span style=\"color: #ff6600\"><strong>\u201c\u00d6yk\u00fcler Sesleniyor-2\u201dden sat\u0131raralar\u0131&#8230;<\/strong><\/span><br \/>\n\u2022 \u0130ki etaptan olu\u015fan \u201c\u00d6yk\u00fcler Sesleniyor\u201d projesi yakla\u015f\u0131k 42 ayda (3,5 y\u0131l) tamamland\u0131. \u0130ki sette toplam 42 CD bulundu\u011fu d\u00fc\u015f\u00fcn\u00fcl\u00fcrse her CD ortalama 1 ayl\u0131k bir \u00e7al\u0131\u015fma sonucu ortaya \u00e7\u0131kt\u0131.<br \/>\n\u2022 \u0130kinci Set, projenin yap\u0131m s\u00fcrecinde aram\u0131zdan ayr\u0131lan yazar ve sanat\u00e7\u0131lara ithaf edildi; M\u00fcmtaz SEV\u0130N\u00c7 (24 Ocak 2006), Erdal \u00d6Z (6 May\u0131s 2006), Baykal SARAN (28 Temmuz 2006), Muzaffer BUYRUK\u00c7U (19 A\u011fustos 2006), Erhan BENER (8 Aral\u0131k 2007), Orhan DURU (25 Ocak 2009), Naim T\u0130RAL\u0130 (25 May\u0131s 2009), Ay\u015feg\u00fcl DEVR\u0130M (6 Temmuz 2009), Demirta\u015f CEYHUN (29 Temmuz 2009) ve Nezihe MER\u0130\u00c7 (18 A\u011fustos 2009)<br \/>\n\u2022 2.sette, Ye\u015fim Ey\u00fcbo\u011flu ve Nil\u00fcfer A\u00e7\u0131kal\u0131n, \u201cyazar-oyuncu\u201d kimlikleriyle kendi \u00f6yk\u00fclerini seslendirdi.<br \/>\n\u2022 \u0130lk sette Nedim G\u00fcrsel\u2019in \u201cD\u00f6n\u00fc\u015f\u201d \u00f6yk\u00fcs\u00fcn\u00fc seslendiren DenizBank Finansal Hizmetler Grubu Ba\u015fkan\u0131 Hakan Ate\u015f, 2. sette de Ats\u0131z Karaduman ile birlikte Ahmet \u00dcmit\u2019in \u201cAgatha\u2019n\u0131n Anahtar\u0131\u201d \u00f6yk\u00fcs\u00fcn\u00fc seslendirerek projeye katk\u0131da bulundu.<br \/>\n\u2022 \u0130kinci sette yer alan 100 \u00f6yk\u00fcden 3\u2019\u00fcn\u00fcn kay\u0131tlar\u0131 tamamen st\u00fcdyo d\u0131\u015f\u0131nda, Haydarpa\u015fa gar\u0131 &#8211; Beyo\u011flu cafeleri gibi \u201cger\u00e7ek mekanlarda\u201d ger\u00e7ekle\u015ftirildi. Bu \u00e7al\u0131\u015fmalar da t\u00fcr\u00fcn\u00fcn ilk \u00f6rnekleri olarak literat\u00fcre ge\u00e7ti.<br \/>\n\u2022 \u0130kinci sette yer alan 100 \u00f6yk\u00fcn\u00fcn\u00fcn se\u00e7imi i\u00e7in yazarlar\u0131n yay\u0131nlam\u0131\u015f 300\u2019e yak\u0131n kitab\u0131ndan 2000\u2019in \u00fczerindeki \u00f6yk\u00fc tarand\u0131, \u00f6yk\u00fc tarama ve se\u00e7im s\u00fcreci yakla\u015f\u0131k 5 ay s\u00fcrd\u00fc&#8230;<br \/>\n\u2022 \u0130kinci setin 100 \u00f6yk\u00fcs\u00fcn\u00fc 60 seslendirme sanat\u00e7\u0131s\u0131 seslendirdi, ilk setle birlikte projeye T\u00fcrkiye\u2019nin \u00f6nde gelen 83 oyuncu\/seslendirme sanat\u00e7\u0131s\u0131 katk\u0131da bulunmu\u015f oldu&#8230;<br \/>\n\u2022 Birinci etapta oldu\u011fu gibi, ikinci set i\u00e7in de, 100 \u00f6yk\u00fcn\u00fcn herbirine ayr\u0131 ayr\u0131 olmak \u00fczere, toplamda 200 par\u00e7an\u0131n \u00fczerinde \u00f6zg\u00fcn m\u00fczik bestelendi. M\u00fczikler projenin m\u00fczik koordinat\u00f6r\u00fc Sarp Keskiner y\u00f6netiminde 26 ki\u015filik bir m\u00fczisyen ekibi ile kaydedildi&#8230;<br \/>\n\u2022 \u0130kinci setin prod\u00fcksiyon ve teknik yap\u0131m\u0131nda 12 ki\u015fi g\u00f6rev ald\u0131&#8230;<br \/>\n\u2022 Seslendirmeler 3,5 ayda, toplamda 220 saatte tamamland\u0131&#8230;<br \/>\n\u2022 \u00d6yk\u00fclerin \u00f6zg\u00fcn m\u00fczikleri bestelenme s\u00fcreci dahil, yakla\u015f\u0131k 7 ayda kaydedildi&#8230;<br \/>\n\u2022 CD setinde yer alan 100 \u00f6yk\u00fcn\u00fcn ses kay\u0131tlar\u0131, m\u00fczikler ve \u00f6zel efektlerle kurgulanmas\u0131 4,5 ayda, 800 saati a\u015fan bir s\u00fcrede tamamland\u0131&#8230;<br \/>\n\u2022 22 CD\u2019den olu\u015fan ikinci setin toplam dinleme s\u00fcresi 29 saat 15 dakika&#8230;<\/p>\n","protected":false},"excerpt":{"rendered":"<p>\u201cSesli Edebiyat \u2013 \u00d6yk\u00fcler &#8216;SES\u2019leniyor\u201d &#8211; I T\u00fcrk \u00f6yk\u00fcc\u00fcl\u00fc\u011f\u00fcne emek veren ve Dede Korkut ile birlikte, 1844-1952 aras\u0131 tarihlerde do\u011fmu\u015f 100 \u00fcnl\u00fc yazar\u0131n 100 \u00f6yk\u00fcs\u00fc, sesli edebiyat tekni\u011fi sayesinde pek \u00e7ok \u00fcnl\u00fc tiyatro ve seslendirme sanat\u00e7\u0131s\u0131n\u0131n yorumlar\u0131 ile dile geliyor, &hellip; <a href=\"https:\/\/blog.metu.edu.tr\/korkuyu\/dinlemeler\/sesli-edebiyat\/\">Okumaya devam et <span class=\"meta-nav\">&rarr;<\/span><\/a><\/p>\n","protected":false},"author":785,"featured_media":0,"parent":55,"menu_order":2,"comment_status":"open","ping_status":"open","template":"","meta":{"footnotes":"","_links_to":"","_links_to_target":""},"class_list":["post-75","page","type-page","status-publish","hentry"],"_links":{"self":[{"href":"https:\/\/blog.metu.edu.tr\/korkuyu\/wp-json\/wp\/v2\/pages\/75","targetHints":{"allow":["GET"]}}],"collection":[{"href":"https:\/\/blog.metu.edu.tr\/korkuyu\/wp-json\/wp\/v2\/pages"}],"about":[{"href":"https:\/\/blog.metu.edu.tr\/korkuyu\/wp-json\/wp\/v2\/types\/page"}],"author":[{"embeddable":true,"href":"https:\/\/blog.metu.edu.tr\/korkuyu\/wp-json\/wp\/v2\/users\/785"}],"replies":[{"embeddable":true,"href":"https:\/\/blog.metu.edu.tr\/korkuyu\/wp-json\/wp\/v2\/comments?post=75"}],"version-history":[{"count":0,"href":"https:\/\/blog.metu.edu.tr\/korkuyu\/wp-json\/wp\/v2\/pages\/75\/revisions"}],"up":[{"embeddable":true,"href":"https:\/\/blog.metu.edu.tr\/korkuyu\/wp-json\/wp\/v2\/pages\/55"}],"wp:attachment":[{"href":"https:\/\/blog.metu.edu.tr\/korkuyu\/wp-json\/wp\/v2\/media?parent=75"}],"curies":[{"name":"wp","href":"https:\/\/api.w.org\/{rel}","templated":true}]}}