{"id":72,"date":"2012-09-17T20:44:41","date_gmt":"2012-09-17T20:44:41","guid":{"rendered":"http:\/\/blog.metu.edu.tr\/korkuyu\/?page_id=72"},"modified":"2013-05-06T19:23:29","modified_gmt":"2013-05-06T19:23:29","slug":"fotograflar","status":"publish","type":"page","link":"https:\/\/blog.metu.edu.tr\/korkuyu\/gormeler\/fotograflar\/","title":{"rendered":"Foto\u011fraflar"},"content":{"rendered":"<p><span style=\"color: #ff0000\"><strong>2013 MAYIS AYININ FOTO\u011eRAFI <\/strong><\/span><\/p>\n<p>Charles C. Ebbets,\u00a0 Lunch atop a Skyscraper, 1932.<\/p>\n<p><img loading=\"lazy\" decoding=\"async\" class=\"alignnone\" alt=\"\" src=\"http:\/\/upload.wikimedia.org\/wikipedia\/en\/1\/13\/Lunch-atop-a-skyscraper-c1932.jpg\" width=\"640\" height=\"502\" \/><\/p>\n<p>&nbsp;<\/p>\n<p><strong><span style=\"color: #ff0000\">2013 Nisan<\/span>&#8211; Oded Balilty<\/strong> (2007)\u00a0A lone Jewish settler challenges Israeli security officers.<\/p>\n<p><img loading=\"lazy\" decoding=\"async\" class=\"alignnone\" alt=\"\" src=\"http:\/\/mrflip.com\/images\/random\/pulitzers\/Pulitzer2007-OdedBalilty-IsraeliSetterHoldsOffSecurityForcesInWestBank.jpg\" width=\"1800\" height=\"1234\" \/><\/p>\n<p><span style=\"color: #ff0000\"><strong>2013 Mart<\/strong><\/span> \u00a9 <strong>Bob Adelman<\/strong> USA. New York City. 1970. Women&#8217;s rights march on 5th Avenue.<\/p>\n<p><img loading=\"lazy\" decoding=\"async\" class=\"alignnone\" alt=\"\" src=\"http:\/\/mediastore.magnumphotos.com\/CoreXDoc\/MAG\/Media\/TR2\/2\/a\/8\/8\/NYC44990.jpg\" width=\"1060\" height=\"704\" \/><\/p>\n<p><span style=\"color: #ff0000\"><strong>2013 \u015eubat &#8211; <\/strong><\/span>\u00a9 Bruno Barbey\/Magnum Photos. TURKEY. Uludere. Kurdish refugee camp<\/p>\n<p><img loading=\"lazy\" decoding=\"async\" class=\"alignnone\" alt=\"\" src=\"http:\/\/mediastore2.magnumphotos.com\/CoreXDoc\/MAG\/Media\/TR2\/6\/a\/c\/6\/PAR100251.jpg\" width=\"944\" height=\"628\" \/><\/p>\n<p><strong><span style=\"color: #ff0000\">2013 Ocak<\/span>&#8211; <\/strong>Bruno Barbey, Romania, 1992.<\/p>\n<p><img loading=\"lazy\" decoding=\"async\" class=\"alignnone\" alt=\"\" src=\"http:\/\/mediastore4.magnumphotos.com\/CoreXDoc\/MAG\/Media\/TR2\/9\/8\/f\/7\/PAR83293.jpg\" width=\"948\" height=\"645\" \/><\/p>\n<p><span style=\"color: #ff0000\"><strong>2012 Aral\u0131k<\/strong><\/span>&#8211; Nuri Bilge Ceylan, Returning Home, Ardahan, 2004.<\/p>\n<p><img loading=\"lazy\" decoding=\"async\" class=\"alignnone\" alt=\"\" src=\"http:\/\/www.nuribilgeceylan.com\/photography\/images\/turkeycinemascope\/returninghome.jpg\" width=\"760\" height=\"293\" \/><\/p>\n<p><span style=\"color: #ff0000\"><strong>2012 Kas\u0131m <\/strong><\/span>&#8211; Yavuz Sar\u0131y\u0131ld\u0131z&#8217;\u0131n \u00d6d\u00fcll\u00fc Foto\u011fraf\u0131: Odun K\u00f6m\u00fcr\u00fcn\u00fcn Duman\u0131<\/p>\n<p>D\u00fcnya Bankas\u0131\u2019n\u0131n yoksullukla m\u00fccadele konusunda d\u00fczenledi\u011fi foto\u011fraf yar\u0131\u015fmas\u0131n\u0131 T\u00fcrkiye\u2019den Yavuz Sar\u0131y\u0131ld\u0131z kazand\u0131. Sar\u0131y\u0131ld\u0131z\u2019\u0131n foto\u011fraf\u0131 80 \u00fclkeden profesyonel ve amat\u00f6r foto\u011fraf\u00e7\u0131lar\u0131n g\u00f6nderdi\u011fi 2 bin 500\u2019\u00fcn \u00fczerinde foto\u011fraf aras\u0131ndan birinci se\u00e7ildi. \u2018Odun K\u00f6m\u00fcr\u00fcn\u00fcn Duman\u0131\u2019 adl\u0131 foto\u011frafta, yerel pazarda sat\u0131lacak odun k\u00f6m\u00fcrlerini boyutlar\u0131na g\u00f6re ay\u0131ran bir adam yer al\u0131yor. \u0130\u015fte s\u0131ralamaya giren &#8216;yoksulluk&#8217; temal\u0131 ilk 30 foto\u011fraf.<\/p>\n<p><img loading=\"lazy\" decoding=\"async\" class=\"alignnone\" alt=\"\" src=\"http:\/\/www.cgap.org\/sites\/default\/files\/styles\/slideshow_detail\/public\/Smoke%20of%20Charcoals.jpg\" width=\"940\" height=\"627\" \/><\/p>\n<p><span style=\"color: #ff0000\"><strong>2012 Ekim<\/strong><\/span>&#8211; Martine Franc, Pour Enfants \u00e0 Clamart, 1965.<\/p>\n<p><img loading=\"lazy\" decoding=\"async\" class=\"alignnone\" alt=\"\" src=\"http:\/\/25.media.tumblr.com\/tumblr_m6i0dcMqSv1qcu0ewo1_1280.jpg\" width=\"595\" height=\"890\" \/><\/p>\n<p><strong>&#8212;&#8212;&#8212;&#8212;&#8212;&#8211;<\/strong><\/p>\n<p><span style=\"color: #ff0000\"><strong>2012 Eyl\u00fcl <\/strong><\/span><span style=\"color: #ff0000\">&#8211; Eyl\u00fcl, i\u015f\u00e7i ay\u0131d\u0131r. Zor bir ayd\u0131r ama b\u00fct\u00fcn i\u015f\u00e7iler b\u00fct\u00fcn eyl\u00fcllere al\u0131\u015f\u0131kt\u0131r.<\/span><\/p>\n<p><span><em><strong>Ara G\u00fcler<\/strong>, Ya\u011f iskelesinde i\u015f bekleyen hamallar, 1954, 90 x 110 cm.<\/em><\/span><\/p>\n<p><img loading=\"lazy\" decoding=\"async\" class=\"alignnone\" alt=\"\" src=\"http:\/\/www.humakabakcikoleksiyonu.com\/assets\/Image\/guler_ara_10.jpg\" width=\"846\" height=\"700\" \/><\/p>\n<p>&nbsp;<\/p>\n","protected":false},"excerpt":{"rendered":"<p>2013 MAYIS AYININ FOTO\u011eRAFI Charles C. Ebbets,\u00a0 Lunch atop a Skyscraper, 1932. &nbsp; 2013 Nisan&#8211; Oded Balilty (2007)\u00a0A lone Jewish settler challenges Israeli security officers. 2013 Mart \u00a9 Bob Adelman USA. New York City. 1970. Women&#8217;s rights march on 5th &hellip; <a href=\"https:\/\/blog.metu.edu.tr\/korkuyu\/gormeler\/fotograflar\/\">Okumaya devam et <span class=\"meta-nav\">&rarr;<\/span><\/a><\/p>\n","protected":false},"author":785,"featured_media":0,"parent":58,"menu_order":2,"comment_status":"open","ping_status":"open","template":"","meta":{"footnotes":"","_links_to":"","_links_to_target":""},"class_list":["post-72","page","type-page","status-publish","hentry"],"_links":{"self":[{"href":"https:\/\/blog.metu.edu.tr\/korkuyu\/wp-json\/wp\/v2\/pages\/72","targetHints":{"allow":["GET"]}}],"collection":[{"href":"https:\/\/blog.metu.edu.tr\/korkuyu\/wp-json\/wp\/v2\/pages"}],"about":[{"href":"https:\/\/blog.metu.edu.tr\/korkuyu\/wp-json\/wp\/v2\/types\/page"}],"author":[{"embeddable":true,"href":"https:\/\/blog.metu.edu.tr\/korkuyu\/wp-json\/wp\/v2\/users\/785"}],"replies":[{"embeddable":true,"href":"https:\/\/blog.metu.edu.tr\/korkuyu\/wp-json\/wp\/v2\/comments?post=72"}],"version-history":[{"count":0,"href":"https:\/\/blog.metu.edu.tr\/korkuyu\/wp-json\/wp\/v2\/pages\/72\/revisions"}],"up":[{"embeddable":true,"href":"https:\/\/blog.metu.edu.tr\/korkuyu\/wp-json\/wp\/v2\/pages\/58"}],"wp:attachment":[{"href":"https:\/\/blog.metu.edu.tr\/korkuyu\/wp-json\/wp\/v2\/media?parent=72"}],"curies":[{"name":"wp","href":"https:\/\/api.w.org\/{rel}","templated":true}]}}