{"id":64,"date":"2012-09-17T20:25:58","date_gmt":"2012-09-17T20:25:58","guid":{"rendered":"http:\/\/blog.metu.edu.tr\/korkuyu\/?page_id=64"},"modified":"2014-04-27T18:39:19","modified_gmt":"2014-04-27T18:39:19","slug":"film","status":"publish","type":"page","link":"https:\/\/blog.metu.edu.tr\/korkuyu\/izlemeler\/film-2\/film\/","title":{"rendered":"2012-2013 Bahar D\u00f6nemi"},"content":{"rendered":"<h2><span style=\"color: #ff6600\"><strong>\u0130ZL\u0130YORUZ&#8230;<\/strong><\/span><\/h2>\n<h2><strong>\u201cEle\u015ftiri\u201d derslerinde konu edinmek i\u00e7in her s\u0131n\u0131fta (section\u2019da) bir film izliyoruz. \u0130zlenecek filmleri, \u201cele\u015ftiri\u201d sunumunu ger\u00e7ekle\u015ftirecek \u00f6\u011frenciler belirledi.<\/strong><\/h2>\n<h2><strong>\u0130\u015eTE 2012-2013 BAHAR D\u00d6NEM\u0130N\u0130N F\u0130LMLER\u0130<br \/>\n<\/strong><\/h2>\n<p>&#8212;&#8211;<\/p>\n<h2>2012-2013 Bahar D\u00f6nemi 6420102 \/ 13. Grubun Filmi<strong><br \/>\n<\/strong><\/h2>\n<h2><strong><span style=\"color: #ff6600\">Prayers For Bobby (2009) Dualar Bobby \u0130\u00e7in<\/span><br \/>\n<\/strong><\/h2>\n<h3><b><img loading=\"lazy\" decoding=\"async\" class=\"alignleft\" src=\"http:\/\/swesub.tv\/uploads\/images\/99210.jpg\" alt=\"\" width=\"200\" height=\"291\" \/>Y\u00f6netmen <\/b><br \/>\n<a title=\"Russell Mulcahy\" href=\"http:\/\/divxplanet.com\/kisiler\/Russell-Mulcahy-k10508.html\">Russell Mulcahy<\/a><br \/>\n<b>Senaryo <\/b><br \/>\n<a title=\"Katie Ford\" href=\"http:\/\/divxplanet.com\/kisiler\/Katie-Ford-k46877.html\">Katie Ford<\/a><br \/>\n<a title=\"Leroy Aarons\" href=\"http:\/\/divxplanet.com\/kisiler\/Leroy-Aarons-k150139.html\">Leroy Aarons<\/a><\/h3>\n<h2>&#8212;&#8211;<\/h2>\n<h2>2012-2013 Bahar D\u00f6nemi 6420102 \/ 14. Grubun Filmi<span style=\"color: #ff6600\"><strong><br \/>\n<\/strong><\/span><\/h2>\n<h2><span style=\"color: #ff6600\"><strong>Rope (1948) \u00d6l\u00fcm Karar\u0131<\/strong><\/span><\/h2>\n<h3><img decoding=\"async\" class=\"alignleft\" src=\"http:\/\/upload.wikimedia.org\/wikipedia\/en\/thumb\/8\/8e\/Rope2.jpg\/220px-Rope2.jpg\" alt=\"\" \/>Y\u00f6netmen<br \/>\n<a title=\"Alfred Hitchcock\" href=\"http:\/\/divxplanet.com\/kisiler\/Alfred-Hitchcock-k108893.html\">Alfred Hitchcock<\/a><br \/>\nSenaryo<br \/>\n<a title=\"Patrick Hamilton\" href=\"http:\/\/divxplanet.com\/kisiler\/Patrick-Hamilton-k119439.html\">Patrick Hamilton<\/a><br \/>\n<a title=\"Hume Cronyn\" href=\"http:\/\/divxplanet.com\/kisiler\/Hume-Cronyn-k54913.html\">Hume Cronyn<\/a><br \/>\n<a title=\"Arthur Laurents\" href=\"http:\/\/divxplanet.com\/kisiler\/Arthur-Laurents-k113906.html\">Arthur Laurents<\/a><\/h3>\n<p>&nbsp;<\/p>\n<p>&nbsp;<\/p>\n<p>&nbsp;<\/p>\n<p>&nbsp;<\/p>\n<h1>&#8212;&#8211;<\/h1>\n<h2>2012-2013 Bahar D\u00f6nemi 6420304 \/ 23. Grubun Filmi<span style=\"color: #ff6600\"><strong><br \/>\n<\/strong><\/span><\/h2>\n<h2><span style=\"color: #ff6600\">Metropolis (1927)<\/span><\/h2>\n<h3><img loading=\"lazy\" decoding=\"async\" class=\"alignleft\" src=\"http:\/\/divxplanet.com\/imdb_local\/0017136.jpg\" alt=\"\" width=\"221\" height=\"280\" \/>Y\u00f6netmen<br \/>\n<a title=\"Fritz Lang\" href=\"http:\/\/divxplanet.com\/kisiler\/Fritz-Lang-k91986.html\">Fritz Lang<\/a><br \/>\nSenaryo<br \/>\n<a title=\"Thea von Harbou\" href=\"http:\/\/divxplanet.com\/kisiler\/Thea-von-Harbou-k113716.html\">Thea von Harbou<\/a><br \/>\n<a title=\"Fritz Lang\" href=\"http:\/\/divxplanet.com\/kisiler\/Fritz-Lang-k91986.html\">Fritz Lang<\/a><\/h3>\n<p>&nbsp;<\/p>\n<p>&nbsp;<\/p>\n<p>&nbsp;<\/p>\n<h2>&#8212;&#8211;<\/h2>\n<h2>2012-2013 Bahar D\u00f6nemi 6420304 \/ 24. Grubun Filmi<strong><br \/>\n<\/strong><\/h2>\n<h2><span style=\"color: #ff6600\">12 Angry Men (1957) 12 K\u0131zg\u0131n Adam<\/span><\/h2>\n<h3><img loading=\"lazy\" decoding=\"async\" class=\"alignleft\" src=\"http:\/\/2.bp.blogspot.com\/_eEKe8fRjHyI\/TEd5QWObi-I\/AAAAAAAAA9s\/-4jhMFbJD3E\/s1600\/12_angry_men.jpg\" alt=\"\" width=\"215\" height=\"303\" \/>Y\u00f6netmen<br \/>\n<a title=\"Sidney Lumet\" href=\"http:\/\/divxplanet.com\/kisiler\/Sidney-Lumet-k15599.html\">Sidney Lumet<\/a><br \/>\nSenaryo<br \/>\n<a title=\"Reginald Rose\" href=\"http:\/\/divxplanet.com\/kisiler\/Reginald-Rose-k99924.html\">Reginald Rose<\/a><\/h3>\n<p>&nbsp;<\/p>\n<p>&nbsp;<\/p>\n<p>&nbsp;<\/p>\n<p>&nbsp;<\/p>\n<h2>&#8212;&#8211;<\/h2>\n<h2>2012-2013 Bahar D\u00f6nemi 6420304 \/ 25. Grubun Filmi<strong><br \/>\n<\/strong><\/h2>\n<h2><span style=\"color: #ff6600\">Schindler&#8217;s List (1993) Schindler&#8217;in Listesi<\/span><\/h2>\n<h3><img loading=\"lazy\" decoding=\"async\" class=\"alignleft\" src=\"http:\/\/upload.wikimedia.org\/wikipedia\/tr\/thumb\/3\/38\/Schindler%27s_List_movie.jpg\/220px-Schindler%27s_List_movie.jpg\" alt=\"\" width=\"220\" height=\"330\" \/>Y\u00f6netmen<br \/>\n<a title=\"Steven Spielberg\" href=\"http:\/\/divxplanet.com\/kisiler\/Steven-Spielberg-k1823.html\">Steven Spielberg<\/a><br \/>\nSenaryo<br \/>\n<a title=\"Thomas Keneally\" href=\"http:\/\/divxplanet.com\/kisiler\/Thomas-Keneally-k124688.html\">Thomas Keneally<\/a><br \/>\n<a title=\"Steven Zaillian\" href=\"http:\/\/divxplanet.com\/kisiler\/Steven-Zaillian-k20169.html\">Steven Zaillian<\/a><\/h3>\n<p>&nbsp;<\/p>\n<p>&nbsp;<\/p>\n<p>&nbsp;<\/p>\n<h2>&#8212;&#8211;<\/h2>\n<h2>2012-2013 Bahar D\u00f6nemi 6420304 \/ 26. Grubun Filmi<strong><br \/>\n<\/strong><\/h2>\n<h2><span style=\"color: #ff6600\">Into the Wild (2007) \u00d6zg\u00fcrl\u00fck Yolu<\/span><\/h2>\n<h3><b><img loading=\"lazy\" decoding=\"async\" class=\"alignleft\" src=\"http:\/\/upload.wikimedia.org\/wikipedia\/en\/thumb\/8\/8a\/Into-the-wild.jpg\/220px-Into-the-wild.jpg\" alt=\"\" width=\"220\" height=\"324\" \/>Y\u00f6netmen <\/b><br \/>\n<a title=\"Sean Penn\" href=\"http:\/\/divxplanet.com\/kisiler\/Sean-Penn-k3351.html\">Sean Penn<\/a><br \/>\n<b>Senaryo <\/b><br \/>\n<a title=\"Sean Penn\" href=\"http:\/\/divxplanet.com\/kisiler\/Sean-Penn-k3351.html\">Sean Penn<\/a><br \/>\n<a title=\"Jon Krakauer\" href=\"http:\/\/divxplanet.com\/kisiler\/Jon-Krakauer-k19900.html\">Jon Krakauer<\/a><\/h3>\n<h2>&#8212;&#8211;<\/h2>\n<h2>2012-2013 Bahar D\u00f6nemi 6420304 \/ 27. Grubun Filmi<strong><br \/>\n<\/strong><\/h2>\n<h2><span style=\"color: #ff6600\">A Clockwork Orange (1971) Otomatik Portakal<\/span><\/h2>\n<h3><img loading=\"lazy\" decoding=\"async\" class=\"alignleft\" src=\"http:\/\/upload.wikimedia.org\/wikipedia\/tr\/thumb\/0\/0f\/Aclockwork.jpg\/220px-Aclockwork.jpg\" alt=\"\" width=\"220\" height=\"313\" \/>Y\u00f6netmen<br \/>\n<a title=\"Stanley Kubrick\" href=\"http:\/\/divxplanet.com\/kisiler\/Stanley-Kubrick-k84527.html\">Stanley Kubrick<\/a><br \/>\nSenaryo<br \/>\n<a title=\"Stanley Kubrick\" href=\"http:\/\/divxplanet.com\/kisiler\/Stanley-Kubrick-k84527.html\">Stanley Kubrick<\/a><br \/>\n<a title=\"Anthony Burgess\" href=\"http:\/\/divxplanet.com\/kisiler\/Anthony-Burgess-k108671.html\">Anthony Burgess<\/a><\/h3>\n<p>&nbsp;<\/p>\n<p>&nbsp;<\/p>\n<p>&nbsp;<\/p>\n<p>&nbsp;<\/p>\n","protected":false},"excerpt":{"rendered":"<p>\u0130ZL\u0130YORUZ&#8230; \u201cEle\u015ftiri\u201d derslerinde konu edinmek i\u00e7in her s\u0131n\u0131fta (section\u2019da) bir film izliyoruz. \u0130zlenecek filmleri, \u201cele\u015ftiri\u201d sunumunu ger\u00e7ekle\u015ftirecek \u00f6\u011frenciler belirledi. \u0130\u015eTE 2012-2013 BAHAR D\u00d6NEM\u0130N\u0130N F\u0130LMLER\u0130 &#8212;&#8211; 2012-2013 Bahar D\u00f6nemi 6420102 \/ 13. Grubun Filmi Prayers For Bobby (2009) Dualar Bobby \u0130\u00e7in &hellip; <a href=\"https:\/\/blog.metu.edu.tr\/korkuyu\/izlemeler\/film-2\/film\/\">Okumaya devam et <span class=\"meta-nav\">&rarr;<\/span><\/a><\/p>\n","protected":false},"author":785,"featured_media":0,"parent":354,"menu_order":1,"comment_status":"open","ping_status":"closed","template":"","meta":{"footnotes":"","_links_to":"","_links_to_target":""},"class_list":["post-64","page","type-page","status-publish","hentry"],"_links":{"self":[{"href":"https:\/\/blog.metu.edu.tr\/korkuyu\/wp-json\/wp\/v2\/pages\/64","targetHints":{"allow":["GET"]}}],"collection":[{"href":"https:\/\/blog.metu.edu.tr\/korkuyu\/wp-json\/wp\/v2\/pages"}],"about":[{"href":"https:\/\/blog.metu.edu.tr\/korkuyu\/wp-json\/wp\/v2\/types\/page"}],"author":[{"embeddable":true,"href":"https:\/\/blog.metu.edu.tr\/korkuyu\/wp-json\/wp\/v2\/users\/785"}],"replies":[{"embeddable":true,"href":"https:\/\/blog.metu.edu.tr\/korkuyu\/wp-json\/wp\/v2\/comments?post=64"}],"version-history":[{"count":0,"href":"https:\/\/blog.metu.edu.tr\/korkuyu\/wp-json\/wp\/v2\/pages\/64\/revisions"}],"up":[{"embeddable":true,"href":"https:\/\/blog.metu.edu.tr\/korkuyu\/wp-json\/wp\/v2\/pages\/354"}],"wp:attachment":[{"href":"https:\/\/blog.metu.edu.tr\/korkuyu\/wp-json\/wp\/v2\/media?parent=64"}],"curies":[{"name":"wp","href":"https:\/\/api.w.org\/{rel}","templated":true}]}}