{"id":379,"date":"2014-11-17T11:08:33","date_gmt":"2014-11-17T11:08:33","guid":{"rendered":"http:\/\/blog.metu.edu.tr\/korkuyu\/?page_id=379"},"modified":"2014-11-17T18:56:00","modified_gmt":"2014-11-17T18:56:00","slug":"kitap-buyuk-bir-bulus","status":"publish","type":"page","link":"https:\/\/blog.metu.edu.tr\/korkuyu\/izlemeler\/videovidyo\/kitap-buyuk-bir-bulus\/","title":{"rendered":"Kitap &#8211;  B\u00fcy\u00fck Bir Bulu\u015f"},"content":{"rendered":"<p>Kitab\u0131n b\u00fcy\u00fck bir bulu\u015f oldu\u011fu kesin! Peki en b\u00fcy\u00fck bulu\u015f olmas\u0131 m\u00fcmk\u00fcn m\u00fc? Yan\u0131tlamadan \u00f6nce vidyoyu izlemek do\u011fru olur.<br \/>\n\u0130zledikten sonra, bug\u00fcnlerde en b\u00fcy\u00fck bulu\u015f dedi\u011finiz &#8220;\u015fey&#8221; ile &#8220;kitab\u0131&#8221; kar\u015f\u0131la\u015ft\u0131rabilirsiniz.<\/p>\n<p><iframe loading=\"lazy\" title=\"Kitap - B\u00fcy\u00fck Bir Bulu\u015f\" src=\"https:\/\/player.vimeo.com\/video\/112044807?dnt=1&amp;app_id=122963\" width=\"584\" height=\"329\" frameborder=\"0\" allow=\"autoplay; fullscreen; picture-in-picture; clipboard-write\"><\/iframe><br \/>\n\u015eimdi rahatl\u0131kla sorabiliriz: Sizce en b\u00fcy\u00fck bulu\u015f nedir?<\/p>\n","protected":false},"excerpt":{"rendered":"<p>Kitab\u0131n b\u00fcy\u00fck bir bulu\u015f oldu\u011fu kesin! Peki en b\u00fcy\u00fck bulu\u015f olmas\u0131 m\u00fcmk\u00fcn m\u00fc? Yan\u0131tlamadan \u00f6nce vidyoyu izlemek do\u011fru olur. \u0130zledikten sonra, bug\u00fcnlerde en b\u00fcy\u00fck bulu\u015f dedi\u011finiz &#8220;\u015fey&#8221; ile &#8220;kitab\u0131&#8221; kar\u015f\u0131la\u015ft\u0131rabilirsiniz. \u015eimdi rahatl\u0131kla sorabiliriz: Sizce en b\u00fcy\u00fck bulu\u015f nedir?<\/p>\n","protected":false},"author":785,"featured_media":0,"parent":378,"menu_order":0,"comment_status":"open","ping_status":"open","template":"","meta":{"footnotes":"","_links_to":"","_links_to_target":""},"class_list":["post-379","page","type-page","status-publish","hentry"],"_links":{"self":[{"href":"https:\/\/blog.metu.edu.tr\/korkuyu\/wp-json\/wp\/v2\/pages\/379","targetHints":{"allow":["GET"]}}],"collection":[{"href":"https:\/\/blog.metu.edu.tr\/korkuyu\/wp-json\/wp\/v2\/pages"}],"about":[{"href":"https:\/\/blog.metu.edu.tr\/korkuyu\/wp-json\/wp\/v2\/types\/page"}],"author":[{"embeddable":true,"href":"https:\/\/blog.metu.edu.tr\/korkuyu\/wp-json\/wp\/v2\/users\/785"}],"replies":[{"embeddable":true,"href":"https:\/\/blog.metu.edu.tr\/korkuyu\/wp-json\/wp\/v2\/comments?post=379"}],"version-history":[{"count":0,"href":"https:\/\/blog.metu.edu.tr\/korkuyu\/wp-json\/wp\/v2\/pages\/379\/revisions"}],"up":[{"embeddable":true,"href":"https:\/\/blog.metu.edu.tr\/korkuyu\/wp-json\/wp\/v2\/pages\/378"}],"wp:attachment":[{"href":"https:\/\/blog.metu.edu.tr\/korkuyu\/wp-json\/wp\/v2\/media?parent=379"}],"curies":[{"name":"wp","href":"https:\/\/api.w.org\/{rel}","templated":true}]}}