{"id":356,"date":"2014-04-27T18:59:08","date_gmt":"2014-04-27T18:59:08","guid":{"rendered":"http:\/\/blog.metu.edu.tr\/korkuyu\/?page_id=356"},"modified":"2014-04-27T19:25:19","modified_gmt":"2014-04-27T19:25:19","slug":"2013-2014-bahar-donemi","status":"publish","type":"page","link":"https:\/\/blog.metu.edu.tr\/korkuyu\/izlemeler\/film-2\/2013-2014-bahar-donemi\/","title":{"rendered":"2013-2014 Bahar D\u00f6nemi"},"content":{"rendered":"<h2><span style=\"color: #ff6600\"><strong>\u0130ZL\u0130YORUZ\u2026<\/strong><\/span><\/h2>\n<h2><strong>\u201cEle\u015ftiri\u201d derslerinde konu edinmek i\u00e7in her s\u0131n\u0131fta (section\u2019da) bir film izliyoruz. \u0130zlenecek filmleri, \u201cele\u015ftiri\u201d sunumunu ger\u00e7ekle\u015ftirecek \u00f6\u011frenciler belirledi.<\/strong><\/h2>\n<h2><strong>\u0130\u015eTE 2013-2014 BAHAR D\u00d6NEM\u0130N\u0130N F\u0130LMLER\u0130<\/strong><\/h2>\n<h1>Bulut Atlas\u0131 (2012)<\/h1>\n<p><b><img loading=\"lazy\" decoding=\"async\" class=\"alignleft\" src=\"http:\/\/divxplanet.com\/bigcover\/1371111.jpg\" alt=\"\" width=\"200\" height=\"290\" \/>Y\u00f6netmen <\/b><\/p>\n<div><a title=\"Y\u00f6netmen Tom Tykwer\" href=\"http:\/\/divxplanet.com\/kisiler\/Tom-Tykwer-k459.html\">Tom Tykwer<\/a><\/div>\n<div><a title=\"Y\u00f6netmen Andy Wachowski\" href=\"http:\/\/divxplanet.com\/kisiler\/Andy-Wachowski-k4361.html\">Andy Wachowski<\/a><\/div>\n<div><a title=\"Y\u00f6netmen Larry Wachowski\" href=\"http:\/\/divxplanet.com\/kisiler\/Larry-Wachowski-k4362.html\">Larry Wachowski<\/a><\/div>\n<p><b>Senaryo <\/b><\/p>\n<div><a title=\"Senarist, Yazar David Mitchell\" href=\"http:\/\/divxplanet.com\/kisiler\/David-Mitchell-k202210.html\">David Mitchell<\/a><\/div>\n<div><a title=\"Senarist, Yazar Larry Wachowski\" href=\"http:\/\/divxplanet.com\/kisiler\/Larry-Wachowski-k4362.html\">Larry Wachowski<\/a><\/div>\n<div><a title=\"Senarist, Yazar Tom Tykwer\" href=\"http:\/\/divxplanet.com\/kisiler\/Tom-Tykwer-k459.html\">Tom Tykwer<\/a><\/div>\n<p>&nbsp;<\/p>\n<div class=\"altyazikutu\" style=\"margin-top: 0px\">\n<h1>Lost Highway (1997)<\/h1>\n<h2>Kay\u0131p Otoban<\/h2>\n<p><b><img loading=\"lazy\" decoding=\"async\" class=\"alignleft\" src=\"http:\/\/divxplanet.com\/bigcover\/0116922.jpg\" alt=\"\" width=\"200\" height=\"290\" \/>Y\u00f6netmen <\/b><\/p>\n<div><a title=\"Y\u00f6netmen David Lynch\" href=\"http:\/\/divxplanet.com\/kisiler\/David-Lynch-k27146.html\">David Lynch<\/a><\/div>\n<p><b>Senaryo <\/b><\/p>\n<div><a title=\"Senarist, Yazar David Lynch\" href=\"http:\/\/divxplanet.com\/kisiler\/David-Lynch-k27146.html\">David Lynch<\/a><\/div>\n<div><a title=\"Senarist, Yazar Barry Gifford\" href=\"http:\/\/divxplanet.com\/kisiler\/Barry-Gifford-k72884.html\">Barry Gifford<\/a><\/div>\n<div><\/div>\n<div><\/div>\n<div><\/div>\n<div><\/div>\n<div><\/div>\n<div><\/div>\n<h1>The Fall (2006)<\/h1>\n<h1>D\u00fc\u015f\u00fc\u015f<\/h1>\n<p><b><img loading=\"lazy\" decoding=\"async\" class=\"alignleft\" src=\"http:\/\/divxplanet.com\/bigcover\/0460791.jpg\" alt=\"\" width=\"200\" height=\"290\" \/>Y\u00f6netmen <\/b><\/p>\n<div><a title=\"Y\u00f6netmen Tarsem Singh\" href=\"http:\/\/divxplanet.com\/kisiler\/Tarsem-Singh-k35417.html\">Tarsem Singh<\/a><\/div>\n<p><b>Senaryo <\/b><\/p>\n<div><a title=\"Senarist, Yazar Dan Gilroy\" href=\"http:\/\/divxplanet.com\/kisiler\/Dan-Gilroy-k35427.html\">Dan Gilroy<\/a><\/div>\n<div><a title=\"Senarist, Yazar Nico Soultanakis\" href=\"http:\/\/divxplanet.com\/kisiler\/Nico-Soultanakis-k35428.html\">Nico Soultanakis<\/a><\/div>\n<div><a title=\"Senarist, Yazar Tarsem Singh\" href=\"http:\/\/divxplanet.com\/kisiler\/Tarsem-Singh-k35417.html\">Tarsem Singh<\/a><\/div>\n<div><\/div>\n<div><\/div>\n<div><\/div>\n<div><\/div>\n<div><\/div>\n<div>\n<div class=\"altyazikutu\" style=\"margin-top: 0px\">\n<h1>Ladri di biciclette (1948)<\/h1>\n<h2>Bisiklet H\u0131rs\u0131zlar\u0131<\/h2>\n<p><b><img loading=\"lazy\" decoding=\"async\" class=\"alignleft\" src=\"http:\/\/divxplanet.com\/bigcover\/0040522.jpg\" alt=\"\" width=\"200\" height=\"290\" \/>Y\u00f6netmen <\/b><\/p>\n<div><a title=\"Y\u00f6netmen Vittorio De Sica\" href=\"http:\/\/divxplanet.com\/kisiler\/Vittorio-De-Sica-k108438.html\">Vittorio De Sica<\/a><\/div>\n<p><b>Senaryo <\/b><\/p>\n<div><a title=\"Senarist, Yazar Luigi Bartolini\" href=\"http:\/\/divxplanet.com\/kisiler\/Luigi-Bartolini-k119183.html\">Luigi Bartolini<\/a><\/div>\n<div><a title=\"Senarist, Yazar Cesare Zavattini\" href=\"http:\/\/divxplanet.com\/kisiler\/Cesare-Zavattini-k97351.html\">Cesare Zavattini<\/a><\/div>\n<div><a title=\"Senarist, Yazar Suso Cecchi d'Amico\" href=\"http:\/\/divxplanet.com\/kisiler\/Suso-Cecchi-d-Amico-k39042.html\">Suso Cecchi d&#8217;Amico<\/a><\/div>\n<div><\/div>\n<div><\/div>\n<div><\/div>\n<div><\/div>\n<div><\/div>\n<div>\n<div class=\"altyazikutu\" style=\"margin-top: 0px\">\n<h1>Et maintenant, on va o\u00f9? (2011)<\/h1>\n<h2>Peki \u015eimdi Nereye?<\/h2>\n<p><b><img loading=\"lazy\" decoding=\"async\" class=\"alignleft\" src=\"http:\/\/divxplanet.com\/bigcover\/1772424.jpg\" alt=\"\" width=\"200\" height=\"290\" \/>Y\u00f6netmen <\/b><\/p>\n<div><a title=\"Y\u00f6netmen Nadine Labaki\" href=\"http:\/\/divxplanet.com\/kisiler\/Nadine-Labaki-k22750.html\">Nadine Labaki<\/a><\/div>\n<p><b>Senaryo <\/b><\/p>\n<div><a title=\"Senarist, Yazar Rodney Al Haddid\" href=\"http:\/\/divxplanet.com\/kisiler\/Rodney-Al-Haddid-k216981.html\">Rodney Al Haddid<\/a><\/div>\n<div><a title=\"Senarist, Yazar Thomas Bidegain\" href=\"http:\/\/divxplanet.com\/kisiler\/Thomas-Bidegain-k62165.html\">Thomas Bidegain<\/a><\/div>\n<div><a title=\"Senarist, Yazar Jihad Hojeily\" href=\"http:\/\/divxplanet.com\/kisiler\/Jihad-Hojeily-k22766.html\">Jihad Hojeily<\/a><\/div>\n<div><\/div>\n<div><\/div>\n<div><\/div>\n<div><\/div>\n<div><\/div>\n<div>\n<h1>Anlat \u0130stanbul (2005)<\/h1>\n<p><b><img loading=\"lazy\" decoding=\"async\" class=\"alignleft\" src=\"http:\/\/divxplanet.com\/bigcover\/0421625.jpg\" alt=\"\" width=\"200\" height=\"290\" \/>Y\u00f6netmen <\/b><\/p>\n<div><a title=\"Y\u00f6netmen Selim Demirdelen\" href=\"http:\/\/divxplanet.com\/kisiler\/Selim-Demirdelen-k25332.html\">Selim Demirdelen<\/a><\/div>\n<div><a title=\"Y\u00f6netmen Kudret Sabanci\" href=\"http:\/\/divxplanet.com\/kisiler\/Kudret-Sabanci-k49595.html\">Kudret Sabanci<\/a><\/div>\n<div><a title=\"Y\u00f6netmen Umit Unal\" href=\"http:\/\/divxplanet.com\/kisiler\/Umit-Unal-k49596.html\">Umit Unal<\/a><\/div>\n<div><a title=\"Y\u00f6netmen Y\u00fccel Yolcu\" href=\"http:\/\/divxplanet.com\/kisiler\/Yucel-Yolcu-k49597.html\">Y\u00fccel Yolcu<\/a><\/div>\n<div><a title=\"Y\u00f6netmen \u00d6m\u00fcr Atay\" href=\"http:\/\/divxplanet.com\/kisiler\/omur-Atay-k49598.html\">\u00d6m\u00fcr Atay<\/a><\/div>\n<p><b>Senaryo <\/b><\/p>\n<div><a title=\"Senarist, Yazar Umit Unal\" href=\"http:\/\/divxplanet.com\/kisiler\/Umit-Unal-k49596.html\">Umit Unal<\/a><\/div>\n<div><\/div>\n<div><\/div>\n<div><\/div>\n<div>\n<h1>Snowpiercer (2013)<\/h1>\n<p><b><img loading=\"lazy\" decoding=\"async\" class=\"alignleft\" src=\"http:\/\/divxplanet.com\/bigcover\/1706620.jpg\" alt=\"\" width=\"200\" height=\"290\" \/>Y\u00f6netmen <\/b><\/p>\n<div><a title=\"Y\u00f6netmen Joon-ho Bong\" href=\"http:\/\/divxplanet.com\/kisiler\/Joon-ho-Bong-k36403.html\">Joon-ho Bong<\/a><\/div>\n<p><b>Senaryo <\/b><\/p>\n<div><a title=\"Senarist, Yazar Joon-ho Bong\" href=\"http:\/\/divxplanet.com\/kisiler\/Joon-ho-Bong-k36403.html\">Joon-ho Bong<\/a><\/div>\n<div><a title=\"Senarist, Yazar Kelly Masterson\" href=\"http:\/\/divxplanet.com\/kisiler\/Kelly-Masterson-k15612.html\">Kelly Masterson<\/a><\/div>\n<\/div>\n<\/div>\n<\/div>\n<\/div>\n<\/div>\n<\/div>\n<\/div>\n","protected":false},"excerpt":{"rendered":"<p>\u0130ZL\u0130YORUZ\u2026 \u201cEle\u015ftiri\u201d derslerinde konu edinmek i\u00e7in her s\u0131n\u0131fta (section\u2019da) bir film izliyoruz. \u0130zlenecek filmleri, \u201cele\u015ftiri\u201d sunumunu ger\u00e7ekle\u015ftirecek \u00f6\u011frenciler belirledi. \u0130\u015eTE 2013-2014 BAHAR D\u00d6NEM\u0130N\u0130N F\u0130LMLER\u0130 Bulut Atlas\u0131 (2012) Y\u00f6netmen Tom Tykwer Andy Wachowski Larry Wachowski Senaryo David Mitchell Larry Wachowski Tom &hellip; <a href=\"https:\/\/blog.metu.edu.tr\/korkuyu\/izlemeler\/film-2\/2013-2014-bahar-donemi\/\">Okumaya devam et <span class=\"meta-nav\">&rarr;<\/span><\/a><\/p>\n","protected":false},"author":785,"featured_media":0,"parent":354,"menu_order":2,"comment_status":"open","ping_status":"open","template":"","meta":{"footnotes":"","_links_to":"","_links_to_target":""},"class_list":["post-356","page","type-page","status-publish","hentry"],"_links":{"self":[{"href":"https:\/\/blog.metu.edu.tr\/korkuyu\/wp-json\/wp\/v2\/pages\/356","targetHints":{"allow":["GET"]}}],"collection":[{"href":"https:\/\/blog.metu.edu.tr\/korkuyu\/wp-json\/wp\/v2\/pages"}],"about":[{"href":"https:\/\/blog.metu.edu.tr\/korkuyu\/wp-json\/wp\/v2\/types\/page"}],"author":[{"embeddable":true,"href":"https:\/\/blog.metu.edu.tr\/korkuyu\/wp-json\/wp\/v2\/users\/785"}],"replies":[{"embeddable":true,"href":"https:\/\/blog.metu.edu.tr\/korkuyu\/wp-json\/wp\/v2\/comments?post=356"}],"version-history":[{"count":0,"href":"https:\/\/blog.metu.edu.tr\/korkuyu\/wp-json\/wp\/v2\/pages\/356\/revisions"}],"up":[{"embeddable":true,"href":"https:\/\/blog.metu.edu.tr\/korkuyu\/wp-json\/wp\/v2\/pages\/354"}],"wp:attachment":[{"href":"https:\/\/blog.metu.edu.tr\/korkuyu\/wp-json\/wp\/v2\/media?parent=356"}],"curies":[{"name":"wp","href":"https:\/\/api.w.org\/{rel}","templated":true}]}}