{"id":355,"date":"2014-04-27T18:40:05","date_gmt":"2014-04-27T18:40:05","guid":{"rendered":"http:\/\/blog.metu.edu.tr\/korkuyu\/?page_id=355"},"modified":"2014-04-27T18:56:28","modified_gmt":"2014-04-27T18:56:28","slug":"tum-zamanlarin-en-iyi-10-filmi","status":"publish","type":"page","link":"https:\/\/blog.metu.edu.tr\/korkuyu\/izlemeler\/film-2\/tum-zamanlarin-en-iyi-10-filmi\/","title":{"rendered":"T\u00fcm Zamanlar\u0131n En \u0130yi 10 Filmi"},"content":{"rendered":"<p>\u0130ngiliz Film Enstit\u00fcs\u00fc\u2019n\u00fcn \u00e7\u0131kard\u0131\u011f\u0131 <span style=\"color: #ff0000\">Sight and Sound<\/span> dergisi 1952\u2019den bu yana her 10 y\u0131lda bir \u201cGelmi\u015f Ge\u00e7mi\u015f En \u0130yi 10 Film\u201d soru\u015fturmas\u0131 d\u00fczenler. T\u00fcm d\u00fcnyada hakl\u0131 bir sayg\u0131nl\u0131\u011fa sahip olan bu soru\u015fturman\u0131n sonu\u00e7lar\u0131 b\u00fcy\u00fck bir merakla beklenir ve sinefilleri heyecanland\u0131r\u0131r.<\/p>\n<p>Alfred Hitchcock\u2018un \u201cVertigo\u201dsu, \u201cYurtta\u015f Kane\u201din 50 y\u0131lll\u0131k h\u00e2kimiyetine son verdi. Orson Welles\u2018in klasi\u011fi,1952\u2019deki ilk soru\u015fturmada birinci olan \u201cBisiklet H\u0131rs\u0131zlar\u0131\u201dn\u0131n ard\u0131ndan ger\u00e7ekle\u015ftirilen 5 soru\u015fturmada da birinci olmay\u0131 ba\u015farm\u0131\u015ft\u0131. (Mehmet A\u00e7ar)<\/p>\n<p>2012 listesindeki filmler \u015f\u00f6yle s\u0131ralan\u0131yor:<\/p>\n<ol>\n<li>\u00a0\u201cVertigo\u201d (Hitchcock, 1958)<\/li>\n<li>\u00a0\u201cCitizen Kane\u201d (Welles,1941)<\/li>\n<li>\u00a0\u201cTokyo Story\u201d (Ozu, 1953)<\/li>\n<li>\u00a0\u201cLa Regle Du Jeu\u201d (Renoir, 1939)<\/li>\n<li>\u00a0\u201cSunrise\u201d (Murnau, 1927)<\/li>\n<li>\u00a0\u201c2001: A Space Odyssey\u201d (Kubrick, 1968)<\/li>\n<li>\u00a0\u201cThe Searchers\u201d (Ford, 1956)<\/li>\n<li>\u00a0\u201cMan with a Movie Camera\u201c (Vertov, 1927)<\/li>\n<li>\u00a0\u201cPassion of Jeanne D\u2019Arc\u201d (Dreyer, 1927)<\/li>\n<li>\u201c8 1\/2\u201d (Fellini, 1963).<\/li>\n<\/ol>\n<h6>Ayr\u0131nt\u0131l\u0131 Bilgi \u0130\u00e7in:<\/h6>\n<h6><a href=\"http:\/\/www.bfi.org.uk\/news\/50-greatest-films-all-time\">http:\/\/www.bfi.org.uk\/news\/50-greatest-films-all-time<\/a><\/h6>\n<h6><a href=\"http:\/\/explore.bfi.org.uk\/sightandsoundpolls\/2012\">http:\/\/explore.bfi.org.uk\/sightandsoundpolls\/2012<\/a><\/h6>\n<p>&nbsp;<\/p>\n","protected":false},"excerpt":{"rendered":"<p>\u0130ngiliz Film Enstit\u00fcs\u00fc\u2019n\u00fcn \u00e7\u0131kard\u0131\u011f\u0131 Sight and Sound dergisi 1952\u2019den bu yana her 10 y\u0131lda bir \u201cGelmi\u015f Ge\u00e7mi\u015f En \u0130yi 10 Film\u201d soru\u015fturmas\u0131 d\u00fczenler. T\u00fcm d\u00fcnyada hakl\u0131 bir sayg\u0131nl\u0131\u011fa sahip olan bu soru\u015fturman\u0131n sonu\u00e7lar\u0131 b\u00fcy\u00fck bir merakla beklenir ve sinefilleri heyecanland\u0131r\u0131r. &hellip; <a href=\"https:\/\/blog.metu.edu.tr\/korkuyu\/izlemeler\/film-2\/tum-zamanlarin-en-iyi-10-filmi\/\">Okumaya devam et <span class=\"meta-nav\">&rarr;<\/span><\/a><\/p>\n","protected":false},"author":785,"featured_media":0,"parent":354,"menu_order":0,"comment_status":"open","ping_status":"open","template":"","meta":{"footnotes":"","_links_to":"","_links_to_target":""},"class_list":["post-355","page","type-page","status-publish","hentry"],"_links":{"self":[{"href":"https:\/\/blog.metu.edu.tr\/korkuyu\/wp-json\/wp\/v2\/pages\/355","targetHints":{"allow":["GET"]}}],"collection":[{"href":"https:\/\/blog.metu.edu.tr\/korkuyu\/wp-json\/wp\/v2\/pages"}],"about":[{"href":"https:\/\/blog.metu.edu.tr\/korkuyu\/wp-json\/wp\/v2\/types\/page"}],"author":[{"embeddable":true,"href":"https:\/\/blog.metu.edu.tr\/korkuyu\/wp-json\/wp\/v2\/users\/785"}],"replies":[{"embeddable":true,"href":"https:\/\/blog.metu.edu.tr\/korkuyu\/wp-json\/wp\/v2\/comments?post=355"}],"version-history":[{"count":0,"href":"https:\/\/blog.metu.edu.tr\/korkuyu\/wp-json\/wp\/v2\/pages\/355\/revisions"}],"up":[{"embeddable":true,"href":"https:\/\/blog.metu.edu.tr\/korkuyu\/wp-json\/wp\/v2\/pages\/354"}],"wp:attachment":[{"href":"https:\/\/blog.metu.edu.tr\/korkuyu\/wp-json\/wp\/v2\/media?parent=355"}],"curies":[{"name":"wp","href":"https:\/\/api.w.org\/{rel}","templated":true}]}}