{"id":307,"date":"2013-11-23T17:19:36","date_gmt":"2013-11-23T17:19:36","guid":{"rendered":"http:\/\/blog.metu.edu.tr\/korkuyu\/?page_id=307"},"modified":"2021-11-22T08:52:08","modified_gmt":"2021-11-22T05:52:08","slug":"iletisim-ve-ogeleri","status":"publish","type":"page","link":"https:\/\/blog.metu.edu.tr\/korkuyu\/ders-notlari-2\/iletisim-ve-ogeleri\/","title":{"rendered":"\u0130leti\u015fim ve \u00d6\u011feleri"},"content":{"rendered":"","protected":false},"excerpt":{"rendered":"","protected":false},"author":785,"featured_media":0,"parent":305,"menu_order":0,"comment_status":"open","ping_status":"open","template":"","meta":{"footnotes":"","_links_to":"","_links_to_target":""},"class_list":["post-307","page","type-page","status-publish","hentry"],"_links":{"self":[{"href":"https:\/\/blog.metu.edu.tr\/korkuyu\/wp-json\/wp\/v2\/pages\/307","targetHints":{"allow":["GET"]}}],"collection":[{"href":"https:\/\/blog.metu.edu.tr\/korkuyu\/wp-json\/wp\/v2\/pages"}],"about":[{"href":"https:\/\/blog.metu.edu.tr\/korkuyu\/wp-json\/wp\/v2\/types\/page"}],"author":[{"embeddable":true,"href":"https:\/\/blog.metu.edu.tr\/korkuyu\/wp-json\/wp\/v2\/users\/785"}],"replies":[{"embeddable":true,"href":"https:\/\/blog.metu.edu.tr\/korkuyu\/wp-json\/wp\/v2\/comments?post=307"}],"version-history":[{"count":0,"href":"https:\/\/blog.metu.edu.tr\/korkuyu\/wp-json\/wp\/v2\/pages\/307\/revisions"}],"up":[{"embeddable":true,"href":"https:\/\/blog.metu.edu.tr\/korkuyu\/wp-json\/wp\/v2\/pages\/305"}],"wp:attachment":[{"href":"https:\/\/blog.metu.edu.tr\/korkuyu\/wp-json\/wp\/v2\/media?parent=307"}],"curies":[{"name":"wp","href":"https:\/\/api.w.org\/{rel}","templated":true}]}}