{"id":280,"date":"2013-05-22T23:16:58","date_gmt":"2013-05-22T23:16:58","guid":{"rendered":"http:\/\/blog.metu.edu.tr\/korkuyu\/?page_id=280"},"modified":"2013-05-22T23:18:50","modified_gmt":"2013-05-22T23:18:50","slug":"tiyatro-2","status":"publish","type":"page","link":"https:\/\/blog.metu.edu.tr\/korkuyu\/onermeler\/tiyatro-2\/","title":{"rendered":"Tiyatro"},"content":{"rendered":"<p><strong>Tiyatro<\/strong> \u00f6nerileri i\u00e7in <strong>\u0130ZLEMELER\/Tiyatro<\/strong> sayfas\u0131na <strong><a title=\"bak\u0131n\u0131z.\" href=\"http:\/\/blog.metu.edu.tr\/korkuyu\/izlemeler\/tiyatro-3\/\">bak\u0131n\u0131z.<\/a><\/strong><\/p>\n","protected":false},"excerpt":{"rendered":"<p>Tiyatro \u00f6nerileri i\u00e7in \u0130ZLEMELER\/Tiyatro sayfas\u0131na bak\u0131n\u0131z.<\/p>\n","protected":false},"author":785,"featured_media":0,"parent":59,"menu_order":0,"comment_status":"open","ping_status":"open","template":"","meta":{"footnotes":"","_links_to":"","_links_to_target":""},"class_list":["post-280","page","type-page","status-publish","hentry"],"_links":{"self":[{"href":"https:\/\/blog.metu.edu.tr\/korkuyu\/wp-json\/wp\/v2\/pages\/280","targetHints":{"allow":["GET"]}}],"collection":[{"href":"https:\/\/blog.metu.edu.tr\/korkuyu\/wp-json\/wp\/v2\/pages"}],"about":[{"href":"https:\/\/blog.metu.edu.tr\/korkuyu\/wp-json\/wp\/v2\/types\/page"}],"author":[{"embeddable":true,"href":"https:\/\/blog.metu.edu.tr\/korkuyu\/wp-json\/wp\/v2\/users\/785"}],"replies":[{"embeddable":true,"href":"https:\/\/blog.metu.edu.tr\/korkuyu\/wp-json\/wp\/v2\/comments?post=280"}],"version-history":[{"count":0,"href":"https:\/\/blog.metu.edu.tr\/korkuyu\/wp-json\/wp\/v2\/pages\/280\/revisions"}],"up":[{"embeddable":true,"href":"https:\/\/blog.metu.edu.tr\/korkuyu\/wp-json\/wp\/v2\/pages\/59"}],"wp:attachment":[{"href":"https:\/\/blog.metu.edu.tr\/korkuyu\/wp-json\/wp\/v2\/media?parent=280"}],"curies":[{"name":"wp","href":"https:\/\/api.w.org\/{rel}","templated":true}]}}