{"id":275,"date":"2013-05-22T22:58:28","date_gmt":"2013-05-22T22:58:28","guid":{"rendered":"http:\/\/blog.metu.edu.tr\/korkuyu\/?page_id=275"},"modified":"2013-05-22T23:02:02","modified_gmt":"2013-05-22T23:02:02","slug":"okur-haklari","status":"publish","type":"page","link":"https:\/\/blog.metu.edu.tr\/korkuyu\/coplenmeler\/okur-haklari\/","title":{"rendered":"Okur Haklar\u0131"},"content":{"rendered":"<p><strong>&#8220;Okur Haklar\u0131&#8221;n\u0131n pdf&#8217;si i\u00e7in <a href=\"http:\/\/blog.metu.edu.tr\/korkuyu\/files\/2013\/05\/okur-haklar\u0131.pdf\">t\u0131klay\u0131n\u0131z<\/a><\/strong><\/p>\n<p><a href=\"http:\/\/blog.metu.edu.tr\/korkuyu\/files\/2013\/05\/okur-haklar\u0131.jpg\"><img loading=\"lazy\" decoding=\"async\" class=\"alignright size-full wp-image-279\" alt=\"okur haklar\u0131\" src=\"http:\/\/blog.metu.edu.tr\/korkuyu\/files\/2013\/05\/okur-haklar\u0131.jpg\" width=\"1181\" height=\"1631\" srcset=\"https:\/\/blog.metu.edu.tr\/korkuyu\/files\/2013\/05\/okur-haklar\u0131.jpg 1181w, https:\/\/blog.metu.edu.tr\/korkuyu\/files\/2013\/05\/okur-haklar\u0131-217x300.jpg 217w, https:\/\/blog.metu.edu.tr\/korkuyu\/files\/2013\/05\/okur-haklar\u0131-741x1024.jpg 741w\" sizes=\"auto, (max-width: 1181px) 100vw, 1181px\" \/><\/a><\/p>\n","protected":false},"excerpt":{"rendered":"<p>&#8220;Okur Haklar\u0131&#8221;n\u0131n pdf&#8217;si i\u00e7in t\u0131klay\u0131n\u0131z<\/p>\n","protected":false},"author":785,"featured_media":0,"parent":51,"menu_order":0,"comment_status":"open","ping_status":"open","template":"","meta":{"footnotes":"","_links_to":"","_links_to_target":""},"class_list":["post-275","page","type-page","status-publish","hentry"],"_links":{"self":[{"href":"https:\/\/blog.metu.edu.tr\/korkuyu\/wp-json\/wp\/v2\/pages\/275","targetHints":{"allow":["GET"]}}],"collection":[{"href":"https:\/\/blog.metu.edu.tr\/korkuyu\/wp-json\/wp\/v2\/pages"}],"about":[{"href":"https:\/\/blog.metu.edu.tr\/korkuyu\/wp-json\/wp\/v2\/types\/page"}],"author":[{"embeddable":true,"href":"https:\/\/blog.metu.edu.tr\/korkuyu\/wp-json\/wp\/v2\/users\/785"}],"replies":[{"embeddable":true,"href":"https:\/\/blog.metu.edu.tr\/korkuyu\/wp-json\/wp\/v2\/comments?post=275"}],"version-history":[{"count":0,"href":"https:\/\/blog.metu.edu.tr\/korkuyu\/wp-json\/wp\/v2\/pages\/275\/revisions"}],"up":[{"embeddable":true,"href":"https:\/\/blog.metu.edu.tr\/korkuyu\/wp-json\/wp\/v2\/pages\/51"}],"wp:attachment":[{"href":"https:\/\/blog.metu.edu.tr\/korkuyu\/wp-json\/wp\/v2\/media?parent=275"}],"curies":[{"name":"wp","href":"https:\/\/api.w.org\/{rel}","templated":true}]}}