{"id":249,"date":"2013-04-17T21:58:31","date_gmt":"2013-04-17T21:58:31","guid":{"rendered":"http:\/\/blog.metu.edu.tr\/korkuyu\/?page_id=249"},"modified":"2013-11-23T17:11:00","modified_gmt":"2013-11-23T17:11:00","slug":"ders-notlari","status":"publish","type":"page","link":"https:\/\/blog.metu.edu.tr\/korkuyu\/ders-notlari-2\/ders-notlari\/","title":{"rendered":"T\u00fcrler"},"content":{"rendered":"<p><a href=\"http:\/\/blog.metu.edu.tr\/korkuyu\/files\/2013\/04\/roman.jpg\"><img loading=\"lazy\" decoding=\"async\" class=\"alignright size-full wp-image-254\" alt=\"roman\" src=\"http:\/\/blog.metu.edu.tr\/korkuyu\/files\/2013\/04\/roman.jpg\" width=\"620\" height=\"88\" srcset=\"https:\/\/blog.metu.edu.tr\/korkuyu\/files\/2013\/04\/roman.jpg 620w, https:\/\/blog.metu.edu.tr\/korkuyu\/files\/2013\/04\/roman-300x42.jpg 300w, https:\/\/blog.metu.edu.tr\/korkuyu\/files\/2013\/04\/roman-500x70.jpg 500w\" sizes=\"auto, (max-width: 620px) 100vw, 620px\" \/><\/a><a href=\"http:\/\/blog.metu.edu.tr\/korkuyu\/files\/2013\/04\/\u00f6yk\u00fc.jpg\"><img loading=\"lazy\" decoding=\"async\" class=\"alignright size-full wp-image-255\" alt=\"\u00f6yk\u00fc\" src=\"http:\/\/blog.metu.edu.tr\/korkuyu\/files\/2013\/04\/\u00f6yk\u00fc.jpg\" width=\"620\" height=\"88\" srcset=\"https:\/\/blog.metu.edu.tr\/korkuyu\/files\/2013\/04\/\u00f6yk\u00fc.jpg 620w, https:\/\/blog.metu.edu.tr\/korkuyu\/files\/2013\/04\/\u00f6yk\u00fc-300x42.jpg 300w, https:\/\/blog.metu.edu.tr\/korkuyu\/files\/2013\/04\/\u00f6yk\u00fc-500x70.jpg 500w\" sizes=\"auto, (max-width: 620px) 100vw, 620px\" \/><\/a><a href=\"http:\/\/blog.metu.edu.tr\/korkuyu\/files\/2013\/04\/\u015fiir.jpg\"><img loading=\"lazy\" decoding=\"async\" class=\"alignright size-full wp-image-256\" alt=\"\u015fiir\" src=\"http:\/\/blog.metu.edu.tr\/korkuyu\/files\/2013\/04\/\u015fiir.jpg\" width=\"620\" height=\"88\" srcset=\"https:\/\/blog.metu.edu.tr\/korkuyu\/files\/2013\/04\/\u015fiir.jpg 620w, https:\/\/blog.metu.edu.tr\/korkuyu\/files\/2013\/04\/\u015fiir-300x42.jpg 300w, https:\/\/blog.metu.edu.tr\/korkuyu\/files\/2013\/04\/\u015fiir-500x70.jpg 500w\" sizes=\"auto, (max-width: 620px) 100vw, 620px\" \/><\/a><a href=\"http:\/\/blog.metu.edu.tr\/korkuyu\/files\/2013\/04\/ele\u015ftiri.jpg\"><img loading=\"lazy\" decoding=\"async\" class=\"alignright size-full wp-image-257\" alt=\"ele\u015ftiri\" src=\"http:\/\/blog.metu.edu.tr\/korkuyu\/files\/2013\/04\/ele\u015ftiri.jpg\" width=\"620\" height=\"88\" srcset=\"https:\/\/blog.metu.edu.tr\/korkuyu\/files\/2013\/04\/ele\u015ftiri.jpg 620w, https:\/\/blog.metu.edu.tr\/korkuyu\/files\/2013\/04\/ele\u015ftiri-300x42.jpg 300w, https:\/\/blog.metu.edu.tr\/korkuyu\/files\/2013\/04\/ele\u015ftiri-500x70.jpg 500w\" sizes=\"auto, (max-width: 620px) 100vw, 620px\" \/><\/a><a href=\"http:\/\/blog.metu.edu.tr\/korkuyu\/files\/2013\/04\/deneme.jpg\"><img loading=\"lazy\" decoding=\"async\" class=\"alignright size-full wp-image-258\" alt=\"deneme\" src=\"http:\/\/blog.metu.edu.tr\/korkuyu\/files\/2013\/04\/deneme.jpg\" width=\"620\" height=\"88\" srcset=\"https:\/\/blog.metu.edu.tr\/korkuyu\/files\/2013\/04\/deneme.jpg 620w, https:\/\/blog.metu.edu.tr\/korkuyu\/files\/2013\/04\/deneme-300x42.jpg 300w, https:\/\/blog.metu.edu.tr\/korkuyu\/files\/2013\/04\/deneme-500x70.jpg 500w\" sizes=\"auto, (max-width: 620px) 100vw, 620px\" \/><\/a><a href=\"http:\/\/blog.metu.edu.tr\/korkuyu\/files\/2013\/04\/makale.jpg\"><img loading=\"lazy\" decoding=\"async\" class=\"alignright size-full wp-image-259\" alt=\"makale\" src=\"http:\/\/blog.metu.edu.tr\/korkuyu\/files\/2013\/04\/makale.jpg\" width=\"620\" height=\"88\" srcset=\"https:\/\/blog.metu.edu.tr\/korkuyu\/files\/2013\/04\/makale.jpg 620w, https:\/\/blog.metu.edu.tr\/korkuyu\/files\/2013\/04\/makale-300x42.jpg 300w, https:\/\/blog.metu.edu.tr\/korkuyu\/files\/2013\/04\/makale-500x70.jpg 500w\" sizes=\"auto, (max-width: 620px) 100vw, 620px\" \/><\/a><a href=\"http:\/\/blog.metu.edu.tr\/korkuyu\/files\/2013\/04\/tiyatro.jpg\"><img loading=\"lazy\" decoding=\"async\" class=\"alignright size-full wp-image-260\" alt=\"tiyatro\" src=\"http:\/\/blog.metu.edu.tr\/korkuyu\/files\/2013\/04\/tiyatro.jpg\" width=\"620\" height=\"88\" srcset=\"https:\/\/blog.metu.edu.tr\/korkuyu\/files\/2013\/04\/tiyatro.jpg 620w, https:\/\/blog.metu.edu.tr\/korkuyu\/files\/2013\/04\/tiyatro-300x42.jpg 300w, https:\/\/blog.metu.edu.tr\/korkuyu\/files\/2013\/04\/tiyatro-500x70.jpg 500w\" sizes=\"auto, (max-width: 620px) 100vw, 620px\" \/><\/a><a href=\"http:\/\/blog.metu.edu.tr\/korkuyu\/files\/2013\/04\/k\u00f6\u015fe-yaz\u0131s\u0131.jpg\"><img loading=\"lazy\" decoding=\"async\" class=\"alignright size-full wp-image-261\" alt=\"k\u00f6\u015fe yaz\u0131s\u0131\" src=\"http:\/\/blog.metu.edu.tr\/korkuyu\/files\/2013\/04\/k\u00f6\u015fe-yaz\u0131s\u0131.jpg\" width=\"620\" height=\"88\" srcset=\"https:\/\/blog.metu.edu.tr\/korkuyu\/files\/2013\/04\/k\u00f6\u015fe-yaz\u0131s\u0131.jpg 620w, https:\/\/blog.metu.edu.tr\/korkuyu\/files\/2013\/04\/k\u00f6\u015fe-yaz\u0131s\u0131-300x42.jpg 300w, https:\/\/blog.metu.edu.tr\/korkuyu\/files\/2013\/04\/k\u00f6\u015fe-yaz\u0131s\u0131-500x70.jpg 500w\" sizes=\"auto, (max-width: 620px) 100vw, 620px\" \/><\/a><a href=\"http:\/\/blog.metu.edu.tr\/korkuyu\/files\/2013\/04\/bilimsel-makale.jpg\"><img loading=\"lazy\" decoding=\"async\" class=\"alignright size-full wp-image-262\" alt=\"bilimsel makale\" src=\"http:\/\/blog.metu.edu.tr\/korkuyu\/files\/2013\/04\/bilimsel-makale.jpg\" width=\"620\" height=\"88\" srcset=\"https:\/\/blog.metu.edu.tr\/korkuyu\/files\/2013\/04\/bilimsel-makale.jpg 620w, https:\/\/blog.metu.edu.tr\/korkuyu\/files\/2013\/04\/bilimsel-makale-300x42.jpg 300w, https:\/\/blog.metu.edu.tr\/korkuyu\/files\/2013\/04\/bilimsel-makale-500x70.jpg 500w\" sizes=\"auto, (max-width: 620px) 100vw, 620px\" \/><\/a><a href=\"http:\/\/blog.metu.edu.tr\/korkuyu\/files\/2013\/04\/ara\u015ft\u0131rma-raporu.jpg\"><img loading=\"lazy\" decoding=\"async\" class=\"alignright size-full wp-image-263\" alt=\"ara\u015ft\u0131rma raporu\" src=\"http:\/\/blog.metu.edu.tr\/korkuyu\/files\/2013\/04\/ara\u015ft\u0131rma-raporu.jpg\" width=\"620\" height=\"88\" srcset=\"https:\/\/blog.metu.edu.tr\/korkuyu\/files\/2013\/04\/ara\u015ft\u0131rma-raporu.jpg 620w, https:\/\/blog.metu.edu.tr\/korkuyu\/files\/2013\/04\/ara\u015ft\u0131rma-raporu-300x42.jpg 300w, https:\/\/blog.metu.edu.tr\/korkuyu\/files\/2013\/04\/ara\u015ft\u0131rma-raporu-500x70.jpg 500w\" sizes=\"auto, (max-width: 620px) 100vw, 620px\" \/><\/a><\/p>\n","protected":false},"excerpt":{"rendered":"","protected":false},"author":785,"featured_media":0,"parent":305,"menu_order":2,"comment_status":"open","ping_status":"open","template":"","meta":{"footnotes":"","_links_to":"","_links_to_target":""},"class_list":["post-249","page","type-page","status-publish","hentry"],"_links":{"self":[{"href":"https:\/\/blog.metu.edu.tr\/korkuyu\/wp-json\/wp\/v2\/pages\/249","targetHints":{"allow":["GET"]}}],"collection":[{"href":"https:\/\/blog.metu.edu.tr\/korkuyu\/wp-json\/wp\/v2\/pages"}],"about":[{"href":"https:\/\/blog.metu.edu.tr\/korkuyu\/wp-json\/wp\/v2\/types\/page"}],"author":[{"embeddable":true,"href":"https:\/\/blog.metu.edu.tr\/korkuyu\/wp-json\/wp\/v2\/users\/785"}],"replies":[{"embeddable":true,"href":"https:\/\/blog.metu.edu.tr\/korkuyu\/wp-json\/wp\/v2\/comments?post=249"}],"version-history":[{"count":0,"href":"https:\/\/blog.metu.edu.tr\/korkuyu\/wp-json\/wp\/v2\/pages\/249\/revisions"}],"up":[{"embeddable":true,"href":"https:\/\/blog.metu.edu.tr\/korkuyu\/wp-json\/wp\/v2\/pages\/305"}],"wp:attachment":[{"href":"https:\/\/blog.metu.edu.tr\/korkuyu\/wp-json\/wp\/v2\/media?parent=249"}],"curies":[{"name":"wp","href":"https:\/\/api.w.org\/{rel}","templated":true}]}}