{"id":232,"date":"2013-03-15T13:15:52","date_gmt":"2013-03-15T13:15:52","guid":{"rendered":"http:\/\/blog.metu.edu.tr\/korkuyu\/?page_id=232"},"modified":"2013-03-15T13:21:31","modified_gmt":"2013-03-15T13:21:31","slug":"tv-program","status":"publish","type":"page","link":"https:\/\/blog.metu.edu.tr\/korkuyu\/onermeler\/tv-program\/","title":{"rendered":"TV \/ Program"},"content":{"rendered":"<p><strong>A\u00c7IK \u015eEH\u0130R<\/strong><\/p>\n<p><img loading=\"lazy\" decoding=\"async\" class=\"alignnone\" alt=\"\" src=\"https:\/\/fbcdn-sphotos-b-a.akamaihd.net\/hphotos-ak-ash3\/c67.0.403.403\/p403x403\/602755_412880285459945_503142741_n.jpg\" width=\"403\" height=\"403\" \/><\/p>\n<p>A\u00e7\u0131k \u015eehir program\u0131 Do\u011fan H\u0131zlan, Semih G\u00fcm\u00fc\u015f, Murat G\u00fclsoy, \u0130hsan Y\u0131lmaz ve Mira\u00e7 Zeynep \u00d6zkartal&#8217;\u0131n b\u00f6l\u00fcmlerinin oldu\u011fu K\u00fclt\u00fcr-Sanat ve a\u011f\u0131rl\u0131kl\u0131 olarak edebiyat program\u0131. Her Per\u015fembe ilk yay\u0131n\u0131 ile TRT T\u00fcrk&#8217;te 23:05&#8217;te ba\u015fl\u0131yor. Cumartesi 11:10 ve 18:0&#8217;da Pazar g\u00fcnleri ise 14:10&#8217;da tekrarlar\u0131 yay\u0131nlan\u0131yor.<\/p>\n<p><img loading=\"lazy\" decoding=\"async\" class=\"alignnone\" alt=\"\" src=\"http:\/\/t0.gstatic.com\/images?q=tbn:ANd9GcSuOlscjTAPLCkzjSqIOM2SqyNmr2hb8QTjogKnRyIq2ASCKmoB\" width=\"369\" height=\"136\" \/><\/p>\n<p>&nbsp;<\/p>\n","protected":false},"excerpt":{"rendered":"<p>A\u00c7IK \u015eEH\u0130R A\u00e7\u0131k \u015eehir program\u0131 Do\u011fan H\u0131zlan, Semih G\u00fcm\u00fc\u015f, Murat G\u00fclsoy, \u0130hsan Y\u0131lmaz ve Mira\u00e7 Zeynep \u00d6zkartal&#8217;\u0131n b\u00f6l\u00fcmlerinin oldu\u011fu K\u00fclt\u00fcr-Sanat ve a\u011f\u0131rl\u0131kl\u0131 olarak edebiyat program\u0131. Her Per\u015fembe ilk yay\u0131n\u0131 ile TRT T\u00fcrk&#8217;te 23:05&#8217;te ba\u015fl\u0131yor. Cumartesi 11:10 ve 18:0&#8217;da Pazar g\u00fcnleri &hellip; <a href=\"https:\/\/blog.metu.edu.tr\/korkuyu\/onermeler\/tv-program\/\">Okumaya devam et <span class=\"meta-nav\">&rarr;<\/span><\/a><\/p>\n","protected":false},"author":785,"featured_media":0,"parent":59,"menu_order":3,"comment_status":"open","ping_status":"open","template":"","meta":{"footnotes":"","_links_to":"","_links_to_target":""},"class_list":["post-232","page","type-page","status-publish","hentry"],"_links":{"self":[{"href":"https:\/\/blog.metu.edu.tr\/korkuyu\/wp-json\/wp\/v2\/pages\/232","targetHints":{"allow":["GET"]}}],"collection":[{"href":"https:\/\/blog.metu.edu.tr\/korkuyu\/wp-json\/wp\/v2\/pages"}],"about":[{"href":"https:\/\/blog.metu.edu.tr\/korkuyu\/wp-json\/wp\/v2\/types\/page"}],"author":[{"embeddable":true,"href":"https:\/\/blog.metu.edu.tr\/korkuyu\/wp-json\/wp\/v2\/users\/785"}],"replies":[{"embeddable":true,"href":"https:\/\/blog.metu.edu.tr\/korkuyu\/wp-json\/wp\/v2\/comments?post=232"}],"version-history":[{"count":0,"href":"https:\/\/blog.metu.edu.tr\/korkuyu\/wp-json\/wp\/v2\/pages\/232\/revisions"}],"up":[{"embeddable":true,"href":"https:\/\/blog.metu.edu.tr\/korkuyu\/wp-json\/wp\/v2\/pages\/59"}],"wp:attachment":[{"href":"https:\/\/blog.metu.edu.tr\/korkuyu\/wp-json\/wp\/v2\/media?parent=232"}],"curies":[{"name":"wp","href":"https:\/\/api.w.org\/{rel}","templated":true}]}}