{"id":202,"date":"2013-02-05T00:20:24","date_gmt":"2013-02-05T00:20:24","guid":{"rendered":"http:\/\/blog.metu.edu.tr\/korkuyu\/?page_id=202"},"modified":"2013-07-09T00:54:57","modified_gmt":"2013-07-09T00:54:57","slug":"web-sayfalari","status":"publish","type":"page","link":"https:\/\/blog.metu.edu.tr\/korkuyu\/onermeler\/web-sayfalari\/","title":{"rendered":"WEB Sayfalar\u0131"},"content":{"rendered":"<p><span style=\"color: #ff0000\"><strong><span style=\"color: #ff6600\">sabitfikir: G\u00fcncel Edebiyat Sitesi<\/span><br \/>\n<\/strong><\/span><\/p>\n<p>Kitap, Ele\u015ftiri, \u00d6yk\u00fc, \u015eiir ve Felsefe hakk\u0131ndaki g\u00fcncel bilgiler<\/p>\n<p><span style=\"color: #ffffff\"><a href=\"http:\/\/www.sabitfikir.com\/\"><span style=\"color: #ffffff\"><strong>h<\/strong><strong>ttp:\/\/www.sabitfikir.com\/<\/strong><\/span><\/a><\/span><\/p>\n<h4>SabitFikir Genel Yay\u0131n Y\u00f6netmeni:<\/h4>\n<h4><strong>Elif Bereketli<\/strong><\/h4>\n<h4>SabitFikir Dergi edit\u00f6rleri:<\/h4>\n<h4><strong>Aykut Ertu\u011frul ve Ceyhan Usanmaz<\/strong><\/h4>\n<h4>SabitFikir Edit\u00f6r Yard\u0131mc\u0131lar\u0131:<\/h4>\n<h4><strong>Do\u011facan Do\u011fan ve Derya Atlas<\/strong><\/h4>\n<p>&nbsp;<\/p>\n<p><img loading=\"lazy\" decoding=\"async\" class=\"alignnone\" alt=\"\" src=\"http:\/\/img.informe.com\/img\/thumbs\/s\/sabitfikir.com_medium.jpg\" width=\"560\" height=\"404\" \/><\/p>\n<p>&nbsp;<\/p>\n<p><span style=\"color: #ff6600\"><strong>altKitap: \u00dccretsiz T\u00fcrk\u00e7e E-Kitap &amp; \u0130lk T\u00fcrk Online Yay\u0131nevi<\/strong><\/span><\/p>\n<p><a href=\"http:\/\/www.altkitap.net\/\"><span style=\"color: #ffffff\"><strong>http:\/\/www.altkitap.net\/<\/strong><\/span><\/a><\/p>\n<p>Yay\u0131n Kurulu: <strong>\u00d6zge Calafato, Hande Orta\u00e7, Aylin S\u00f6kmen, Engin T\u00fcrkgeldi\u00a0\u00a0\u00a0\u00a0\u00a0\u00a0\u00a0\u00a0 <\/strong>Tasar\u0131m ve Uygulama: <strong>Su Ba\u015fbu\u011fu<\/strong><\/p>\n<p><strong>altKitap<\/strong>, 2000 y\u0131l\u0131ndan beri internet \u00fczerinden \u00fccretsiz olarak elektronik kitap yay\u0131nlamakta olan T\u00fcrkiye\u2019nin ilk \u00e7evrimi\u00e7i yay\u0131nevidir. Kuruldu\u011fu g\u00fcnden bu yana, kaliteli edebi ve d\u00fc\u015f\u00fcnsel i\u00e7eri\u011fin internet \u00fczerinden \u00f6zg\u00fcrce ve \u00fccretsiz olarak yay\u0131lmas\u0131n\u0131 sa\u011flamay\u0131 hedeflemektedir. Geli\u015fen teknolojik imkanlar\u0131 sadece yazar ile okurun bulu\u015fmas\u0131n\u0131 kolayla\u015ft\u0131ran i\u00e7in bir ara\u00e7 olarak de\u011fil, ayn\u0131 zamanda al\u0131\u015f\u0131lm\u0131\u015f\u0131n d\u0131\u015f\u0131nda yaz\u0131n ve ifade tarzlar\u0131na olanak tan\u0131yacak bir g\u00fc\u00e7 olarak g\u00f6ren altKitap, 2013 y\u0131l\u0131ndan itibaren yay\u0131n hayat\u0131na yeni tasar\u0131m\u0131, i\u00e7eri\u011fi ve yay\u0131n kurulu ile devam edecektir. Kurulu\u015f amac\u0131ndan ve \u00e7izgisinden sapmadan kaliteli yaz\u0131n\u0131, g\u00fcncel elektronik cihazlara uygun formatlarda sunacak olan altKitap, h\u00e2l\u00e2 \u00f6zg\u00fcr, h\u00e2l\u00e2 yenilik\u00e7i, ve h\u00e2l\u00e2 \u00fccretsiz.<\/p>\n<p><strong>altKitap<\/strong>\u2019\u0131 hayal eden, kuran ve geli\u015ftiren, bug\u00fcnlere ula\u015fmas\u0131nda \u00f6nemli bir rol oynayan Murat G\u00fclsoy, Yekta Kopan, Adnan Kurt, Cem U\u00e7an, Faruk Ulay, Sercan \u015eeng\u00fcn, ve Onur Y\u0131ld\u0131r\u0131m\u2019a te\u015fekk\u00fcr ederiz.<\/p>\n<p><img loading=\"lazy\" decoding=\"async\" class=\"alignnone\" alt=\"\" src=\"http:\/\/3.bp.blogspot.com\/-dSJB1cKlvPY\/UQaZoQnOyaI\/AAAAAAAAF0A\/4TpDAtMgz_E\/s1600\/alt.jpg\" width=\"602\" height=\"379\" \/><\/p>\n<p>&nbsp;<\/p>\n<p><span style=\"color: #ff6600\"><strong>\u0130ncipit Enstit\u00fcs\u00fc: Kitaplar\u0131n ilk c\u00fcmleleri enstit\u00fcs\u00fc<\/strong><\/span><\/p>\n<p><span style=\"color: #ffffff\"><a href=\"http:\/\/www.incipitenstitusu.com\/\"><span style=\"color: #ffffff\"><strong>http:\/\/www.incipitenstitusu.com\/<\/strong><\/span><\/a><\/span><\/p>\n<p>Enis Batur\u2019un 2006\u2019da edebi eserlerin ilk c\u00fcmlelerini bir araya getirip bir enstit\u00fc kurma fikri duyanlar\u0131n y\u00fcz\u00fcnde tebess\u00fcm b\u0131rakacak bir fikirdi, \u00f6zellikle de has edebiyat okurunun. Batur bu merkezin ad\u0131n\u0131 bile koymu\u015ftu: \u0130ncipit Enstit\u00fcs\u00fc<\/p>\n<p><img loading=\"lazy\" decoding=\"async\" class=\"alignnone\" alt=\"\" src=\"http:\/\/www.milliyetsanat.com\/allimages\/news\/280120131848129625260.jpg\" width=\"640\" height=\"412\" \/><\/p>\n<p>&nbsp;<\/p>\n<p><span style=\"color: #ff6600\"><strong>Edebiyat Haber<\/strong><\/span><\/p>\n<p>Edebiyat d\u00fcnyas\u0131ndan haber ve bilgilerin yer ald\u0131\u011f\u0131 bir site. Yay\u0131n y\u00f6netmeni Emrah Polat.<\/p>\n<p><span style=\"color: #ffffff\"><a href=\"http:\/\/www.incipitenstitusu.com\/\"><span style=\"color: #ffffff\"><strong>http:\/\/www.edebiyathaber.net\/<\/strong><\/span><\/a><\/span><\/p>\n<p><img loading=\"lazy\" decoding=\"async\" class=\"alignnone\" alt=\"\" src=\"http:\/\/img.informe.com\/img\/thumbs\/e\/edebiyathaber.net_medium.jpg\" width=\"636\" height=\"471\" \/><\/p>\n<p><span style=\"color: #ff6600\"><strong>Okuryazar Tv<\/strong><\/span><\/p>\n<div id=\"stcpDiv\">T\u00fcrkiye\u2019nin k\u00fclt\u00fcr ve d\u00fc\u015f\u00fcnce g\u00fcndemini kitaplar \u00fczerinden izlemeyi ve tart\u0131\u015fmay\u0131 hedefleyen s\u00f6yle\u015fi platformu<\/div>\n<address>\u00a0<a href=\"http:\/\/www.okuryazar.tv\/\"><strong>http:\/\/www.okuryazar.tv\/<\/strong><\/a><\/address>\n<div><img loading=\"lazy\" decoding=\"async\" class=\"alignnone\" alt=\"\" src=\"http:\/\/www.okuryazar.tv\/images\/bannermart.jpg\" width=\"979\" height=\"176\" \/><\/div>\n","protected":false},"excerpt":{"rendered":"<p>sabitfikir: G\u00fcncel Edebiyat Sitesi Kitap, Ele\u015ftiri, \u00d6yk\u00fc, \u015eiir ve Felsefe hakk\u0131ndaki g\u00fcncel bilgiler http:\/\/www.sabitfikir.com\/ SabitFikir Genel Yay\u0131n Y\u00f6netmeni: Elif Bereketli SabitFikir Dergi edit\u00f6rleri: Aykut Ertu\u011frul ve Ceyhan Usanmaz SabitFikir Edit\u00f6r Yard\u0131mc\u0131lar\u0131: Do\u011facan Do\u011fan ve Derya Atlas &nbsp; &nbsp; altKitap: \u00dccretsiz &hellip; <a href=\"https:\/\/blog.metu.edu.tr\/korkuyu\/onermeler\/web-sayfalari\/\">Okumaya devam et <span class=\"meta-nav\">&rarr;<\/span><\/a><\/p>\n","protected":false},"author":785,"featured_media":0,"parent":59,"menu_order":4,"comment_status":"open","ping_status":"open","template":"","meta":{"footnotes":"","_links_to":"","_links_to_target":""},"class_list":["post-202","page","type-page","status-publish","hentry"],"_links":{"self":[{"href":"https:\/\/blog.metu.edu.tr\/korkuyu\/wp-json\/wp\/v2\/pages\/202","targetHints":{"allow":["GET"]}}],"collection":[{"href":"https:\/\/blog.metu.edu.tr\/korkuyu\/wp-json\/wp\/v2\/pages"}],"about":[{"href":"https:\/\/blog.metu.edu.tr\/korkuyu\/wp-json\/wp\/v2\/types\/page"}],"author":[{"embeddable":true,"href":"https:\/\/blog.metu.edu.tr\/korkuyu\/wp-json\/wp\/v2\/users\/785"}],"replies":[{"embeddable":true,"href":"https:\/\/blog.metu.edu.tr\/korkuyu\/wp-json\/wp\/v2\/comments?post=202"}],"version-history":[{"count":0,"href":"https:\/\/blog.metu.edu.tr\/korkuyu\/wp-json\/wp\/v2\/pages\/202\/revisions"}],"up":[{"embeddable":true,"href":"https:\/\/blog.metu.edu.tr\/korkuyu\/wp-json\/wp\/v2\/pages\/59"}],"wp:attachment":[{"href":"https:\/\/blog.metu.edu.tr\/korkuyu\/wp-json\/wp\/v2\/media?parent=202"}],"curies":[{"name":"wp","href":"https:\/\/api.w.org\/{rel}","templated":true}]}}