{"id":198,"date":"2013-01-03T11:08:56","date_gmt":"2013-01-03T11:08:56","guid":{"rendered":"http:\/\/blog.metu.edu.tr\/korkuyu\/?page_id=198"},"modified":"2013-10-08T07:22:20","modified_gmt":"2013-10-08T07:22:20","slug":"dilin-evrimi-2","status":"publish","type":"page","link":"https:\/\/blog.metu.edu.tr\/korkuyu\/yazilar\/dilin-evrimi-2\/","title":{"rendered":"Dilin Evrimi- \u0130. K. Bay\u0131rl\u0131"},"content":{"rendered":"<p>\u0130sa Kerem Bay\u0131rl\u0131&#8217;n\u0131n &#8220;Dilin Evrimi&#8221; adl\u0131 yaz\u0131s\u0131 i\u00e7in\u00a0<strong><a href=\"http:\/\/blog.metu.edu.tr\/korkuyu\/files\/2013\/01\/Dilin-Evrimi_Cogito_-\u0130sa-Kerem-Bay\u0131rl\u0131.pdf\">t\u0131klay\u0131n\u0131z.<\/a><\/strong><\/p>\n","protected":false},"excerpt":{"rendered":"<p>\u0130sa Kerem Bay\u0131rl\u0131&#8217;n\u0131n &#8220;Dilin Evrimi&#8221; adl\u0131 yaz\u0131s\u0131 i\u00e7in\u00a0t\u0131klay\u0131n\u0131z.<\/p>\n","protected":false},"author":785,"featured_media":0,"parent":42,"menu_order":5,"comment_status":"open","ping_status":"open","template":"","meta":{"footnotes":"","_links_to":"","_links_to_target":""},"class_list":["post-198","page","type-page","status-publish","hentry"],"_links":{"self":[{"href":"https:\/\/blog.metu.edu.tr\/korkuyu\/wp-json\/wp\/v2\/pages\/198","targetHints":{"allow":["GET"]}}],"collection":[{"href":"https:\/\/blog.metu.edu.tr\/korkuyu\/wp-json\/wp\/v2\/pages"}],"about":[{"href":"https:\/\/blog.metu.edu.tr\/korkuyu\/wp-json\/wp\/v2\/types\/page"}],"author":[{"embeddable":true,"href":"https:\/\/blog.metu.edu.tr\/korkuyu\/wp-json\/wp\/v2\/users\/785"}],"replies":[{"embeddable":true,"href":"https:\/\/blog.metu.edu.tr\/korkuyu\/wp-json\/wp\/v2\/comments?post=198"}],"version-history":[{"count":0,"href":"https:\/\/blog.metu.edu.tr\/korkuyu\/wp-json\/wp\/v2\/pages\/198\/revisions"}],"up":[{"embeddable":true,"href":"https:\/\/blog.metu.edu.tr\/korkuyu\/wp-json\/wp\/v2\/pages\/42"}],"wp:attachment":[{"href":"https:\/\/blog.metu.edu.tr\/korkuyu\/wp-json\/wp\/v2\/media?parent=198"}],"curies":[{"name":"wp","href":"https:\/\/api.w.org\/{rel}","templated":true}]}}