{"id":188,"date":"2012-10-29T15:46:04","date_gmt":"2012-10-29T15:46:04","guid":{"rendered":"http:\/\/blog.metu.edu.tr\/korkuyu\/?page_id=188"},"modified":"2012-10-29T15:46:04","modified_gmt":"2012-10-29T15:46:04","slug":"radyo","status":"publish","type":"page","link":"https:\/\/blog.metu.edu.tr\/korkuyu\/onermeler\/radyo\/","title":{"rendered":"Radyo"},"content":{"rendered":"<p><strong><span style=\"color: #ff0000\">&#8220;Sahneden Radyoya&#8221;<\/span> Program\u0131<\/strong><\/p>\n<p><img loading=\"lazy\" decoding=\"async\" class=\"alignnone\" src=\"http:\/\/rp.dygrd.com\/image\/rs?url=ntr\/img\/20120913\/2698_2700.jpg&amp;w=698&amp;h=199\" alt=\"\" width=\"698\" height=\"199\" \/><\/p>\n<p>Sahneden Radyoya, bir Devlet Tiyatrolar\u0131 &#8211; NTV Radyo i\u015fbirli\u011fi \u00fcr\u00fcn\u00fc&#8230; Sahneden Radyoya her Cuma 22:10, Pazar 18:10\u2019da<strong> NTV Radyo<\/strong>&#8216;da!<\/p>\n","protected":false},"excerpt":{"rendered":"<p>&#8220;Sahneden Radyoya&#8221; Program\u0131 Sahneden Radyoya, bir Devlet Tiyatrolar\u0131 &#8211; NTV Radyo i\u015fbirli\u011fi \u00fcr\u00fcn\u00fc&#8230; Sahneden Radyoya her Cuma 22:10, Pazar 18:10\u2019da NTV Radyo&#8216;da!<\/p>\n","protected":false},"author":785,"featured_media":0,"parent":59,"menu_order":3,"comment_status":"open","ping_status":"open","template":"","meta":{"footnotes":"","_links_to":"","_links_to_target":""},"class_list":["post-188","page","type-page","status-publish","hentry"],"_links":{"self":[{"href":"https:\/\/blog.metu.edu.tr\/korkuyu\/wp-json\/wp\/v2\/pages\/188","targetHints":{"allow":["GET"]}}],"collection":[{"href":"https:\/\/blog.metu.edu.tr\/korkuyu\/wp-json\/wp\/v2\/pages"}],"about":[{"href":"https:\/\/blog.metu.edu.tr\/korkuyu\/wp-json\/wp\/v2\/types\/page"}],"author":[{"embeddable":true,"href":"https:\/\/blog.metu.edu.tr\/korkuyu\/wp-json\/wp\/v2\/users\/785"}],"replies":[{"embeddable":true,"href":"https:\/\/blog.metu.edu.tr\/korkuyu\/wp-json\/wp\/v2\/comments?post=188"}],"version-history":[{"count":0,"href":"https:\/\/blog.metu.edu.tr\/korkuyu\/wp-json\/wp\/v2\/pages\/188\/revisions"}],"up":[{"embeddable":true,"href":"https:\/\/blog.metu.edu.tr\/korkuyu\/wp-json\/wp\/v2\/pages\/59"}],"wp:attachment":[{"href":"https:\/\/blog.metu.edu.tr\/korkuyu\/wp-json\/wp\/v2\/media?parent=188"}],"curies":[{"name":"wp","href":"https:\/\/api.w.org\/{rel}","templated":true}]}}