{"id":185,"date":"2012-10-29T15:34:06","date_gmt":"2012-10-29T15:34:06","guid":{"rendered":"http:\/\/blog.metu.edu.tr\/korkuyu\/?page_id=185"},"modified":"2013-03-17T15:15:34","modified_gmt":"2013-03-17T15:15:34","slug":"belgesel","status":"publish","type":"page","link":"https:\/\/blog.metu.edu.tr\/korkuyu\/onermeler\/belgesel\/","title":{"rendered":"Belgesel"},"content":{"rendered":"<h1><span style=\"color: #ff0000\"><b>&#8220;SANATIMIZIN HATIRA DEFTER\u0130\u201d<\/b><\/span> Belgeseli<\/h1>\n<p><img loading=\"lazy\" decoding=\"async\" class=\"alignnone\" alt=\"\" src=\"http:\/\/www.film46.com\/film46\/Resim\/yeni\/vlcsnap-2013-03-10-14h44m10s192.jpg\" width=\"560\" height=\"260\" \/><\/p>\n<p><b>CNN T\u00dcRK\u2019te, yepyeni bir belgesel ba\u015fl\u0131yor&#8230; Nebil \u00d6zgent\u00fcrk ve arkada\u015flar\u0131n\u0131n bir y\u0131ld\u0131r y\u00fcr\u00fctt\u00fckleri \u00e7al\u0131\u015fma sonucu tamamlanan \u201cSanat\u0131m\u0131z\u0131n Hat\u0131ra Defteri\u201d, sizleri k\u00fclt\u00fcr ve sanat\u0131m\u0131za dair y\u00fczy\u0131ll\u0131k bir yolculu\u011fa \u00e7\u0131kart\u0131yor.<\/b><\/p>\n<p>Nebil \u00d6zgent\u00fcrk\u2019\u00fcn yaz\u0131p y\u00f6netti\u011fi 13 b\u00f6l\u00fcmden olu\u015fan Sanat\u0131m\u0131z\u0131n Hat\u0131ra Defteri belgeseli 1 Mart itibariyle her <strong>Cuma<\/strong> saat <strong>21.45<\/strong>\u2019te <strong>CNN T\u00dcRK<\/strong>\u2019te&#8230;<\/p>\n<p><img loading=\"lazy\" decoding=\"async\" class=\"alignnone\" alt=\"\" src=\"http:\/\/www.gazeteciler.com\/data\/news\/590x260\/1362142162-bos-sablon.jpg\" width=\"580\" height=\"385\" \/><\/p>\n<p>Her Cuma, ortalama birer saatlik b\u00f6l\u00fcmler halinde yay\u0131nlanacak olan Sanat\u0131m\u0131z\u0131n Hat\u0131ra Defteri, toplamda 600 dakikay\u0131 a\u015fan s\u00fcresiyle sanat tarihimize uzun bir yolculuk yap\u0131yor.<\/p>\n<p>Daha fazla bilgi i\u00e7in <a href=\"http:\/\/www.cnnturk.com\/2013\/cnn.turk.tv\/02\/13\/sanatimizin.hatira.defteri.cnn.turk.te\/696300.0\/index.html\">t\u0131klay\u0131n\u0131z<\/a>.<\/p>\n<p>Foto\u011fraf ar\u015fivi i\u00e7in <a href=\"http:\/\/fotogaleri.hurriyet.com.tr\/GaleriDetay.aspx?cid=62423&amp;rid=2&amp;p=7\">t\u0131klay\u0131n\u0131z.<\/a><\/p>\n<p style=\"text-align: center\">*****<\/p>\n<h1><span style=\"color: #ff0000\">\u201c\u0130NSAN MANZARALARI-T\u00fcrkiye\u2019den Alt\u0131 Yazar Portresi\u201d<\/span> Belgeseli<\/h1>\n<p><img loading=\"lazy\" decoding=\"async\" class=\"alignnone\" alt=\"\" src=\"http:\/\/www.trtturk.com.tr\/application\/static\/data\/programs\/image\/1350630203_insanmanzaralari.png\" width=\"682\" height=\"382\" \/><\/p>\n<h6>Naz\u0131m Hikmet, Ya\u015far Kemal, Orhan Pamuk, Murathan Mungan, Elif \u015eafak ve Asl\u0131 Erdo\u011fan\u2019\u0131n ya\u015fam \u00f6yk\u00fcleri ve eserlerinin ele al\u0131nd\u0131\u011f\u0131 \u201d\u0130nsan Manzaralar\u0131-T\u00fcrkiye\u2019den Alt\u0131 Yazar Portresi\u201d belgeseli her pazar saat 19:30\u2032da TRT T\u00fcrk ekranlar\u0131nda.<\/h6>\n<h6>Osman Okkan, \u0130nsan Manzaralar\u0131\u2013T\u00fcrkiye\u2019den Alt\u0131 Yazar Portresi adl\u0131 alt\u0131 b\u00f6l\u00fcml\u00fck belgesel dizisinde, N\u00e2z\u0131m Hikmet, Ya\u015far Kemal, Orhan Pamuk, Asl\u0131 Erdo\u011fan, Elif \u015eafak ve Murathan Mungan\u2019\u0131 i\u015fliyor. Avrupa k\u00fclt\u00fcr kanal\u0131 ARTE\u2019de g\u00f6sterilen, \u00fcniversitelerde ders olarak i\u015flenen bu \u00e7al\u0131\u015fma, 21 Ekim\u2019den itibaren alt\u0131 hafta boyunca her pazar 19.30\u2019da TRT T\u00fcrk\u2019te g\u00f6sterilecek.<\/h6>\n","protected":false},"excerpt":{"rendered":"<p>&#8220;SANATIMIZIN HATIRA DEFTER\u0130\u201d Belgeseli CNN T\u00dcRK\u2019te, yepyeni bir belgesel ba\u015fl\u0131yor&#8230; Nebil \u00d6zgent\u00fcrk ve arkada\u015flar\u0131n\u0131n bir y\u0131ld\u0131r y\u00fcr\u00fctt\u00fckleri \u00e7al\u0131\u015fma sonucu tamamlanan \u201cSanat\u0131m\u0131z\u0131n Hat\u0131ra Defteri\u201d, sizleri k\u00fclt\u00fcr ve sanat\u0131m\u0131za dair y\u00fczy\u0131ll\u0131k bir yolculu\u011fa \u00e7\u0131kart\u0131yor. Nebil \u00d6zgent\u00fcrk\u2019\u00fcn yaz\u0131p y\u00f6netti\u011fi 13 b\u00f6l\u00fcmden olu\u015fan Sanat\u0131m\u0131z\u0131n &hellip; <a href=\"https:\/\/blog.metu.edu.tr\/korkuyu\/onermeler\/belgesel\/\">Okumaya devam et <span class=\"meta-nav\">&rarr;<\/span><\/a><\/p>\n","protected":false},"author":785,"featured_media":0,"parent":59,"menu_order":1,"comment_status":"open","ping_status":"open","template":"","meta":{"footnotes":"","_links_to":"","_links_to_target":""},"class_list":["post-185","page","type-page","status-publish","hentry"],"_links":{"self":[{"href":"https:\/\/blog.metu.edu.tr\/korkuyu\/wp-json\/wp\/v2\/pages\/185","targetHints":{"allow":["GET"]}}],"collection":[{"href":"https:\/\/blog.metu.edu.tr\/korkuyu\/wp-json\/wp\/v2\/pages"}],"about":[{"href":"https:\/\/blog.metu.edu.tr\/korkuyu\/wp-json\/wp\/v2\/types\/page"}],"author":[{"embeddable":true,"href":"https:\/\/blog.metu.edu.tr\/korkuyu\/wp-json\/wp\/v2\/users\/785"}],"replies":[{"embeddable":true,"href":"https:\/\/blog.metu.edu.tr\/korkuyu\/wp-json\/wp\/v2\/comments?post=185"}],"version-history":[{"count":0,"href":"https:\/\/blog.metu.edu.tr\/korkuyu\/wp-json\/wp\/v2\/pages\/185\/revisions"}],"up":[{"embeddable":true,"href":"https:\/\/blog.metu.edu.tr\/korkuyu\/wp-json\/wp\/v2\/pages\/59"}],"wp:attachment":[{"href":"https:\/\/blog.metu.edu.tr\/korkuyu\/wp-json\/wp\/v2\/media?parent=185"}],"curies":[{"name":"wp","href":"https:\/\/api.w.org\/{rel}","templated":true}]}}