{"id":183,"date":"2012-10-29T15:21:30","date_gmt":"2012-10-29T15:21:30","guid":{"rendered":"http:\/\/blog.metu.edu.tr\/korkuyu\/?page_id=183"},"modified":"2013-05-22T23:17:59","modified_gmt":"2013-05-22T23:17:59","slug":"tiyatro-3","status":"publish","type":"page","link":"https:\/\/blog.metu.edu.tr\/korkuyu\/izlemeler\/tiyatro-3\/","title":{"rendered":"Tiyatro"},"content":{"rendered":"<table width=\"100%\">\n<tbody>\n<tr>\n<td><span style=\"color: #ff0000\">KARMAKARI\u015eIK | BURSA DT<\/span><\/td>\n<\/tr>\n<tr>\n<td>2 perde | 2 saat 15<\/td>\n<\/tr>\n<tr>\n<td>Yazan : RAY COONEY | \u00c7eviren : HALDUN DORMEN &#8211; KEMAL UZUN | Y\u00f6neten : KEREM ATABEYO\u011eLU<\/td>\n<\/tr>\n<\/tbody>\n<\/table>\n<p><img loading=\"lazy\" decoding=\"async\" class=\"alignnone\" alt=\"\" src=\"http:\/\/www.devtiyatro.gov.tr\/media\/uploads\/oyunlar\/afis\/2849\/135712470754927969-b.png\" width=\"222\" height=\"314\" \/><\/p>\n<div><\/div>\n<table width=\"100%\">\n<tbody>\n<tr>\n<td><span style=\"color: #ff0000\">DOLORES CLAIBORNE | ANKARA DT<\/span><\/td>\n<\/tr>\n<tr>\n<td>2 perde | 2 saat 15 dakika<\/td>\n<\/tr>\n<tr>\n<td>Yazan : STEPHEN KING | \u00c7eviren : S\u0130NEM\u0130S CANDEM\u0130R | D\u00fczenleyen : DAV\u0130D JOSS BUCKLEY | Y\u00f6neten : HAKAN \u00c7\u0130MENSER<\/td>\n<\/tr>\n<\/tbody>\n<\/table>\n<p><img loading=\"lazy\" decoding=\"async\" class=\"alignnone\" alt=\"\" src=\"http:\/\/www.devtiyatro.gov.tr\/media\/uploads\/oyunlar\/afis\/2887\/1355408984194608961-b.png\" width=\"222\" height=\"314\" \/><\/p>\n<table width=\"100%\">\n<tbody>\n<tr>\n<td><span style=\"color: #ff0000\">B\u0130R GAR\u0130P ORHAN VEL\u0130 | \u0130ZM\u0130R DT<\/span><\/td>\n<\/tr>\n<tr>\n<td>1 perde | 1 saat 10 dakika<\/td>\n<\/tr>\n<tr>\n<td>Yazan : MURATHAN MUNGAN | Y\u00f6neten : TAYFUN ERARSLAN<\/td>\n<\/tr>\n<\/tbody>\n<\/table>\n<p><img loading=\"lazy\" decoding=\"async\" alt=\"\" src=\"http:\/\/www.devtiyatro.gov.tr\/media\/uploads\/oyunlar\/afis\/2815\/1354884282190984781-b.png\" width=\"222\" height=\"314\" \/><\/p>\n<p>&nbsp;<\/p>\n<table width=\"100%\">\n<tbody>\n<tr>\n<td><span style=\"color: #ff0000\">33 VARYASYON | ANKARA DT<\/span><\/td>\n<\/tr>\n<tr>\n<td>2 perde | 2 saat 25 dakika<\/td>\n<\/tr>\n<tr>\n<td>Yazan : MOIS\u00c9S KAUFMAN | \u00c7eviren : EK\u0130N TUN\u00c7AY TURAN | Y\u00f6neten : \u0130SKENDER ALTIN<\/td>\n<\/tr>\n<\/tbody>\n<\/table>\n<p><img loading=\"lazy\" decoding=\"async\" class=\"alignnone\" alt=\"\" src=\"http:\/\/www.devtiyatro.gov.tr\/media\/uploads\/oyunlar\/afis\/2783\/13488168172029923293-b.png\" width=\"222\" height=\"314\" \/><\/p>\n<table width=\"46\">\n<tbody>\n<tr>\n<td><\/td>\n<\/tr>\n<tr>\n<td><\/td>\n<\/tr>\n<tr>\n<td><\/td>\n<\/tr>\n<\/tbody>\n<\/table>\n<table width=\"100%\">\n<tbody>\n<tr>\n<td><span style=\"color: #ff0000\">YA\u011eMUR DURDU\u011eUNDA | \u0130STANBUL DT<\/span><\/td>\n<\/tr>\n<tr>\n<td>2 perde |<\/td>\n<\/tr>\n<tr>\n<td>Yazan : ANDREW BOVELL | \u00c7eviren : EZG\u0130 YENT\u00dcRK | Y\u00f6neten : HAKAN \u00c7\u0130MENSER<\/td>\n<\/tr>\n<\/tbody>\n<\/table>\n<p><img loading=\"lazy\" decoding=\"async\" class=\"alignnone\" alt=\"\" src=\"http:\/\/www.devtiyatro.gov.tr\/media\/uploads\/oyunlar\/afis\/2788\/13488156371012477973-b.png\" width=\"222\" height=\"314\" \/><\/p>\n<table width=\"100%\">\n<tbody>\n<tr>\n<td><span style=\"color: #ff0000\">PROFESYONEL | \u0130STANBUL DT<\/span><\/td>\n<\/tr>\n<tr>\n<td>1 perde |<\/td>\n<\/tr>\n<tr>\n<td>Yazan : DU\u015eAN KOVA\u00c7EV\u0130\u00c7 | \u00c7eviren : BA\u015eAR SABUNCU, B\u0130LGE EM\u0130N | Y\u00f6neten : I\u015eIL KASAPO\u011eLU<\/td>\n<\/tr>\n<\/tbody>\n<\/table>\n<p><img loading=\"lazy\" decoding=\"async\" class=\"alignnone\" alt=\"\" src=\"http:\/\/www.devtiyatro.gov.tr\/media\/uploads\/oyunlar\/afis\/2824\/1348842835805980947-b.png\" width=\"222\" height=\"314\" \/><\/p>\n<p>&nbsp;<\/p>\n<table width=\"100%\">\n<tbody>\n<tr>\n<td><span style=\"color: #ff0000\">BEN FEUERBACH | TRABZON DT<\/span><\/td>\n<\/tr>\n<tr>\n<td>1 perde | 1 saat 40 dakika<\/td>\n<\/tr>\n<tr>\n<td>Yazan : TANKRED DORST | \u00c7eviren : SEMA ENG\u0130N | Y\u00f6neten : YURDAER OKUR<\/td>\n<\/tr>\n<\/tbody>\n<\/table>\n<p style=\"text-align: left\"><img loading=\"lazy\" decoding=\"async\" class=\"alignnone\" alt=\"\" src=\"http:\/\/www.devtiyatro.gov.tr\/media\/uploads\/oyunlar\/afis\/2662\/1324286043699674537-b.png\" width=\"222\" height=\"314\" \/><\/p>\n<table width=\"100%\">\n<tbody>\n<tr>\n<td><span style=\"color: #ff0000\">NORA &#8211; B\u0130R BEBEK EV\u0130 | \u0130ZM\u0130R DT<\/span><\/td>\n<\/tr>\n<tr>\n<td>2 perde |<\/td>\n<\/tr>\n<tr>\n<td>Yazan : HENR\u0130K \u0130BSEN | \u00c7eviren : T. YILMAZ \u00d6\u011e\u00dcT | Y\u00f6neten : CEM EM\u00dcLER<\/td>\n<\/tr>\n<\/tbody>\n<\/table>\n<p><img loading=\"lazy\" decoding=\"async\" class=\"alignnone\" alt=\"\" src=\"http:\/\/www.devtiyatro.gov.tr\/media\/uploads\/oyunlar\/afis\/2794\/13488176411188889110-b.png\" width=\"222\" height=\"314\" \/><\/p>\n<p>&nbsp;<\/p>\n<p>&nbsp;<\/p>\n","protected":false},"excerpt":{"rendered":"<p>KARMAKARI\u015eIK | BURSA DT 2 perde | 2 saat 15 Yazan : RAY COONEY | \u00c7eviren : HALDUN DORMEN &#8211; KEMAL UZUN | Y\u00f6neten : KEREM ATABEYO\u011eLU DOLORES CLAIBORNE | ANKARA DT 2 perde | 2 saat 15 dakika Yazan &hellip; <a href=\"https:\/\/blog.metu.edu.tr\/korkuyu\/izlemeler\/tiyatro-3\/\">Okumaya devam et <span class=\"meta-nav\">&rarr;<\/span><\/a><\/p>\n","protected":false},"author":785,"featured_media":0,"parent":53,"menu_order":4,"comment_status":"open","ping_status":"open","template":"","meta":{"footnotes":"","_links_to":"","_links_to_target":""},"class_list":["post-183","page","type-page","status-publish","hentry"],"_links":{"self":[{"href":"https:\/\/blog.metu.edu.tr\/korkuyu\/wp-json\/wp\/v2\/pages\/183","targetHints":{"allow":["GET"]}}],"collection":[{"href":"https:\/\/blog.metu.edu.tr\/korkuyu\/wp-json\/wp\/v2\/pages"}],"about":[{"href":"https:\/\/blog.metu.edu.tr\/korkuyu\/wp-json\/wp\/v2\/types\/page"}],"author":[{"embeddable":true,"href":"https:\/\/blog.metu.edu.tr\/korkuyu\/wp-json\/wp\/v2\/users\/785"}],"replies":[{"embeddable":true,"href":"https:\/\/blog.metu.edu.tr\/korkuyu\/wp-json\/wp\/v2\/comments?post=183"}],"version-history":[{"count":0,"href":"https:\/\/blog.metu.edu.tr\/korkuyu\/wp-json\/wp\/v2\/pages\/183\/revisions"}],"up":[{"embeddable":true,"href":"https:\/\/blog.metu.edu.tr\/korkuyu\/wp-json\/wp\/v2\/pages\/53"}],"wp:attachment":[{"href":"https:\/\/blog.metu.edu.tr\/korkuyu\/wp-json\/wp\/v2\/media?parent=183"}],"curies":[{"name":"wp","href":"https:\/\/api.w.org\/{rel}","templated":true}]}}