{"id":148,"date":"2012-10-01T13:42:16","date_gmt":"2012-10-01T13:42:16","guid":{"rendered":"http:\/\/blog.metu.edu.tr\/korkuyu\/?page_id=148"},"modified":"2020-12-10T06:39:17","modified_gmt":"2020-12-10T06:39:17","slug":"okuyan-beyin","status":"publish","type":"page","link":"https:\/\/blog.metu.edu.tr\/korkuyu\/yazilar\/okuyan-beyin\/","title":{"rendered":"Okuyan Beyin"},"content":{"rendered":"<p>Peki beyin nas\u0131l okuyor? Beyinde g\u00f6rme merkezi oldu\u011fu gibi acaba bir de okuma merkezi mi var?<br \/>Okuyan beyinle okumayan beyin bir mi? Acaba geli\u015fmi\u015flik seviyesi ile toplumun okuma d\u00fczeyi aras\u0131nda bir ba\u011flant\u0131 olabilir mi?<\/p>\n<p><strong>Prof. Dr. Bahri Kara\u00e7ay&#8217;\u0131n &#8220;Okuyan Beyin&#8221; yaz\u0131s\u0131 i\u00e7in<\/strong> <a href=\"https:\/\/blog.metu.edu.tr\/korkuyu\/files\/2020\/12\/Okuyan-Beyin-Bahri-Karacay.pdf\">[t\u0131klay\u0131n\u0131z]<\/a><\/p>\n\n\n<p><\/p>\n","protected":false},"excerpt":{"rendered":"<p>Peki beyin nas\u0131l okuyor? Beyinde g\u00f6rme merkezi oldu\u011fu gibi acaba bir de okuma merkezi mi var?Okuyan beyinle okumayan beyin bir mi? Acaba geli\u015fmi\u015flik seviyesi ile toplumun okuma d\u00fczeyi aras\u0131nda bir ba\u011flant\u0131 olabilir mi? Prof. Dr. Bahri Kara\u00e7ay&#8217;\u0131n &#8220;Okuyan Beyin&#8221; yaz\u0131s\u0131 &hellip; <a href=\"https:\/\/blog.metu.edu.tr\/korkuyu\/yazilar\/okuyan-beyin\/\">Okumaya devam et <span class=\"meta-nav\">&rarr;<\/span><\/a><\/p>\n","protected":false},"author":785,"featured_media":0,"parent":42,"menu_order":1,"comment_status":"open","ping_status":"open","template":"","meta":{"footnotes":"","_links_to":"","_links_to_target":""},"class_list":["post-148","page","type-page","status-publish","hentry"],"_links":{"self":[{"href":"https:\/\/blog.metu.edu.tr\/korkuyu\/wp-json\/wp\/v2\/pages\/148","targetHints":{"allow":["GET"]}}],"collection":[{"href":"https:\/\/blog.metu.edu.tr\/korkuyu\/wp-json\/wp\/v2\/pages"}],"about":[{"href":"https:\/\/blog.metu.edu.tr\/korkuyu\/wp-json\/wp\/v2\/types\/page"}],"author":[{"embeddable":true,"href":"https:\/\/blog.metu.edu.tr\/korkuyu\/wp-json\/wp\/v2\/users\/785"}],"replies":[{"embeddable":true,"href":"https:\/\/blog.metu.edu.tr\/korkuyu\/wp-json\/wp\/v2\/comments?post=148"}],"version-history":[{"count":0,"href":"https:\/\/blog.metu.edu.tr\/korkuyu\/wp-json\/wp\/v2\/pages\/148\/revisions"}],"up":[{"embeddable":true,"href":"https:\/\/blog.metu.edu.tr\/korkuyu\/wp-json\/wp\/v2\/pages\/42"}],"wp:attachment":[{"href":"https:\/\/blog.metu.edu.tr\/korkuyu\/wp-json\/wp\/v2\/media?parent=148"}],"curies":[{"name":"wp","href":"https:\/\/api.w.org\/{rel}","templated":true}]}}