{"id":30,"date":"2021-06-08T10:57:19","date_gmt":"2021-06-08T07:57:19","guid":{"rendered":"https:\/\/blog.metu.edu.tr\/kataliz\/?page_id=30"},"modified":"2021-08-11T19:37:38","modified_gmt":"2021-08-11T16:37:38","slug":"committees","status":"publish","type":"page","link":"https:\/\/blog.metu.edu.tr\/kataliz\/committees\/","title":{"rendered":"Committees"},"content":{"rendered":"\n<p><strong>Honorary President<\/strong> <\/p>\n\n\n\n<p>Prof. Dr. Timur Do\u011fu<\/p>\n\n\n\n<p><strong>Regulatory Board<\/strong> <\/p>\n\n\n\n<p>Prof. Dr. G\u00fcrkan Karaka\u015f<\/p>\n\n\n\n<p>Asst. Prof. Dr. Berker F\u0131\u00e7\u0131c\u0131lar<\/p>\n\n\n\n<p><strong>Program Committee<\/strong><\/p>\n\n\n\n<p> Prof. Dr. Deniz \u00dcner<\/p>\n\n\n\n<p>Prof. Dr. Naime Asl\u0131 Sezgi<\/p>\n\n\n\n<p><strong>Secretary<\/strong><\/p>\n\n\n\n<p>Res. Asst. Merve Sar\u0131yer<\/p>\n\n\n\n<p>Res. Asst. M. Candan Karaeyvaz<\/p>\n\n\n\n<p class=\"has-text-align-center\"><strong>Science Board<\/strong><\/p>\n\n\n\n<p><strong>Ankara University<\/strong><\/p>\n\n\n\n<p>Prof. Dr. G\u00fczide \u00c7al\u0131k <\/p>\n\n\n\n<p>Prof. Dr. Zekiye Serpil Taka\u00e7<\/p>\n\n\n\n<p><strong>Atat\u00fcrk <strong>University<\/strong><\/strong><\/p>\n\n\n\n<p>Prof. Dr. Ay\u015fe Bayrak\u00e7eken Yurtcan<\/p>\n\n\n\n<p>Prof. Dr. Taner Tekin<\/p>\n\n\n\n<p>Do\u00e7 Dr. Arzu Kanca<\/p>\n\n\n\n<p><strong>At\u0131l\u0131m <strong>University<\/strong><\/strong><\/p>\n\n\n\n<p>Do\u00e7. Dr. Nesrin Ekinci Machin<\/p>\n\n\n\n<p>Dr. \u00d6\u011fr. \u00dcyesi Doruk Do\u011fu<\/p>\n\n\n\n<p><strong>Bilkent <strong>University<\/strong><\/strong><\/p>\n\n\n\n<p>Prof. Dr. Emrah \u00d6zensoy<\/p>\n\n\n\n<p>Dr. \u00d6\u011fr. \u00dcyesi Ferdi Karada\u015f<\/p>\n\n\n\n<p><strong>Bo\u011fazi\u00e7i <strong>University<\/strong><\/strong><\/p>\n\n\n\n<p>Prof. Dr. Zeynep \u0130lsen \u00d6nsan<\/p>\n\n\n\n<p>Prof. Dr. Ramazan Y\u0131ld\u0131r\u0131m<\/p>\n\n\n\n<p>Prof. Dr. Ahmet Kerim Avc\u0131<\/p>\n\n\n\n<p>Prof. Dr. Ahmet Erhan Aksoylu<\/p>\n\n\n\n<p>Do\u00e7. Dr. Damla Ero\u011flu Pala<\/p>\n\n\n\n<p><strong>B\u00fclent Ecevit <strong>University<\/strong><\/strong><\/p>\n\n\n\n<p>Prof. Dr. T\u00fcrkan Kopa\u00e7<\/p>\n\n\n\n<p><strong>\u00c7ukurova <strong>University<\/strong><\/strong><\/p>\n\n\n\n<p>Prof. Dr. Bilgehan G\u00fczel<\/p>\n\n\n\n<p>Dr. \u00d6\u011fr. \u00dcyesi Ebru Er\u00fcnal<\/p>\n\n\n\n<p><strong>Ege <strong>University<\/strong><\/strong><\/p>\n\n\n\n<p>Do\u00e7. Dr. Canan Uraz<\/p>\n\n\n\n<p>Do\u00e7. Dr. Meral D\u00fckkanc\u0131<\/p>\n\n\n\n<p><strong>Eski\u015fehir Technical <strong>University<\/strong><\/strong><\/p>\n\n\n\n<p>Do\u00e7. Dr. Elif \u00d6de\u015f Akbay<\/p>\n\n\n\n<p>Do\u00e7. Dr. Ye\u015fim G\u00fc\u00e7bilmez<\/p>\n\n\n\n<p><strong>Gazi <strong>University<\/strong><\/strong><\/p>\n\n\n\n<p>Prof. Dr. G\u00fcl\u015fen Do\u011fu<\/p>\n\n\n\n<p>Prof. Dr. K\u0131rali M\u00fcrtezao\u011flu<\/p>\n\n\n\n<p>Prof. Dr. Fatma Suna Balc\u0131<\/p>\n\n\n\n<p>Prof. Dr. Dilek Var\u0131\u015fl\u0131<\/p>\n\n\n\n<p>Prof. Dr. Nail Ya\u015fyerli<\/p>\n\n\n\n<p>Prof. Dr. Sena Ya\u015fyerli<\/p>\n\n\n\n<p>Prof. Dr. Niyazi Alper Tapan<\/p>\n\n\n\n<p>Prof. Dr. Nuray Oktar<\/p>\n\n\n\n<p>Do\u00e7. Dr. Hac\u0131 Mehmet Ta\u015fdemir<\/p>\n\n\n\n<p>Do\u00e7. Dr. H\u00fcseyin Arba\u011f<\/p>\n\n\n\n<p><strong>Gebze Technical <strong>University<\/strong><\/strong><\/p>\n\n\n\n<p>Dr. \u00d6\u011fr. \u00dcyesi Murat Olu\u015f \u00d6zbek<\/p>\n\n\n\n<p><strong>Hacettepe <strong>University<\/strong><\/strong><\/p>\n\n\n\n<p>Prof. Dr. Z\u00fcmriye Aksu<\/p>\n\n\n\n<p>Prof. Dr. Ali Tuncel<\/p>\n\n\n\n<p><strong>\u0130n\u00f6n\u00fc <strong>University<\/strong><\/strong><\/p>\n\n\n\n<p>Prof. Dr. \u00c7i\u011fdem Sar\u0131c\u0131 \u00d6zdemir<\/p>\n\n\n\n<p>Prof. Dr. \u0130smail \u00d6zdemir<\/p>\n\n\n\n<p><strong>\u0130stanbul Technical <strong>University<\/strong><\/strong><\/p>\n\n\n\n<p>Do\u00e7. Dr. Alper Sar\u0131o\u011flan<\/p>\n\n\n\n<p>Dr. \u00d6\u011fr. \u00dcyesi Gamze G\u00fcm\u00fc\u015fl\u00fc G\u00fcr<\/p>\n\n\n\n<p><strong>\u0130zmir Institute of Technology<\/strong><\/p>\n\n\n\n<p>Prof. Dr. Erol \u015eeker<\/p>\n\n\n\n<p>Prof. Dr. Selahattin Y\u0131lmaz<\/p>\n\n\n\n<p>Dr. \u00d6\u011fr. \u00dcyesi A. Can K\u0131z\u0131lkaya<\/p>\n\n\n\n<p><strong>Ko\u00e7 University<\/strong><\/p>\n\n\n\n<p>Prof. Dr. Can Erkey<\/p>\n\n\n\n<p>Do\u00e7 Dr. Alper Uzun<\/p>\n\n\n\n<p>Do\u00e7. Dr. Sarp Kaya<\/p>\n\n\n\n<p><strong>Middle East Technical University<\/strong><\/p>\n\n\n\n<p>Prof. Dr. Timur Do\u011fu<\/p>\n\n\n\n<p>Prof. Dr. Deniz \u00dcner<\/p>\n\n\n\n<p>Prof. Dr. G\u00fcrkan Karaka\u015f<\/p>\n\n\n\n<p>Prof. Dr. Naime A. Sezgi<\/p>\n\n\n\n<p>Prof. Dr. Saim \u00d6zkar<\/p>\n\n\n\n<p>Dr \u00d6\u011fr. \u00dcyesi G\u00f6khan \u00c7elik<\/p>\n\n\n\n<p>Dr. \u00d6\u011fr. \u00dcyesi Bahar \u0130pek<\/p>\n\n\n\n<p><strong>Pamukkale <strong>University<\/strong><\/strong><\/p>\n\n\n\n<p>Prof. Dr. Rafet K\u0131l\u0131n\u00e7arslan<\/p>\n\n\n\n<p><strong>Sabanc\u0131 <strong>University<\/strong><\/strong><\/p>\n\n\n\n<p>Dr. \u00d6\u011fr. \u00dcyesi Alp Y\u00fcr\u00fcm<\/p>\n\n\n\n<p><strong>Samsun 19 May\u0131s <strong>University<\/strong><\/strong><\/p>\n\n\n\n<p>Dr. \u00d6\u011fr. \u00dcyesi Berker F\u0131\u00e7\u0131c\u0131lar<\/p>\n\n\n\n<p><strong>Sivas Cumhuriyet <strong>University<\/strong><\/strong><\/p>\n\n\n\n<p>Prof. Dr. Ayten Ate\u015f<\/p>\n\n\n\n<p><strong>TOBB ET\u00dc University of Economics &amp; Technology<\/strong><\/p>\n\n\n\n<p>Dr. \u00d6\u011fr. \u00dcyesi Zeynep Obal\u0131 Tutumlu<\/p>\n\n\n\n<p><strong>In Our Memories<\/strong><\/p>\n\n\n\n<p>Prof. Dr. Yuda Y\u00fcr\u00fcm<\/p>\n\n\n\n<p>Prof. Dr. Erdo\u011fan Alper<\/p>\n","protected":false},"excerpt":{"rendered":"<p>Honorary President Prof. Dr. Timur Do\u011fu Regulatory Board Prof. Dr. G\u00fcrkan Karaka\u015f Asst. Prof. Dr. Berker F\u0131\u00e7\u0131c\u0131lar Program Committee Prof. Dr. Deniz \u00dcner Prof. Dr. Naime Asl\u0131 Sezgi Secretary Res. Asst. Merve Sar\u0131yer Res. Asst. M. Candan Karaeyvaz Science Board <a class=\"more-link\" href=\"https:\/\/blog.metu.edu.tr\/kataliz\/committees\/\">Read More &#8230;<\/a><\/p>\n","protected":false},"author":7791,"featured_media":0,"parent":0,"menu_order":2,"comment_status":"closed","ping_status":"closed","template":"","meta":{"footnotes":"","_links_to":"","_links_to_target":""},"class_list":["post-30","page","type-page","status-publish","hentry"],"_links":{"self":[{"href":"https:\/\/blog.metu.edu.tr\/kataliz\/wp-json\/wp\/v2\/pages\/30","targetHints":{"allow":["GET"]}}],"collection":[{"href":"https:\/\/blog.metu.edu.tr\/kataliz\/wp-json\/wp\/v2\/pages"}],"about":[{"href":"https:\/\/blog.metu.edu.tr\/kataliz\/wp-json\/wp\/v2\/types\/page"}],"author":[{"embeddable":true,"href":"https:\/\/blog.metu.edu.tr\/kataliz\/wp-json\/wp\/v2\/users\/7791"}],"replies":[{"embeddable":true,"href":"https:\/\/blog.metu.edu.tr\/kataliz\/wp-json\/wp\/v2\/comments?post=30"}],"version-history":[{"count":0,"href":"https:\/\/blog.metu.edu.tr\/kataliz\/wp-json\/wp\/v2\/pages\/30\/revisions"}],"wp:attachment":[{"href":"https:\/\/blog.metu.edu.tr\/kataliz\/wp-json\/wp\/v2\/media?parent=30"}],"curies":[{"name":"wp","href":"https:\/\/api.w.org\/{rel}","templated":true}]}}