{"id":28,"date":"2021-06-08T10:55:44","date_gmt":"2021-06-08T07:55:44","guid":{"rendered":"https:\/\/blog.metu.edu.tr\/kataliz\/?page_id=28"},"modified":"2021-08-23T11:56:20","modified_gmt":"2021-08-23T08:56:20","slug":"welcome","status":"publish","type":"page","link":"https:\/\/blog.metu.edu.tr\/kataliz\/welcome\/","title":{"rendered":"Home"},"content":{"rendered":"\n<p><strong>Kataliz derne\u011fi aidat \u00f6demeleri i\u00e7in:<\/strong><\/p>\n\n\n\n<p>ODTU \u0130\u015f bankas\u0131 kataliz derne\u011fi hesap bilgileri:<br>Sube kodu: 4229<br>Hesap no: 956857<br>IBAN: TR520006400000142290956857<\/p>\n","protected":false},"excerpt":{"rendered":"<p>Kataliz derne\u011fi aidat \u00f6demeleri i\u00e7in: ODTU \u0130\u015f bankas\u0131 kataliz derne\u011fi hesap bilgileri:Sube kodu: 4229Hesap no: 956857IBAN: TR520006400000142290956857<\/p>\n","protected":false},"author":7791,"featured_media":0,"parent":0,"menu_order":1,"comment_status":"closed","ping_status":"closed","template":"","meta":{"footnotes":"","_links_to":"","_links_to_target":""},"class_list":["post-28","page","type-page","status-publish","hentry"],"_links":{"self":[{"href":"https:\/\/blog.metu.edu.tr\/kataliz\/wp-json\/wp\/v2\/pages\/28","targetHints":{"allow":["GET"]}}],"collection":[{"href":"https:\/\/blog.metu.edu.tr\/kataliz\/wp-json\/wp\/v2\/pages"}],"about":[{"href":"https:\/\/blog.metu.edu.tr\/kataliz\/wp-json\/wp\/v2\/types\/page"}],"author":[{"embeddable":true,"href":"https:\/\/blog.metu.edu.tr\/kataliz\/wp-json\/wp\/v2\/users\/7791"}],"replies":[{"embeddable":true,"href":"https:\/\/blog.metu.edu.tr\/kataliz\/wp-json\/wp\/v2\/comments?post=28"}],"version-history":[{"count":0,"href":"https:\/\/blog.metu.edu.tr\/kataliz\/wp-json\/wp\/v2\/pages\/28\/revisions"}],"wp:attachment":[{"href":"https:\/\/blog.metu.edu.tr\/kataliz\/wp-json\/wp\/v2\/media?parent=28"}],"curies":[{"name":"wp","href":"https:\/\/api.w.org\/{rel}","templated":true}]}}