{"id":87,"date":"2018-10-15T23:34:40","date_gmt":"2018-10-15T20:34:40","guid":{"rendered":"http:\/\/blog.metu.edu.tr\/ipekg\/?page_id=87"},"modified":"2019-10-06T21:08:03","modified_gmt":"2019-10-06T18:08:03","slug":"87-2","status":"publish","type":"page","link":"https:\/\/blog.metu.edu.tr\/ipekg\/","title":{"rendered":"News and Updates"},"content":{"rendered":"<p>We presented two papers, &#8220;Video Content Analysis-Based Detection of Occupant Presence for Building Energy Modelling&#8221; and &#8220;Automated building energy modeling for existing buildings using computer vision&#8221; at the CIB W78 Advances in ICT in Design, Construction and Management in Architecture, Engineering, Construction and Operations conference in Newcastle. You can read the papers <a href=\"https:\/\/www.researchgate.net\/publication\/335947886_Automated_building_energy_modeling_for_existing_buildings_using_computer_vision\">here<\/a> and <a href=\"https:\/\/www.researchgate.net\/publication\/335947805_Video_Content_Analysis-Based_Detection_of_Occupant_Presence_for_Building_Energy_Modelling?_sg=IqVAvBeXOf8wG1KPQK0a_IcowFQdoFNPVyR_XXX_BNginsmxss2lnldGdKcQ6nI7CdhNoRcvRq8qsrkAHrEq9xOTIGpsx17a4kRg5SQd.PH2aljAcm62n_oQR08JzqInx7ytboGp8N9xtYA_UbDl-bOqGYBYAq-KsSXErT2tl8GzNyIJPoUxlEZJ7lqy0-Q\">here\u00a0<\/a>.<\/p>\n<p>06.10.2019<\/p>\n<hr \/>\n<p>&nbsp;<\/p>\n<p>The final jury of the ARCH 102 Intro to Architectural Design Studio was held on 14 May 2019.<\/p>\n<p>Thanks to all the students for their excellent work and enthusiasm, and the jury members for their great feedback.<\/p>\n<p><a href=\"https:\/\/blog.metu.edu.tr\/ipekg\/files\/2019\/06\/61668162_2185949858148634_4674726663634812928_o-1.jpg\"><img loading=\"lazy\" decoding=\"async\" class=\"alignnone wp-image-113\" src=\"https:\/\/blog.metu.edu.tr\/ipekg\/files\/2019\/06\/61668162_2185949858148634_4674726663634812928_o-1-300x225.jpg\" alt=\"\" width=\"368\" height=\"275\" srcset=\"https:\/\/blog.metu.edu.tr\/ipekg\/files\/2019\/06\/61668162_2185949858148634_4674726663634812928_o-1-300x225.jpg 300w, https:\/\/blog.metu.edu.tr\/ipekg\/files\/2019\/06\/61668162_2185949858148634_4674726663634812928_o-1-768x576.jpg 768w, https:\/\/blog.metu.edu.tr\/ipekg\/files\/2019\/06\/61668162_2185949858148634_4674726663634812928_o-1-1024x768.jpg 1024w, https:\/\/blog.metu.edu.tr\/ipekg\/files\/2019\/06\/61668162_2185949858148634_4674726663634812928_o-1-624x468.jpg 624w, https:\/\/blog.metu.edu.tr\/ipekg\/files\/2019\/06\/61668162_2185949858148634_4674726663634812928_o-1.jpg 2016w\" sizes=\"auto, (max-width: 368px) 100vw, 368px\" \/><\/a> <a href=\"https:\/\/blog.metu.edu.tr\/ipekg\/files\/2019\/06\/Capture-1.png\"><img loading=\"lazy\" decoding=\"async\" class=\"alignnone wp-image-114\" src=\"https:\/\/blog.metu.edu.tr\/ipekg\/files\/2019\/06\/Capture-1-246x300.png\" alt=\"\" width=\"230\" height=\"280\" srcset=\"https:\/\/blog.metu.edu.tr\/ipekg\/files\/2019\/06\/Capture-1-246x300.png 246w, https:\/\/blog.metu.edu.tr\/ipekg\/files\/2019\/06\/Capture-1.png 489w\" sizes=\"auto, (max-width: 230px) 100vw, 230px\" \/><\/a><\/p>\n<p>17.6.2019<\/p>\n<hr \/>\n<p>We are very happy to announce that the First Year Design Education symposium and Education dedicated to T\u00fcrel Saranl\u0131 will be held on\u00a016 November 2018 at the 1st Year Studio, METU Department of Architecture. The event is organized by the Keeping it Modern &#8211; METU project.<\/p>\n<p><a href=\"https:\/\/blog.metu.edu.tr\/ipekg\/files\/2018\/11\/invitation.jpg\"><img loading=\"lazy\" decoding=\"async\" class=\"alignnone size-medium wp-image-105\" src=\"https:\/\/blog.metu.edu.tr\/ipekg\/files\/2018\/11\/invitation-300x300.jpg\" alt=\"\" width=\"300\" height=\"300\" srcset=\"https:\/\/blog.metu.edu.tr\/ipekg\/files\/2018\/11\/invitation-300x300.jpg 300w, https:\/\/blog.metu.edu.tr\/ipekg\/files\/2018\/11\/invitation-150x150.jpg 150w, https:\/\/blog.metu.edu.tr\/ipekg\/files\/2018\/11\/invitation-768x765.jpg 768w, https:\/\/blog.metu.edu.tr\/ipekg\/files\/2018\/11\/invitation-1024x1020.jpg 1024w, https:\/\/blog.metu.edu.tr\/ipekg\/files\/2018\/11\/invitation-624x621.jpg 624w, https:\/\/blog.metu.edu.tr\/ipekg\/files\/2018\/11\/invitation.jpg 1200w\" sizes=\"auto, (max-width: 300px) 100vw, 300px\" \/><\/a><\/p>\n<p>9.10.2018<\/p>\n<hr \/>\n<p><span id=\"ember5392\" class=\"ember-view\">Our joint &#8220;Immersive and Responsive Environments&#8221; workshop with METU Multimedia Informatics Program is on 23-24 November. If you would like to experience our joint HoloArch project, please fill the registration form here: <\/span><a id=\"ember5396\" class=\"ember-view\" href=\"http:\/\/bit.ly\/holoarch\" target=\"_blank\" rel=\"noopener\">http:\/\/bit.ly\/holoarch<\/a><span id=\"ember5400\" class=\"ember-view\">; the application deadline is November 15!<\/span><\/p>\n<p><a href=\"https:\/\/blog.metu.edu.tr\/ipekg\/files\/2018\/10\/poster_metuworkshop2018.jpg\"><img loading=\"lazy\" decoding=\"async\" class=\"alignnone size-medium wp-image-103\" src=\"https:\/\/blog.metu.edu.tr\/ipekg\/files\/2018\/10\/poster_metuworkshop2018-212x300.jpg\" alt=\"\" width=\"212\" height=\"300\" srcset=\"https:\/\/blog.metu.edu.tr\/ipekg\/files\/2018\/10\/poster_metuworkshop2018-212x300.jpg 212w, https:\/\/blog.metu.edu.tr\/ipekg\/files\/2018\/10\/poster_metuworkshop2018-768x1086.jpg 768w, https:\/\/blog.metu.edu.tr\/ipekg\/files\/2018\/10\/poster_metuworkshop2018-724x1024.jpg 724w, https:\/\/blog.metu.edu.tr\/ipekg\/files\/2018\/10\/poster_metuworkshop2018-624x883.jpg 624w\" sizes=\"auto, (max-width: 212px) 100vw, 212px\" \/><\/a><\/p>\n<p>31.10.2018<\/p>\n<hr \/>\n<p>As part of the SISER project co-funded by T\u00dcBITAK and British Council, Dr. Bilge Erdo\u011fan and Dr. Luke Gooding visited METU, Ankara and conducted interviews with the members of the Faculty of Architecture building on 8-12 October 2018.<\/p>\n<p><a href=\"https:\/\/blog.metu.edu.tr\/ipekg\/files\/2018\/10\/IMG_7009.jpg\"><img loading=\"lazy\" decoding=\"async\" class=\"alignnone size-medium wp-image-101\" src=\"https:\/\/blog.metu.edu.tr\/ipekg\/files\/2018\/10\/IMG_7009-223x300.jpg\" alt=\"\" width=\"223\" height=\"300\" srcset=\"https:\/\/blog.metu.edu.tr\/ipekg\/files\/2018\/10\/IMG_7009-223x300.jpg 223w, https:\/\/blog.metu.edu.tr\/ipekg\/files\/2018\/10\/IMG_7009-768x1034.jpg 768w, https:\/\/blog.metu.edu.tr\/ipekg\/files\/2018\/10\/IMG_7009-761x1024.jpg 761w, https:\/\/blog.metu.edu.tr\/ipekg\/files\/2018\/10\/IMG_7009-624x840.jpg 624w, https:\/\/blog.metu.edu.tr\/ipekg\/files\/2018\/10\/IMG_7009.jpg 1092w\" sizes=\"auto, (max-width: 223px) 100vw, 223px\" \/><\/a><\/p>\n<p>12.10.2018<\/p>\n<hr \/>\n<p>The paper titled \u201c<span style=\"color: #ff6600\">An Immersive Design Environment for Performance-based Architectural Design: A BIM-based Approach<\/span>\u201d by \u015eahin Akin, O\u011fuzcan Ergun, Elif Surer and Ipek G\u00fcrsel Dino is accepted as a poster to the GOODTECHS 2018 Conference that will be held in Bologna, Italy.<\/p>\n<p>10.10.2018<\/p>\n<hr \/>\n<p>The papers titled &#8220;<span style=\"color: #ff6600\">The Computation of Performative Architecture within Integrated Design Process<\/span>&#8221; and &#8220;<span style=\"color: #ff6600\">An Assessment of the Energy Performance Evaluation within the Form Conception Process<\/span>&#8221; authored by Cem Ataman and\u00a0Ipek G\u00fcrsel Dino are accepted for the\u00a0BEYOND ALL LIMITS \/ 2018, International Congress on Sustainability in Architecture, Planning, and Design. Cem Ataman will be presenting both papers on\u00a0October 17-18-19, 2018.<\/p>\n<p>19.9.2018<\/p>\n<hr \/>\n<p>Two papers titled &#8220;<span style=\"color: #ff6600\">Performance-Based Fa\u00e7ades: Retrofit Strategies for Energy Efficiency and Comfort in Existing Office Buildings<\/span>&#8221; by Negin Jahed and \u0130pek G\u00fcrsel Dino, and &#8220;<span style=\"color: #ff6600\">Energy consumption of a day-occupied building utilizing phase changing material incorporating gypsum boards<\/span>&#8221; by Asst. Prof. \u00c7a\u011fla Meral Akg\u00fcl, B\u00fc\u015fra \u015eim\u015fek and \u0130pek G\u00fcrsel Dinowere accepted to the\u00a013th International Congress on Advances in Civil Engineering. Both papers will be presented during the conference on\u00a012-14 September 2018.<\/p>\n<p>5.8.2018<\/p>\n<hr \/>\n<p>We conducted a workshop titled \u201c<span style=\"color: #ff6600\">Immersive and Responsive: Performative Architectural Design in Mixed Reality<\/span>\u201d at\u00a0Design Computing Summer School 2018\u00a0at the University of Lisbon, Faculty of Architecture in Lisbon, Portugal. The workshop was a result of the collaboration between Department of Architecture (\u015eahin Ak\u0131n and \u0130pek G\u00fcrsel Dino) and the Informatics Institute (Asst. Prof. Elif S\u00fcrer and O\u011fuzcan Ergun). Special thanks to the workshop organizers Dr. Jose Nuno Beirao and Rui de Klerk and the workshop participants.<\/p>\n<p><a href=\"https:\/\/blog.metu.edu.tr\/ipekg\/files\/2018\/10\/IMG_4679.jpg\"><img loading=\"lazy\" decoding=\"async\" class=\"alignnone size-medium wp-image-100\" src=\"https:\/\/blog.metu.edu.tr\/ipekg\/files\/2018\/10\/IMG_4679-300x300.jpg\" alt=\"\" width=\"300\" height=\"300\" srcset=\"https:\/\/blog.metu.edu.tr\/ipekg\/files\/2018\/10\/IMG_4679-300x300.jpg 300w, https:\/\/blog.metu.edu.tr\/ipekg\/files\/2018\/10\/IMG_4679-150x150.jpg 150w, https:\/\/blog.metu.edu.tr\/ipekg\/files\/2018\/10\/IMG_4679-768x768.jpg 768w, https:\/\/blog.metu.edu.tr\/ipekg\/files\/2018\/10\/IMG_4679-1024x1024.jpg 1024w, https:\/\/blog.metu.edu.tr\/ipekg\/files\/2018\/10\/IMG_4679-624x624.jpg 624w, https:\/\/blog.metu.edu.tr\/ipekg\/files\/2018\/10\/IMG_4679.jpg 2048w\" sizes=\"auto, (max-width: 300px) 100vw, 300px\" \/><\/a><\/p>\n<p>7.7.2018<\/p>\n<p>&nbsp;<\/p>\n","protected":false},"excerpt":{"rendered":"<p>We presented two papers, &#8220;Video Content Analysis-Based Detection of Occupant Presence for Building Energy Modelling&#8221; and &#8220;Automated building energy modeling for existing buildings using computer vision&#8221; at the CIB W78 Advances in ICT in Design, Construction and Management in Architecture, Engineering, Construction and Operations conference in Newcastle. You can read the papers here and here\u00a0. [&hellip;]<\/p>\n","protected":false},"author":1166,"featured_media":0,"parent":0,"menu_order":0,"comment_status":"closed","ping_status":"closed","template":"","meta":{"footnotes":"","_links_to":"","_links_to_target":""},"class_list":["post-87","page","type-page","status-publish","hentry"],"_links":{"self":[{"href":"https:\/\/blog.metu.edu.tr\/ipekg\/wp-json\/wp\/v2\/pages\/87","targetHints":{"allow":["GET"]}}],"collection":[{"href":"https:\/\/blog.metu.edu.tr\/ipekg\/wp-json\/wp\/v2\/pages"}],"about":[{"href":"https:\/\/blog.metu.edu.tr\/ipekg\/wp-json\/wp\/v2\/types\/page"}],"author":[{"embeddable":true,"href":"https:\/\/blog.metu.edu.tr\/ipekg\/wp-json\/wp\/v2\/users\/1166"}],"replies":[{"embeddable":true,"href":"https:\/\/blog.metu.edu.tr\/ipekg\/wp-json\/wp\/v2\/comments?post=87"}],"version-history":[{"count":0,"href":"https:\/\/blog.metu.edu.tr\/ipekg\/wp-json\/wp\/v2\/pages\/87\/revisions"}],"wp:attachment":[{"href":"https:\/\/blog.metu.edu.tr\/ipekg\/wp-json\/wp\/v2\/media?parent=87"}],"curies":[{"name":"wp","href":"https:\/\/api.w.org\/{rel}","templated":true}]}}