{"id":27,"date":"2018-02-18T16:07:39","date_gmt":"2018-02-18T13:07:39","guid":{"rendered":"http:\/\/blog.metu.edu.tr\/ipekg\/?page_id=27"},"modified":"2018-11-13T12:46:23","modified_gmt":"2018-11-13T09:46:23","slug":"contact","status":"publish","type":"page","link":"https:\/\/blog.metu.edu.tr\/ipekg\/contact\/","title":{"rendered":"About"},"content":{"rendered":"<h4>Education<\/h4>\n<p>PhD (2006\u20132010),\u00a0<u>Delft University of Technology<\/u>, Faculty of\u00a0 Architecture, Design Informatics Program, Netherlands.<\/p>\n<p>M.Arch (2002\u20132005)\u00a0<u>Carnegie Mellon University<\/u>, School of Architecture, Computational Design Program, Pittsburgh, USA.<\/p>\n<p>M.Arch (2000\u20132002)\u00a0<u>Middle East Technical University<\/u>, Department of Architecture, Ankara, Turkey.<\/p>\n<p>B. Arch (1996\u20132000)\u00a0<u>Gazi University<\/u>, Ankara, Turkey.<\/p>\n<h4>Awards\/ Achievements<\/h4>\n<p>METU Young Researcher Success Award 2015, (Gen\u00e7 Ara\u015ft\u0131rmac\u0131 Ba\u015far\u0131 \u00d6d\u00fcl\u00fc, ODT\u00dc Geli\u015ftirme Vakf\u0131)<\/p>\n<p>METU Young Researcher Success Award 2013, (Gen\u00e7 Ara\u015ft\u0131rmac\u0131 Ba\u015far\u0131 \u00d6d\u00fcl\u00fc, ODT\u00dc Geli\u015ftirme Vakf\u0131)<\/p>\n<h4>Contact<\/h4>\n<p>e-mail: ipekg[at]metu.edu.tr<\/p>\n","protected":false},"excerpt":{"rendered":"<p>Education PhD (2006\u20132010),\u00a0Delft University of Technology, Faculty of\u00a0 Architecture, Design Informatics Program, Netherlands. M.Arch (2002\u20132005)\u00a0Carnegie Mellon University, School of Architecture, Computational Design Program, Pittsburgh, USA. M.Arch (2000\u20132002)\u00a0Middle East Technical University, Department of Architecture, Ankara, Turkey. B. Arch (1996\u20132000)\u00a0Gazi University, Ankara, Turkey. Awards\/ Achievements METU Young Researcher Success Award 2015, (Gen\u00e7 Ara\u015ft\u0131rmac\u0131 Ba\u015far\u0131 \u00d6d\u00fcl\u00fc, ODT\u00dc Geli\u015ftirme [&hellip;]<\/p>\n","protected":false},"author":1166,"featured_media":0,"parent":0,"menu_order":0,"comment_status":"closed","ping_status":"closed","template":"","meta":{"footnotes":"","_links_to":"","_links_to_target":""},"class_list":["post-27","page","type-page","status-publish","hentry"],"_links":{"self":[{"href":"https:\/\/blog.metu.edu.tr\/ipekg\/wp-json\/wp\/v2\/pages\/27","targetHints":{"allow":["GET"]}}],"collection":[{"href":"https:\/\/blog.metu.edu.tr\/ipekg\/wp-json\/wp\/v2\/pages"}],"about":[{"href":"https:\/\/blog.metu.edu.tr\/ipekg\/wp-json\/wp\/v2\/types\/page"}],"author":[{"embeddable":true,"href":"https:\/\/blog.metu.edu.tr\/ipekg\/wp-json\/wp\/v2\/users\/1166"}],"replies":[{"embeddable":true,"href":"https:\/\/blog.metu.edu.tr\/ipekg\/wp-json\/wp\/v2\/comments?post=27"}],"version-history":[{"count":0,"href":"https:\/\/blog.metu.edu.tr\/ipekg\/wp-json\/wp\/v2\/pages\/27\/revisions"}],"wp:attachment":[{"href":"https:\/\/blog.metu.edu.tr\/ipekg\/wp-json\/wp\/v2\/media?parent=27"}],"curies":[{"name":"wp","href":"https:\/\/api.w.org\/{rel}","templated":true}]}}