{"id":26,"date":"2018-02-18T16:07:38","date_gmt":"2018-02-18T13:07:38","guid":{"rendered":"http:\/\/blog.metu.edu.tr\/ipekg\/?page_id=26"},"modified":"2018-10-15T22:20:32","modified_gmt":"2018-10-15T19:20:32","slug":"students","status":"publish","type":"page","link":"https:\/\/blog.metu.edu.tr\/ipekg\/students\/","title":{"rendered":"Students"},"content":{"rendered":"<h4>Completed (M.Arch)<\/h4>\n<p>CEM ATAMAN, Performative Design Thinking in Architectural Practice (2018)<\/p>\n<p>NEGIN JAHED, Performance-based facades: Retrofit strategies for energy efficiency and comfort in existing office buildings (2018)<\/p>\n<p>ANIL SAKARYALI, An interactive computational approach to 3D layout design of single-family houses by evolutionary algorithms\u00a0(2017).<\/p>\n<p>MAYSAM FOOLADY, A computational method for the design exploration and optimization of daylighting performance of museum buildings (2017)<\/p>\n<p>G\u00dcNSU MER\u0130N ABBAS, Visual structures for generative design search spaces (2014)<\/p>\n<p>&nbsp;<\/p>\n<h4>Ongoing<\/h4>\n<p>G\u00fcnsu Merin Abbas, Ph.D.<\/p>\n<p>Gizem Akk\u00f6se, M.Arch<\/p>\n<p>Caner Ar\u0131kbo\u011fa, M.Arch<\/p>\n<p>Tuna Bozankaya, M.Arch<\/p>\n<p>Sonat \u00d6zcivano\u011flu, M.Arch<\/p>\n<p>\u00d6yk\u00fc Nur Acican, M.Arch<\/p>\n<p>Sezi Yilmaz, M.Arch<\/p>\n<p>Sabiha \u0130rem Ard\u0131\u00e7, M.Arch<\/p>\n<p>Sema Merve Koz, M.Arch<\/p>\n<p>Ece Ye\u011fen, M.Arch<\/p>\n<p>Hasane Ceren Cindio\u011flu, M.Arch<\/p>\n<p>\u015eahin Akin, M.Arch<\/p>\n<p>Ay\u00e7a Nil\u00fcfer \u00c7aliku\u015fu, M.Arch<\/p>\n<p>Seren Ertan, M.Arch<\/p>\n<p>U\u011furtan T\u00fcrkeli, M.Arch<\/p>\n<p>Umut Uygun, Yer Sistem Bilimleri Y\u00fcksek Lisans Program\u0131 (Co-advisor), Earth Systems Science<\/p>\n<p>Burak \u00d6zg\u00fcney (Co-advisor),Department of Informatics<\/p>\n","protected":false},"excerpt":{"rendered":"<p>Completed (M.Arch) CEM ATAMAN, Performative Design Thinking in Architectural Practice (2018) NEGIN JAHED, Performance-based facades: Retrofit strategies for energy efficiency and comfort in existing office buildings (2018) ANIL SAKARYALI, An interactive computational approach to 3D layout design of single-family houses by evolutionary algorithms\u00a0(2017). MAYSAM FOOLADY, A computational method for the design exploration and optimization of [&hellip;]<\/p>\n","protected":false},"author":1166,"featured_media":0,"parent":0,"menu_order":0,"comment_status":"closed","ping_status":"closed","template":"fullwidth.php","meta":{"footnotes":"","_links_to":"","_links_to_target":""},"class_list":["post-26","page","type-page","status-publish","hentry"],"_links":{"self":[{"href":"https:\/\/blog.metu.edu.tr\/ipekg\/wp-json\/wp\/v2\/pages\/26","targetHints":{"allow":["GET"]}}],"collection":[{"href":"https:\/\/blog.metu.edu.tr\/ipekg\/wp-json\/wp\/v2\/pages"}],"about":[{"href":"https:\/\/blog.metu.edu.tr\/ipekg\/wp-json\/wp\/v2\/types\/page"}],"author":[{"embeddable":true,"href":"https:\/\/blog.metu.edu.tr\/ipekg\/wp-json\/wp\/v2\/users\/1166"}],"replies":[{"embeddable":true,"href":"https:\/\/blog.metu.edu.tr\/ipekg\/wp-json\/wp\/v2\/comments?post=26"}],"version-history":[{"count":0,"href":"https:\/\/blog.metu.edu.tr\/ipekg\/wp-json\/wp\/v2\/pages\/26\/revisions"}],"wp:attachment":[{"href":"https:\/\/blog.metu.edu.tr\/ipekg\/wp-json\/wp\/v2\/media?parent=26"}],"curies":[{"name":"wp","href":"https:\/\/api.w.org\/{rel}","templated":true}]}}