{"id":25,"date":"2018-02-18T16:07:38","date_gmt":"2018-02-18T13:07:38","guid":{"rendered":"http:\/\/blog.metu.edu.tr\/ipekg\/?page_id=25"},"modified":"2020-02-06T13:07:42","modified_gmt":"2020-02-06T10:07:42","slug":"publications","status":"publish","type":"page","link":"https:\/\/blog.metu.edu.tr\/ipekg\/publications\/","title":{"rendered":"Publications"},"content":{"rendered":"<h4>Indexed Journals<\/h4>\n<p>G\u00dcRSEL DINO, IPEK, &amp; AKG\u00dcL, C. M. (2019). &#8220;Impact of climate change on the existing residential building stock in Turkey: An analysis on energy use, greenhouse gas emissions and occupant comfort&#8221; <i>Renewable energy<\/i>,\u00a0<i>141<\/i>, 828-846.<\/p>\n<p>G\u00dcRSEL DINO, IPEK and \u00dc\u00e7oluk, G. (2017). &#8220;Multi-objective design optimization of building space layout, energy and daylighting performance &#8221; Journal of Computing in Civil Engineering, 28(2):286-302. <span style=\"color: #0000ff\"><a style=\"color: #0000ff\" href=\"https:\/\/ascelibrary.org\/doi\/full\/10.1061\/%28ASCE%29CP.1943-5487.0000669\" target=\"_blank\" rel=\"noopener noreferrer\">link<\/a><\/span><\/p>\n<p>G\u00dcRSEL DINO, IPEK (2016) &#8220;An Evolutionary Approach for 3D Architectural Space Layout Design Exploration&#8221; Automation in Construction, 69, 131-150. <span style=\"color: #0000ff\"><a style=\"color: #0000ff\" href=\"https:\/\/www.sciencedirect.com\/science\/article\/pii\/S0926580516301005\" target=\"_blank\" rel=\"noopener noreferrer\">link<\/a><\/span><\/p>\n<p>G\u00dcRSEL DINO, IPEK &amp; Stouffs, R. (2014). \u201cEvaluation of reference modeling for building performance assessment\u201d. Automation in Construction, 40, 44-59. <span style=\"color: #0000ff\"><a style=\"color: #0000ff\" href=\"https:\/\/www.sciencedirect.com\/science\/article\/pii\/S0926580513002288\" target=\"_blank\" rel=\"noopener noreferrer\">link<\/a><\/span><\/p>\n<p>G\u00dcRSEL DINO, IPEK, Leeuw, R., Sariyildiz, S. &amp; Stouffs, R. (2012). \u201cA Method for Energy Performance Integration in Corporate Public Real Estate Management\u201d. Journal of Performance of Constructed Facilities, 28, 286-302. <span style=\"color: #0000ff\"><a style=\"color: #0000ff\" href=\"https:\/\/ascelibrary.org\/doi\/abs\/10.1061\/(ASCE)CF.1943-5509.0000428\" target=\"_blank\" rel=\"noopener noreferrer\">link<\/a><\/span><\/p>\n<p>G\u00dcRSEL DINO, IPEK (2012). &#8220;Creative Design Exploration by Parametric Generative Systems in Architecture.&#8221; METU Journal of Faculty of Architecture 1: 207. <span style=\"color: #0000ff\"><a style=\"color: #0000ff\" href=\"http:\/\/www.academia.edu\/download\/25340748\/207-224.pdf\" target=\"_blank\" rel=\"noopener noreferrer\">link<\/a><\/span><\/p>\n<p>G\u00dcRSEL DINO, IPEK, S. Sariyildiz, \u00d6. Akin and R. Stouffs (2009). &#8220;Modeling and visualization of lifecycle building performance assessment.&#8221; Advanced Engineering Informatics 23(4): 396-417. <span style=\"color: #0000ff\"><a style=\"color: #0000ff\" href=\"https:\/\/www.sciencedirect.com\/science\/article\/pii\/S1474034609000330\" target=\"_blank\" rel=\"noopener noreferrer\">link<\/a><\/span><\/p>\n<h4>Other Journals<\/h4>\n<p>G\u00dcRSEL DINO, IPEK (2015). Tasar\u0131m ve Hesaplaman\u0131n Do\u011fas\u0131. Dosya, Ankara Mimarlar Odas\u0131. <span style=\"color: #0000ff\"><a style=\"color: #0000ff\" href=\"http:\/\/www.mimarlarodasiankara.org\/dosya\/dosya35.pdf\" target=\"_blank\" rel=\"noopener noreferrer\">link<\/a><\/span><\/p>\n<p>G\u00dcRSEL DINO, IPEK (2017) Binalarda G\u00fcne\u015f Kontrol Y\u00f6ntemlerinin Optimizasyon Temelli Performans De\u011ferlendirilmesi. Gazi \u00dcniversitesi Fen Bilimleri Dergisi Part C: Tasar\u0131m ve Teknoloji 5.3: 71-87. <span style=\"color: #0000ff\"><a style=\"color: #0000ff\" href=\"http:\/\/dergipark.gov.tr\/download\/article-file\/341494\" target=\"_blank\" rel=\"noopener noreferrer\">link<\/a><\/span><\/p>\n<h4>Conference Papers<\/h4>\n<p>Abbas, G. M., &amp; G\u00fcrsel Dino, I. (2019). A parametric design method for CFD-supported wind-driven ventilation. In <i>IOP Conference Series: Materials Science and Engineering<\/i>\u00a0(Vol. 609, No. 3, p. 032010). IOP Publishing.<\/p>\n<p>Gooding, L., Erdogan, B., &amp; G\u00fcrsel Dino, I. (2019). Improving Building Performance of Higher Education Buildings, Involvement of End Users.<\/p>\n<p>Erg\u00fcn, O., Akin, \u015e., G\u00fcrsel Dino, I., &amp; Surer, E. (2019). Architectural Design in Virtual Reality and Mixed Reality Environments: A Comparative Analysis. In <i>2019 IEEE Conference on Virtual Reality and 3D User Interfaces (VR)<\/i>\u00a0(pp. 914-915). IEEE.<\/p>\n<p>Dino, I. G., Kalfaoglu, E., Sar\u0131, A. E., ANin, S., Iseri, O. K., Alatan, A. A., &#8230; &amp; Erdogan, B. (2019, September). Automated building energy modeling for existing buildings using computer vision. In\u00a0<i>36th CIB W78 2019 Conference<\/i>\u00a0(pp. 851-862). Northumbria University.<\/p>\n<p>Dino, I. G., Kalfaoglu, E., Sar\u0131, A. E., Akin, S., Iseri, O. K., Alatan, A. A., &#8230; &amp; Erdogan, B. (2019, September). Video Content Analysis-Based Detection of Occupant Presence for Building Energy Modelling. In <i>36th CIB W78 2019 Conference<\/i>\u00a0(pp. 974-985). Northumbria University.<\/p>\n<p>Ataman, C., &amp; Dino, I. G. (2019, July). Collective Residential Spaces in Sustainability Development: Turkish Housing Units within Co-Living Understanding. In\u00a0<i>IOP Conference Series: Earth and Environmental Science<\/i>\u00a0(Vol. 296, No. 1, p. 012049). IOP Publishing.<\/p>\n<p>Akin, S., Ergun, O., Surer, E., G\u00dcRSEL DINO IPEK (2018) \u201cAn Immersive Design Environment for Performance-based Architectural Design: A BIM-based Approach\u201d, 4th EAI International Conference on Smart Objects and Technologies for Social Good (GOODTECHS 2018) (accepted).<\/p>\n<p>Jahed, N., G\u00dcRSEL DINO IPEK (2018), Performance-Based Fa\u00e7ades: Retrofit Strategies for Energy Efficiency and Comfort in Existing Office Buildings, 13th International Congress on Advances in Civil Engineering \u201cACE2018&#8243;, 12-14 September 2018, Izmir, Turkey<\/p>\n<p>\u00c7. Meral Akg\u00fcl, G\u00dcRSEL DINO IPEK, B. \u015eim\u015fek (2018), Energy consumption of a day-occupied building utilizing phase changing material incorporating gypsum boards, 13th International Congress on Advances in Civil Engineering \u201cACE2018&#8243;, 12-14 September 2018, Izmir, Turkey<\/p>\n<p>G\u00dcRSEL DINO, IPEK (2017). Evolutionary Optimization of Building Envelope Design with Photovoltaics-Integrated Shading Devices. Lean and Computing in Construction Congress &#8211; Joint Conference on Computing in Construction, Lean and Computing in Construction Congress &#8211; Joint Conference on Computing in Construction, Crete, Greece.<\/p>\n<p>ABBAS G\u00dcNSU MERIN, G\u00dcRSEL DINO IPEK (2016). Perception Based Design Space Structures for Evolutionary Design Systems. Generative Art Conference, Florence, Italy.<\/p>\n<p>G\u00dcRSEL DINO, IPEK, Sakaryal\u0131 An\u0131l (2016). Computational Design Emergence by Complexity and Morphogenesis. Generative Art Conference, Florence, Italy.<\/p>\n<p>ABBAS G\u00dcNSU MERIN, G\u00dcRSEL DINO, IPEK (2016). Visual Structuring for Generative Design SearchSpaces. CAADence in Architecture, Budapest, Hungary.<\/p>\n<p>G\u00dcRSEL DINO, IPEK, Sariyildiz Sevil, Stouffs Rudi (2010). Supporting performance data acquisition and analysis for corporate public real estate management. Int. Conference on Computing in Civil Engineering, Nottingham, UK.<\/p>\n<p>G\u00dcRSEL DINO, IPEK, Sariyildiz Sevil, Stouffs Rudi,Akin \u00d6mer (2009). Contextual Ontology Supportas External Knowledge Representation for Building Information Modeling. Joining Languages,Cultures and Visions: CAADFutures 2009, Montreal, Canada.<\/p>\n<p>G\u00dcRSEL DINO, IPEK, Stouffs Rudi,Sariyildiz Sevil,Leeuw Rene (2008). A digital performance assessment tool for the Dutch Government Building Agency. 5th International Conference on Innovation in Architecture, Engineering and Construction, 5th Int. Conf. on Innovation in Architecture, Engineering and Construction, 23-25 June 2008, Antalya, Turkey.<\/p>\n<p>G\u00dcRSEL DINO, IPEK, Stouffs Rudi, Sariyildiz Sevil (2007). A computational framework for integrationof performance information during the building lifecycle. CIB 24th W78 Conference, Maribor, Slovenia.<\/p>\n<p>Akin \u00d6mer, G\u00dcRSEL DINO, IPEK (2005). Linking Building Commissioning and Operations and Maintenance Towards an Embedded Commissioning Practice. Fifth International Conference for Enhanced Building Operations, Pittsburgh, USA.<\/p>\n<p>Hongjun Wang, Akinci Burcu, Garrett Jim, Akin \u00d6mer, Turkaslan Bulbul Tanyel, G\u00dcRSEL DINO, IPEK (2004). Towards domain oriented semi automated model matching for supporting data exchange. 10th International Conference on Computing in Civil and Building Engineering, Weimar, Germany.<\/p>\n<p>Akin \u00d6mer, Turkaslan Bulbul Tanyel, G\u00dcRSEL DINO, IPEK, Garrett Jim, Akinci Burcu, Wang Hongjun (2004). Embedded commissioning for building design. eWork and eBusiness in Architecture,Engineering and Construction, \u0130stanbul, Turkey.<\/p>\n<p>Ataman, C., G\u00dcRSEL DINO IPEK, (2018) The Computation of Performative Architecture within Integrated Design Process, BEYOND ALL LIMITS \/ 2018, International Congress on Sustainability in Architecture, Planning, and Design, Ankara, Turkey.<\/p>\n<p>Ataman, C., G\u00dcRSEL DINO IPEK, (2018) An Assessment of the Energy Performance Evaluation within the Form Conception Process, BEYOND ALL LIMITS \/ 2018, International Congress on Sustainability in Architecture, Planning, and Design, Ankara, Turkey.<\/p>\n<p>G\u00dcRSEL DINO IPEK, MERAL \u00c7. (2016). Enerji Etkin ve S\u00fcrd\u00fcr\u00fclebilir Binalar\u0131n Fotovoltaik ve Yesil \u00c7at\u0131 Entegrasyonunda \u00c7ok Objektifli Karar Destegi. 4. Proje ve Yap\u0131m Y\u00f6netimi Kongresi, Eski\u015fehir.<\/p>\n<p>MERAL \u00c7., G\u00dcRSEL DINO IPEK, Yener \u00c7eliker Zeynep (2016). Net s\u0131f\u0131r Enerji ve Su T\u00fcketen Binalar\u0131n Tasar\u0131m\u0131nda Sim\u00fclasyon ve Optimizasyon Ara\u00e7lar\u0131n\u0131n \u00d6nemi. 4. Proje ve Yap\u0131m Y\u00f6netimi Kongresi, Eski\u015fehir.<\/p>\n<p>G\u00dcRSEL DINO IPEK (2016). A study on different dynamic solar shading control strategies using multi criteria design optimization. Sustainable Built Environment Conference, Istanbul, Turkey.<\/p>\n","protected":false},"excerpt":{"rendered":"<p>Indexed Journals G\u00dcRSEL DINO, IPEK, &amp; AKG\u00dcL, C. M. (2019). &#8220;Impact of climate change on the existing residential building stock in Turkey: An analysis on energy use, greenhouse gas emissions and occupant comfort&#8221; Renewable energy,\u00a0141, 828-846. G\u00dcRSEL DINO, IPEK and \u00dc\u00e7oluk, G. (2017). &#8220;Multi-objective design optimization of building space layout, energy and daylighting performance &#8221; [&hellip;]<\/p>\n","protected":false},"author":1166,"featured_media":0,"parent":0,"menu_order":0,"comment_status":"closed","ping_status":"closed","template":"","meta":{"footnotes":"","_links_to":"","_links_to_target":""},"class_list":["post-25","page","type-page","status-publish","hentry"],"_links":{"self":[{"href":"https:\/\/blog.metu.edu.tr\/ipekg\/wp-json\/wp\/v2\/pages\/25","targetHints":{"allow":["GET"]}}],"collection":[{"href":"https:\/\/blog.metu.edu.tr\/ipekg\/wp-json\/wp\/v2\/pages"}],"about":[{"href":"https:\/\/blog.metu.edu.tr\/ipekg\/wp-json\/wp\/v2\/types\/page"}],"author":[{"embeddable":true,"href":"https:\/\/blog.metu.edu.tr\/ipekg\/wp-json\/wp\/v2\/users\/1166"}],"replies":[{"embeddable":true,"href":"https:\/\/blog.metu.edu.tr\/ipekg\/wp-json\/wp\/v2\/comments?post=25"}],"version-history":[{"count":0,"href":"https:\/\/blog.metu.edu.tr\/ipekg\/wp-json\/wp\/v2\/pages\/25\/revisions"}],"wp:attachment":[{"href":"https:\/\/blog.metu.edu.tr\/ipekg\/wp-json\/wp\/v2\/media?parent=25"}],"curies":[{"name":"wp","href":"https:\/\/api.w.org\/{rel}","templated":true}]}}