{"id":87,"date":"2017-08-22T13:05:24","date_gmt":"2017-08-22T13:05:24","guid":{"rendered":"http:\/\/blog.metu.edu.tr\/indbio\/?page_id=87"},"modified":"2026-02-22T14:12:08","modified_gmt":"2026-02-22T14:12:08","slug":"projects","status":"publish","type":"page","link":"https:\/\/blog.metu.edu.tr\/indbio\/projects\/","title":{"rendered":"Projects"},"content":{"rendered":"<p>Tar\u0131m ve G\u0131da I\u015fletme At\u0131klar\u0131n\u0131n Geri-D\u00f6n\u00fc\u015ft\u00fcr\u00fclm\u00fc\u015f Karbon Kaynaklar\u0131ndan Antimikrobiyal Peptit \u00dcretimi , T\u00dcB\u0130TAK-125N806, Proje, 2026-2029, Ankara. (2568 T\u00dcB\u0130TAK-CAS Bilateral Cooperation Support Program of the National Natural Science Foundation of China with the Scientific and Technological Research Council of Turkey)<\/p>\n<p>Biyopolimer \u00fcretimi i\u00e7in ye\u015fil-temiz biyoteknolojik proses geli\u015ftirilmesi, ADEP-304-2023-11230, Ara\u015ft\u0131rma \u00dcniversiteleri Projesi, 2023-2026, Ankara.<\/p>\n","protected":false},"excerpt":{"rendered":"<p>Tar\u0131m ve G\u0131da I\u015fletme At\u0131klar\u0131n\u0131n Geri-D\u00f6n\u00fc\u015ft\u00fcr\u00fclm\u00fc\u015f Karbon Kaynaklar\u0131ndan Antimikrobiyal Peptit \u00dcretimi , T\u00dcB\u0130TAK-125N806, Proje, 2026-2029, Ankara. (2568 T\u00dcB\u0130TAK-CAS Bilateral Cooperation Support Program of the National Natural Science Foundation of China with the Scientific and Technological Research Council of Turkey) Biyopolimer \u00fcretimi i\u00e7in ye\u015fil-temiz biyoteknolojik proses geli\u015ftirilmesi, ADEP-304-2023-11230, Ara\u015ft\u0131rma \u00dcniversiteleri Projesi, 2023-2026, Ankara.<\/p>\n","protected":false},"author":4302,"featured_media":0,"parent":0,"menu_order":0,"comment_status":"closed","ping_status":"closed","template":"","meta":{"footnotes":"","_links_to":"","_links_to_target":""},"class_list":["post-87","page","type-page","status-publish","hentry"],"_links":{"self":[{"href":"https:\/\/blog.metu.edu.tr\/indbio\/wp-json\/wp\/v2\/pages\/87","targetHints":{"allow":["GET"]}}],"collection":[{"href":"https:\/\/blog.metu.edu.tr\/indbio\/wp-json\/wp\/v2\/pages"}],"about":[{"href":"https:\/\/blog.metu.edu.tr\/indbio\/wp-json\/wp\/v2\/types\/page"}],"author":[{"embeddable":true,"href":"https:\/\/blog.metu.edu.tr\/indbio\/wp-json\/wp\/v2\/users\/4302"}],"replies":[{"embeddable":true,"href":"https:\/\/blog.metu.edu.tr\/indbio\/wp-json\/wp\/v2\/comments?post=87"}],"version-history":[{"count":0,"href":"https:\/\/blog.metu.edu.tr\/indbio\/wp-json\/wp\/v2\/pages\/87\/revisions"}],"wp:attachment":[{"href":"https:\/\/blog.metu.edu.tr\/indbio\/wp-json\/wp\/v2\/media?parent=87"}],"curies":[{"name":"wp","href":"https:\/\/api.w.org\/{rel}","templated":true}]}}