{"id":37,"date":"2016-09-13T17:59:22","date_gmt":"2016-09-13T17:59:22","guid":{"rendered":"http:\/\/blog.metu.edu.tr\/indbio\/?page_id=37"},"modified":"2025-03-09T13:00:47","modified_gmt":"2025-03-09T13:00:47","slug":"alumni","status":"publish","type":"page","link":"https:\/\/blog.metu.edu.tr\/indbio\/alumni\/","title":{"rendered":"Alumni"},"content":{"rendered":"<p><span style=\"color: #b00525\"><b>PhD\u00a0 Alumni<\/b><\/span><\/p>\n<p><strong>Burcu G\u00fcnd\u00fcz Erg\u00fcn\u00a0<b>(PhD: 2018)<\/b><\/strong><\/p>\n<p>(<em>Co-Advisor: <\/em>Prof. D. Mattanovich)<\/p>\n<p>Transcriptional engineering of <em>Pichia pastoris<\/em> alcohol dehydrogenase 2 and alcohol oxidase 1 promoters for recombinant protein production<\/p>\n<p><strong>Aslan Massahi<\/strong>\u00a0<b>(PhD: 2017)<\/b><\/p>\n<p>Effect of signal sequences and promoters in recombinant extracellular protein production by <em>Pichia pastoris<\/em><\/p>\n<p>(<em>Co-Advisor: Assoc.\u00a0<\/em>Prof. \u00c7. Son)<\/p>\n<p><b>Vahideh Angardi (PhD: 2012)<\/b><\/p>\n<p>Bioprocess development for glucose isomerase production<\/p>\n<p><b>Peruze Ayhan (PhD: 2009)<\/b><\/p>\n<p>Novel bioconversion reactions for the synthesis of a hydroxy ketons<\/p>\n<p>(<i>Advisor: <\/i>Prof. A.S. Demir)<\/p>\n<p><b>E<\/b><b>da \u00c7elik Akdur (PhD: 2008)<\/b><\/p>\n<p>Bioprocess development for therapeutical protein production<\/p>\n<p>(<em>Co-Advisor: <\/em>Prof. S. G. Oliver)<\/p>\n<p><b>MSc\u00a0 Alumni\u00a0<\/b><\/p>\n<p><strong>Alper Koyuncu (<\/strong>MSc: 2024)<\/p>\n<p><strong>O\u011fuz Ula\u015f Yaman <\/strong>(MSc: 2022)<\/p>\n<p><strong>\u0130dil Dayanka\u00e7 <\/strong>(MSc: 2021)<\/p>\n<p><strong>\u0130rem Demir\u00a0<\/strong>(MSc: 2019)<\/p>\n<p><strong>\u00d6zge Kalender <\/strong>(MSc: 2018)<\/p>\n<p><strong>Yi\u011fit Akg\u00fcn <\/strong>(MSc: 2018)<\/p>\n<p><strong>Onur Ersoy\u00a0<\/strong>(MSc: 2017)<\/p>\n<p><strong>Beg\u00fcm Akcan\u00a0<\/strong>(MSc: 2017)<\/p>\n<p><strong>Duygu Yal\u00e7\u0131nkaya <\/strong>(MSc: 2017)<\/p>\n<p><strong>Damla H\u00fccceto\u011fullar\u0131<\/strong>\u00a0(MSc: 2016)<\/p>\n<p><strong>Bebeta Hoxha<\/strong> (MSc: 2016)<\/p>\n<p><strong>Hande G\u00fcne\u015f<\/strong> (MSc: 2015)<\/p>\n<p><strong>Sena Yaman<\/strong> (MSc: 2014)<\/p>\n<p><strong>Burcu<\/strong> <b>Akda\u011f <\/b>(MSc: 2013)<\/p>\n<p><strong>Burcu\u00a0<\/strong> <b>G\u00f6kbudak <\/b>(MSc: 2013)<\/p>\n<p><strong>Melda \u015e.<\/strong> <b>Eskitoros <\/b>(MSc: 2013)<\/p>\n<p><strong>H. G\u00fcl Zerze<\/strong> (MSc: 2013)<\/p>\n<p><strong>Burcu<\/strong> <b>G\u00fcnd\u00fcz <\/b>(MSc: 2012)<\/p>\n<p><strong>Bahar<\/strong> <b>Bozkurt <\/b>(MSc: 2012)<\/p>\n<p><strong>Erdem <\/strong><b>Boy <\/b>(MSc: 2011)<\/p>\n<p><strong>Bade<\/strong> <b>Kavurt <\/b>(MSc: 2011)<\/p>\n<p><strong>Hatice<\/strong> <b>Ta\u015fp\u0131nar <\/b>(MSc: 2010)<\/p>\n<p><strong>Elif \u015e.<\/strong> <b>Soyaslan <\/b>(MSc: 2010)<\/p>\n<p><strong>Merve<\/strong> <b>\u015eahin <\/b>(MSc: 2010)<\/p>\n<p><strong>Bahar<\/strong> <b>\u0130nankur <\/b>(MSc: 2010)<\/p>\n<p><strong>Eda<\/strong> <b>Bayraktar <\/b>(MSc: 2009)<\/p>\n<p><strong>Eda<\/strong> <b>A\u00e7\u0131k <\/b>(MSc: 2009)<\/p>\n<p><strong>Hande<\/strong> <b>Levent <\/b>(MSc: 2008)<\/p>\n<p><strong>O\u011fuz<\/strong> <b>Balc\u0131 <\/b>(MSc: 2008)<\/p>\n<p><strong>Bahar<\/strong> <b>Tosun Ercan <\/b>(MSc: 2007)<\/p>\n<p><strong>Vahide<\/strong> <b>Anghardi <\/b>(MSc: 2007)\u00a0\u00a0\u00a0\u00a0\u00a0\u00a0\u00a0\u00a0 <b>\u00a0<\/b><\/p>\n<p><strong>Nuriye<\/strong> <b>Korkmaz <\/b>(MSc: 2007)<\/p>\n<p><strong>Mehmet Ali<\/strong> <b>Orman <\/b>(MSc: 2007)<\/p>\n<p><strong>Nazife I\u015f\u0131k<\/strong> <b>Hayk\u0131r <\/b>(MSc: 2007)<\/p>\n<p><strong>Arda<\/strong> <b>B\u00fcy\u00fcksungur <\/b>(MSc: 2006)<\/p>\n<p><strong>Ay\u015fe Hande<\/strong> <b>\u00d6l\u00e7ero\u011flu<\/b> (MSc: 2006)<\/p>\n<p><strong>Hande<\/strong> <b>Kaya<\/b> (MSc: 2006)<\/p>\n<p><strong>Nazar<\/strong> <b>\u0130leri <\/b>(MSc: 2005)<\/p>\n<p><strong>Ay\u015feg\u00fcl<\/strong> <b>Namald\u0131 <\/b>(MSc: 2005)<\/p>\n<p><strong>P\u0131nar<\/strong> <b>Kocaba\u015f <\/b>(MSc: 2004)<\/p>\n<p><strong>P\u0131nar<\/strong> <b>Y\u0131lg\u00f6r<\/b> (MSc :2004)<\/p>\n<p><strong>\u0130lkin Ece<\/strong><b> Telli <\/b>(MSc : 2004)<\/p>\n<p><strong>Eda<\/strong><b> \u00c7elik <\/b>(MSc:2003)<\/p>\n<p><strong>Esra<\/strong> <b>Bilir<\/b> (MSc : 2002)<\/p>\n<p><strong>Ceren<\/strong> <b>Oktar <\/b>(MSc : 2003)<\/p>\n<p><strong>M\u00fcge<\/strong><b> Arifo\u011flu <\/b>(MSc : 2004)<\/p>\n<p><strong>Sinem<\/strong> <b>Hamzapa\u015fao\u011flu <\/b>(MSc : 2003)<\/p>\n<p><strong>Elif<\/strong> <b>\u00d6zdemir <\/b>(MSc : 2003)<\/p>\n<p><strong>Arzu<\/strong> <b>Bayram<\/b> (MSc: 2002)<\/p>\n<p><strong>Nur<\/strong> <b>Pehlivan<\/b> (MSc : 2001)<\/p>\n<p><strong>Nermi<\/strong> <b>Kalender <\/b>(MSc: 2000)<\/p>\n","protected":false},"excerpt":{"rendered":"<p>PhD\u00a0 Alumni Burcu G\u00fcnd\u00fcz Erg\u00fcn\u00a0(PhD: 2018) (Co-Advisor: Prof. D. Mattanovich) Transcriptional engineering of Pichia pastoris alcohol dehydrogenase 2 and alcohol oxidase 1 promoters for recombinant protein production Aslan Massahi\u00a0(PhD: 2017) Effect of signal sequences and promoters in recombinant extracellular protein production by Pichia pastoris (Co-Advisor: Assoc.\u00a0Prof. \u00c7. Son) Vahideh Angardi (PhD: 2012) Bioprocess development for [&hellip;]<\/p>\n","protected":false},"author":4302,"featured_media":0,"parent":0,"menu_order":0,"comment_status":"closed","ping_status":"closed","template":"","meta":{"footnotes":"","_links_to":"","_links_to_target":""},"class_list":["post-37","page","type-page","status-publish","hentry"],"_links":{"self":[{"href":"https:\/\/blog.metu.edu.tr\/indbio\/wp-json\/wp\/v2\/pages\/37","targetHints":{"allow":["GET"]}}],"collection":[{"href":"https:\/\/blog.metu.edu.tr\/indbio\/wp-json\/wp\/v2\/pages"}],"about":[{"href":"https:\/\/blog.metu.edu.tr\/indbio\/wp-json\/wp\/v2\/types\/page"}],"author":[{"embeddable":true,"href":"https:\/\/blog.metu.edu.tr\/indbio\/wp-json\/wp\/v2\/users\/4302"}],"replies":[{"embeddable":true,"href":"https:\/\/blog.metu.edu.tr\/indbio\/wp-json\/wp\/v2\/comments?post=37"}],"version-history":[{"count":0,"href":"https:\/\/blog.metu.edu.tr\/indbio\/wp-json\/wp\/v2\/pages\/37\/revisions"}],"wp:attachment":[{"href":"https:\/\/blog.metu.edu.tr\/indbio\/wp-json\/wp\/v2\/media?parent=37"}],"curies":[{"name":"wp","href":"https:\/\/api.w.org\/{rel}","templated":true}]}}